{"id":165,"date":"2024-03-11T22:07:58","date_gmt":"2024-03-11T22:07:58","guid":{"rendered":"https:\/\/satedsp.org.br\/novo\/?page_id=165"},"modified":"2026-04-14T19:04:13","modified_gmt":"2026-04-14T19:04:13","slug":"seja-socio","status":"publish","type":"page","link":"https:\/\/satedsp.org.br\/index.php\/seja-socio\/","title":{"rendered":"Seja s\u00f3cio"},"content":{"rendered":"\t\t<div data-elementor-type=\"wp-page\" data-elementor-id=\"165\" class=\"elementor elementor-165\" data-elementor-post-type=\"page\">\n\t\t\t\t<div class=\"elementor-element elementor-element-fbdd4c9 e-flex e-con-boxed sc_inner_width_none sc_layouts_column_icons_position_left e-con e-parent\" data-id=\"fbdd4c9\" data-element_type=\"container\">\n\t\t\t\t\t<div class=\"e-con-inner\">\n\t\t\t\t<div class=\"elementor-element elementor-element-eced923 sc_fly_static elementor-widget elementor-widget-spacer\" data-id=\"eced923\" data-element_type=\"widget\" data-widget_type=\"spacer.default\">\n\t\t\t\t<div class=\"elementor-widget-container\">\n\t\t\t\t\t\t\t<div class=\"elementor-spacer\">\n\t\t\t<div class=\"elementor-spacer-inner\"><\/div>\n\t\t<\/div>\n\t\t\t\t\t\t<\/div>\n\t\t\t\t<\/div>\n\t\t\t\t\t<\/div>\n\t\t\t\t<\/div>\n\t\t<div class=\"elementor-element elementor-element-841ae1c e-flex e-con-boxed sc_inner_width_none sc_layouts_column_icons_position_left e-con e-parent\" data-id=\"841ae1c\" data-element_type=\"container\">\n\t\t\t\t\t<div class=\"e-con-inner\">\n\t\t<div class=\"elementor-element elementor-element-6ef97e1 e-flex e-con-boxed sc_inner_width_none sc_layouts_column_icons_position_left e-con e-child\" data-id=\"6ef97e1\" data-element_type=\"container\">\n\t\t\t\t\t<div class=\"e-con-inner\">\n\t\t\t\t<div class=\"elementor-element elementor-element-f3e3f7e sc_fly_static elementor-widget elementor-widget-heading\" data-id=\"f3e3f7e\" data-element_type=\"widget\" data-widget_type=\"heading.default\">\n\t\t\t\t<div class=\"elementor-widget-container\">\n\t\t\t\t\t<h2 class=\"elementor-heading-title elementor-size-default\">Junte-se ao Sindicato<\/h2>\t\t\t\t<\/div>\n\t\t\t\t<\/div>\n\t\t\t\t\t<\/div>\n\t\t\t\t<\/div>\n\t\t\t\t\t<\/div>\n\t\t\t\t<\/div>\n\t\t<div class=\"elementor-element elementor-element-2e7f27e e-flex e-con-boxed sc_inner_width_none sc_layouts_column_icons_position_left e-con e-parent\" data-id=\"2e7f27e\" data-element_type=\"container\">\n\t\t\t\t\t<div class=\"e-con-inner\">\n\t\t\t\t<div class=\"elementor-element elementor-element-80d63b2 elementor-widget-divider--view-line sc_fly_static elementor-widget elementor-widget-divider\" data-id=\"80d63b2\" data-element_type=\"widget\" data-widget_type=\"divider.default\">\n\t\t\t\t<div class=\"elementor-widget-container\">\n\t\t\t\t\t\t\t<div class=\"elementor-divider\">\n\t\t\t<span class=\"elementor-divider-separator\">\n\t\t\t\t\t\t<\/span>\n\t\t<\/div>\n\t\t\t\t\t\t<\/div>\n\t\t\t\t<\/div>\n\t\t\t\t\t<\/div>\n\t\t\t\t<\/div>\n\t\t<div class=\"elementor-element elementor-element-67e620f e-flex e-con-boxed sc_inner_width_none sc_layouts_column_icons_position_left e-con e-parent\" data-id=\"67e620f\" data-element_type=\"container\">\n\t\t\t\t\t<div class=\"e-con-inner\">\n\t\t\t\t<div class=\"elementor-element elementor-element-fdb0bf9 sc_fly_static elementor-widget elementor-widget-text-editor\" data-id=\"fdb0bf9\" data-element_type=\"widget\" data-widget_type=\"text-editor.default\">\n\t\t\t\t<div class=\"elementor-widget-container\">\n\t\t\t\t\t\t\t\t\t<p><span style=\"font-weight: 400;\">A sindicaliza\u00e7\u00e3o \u00e9 um passo fundamental para os profissionais que desejam fortalecer seus direitos, garantir melhores condi\u00e7\u00f5es de trabalho e ter uma voz ativa dentro de sua categoria. Sindicatos representativos desempenham um papel essencial na prote\u00e7\u00e3o dos interesses coletivos dos trabalhadores, negociando acordos salariais, defendendo condi\u00e7\u00f5es justas de trabalho e oferecendo suporte jur\u00eddico e administrativo. Ao se sindicalizar, o trabalhador passa a contar com uma s\u00e9rie de benef\u00edcios e servi\u00e7os que n\u00e3o estariam ao seu alcance individualmente.<\/span><\/p><p><span style=\"font-weight: 400;\">A sindicaliza\u00e7\u00e3o, portanto, n\u00e3o \u00e9 apenas um ato de garantir prote\u00e7\u00e3o individual, mas tamb\u00e9m de participar de uma rede de apoio e luta coletiva. \u00c9 um gesto de engajamento com a categoria e de fortalecimento do coletivo, que possibilita o desenvolvimento de uma carreira mais segura e de uma categoria mais valorizada. Em tempos de mudan\u00e7as frequentes nas rela\u00e7\u00f5es trabalhistas, a sindicaliza\u00e7\u00e3o \u00e9 uma ferramenta de resist\u00eancia e de constru\u00e7\u00e3o de um mercado de trabalho mais justo e digno.<\/span><\/p><p><b>Como se filiar ao SATED\/SP:<\/b><\/p><p><span style=\"font-weight: 400;\">Voc\u00ea pode fazer todo o procedimento de forma virtual.<\/span><\/p><p>Verifique atentamente se a fun\u00e7\u00e3o desejada est\u00e1 vinculada a este sindicato.<\/p><p><b>Passo a Passo<\/b><b><br \/><\/b><span style=\"font-weight: 400;\">1. Digitalize os documentos necess\u00e1rios:<\/span><span style=\"font-weight: 400;\"><br \/><\/span><span style=\"font-weight: 400;\">\u2013 C\u00f3pia da Carteira de Trabalho (p\u00e1ginas foto e verso)<\/span><span style=\"font-weight: 400;\"><br \/><\/span><span style=\"font-weight: 400;\">\u2013 C\u00f3pia do Registro Profissional nas fun\u00e7\u00f5es representadas pelo SATED\/SP, que estar\u00e1 localizada na Carteira de Trabalho f\u00edsica (CTPS antiga), nas p\u00e1ginas de \u201cAnota\u00e7\u00f5es Gerais\u201d, ou poder\u00e1 ser obtida por meio do sistema online do Minist\u00e9rio do Trabalho, dispon\u00edvel no link: <a href=\"https:\/\/sirpweb.mte.gov.br\/sirpweb\/pages\/impressoes\/emitircartao\/profissional\/main.seam.\">https:\/\/sirpweb.mte.gov.br\/sirpweb\/pages\/impressoes\/emitircartao\/profissional\/main.seam<\/a>.<\/span><span style=\"font-weight: 400;\"><br \/><\/span><span style=\"font-weight: 400;\">\u2013 RG e CPF<\/span><span style=\"font-weight: 400;\"><br \/><\/span><span style=\"font-weight: 400;\">\u2013 T\u00edtulo de Eleitor<\/span><span style=\"font-weight: 400;\"><br \/><\/span><span style=\"font-weight: 400;\">\u2013 Comprovante de resid\u00eancia com CEP no estado de SP<\/span><span style=\"font-weight: 400;\"><br \/><\/span><span style=\"font-weight: 400;\">\u2013 1 foto 3\u00d74<\/span><span style=\"font-weight: 400;\"><br \/><\/span><span style=\"font-weight: 400;\">\u2013 Comprovante de pagamento da anuidade (R$185,00)<br \/>Pagamento do cart\u00e3o de cr\u00e9dito(R$195,00): <a href=\"https:\/\/sacola.pagbank.com.br\/ce363258-2b24-45f6-ab2c-1f9f45cb07bf\" target=\"_blank\" rel=\"noopener\">(Clique aqui)<\/a><\/span><\/p><p>PIX<span style=\"font-weight: 400;\">(R$185,00)<\/span>:<br \/>SINDICATO DOS ARTISTAS E T\u00c9CNICOS EM ESPET\u00c1CULOS DE DIVERS\u00d5ES DO ESTADO DE S\u00c3O PAULO<br \/>PIX = chave CNPJ do SATED <strong>62.494.174\/0001-05<\/strong><\/p><ol start=\"2\"><li><span style=\"font-weight: 400;\"> Envie os documentos atrav\u00e9s do sistema online<\/span><\/li><li><span style=\"font-weight: 400;\"> Pronto! Salve sua carteirinha digital que ser\u00e1 emitida pelo sistema ap\u00f3s a conclus\u00e3o do cadastro e pagamento da anuidade, e aproveite todos os benef\u00edcios da filia\u00e7\u00e3o.<\/span><\/li><\/ol><p><span style=\"font-weight: 400;\">Tem d\u00favidas? Entre em contato pelo <\/span><b>WhatsApp<\/b><span style=\"font-weight: 400;\">: (11) 95421-1217<\/span><span style=\"font-weight: 400;\"><br \/><\/span><span style=\"font-weight: 400;\">Atendimento de <\/span><b>segunda<\/b><span style=\"font-weight: 400;\"> a <\/span><b>sexta-feira<\/b><span style=\"font-weight: 400;\">, das <\/span><b>9h<\/b><span style=\"font-weight: 400;\"> \u00e0s <\/span><b>17h<\/b><span style=\"font-weight: 400;\">.<\/span><\/p><p>\u00a0<\/p>\t\t\t\t\t\t\t\t<\/div>\n\t\t\t\t<\/div>\n\t\t\t\t\t<\/div>\n\t\t\t\t<\/div>\n\t\t<div class=\"elementor-element elementor-element-a34dc6d e-flex e-con-boxed sc_inner_width_none sc_layouts_column_icons_position_left e-con e-parent\" data-id=\"a34dc6d\" data-element_type=\"container\">\n\t\t\t\t\t<div class=\"e-con-inner\">\n\t\t\t\t<div class=\"elementor-element elementor-element-73d0c0f sc_fly_static elementor-widget elementor-widget-spacer\" data-id=\"73d0c0f\" data-element_type=\"widget\" data-widget_type=\"spacer.default\">\n\t\t\t\t<div class=\"elementor-widget-container\">\n\t\t\t\t\t\t\t<div class=\"elementor-spacer\">\n\t\t\t<div class=\"elementor-spacer-inner\"><\/div>\n\t\t<\/div>\n\t\t\t\t\t\t<\/div>\n\t\t\t\t<\/div>\n\t\t\t\t\t<\/div>\n\t\t\t\t<\/div>\n\t\t<div class=\"elementor-element elementor-element-d918e88 e-flex e-con-boxed sc_inner_width_none sc_layouts_column_icons_position_left e-con e-parent\" data-id=\"d918e88\" data-element_type=\"container\">\n\t\t\t\t\t<div class=\"e-con-inner\">\n\t\t<div class=\"elementor-element elementor-element-dd8a7a5 e-flex e-con-boxed sc_inner_width_none sc_layouts_column_icons_position_left e-con e-child\" data-id=\"dd8a7a5\" data-element_type=\"container\">\n\t\t\t\t\t<div class=\"e-con-inner\">\n\t\t\t\t<div class=\"elementor-element elementor-element-b5834fc elementor-align-justify elementor-widget__width-initial sc_fly_static elementor-widget elementor-widget-button\" data-id=\"b5834fc\" data-element_type=\"widget\" data-widget_type=\"button.default\">\n\t\t\t\t<div class=\"elementor-widget-container\">\n\t\t\t\t\t\t\t\t\t<div class=\"elementor-button-wrapper\">\n\t\t\t\t\t<a class=\"elementor-button elementor-button-link elementor-size-sm elementor-animation-grow\" href=\"https:\/\/sated.fractaldata.com.br\/#\/loginProfissional\" target=\"_blank\">\n\t\t\t\t\t\t<span class=\"elementor-button-content-wrapper\">\n\t\t\t\t\t\t\t\t\t<span class=\"elementor-button-text\">QUERO ME FILIAR<\/span>\n\t\t\t\t\t<\/span>\n\t\t\t\t\t<\/a>\n\t\t\t\t<\/div>\n\t\t\t\t\t\t\t\t<\/div>\n\t\t\t\t<\/div>\n\t\t\t\t\t<\/div>\n\t\t\t\t<\/div>\n\t\t\t\t\t<\/div>\n\t\t\t\t<\/div>\n\t\t\t\t<\/div>\n\t\t","protected":false},"excerpt":{"rendered":"<p>Junte-se ao Sindicato A sindicaliza\u00e7\u00e3o \u00e9 um passo fundamental para os profissionais que desejam fortalecer seus direitos, garantir melhores condi\u00e7\u00f5es de trabalho e ter uma voz ativa dentro de sua categoria. Sindicatos representativos desempenham um papel essencial na prote\u00e7\u00e3o dos interesses coletivos dos trabalhadores, negociando acordos salariais, defendendo condi\u00e7\u00f5es justas de trabalho e oferecendo suporte&hellip;<\/p>\n","protected":false},"author":1,"featured_media":0,"parent":0,"menu_order":0,"comment_status":"closed","ping_status":"closed","template":"elementor_header_footer","meta":{"cybocfi_hide_featured_image":"","footnotes":""},"class_list":["post-165","page","type-page","status-publish","hentry"],"_links":{"self":[{"href":"https:\/\/satedsp.org.br\/index.php\/wp-json\/wp\/v2\/pages\/165","targetHints":{"allow":["GET"]}}],"collection":[{"href":"https:\/\/satedsp.org.br\/index.php\/wp-json\/wp\/v2\/pages"}],"about":[{"href":"https:\/\/satedsp.org.br\/index.php\/wp-json\/wp\/v2\/types\/page"}],"author":[{"embeddable":true,"href":"https:\/\/satedsp.org.br\/index.php\/wp-json\/wp\/v2\/users\/1"}],"replies":[{"embeddable":true,"href":"https:\/\/satedsp.org.br\/index.php\/wp-json\/wp\/v2\/comments?post=165"}],"version-history":[{"count":61,"href":"https:\/\/satedsp.org.br\/index.php\/wp-json\/wp\/v2\/pages\/165\/revisions"}],"predecessor-version":[{"id":22039,"href":"https:\/\/satedsp.org.br\/index.php\/wp-json\/wp\/v2\/pages\/165\/revisions\/22039"}],"wp:attachment":[{"href":"https:\/\/satedsp.org.br\/index.php\/wp-json\/wp\/v2\/media?parent=165"}],"curies":[{"name":"wp","href":"https:\/\/api.w.org\/{rel}","templated":true}]}}