{"id":17062,"date":"2018-05-30T15:14:44","date_gmt":"2018-05-30T18:14:44","guid":{"rendered":"http:\/\/satedsp.tmp.k8.com.br\/?page_id=53"},"modified":"2018-05-30T15:14:44","modified_gmt":"2018-05-30T18:14:44","slug":"drt","status":"publish","type":"page","link":"https:\/\/satedsp.org.br\/index.php\/drt\/","title":{"rendered":"DRT"},"content":{"rendered":"<div id=\"pl-53\"  class=\"panel-layout\" >\n<div id=\"pg-53-0\"  class=\"panel-grid panel-no-style\"  data-style=\"{&quot;background_image_attachment&quot;:false,&quot;background_display&quot;:&quot;tile&quot;,&quot;cell_alignment&quot;:&quot;flex-start&quot;}\"  data-ratio=\"1\"  data-ratio-direction=\"right\" >\n<div id=\"pgc-53-0-0\"  class=\"panel-grid-cell\"  data-weight=\"0.24983255342793\" >\n<div id=\"panel-53-0-0-0\" class=\"so-panel widget widget_nav_menu panel-first-child panel-last-child\" data-index=\"0\" data-style=\"{&quot;background_image_attachment&quot;:false,&quot;background_display&quot;:&quot;tile&quot;}\" >[siteorigin_widget class=&#8221;WP_Nav_Menu_Widget&#8221;]<input type=\"hidden\" value=\"{&quot;instance&quot;:{&quot;nav_menu&quot;:11,&quot;widget_logic&quot;:&quot;&quot;},&quot;args&quot;:{&quot;before_widget&quot;:&quot;&lt;div id=\\&quot;panel-53-0-0-0\\&quot; class=\\&quot;so-panel widget widget_nav_menu panel-first-child panel-last-child\\&quot; data-index=\\&quot;0\\&quot; data-style=\\&quot;{&amp;quot;background_image_attachment&amp;quot;:false,&amp;quot;background_display&amp;quot;:&amp;quot;tile&amp;quot;}\\&quot; &gt;&quot;,&quot;after_widget&quot;:&quot;&lt;\\\/div&gt;&quot;,&quot;before_title&quot;:&quot;&lt;h3 class=\\&quot;widget-title\\&quot;&gt;&quot;,&quot;after_title&quot;:&quot;&lt;\\\/h3&gt;&quot;,&quot;widget_id&quot;:&quot;widget-0-0-0&quot;}}\" \/>[\/siteorigin_widget]<\/div>\n<\/div>\n<div id=\"pgc-53-0-1\"  class=\"panel-grid-cell\"  data-weight=\"0.75016744657207\" >\n<div id=\"panel-53-0-1-0\" class=\"so-panel widget widget_sow-editor panel-first-child panel-last-child\" data-index=\"1\" data-style=\"{&quot;background_image_attachment&quot;:false,&quot;background_display&quot;:&quot;tile&quot;}\" >\n<div class=\"so-widget-sow-editor so-widget-sow-editor-base\">\n<h3 class=\"widget-title\">DRT<\/h3>\n<div class=\"siteorigin-widget-tinymce textwidget\">\n<p>O que \u00e9 o DRT ?<\/p>\n<p>O chamado DRT \u00e9 um registro profissional\u00a0 emitido pela Delegacia Regional de Trabalho \u00a0\u00a0nos termos dos artigos 6 e 7 da Lei 6533\/78. Os profissionais com fun\u00e7\u00f5es do quadro anexo \u00e0 lei s\u00e3o representados pelo SATED SP, t\u00eam o direito e tamb\u00e9m o dever de providenciar o seu registro profissional.<\/p>\n<\/div>\n<\/div>\n<\/div>\n<\/div>\n<\/div>\n<\/div>\n","protected":false},"excerpt":{"rendered":"<p>[siteorigin_widget class=&#8221;WP_Nav_Menu_Widget&#8221;][\/siteorigin_widget] DRT O que \u00e9 o DRT ? O chamado DRT \u00e9 um registro profissional\u00a0 emitido pela Delegacia Regional de Trabalho \u00a0\u00a0nos termos dos artigos 6 e 7 da Lei 6533\/78. Os profissionais com fun\u00e7\u00f5es do quadro anexo \u00e0 lei s\u00e3o representados pelo SATED SP, t\u00eam o direito e tamb\u00e9m o dever de providenciar&hellip;<\/p>\n","protected":false},"author":1,"featured_media":0,"parent":0,"menu_order":0,"comment_status":"closed","ping_status":"closed","template":"","meta":{"cybocfi_hide_featured_image":"","footnotes":""},"class_list":["post-17062","page","type-page","status-publish","hentry"],"_links":{"self":[{"href":"https:\/\/satedsp.org.br\/index.php\/wp-json\/wp\/v2\/pages\/17062","targetHints":{"allow":["GET"]}}],"collection":[{"href":"https:\/\/satedsp.org.br\/index.php\/wp-json\/wp\/v2\/pages"}],"about":[{"href":"https:\/\/satedsp.org.br\/index.php\/wp-json\/wp\/v2\/types\/page"}],"author":[{"embeddable":true,"href":"https:\/\/satedsp.org.br\/index.php\/wp-json\/wp\/v2\/users\/1"}],"replies":[{"embeddable":true,"href":"https:\/\/satedsp.org.br\/index.php\/wp-json\/wp\/v2\/comments?post=17062"}],"version-history":[{"count":0,"href":"https:\/\/satedsp.org.br\/index.php\/wp-json\/wp\/v2\/pages\/17062\/revisions"}],"wp:attachment":[{"href":"https:\/\/satedsp.org.br\/index.php\/wp-json\/wp\/v2\/media?parent=17062"}],"curies":[{"name":"wp","href":"https:\/\/api.w.org\/{rel}","templated":true}]}}