{"id":17063,"date":"2018-05-30T15:15:08","date_gmt":"2018-05-30T18:15:08","guid":{"rendered":"http:\/\/satedsp.tmp.k8.com.br\/?page_id=55"},"modified":"2018-05-30T15:15:08","modified_gmt":"2018-05-30T18:15:08","slug":"seja-socio-2","status":"publish","type":"page","link":"https:\/\/satedsp.org.br\/index.php\/seja-socio-2\/","title":{"rendered":"Seja S\u00f3cio"},"content":{"rendered":"<div id=\"pl-55\"  class=\"panel-layout\" >\n<div id=\"pg-55-0\"  class=\"panel-grid panel-no-style\"  data-style=\"{&quot;background_image_attachment&quot;:false,&quot;background_display&quot;:&quot;tile&quot;,&quot;cell_alignment&quot;:&quot;flex-start&quot;}\" >\n<div id=\"pgc-55-0-0\"  class=\"panel-grid-cell\"  data-weight=\"0.30000000000001\" >\n<div id=\"panel-55-0-0-0\" class=\"so-panel widget widget_nav_menu panel-first-child panel-last-child\" data-index=\"0\" data-style=\"{&quot;background_image_attachment&quot;:false,&quot;background_display&quot;:&quot;tile&quot;}\" >[siteorigin_widget class=&#8221;WP_Nav_Menu_Widget&#8221;]<input type=\"hidden\" value=\"{&quot;instance&quot;:{&quot;so_sidebar_emulator_id&quot;:&quot;nav_menu-5510000&quot;,&quot;option_name&quot;:&quot;widget_nav_menu&quot;},&quot;args&quot;:{&quot;before_widget&quot;:&quot;&lt;div id=\\&quot;panel-55-0-0-0\\&quot; class=\\&quot;so-panel widget widget_nav_menu panel-first-child panel-last-child\\&quot; data-index=\\&quot;0\\&quot; data-style=\\&quot;{&amp;quot;background_image_attachment&amp;quot;:false,&amp;quot;background_display&amp;quot;:&amp;quot;tile&amp;quot;}\\&quot; &gt;&quot;,&quot;after_widget&quot;:&quot;&lt;\\\/div&gt;&quot;,&quot;before_title&quot;:&quot;&lt;h3 class=\\&quot;widget-title\\&quot;&gt;&quot;,&quot;after_title&quot;:&quot;&lt;\\\/h3&gt;&quot;,&quot;widget_id&quot;:&quot;widget-0-0-0&quot;}}\" \/>[\/siteorigin_widget]<\/div>\n<\/div>\n<div id=\"pgc-55-0-1\"  class=\"panel-grid-cell\"  data-weight=\"0.69999999999999\" >\n<div id=\"panel-55-0-1-0\" class=\"so-panel widget widget_sow-editor panel-first-child panel-last-child\" data-index=\"1\" data-style=\"{&quot;background_image_attachment&quot;:false,&quot;background_display&quot;:&quot;tile&quot;}\" >\n<div class=\"so-widget-sow-editor so-widget-sow-editor-base\">\n<h3 class=\"widget-title\">O que \u00e9 sindicalizar-se<\/h3>\n<div class=\"siteorigin-widget-tinymce textwidget\">\n<p>O SATED\u2013SP existe para representar e defender os seus interesses trabalhistas e concretizar sua uni\u00e3o com os trabalhadores de sua categoria profissional . Filiar-se ao sindicato \u00e9 assumir-se como profissional qualificado de um importante setor econ\u00f4mico.<\/p>\n<p>&nbsp;<\/p>\n<p><strong>POR QUE SINDICALIZAR-SE<\/strong><\/p>\n<p>Nossa categoria engloba mais de 56 profiss\u00f5es no setor das artes e do entretenimento.<\/p>\n<p>Sua sindicaliza\u00e7\u00e3o, al\u00e9m de fortalecer sua entidade de classe, lhe d\u00e1 o poder de voz e voto nas Assembleias que definem os rumos do nosso Sindicato e as lutas trabalhistas e cidad\u00e3s da categoria.<\/p>\n<\/div>\n<\/div>\n<\/div>\n<\/div>\n<\/div>\n<\/div>\n","protected":false},"excerpt":{"rendered":"<p>[siteorigin_widget class=&#8221;WP_Nav_Menu_Widget&#8221;][\/siteorigin_widget] O que \u00e9 sindicalizar-se O SATED\u2013SP existe para representar e defender os seus interesses trabalhistas e concretizar sua uni\u00e3o com os trabalhadores de sua categoria profissional . Filiar-se ao sindicato \u00e9 assumir-se como profissional qualificado de um importante setor econ\u00f4mico. &nbsp; POR QUE SINDICALIZAR-SE Nossa categoria engloba mais de 56 profiss\u00f5es no setor&hellip;<\/p>\n","protected":false},"author":1,"featured_media":0,"parent":0,"menu_order":0,"comment_status":"closed","ping_status":"closed","template":"","meta":{"cybocfi_hide_featured_image":"","footnotes":""},"class_list":["post-17063","page","type-page","status-publish","hentry"],"_links":{"self":[{"href":"https:\/\/satedsp.org.br\/index.php\/wp-json\/wp\/v2\/pages\/17063","targetHints":{"allow":["GET"]}}],"collection":[{"href":"https:\/\/satedsp.org.br\/index.php\/wp-json\/wp\/v2\/pages"}],"about":[{"href":"https:\/\/satedsp.org.br\/index.php\/wp-json\/wp\/v2\/types\/page"}],"author":[{"embeddable":true,"href":"https:\/\/satedsp.org.br\/index.php\/wp-json\/wp\/v2\/users\/1"}],"replies":[{"embeddable":true,"href":"https:\/\/satedsp.org.br\/index.php\/wp-json\/wp\/v2\/comments?post=17063"}],"version-history":[{"count":0,"href":"https:\/\/satedsp.org.br\/index.php\/wp-json\/wp\/v2\/pages\/17063\/revisions"}],"wp:attachment":[{"href":"https:\/\/satedsp.org.br\/index.php\/wp-json\/wp\/v2\/media?parent=17063"}],"curies":[{"name":"wp","href":"https:\/\/api.w.org\/{rel}","templated":true}]}}