{"id":17065,"date":"2018-05-30T15:16:43","date_gmt":"2018-05-30T18:16:43","guid":{"rendered":"http:\/\/satedsp.tmp.k8.com.br\/?page_id=60"},"modified":"2024-07-18T23:12:53","modified_gmt":"2024-07-18T23:12:53","slug":"acordos","status":"publish","type":"page","link":"https:\/\/satedsp.org.br\/index.php\/acordos\/","title":{"rendered":"Acordos \/ Pisos Salariais"},"content":{"rendered":"\t\t<div data-elementor-type=\"wp-page\" data-elementor-id=\"17065\" class=\"elementor elementor-17065\" data-elementor-post-type=\"page\">\n\t\t\t\t<div class=\"elementor-element elementor-element-b2c2274 e-flex e-con-boxed sc_inner_width_none sc_layouts_column_icons_position_left e-con e-parent\" data-id=\"b2c2274\" data-element_type=\"container\">\n\t\t\t\t\t<div class=\"e-con-inner\">\n\t\t\t\t<div class=\"elementor-element elementor-element-050b56b sc_fly_static elementor-widget elementor-widget-spacer\" data-id=\"050b56b\" data-element_type=\"widget\" data-widget_type=\"spacer.default\">\n\t\t\t\t<div class=\"elementor-widget-container\">\n\t\t\t\t\t\t\t<div class=\"elementor-spacer\">\n\t\t\t<div class=\"elementor-spacer-inner\"><\/div>\n\t\t<\/div>\n\t\t\t\t\t\t<\/div>\n\t\t\t\t<\/div>\n\t\t\t\t\t<\/div>\n\t\t\t\t<\/div>\n\t\t<div class=\"elementor-element elementor-element-1cbd74d e-flex e-con-boxed sc_inner_width_none sc_layouts_column_icons_position_left e-con e-parent\" data-id=\"1cbd74d\" data-element_type=\"container\">\n\t\t\t\t\t<div class=\"e-con-inner\">\n\t\t\t\t<div class=\"elementor-element elementor-element-abb9b4e elementor-widget__width-initial sc_fly_static elementor-widget elementor-widget-toggle\" data-id=\"abb9b4e\" data-element_type=\"widget\" data-widget_type=\"toggle.default\">\n\t\t\t\t<div class=\"elementor-widget-container\">\n\t\t\t\t\t\t\t<div class=\"elementor-toggle\">\n\t\t\t\t\t\t\t<div class=\"elementor-toggle-item\">\n\t\t\t\t\t<div id=\"elementor-tab-title-1801\" class=\"elementor-tab-title\" data-tab=\"1\" role=\"button\" aria-controls=\"elementor-tab-content-1801\" aria-expanded=\"false\">\n\t\t\t\t\t\t\t\t\t\t\t\t<span class=\"elementor-toggle-icon elementor-toggle-icon-left\" aria-hidden=\"true\">\n\t\t\t\t\t\t\t\t\t\t\t\t\t\t\t<span class=\"elementor-toggle-icon-closed\"><svg class=\"e-font-icon-svg e-fas-caret-right\" viewBox=\"0 0 192 512\" xmlns=\"http:\/\/www.w3.org\/2000\/svg\"><path d=\"M0 384.662V127.338c0-17.818 21.543-26.741 34.142-14.142l128.662 128.662c7.81 7.81 7.81 20.474 0 28.284L34.142 398.804C21.543 411.404 0 402.48 0 384.662z\"><\/path><\/svg><\/span>\n\t\t\t\t\t\t\t\t<span class=\"elementor-toggle-icon-opened\"><svg class=\"elementor-toggle-icon-opened e-font-icon-svg e-fas-caret-up\" viewBox=\"0 0 320 512\" xmlns=\"http:\/\/www.w3.org\/2000\/svg\"><path d=\"M288.662 352H31.338c-17.818 0-26.741-21.543-14.142-34.142l128.662-128.662c7.81-7.81 20.474-7.81 28.284 0l128.662 128.662c12.6 12.599 3.676 34.142-14.142 34.142z\"><\/path><\/svg><\/span>\n\t\t\t\t\t\t\t\t\t\t\t\t\t<\/span>\n\t\t\t\t\t\t\t\t\t\t\t\t<a class=\"elementor-toggle-title\" tabindex=\"0\">Artes C\u00eanicas<\/a>\n\t\t\t\t\t<\/div>\n\n\t\t\t\t\t<div id=\"elementor-tab-content-1801\" class=\"elementor-tab-content elementor-clearfix\" data-tab=\"1\" role=\"region\" aria-labelledby=\"elementor-tab-title-1801\"><p><a href=\"https:\/\/satedsp.org.br\/novo\/wp-content\/uploads\/2024\/03\/PAUTA-REIVINDICATORIA-ARTE-S-CENICAS-2018-1.pdf\" target=\"_blank\" rel=\"noopener\">PAUTA REIVINDICATORIA ARTES CENICAS 2018<\/a><\/p><p><a href=\"https:\/\/satedsp.org.br\/novo\/wp-content\/uploads\/2024\/03\/PAUTA-REIVINDICATORIA-TEATRO-MUSICAIS-2018.pdf\" target=\"_blank\" rel=\"noopener\">PAUTA REIVINDICAT\u00d3RIA TEATRO MUSICAIS 2018<\/a><\/p><p><a href=\"https:\/\/satedsp.org.br\/novo\/wp-content\/uploads\/2024\/03\/SINSAGE-SATED-CCT-20-22-MR009418-Assinada.pdf\" target=\"_blank\" rel=\"noopener\">CONVEN\u00c7\u00c3O COLETIVA DE TRABALHO 2020\/2022 \u2013 EXCLUSIVA PARA \u00c1REA TECNICA<\/a><\/p><p><a href=\"https:\/\/satedsp.org.br\/novo\/wp-content\/uploads\/2024\/03\/CONVENCAO-COLETIVA-TECNICOS.pdf\" target=\"_blank\" rel=\"noopener\">CONVEN\u00c7\u00c3O COLETIVA T\u00c9CNICOS 2019 -2020<\/a><\/p><p><a href=\"https:\/\/satedsp.org.br\/novo\/wp-content\/uploads\/2024\/03\/Acordo-coletivo-de-trabalho-2019.pdf\" target=\"_blank\" rel=\"noopener\">Acordo coletivo de trabalho 2019 \u2013 SESI<\/a><\/p><p>ACORDO COLETIVO DE TRABALHO 2018.2019 PARQUE DA M\u00d4NICA<\/p><p><a href=\"https:\/\/satedsp.org.br\/novo\/wp-content\/uploads\/2024\/03\/dissidio_arte_cenicas_2017-2018.pdf\" target=\"_blank\" rel=\"noopener\">Diss\u00eddio Artes C\u00eanicas 2017-2018<\/a><\/p><p><a href=\"https:\/\/satedsp.org.br\/novo\/wp-content\/uploads\/2024\/03\/T-PAUTA_REIVIND._ARTES_CENICAS-2015-2016.pdf\" target=\"_blank\" rel=\"noopener\">PAUTA REIVINDICAT\u00d3RIA ARTES C\u00caNICAS 2015\/2016<\/a><\/p><p><a href=\"https:\/\/satedsp.org.br\/novo\/wp-content\/uploads\/2024\/03\/acordo-sesi-1.pdf\" target=\"_blank\" rel=\"noopener\">Acordo SESI 2018<\/a><\/p><p><a href=\"https:\/\/satedsp.org.br\/novo\/wp-content\/uploads\/2024\/03\/Pauta_de_Arte_Cenicas_2014_15.pdf\" target=\"_blank\" rel=\"noopener\">Artes C\u00eanicas 2014\/2015<\/a><\/p><p><a href=\"https:\/\/satedsp.org.br\/novo\/wp-content\/uploads\/2024\/03\/artes_cenicas_2013_2014.pdf\" target=\"_blank\" rel=\"noopener\">Artes C\u00eanicas 2013\/2014<\/a><\/p><p><a href=\"https:\/\/satedsp.org.br\/novo\/wp-content\/uploads\/2024\/03\/artes_cenicas_2012-2013.pdf\" target=\"_blank\" rel=\"noopener\">Artes C\u00eanicas 2012\/2013<\/a><\/p><p><a href=\"https:\/\/satedsp.org.br\/novo\/wp-content\/uploads\/2024\/03\/tabela2011-2012.pdf\" target=\"_blank\" rel=\"noopener\">Artes C\u00eanicas 2011\/2012<\/a><\/p><p><a href=\"https:\/\/satedsp.org.br\/novo\/wp-content\/uploads\/2024\/03\/artescenicas2010.pdf\" target=\"_blank\" rel=\"noopener\">Artes C\u00eanicas 2010<\/a><\/p><p><a href=\"https:\/\/satedsp.org.br\/novo\/wp-content\/uploads\/2024\/03\/artes_cenicas_2012-2013-1.pdf\" target=\"_blank\" rel=\"noopener\">Pauta Reivindicat\u00f3ria de Artes C\u00eanicas 2012\/2013<\/a><\/p><p>Pauta Reivindicat\u00f3ria de Artes C\u00eanicas 2011\/2012<\/p><p><a href=\"https:\/\/satedsp.org.br\/novo\/wp-content\/uploads\/2024\/03\/Acordo-Coletivo-de-Trabalho-2010.pdf\" target=\"_blank\" rel=\"noopener\">Acordo Coletivo de Trabalho 2010 \u2013 2011<\/a><\/p><p><a href=\"https:\/\/satedsp.org.br\/novo\/wp-content\/uploads\/2024\/03\/T-PAUTA_REIVIND_AG_PROPAGANDA_2012-2013-CONF_FORUM.pdf\" target=\"_blank\" rel=\"noopener\">Pauta Reivindicat\u00f3ria Teatro-Shows-\u00d3pera-T\u00e9cnicos 2006\/2007<\/a><\/p><\/div>\n\t\t\t\t<\/div>\n\t\t\t\t\t\t\t<div class=\"elementor-toggle-item\">\n\t\t\t\t\t<div id=\"elementor-tab-title-1802\" class=\"elementor-tab-title\" data-tab=\"2\" role=\"button\" aria-controls=\"elementor-tab-content-1802\" aria-expanded=\"false\">\n\t\t\t\t\t\t\t\t\t\t\t\t<span class=\"elementor-toggle-icon elementor-toggle-icon-left\" aria-hidden=\"true\">\n\t\t\t\t\t\t\t\t\t\t\t\t\t\t\t<span class=\"elementor-toggle-icon-closed\"><svg class=\"e-font-icon-svg e-fas-caret-right\" viewBox=\"0 0 192 512\" xmlns=\"http:\/\/www.w3.org\/2000\/svg\"><path d=\"M0 384.662V127.338c0-17.818 21.543-26.741 34.142-14.142l128.662 128.662c7.81 7.81 7.81 20.474 0 28.284L34.142 398.804C21.543 411.404 0 402.48 0 384.662z\"><\/path><\/svg><\/span>\n\t\t\t\t\t\t\t\t<span class=\"elementor-toggle-icon-opened\"><svg class=\"elementor-toggle-icon-opened e-font-icon-svg e-fas-caret-up\" viewBox=\"0 0 320 512\" xmlns=\"http:\/\/www.w3.org\/2000\/svg\"><path d=\"M288.662 352H31.338c-17.818 0-26.741-21.543-14.142-34.142l128.662-128.662c7.81-7.81 20.474-7.81 28.284 0l128.662 128.662c12.6 12.599 3.676 34.142-14.142 34.142z\"><\/path><\/svg><\/span>\n\t\t\t\t\t\t\t\t\t\t\t\t\t<\/span>\n\t\t\t\t\t\t\t\t\t\t\t\t<a class=\"elementor-toggle-title\" tabindex=\"0\">Cinema e Audiovisual<\/a>\n\t\t\t\t\t<\/div>\n\n\t\t\t\t\t<div id=\"elementor-tab-content-1802\" class=\"elementor-tab-content elementor-clearfix\" data-tab=\"2\" role=\"region\" aria-labelledby=\"elementor-tab-title-1802\"><p><a href=\"https:\/\/satedsp.org.br\/novo\/wp-content\/uploads\/2024\/07\/Pauta-Reivindicatoria-de-Artistas-em-PUBLICIDADE-exclusiva-ao-SIAESP_vf.pdf\" target=\"_blank\" rel=\"noopener\">Pauta Reivindicat\u00f3ria PUBLICIDADE SIAESP 2024-2026<\/a><br \/><br \/><a href=\"https:\/\/satedsp.org.br\/novo\/wp-content\/uploads\/2024\/07\/Pauta-Reivindicatoria-de-Artistas-em-PUBLICIDADE-exclusiva-ao-SINAPRO_vf.pdf\" target=\"_blank\" rel=\"noopener\">Pauta Reivindicat\u00f3ria PUBLICIDADE SINAPRO\u00a02024-2026<\/a><br \/><br \/><a href=\"https:\/\/satedsp.org.br\/novo\/wp-content\/uploads\/2024\/03\/TEXTO-FINALIZADO-da-Pauta-Reinvindicatoria-Audiovisual-2020-2021.pdf\" target=\"_blank\" rel=\"noopener\">Pauta Reinvindicat\u00f3ria Audiovisual 2022-2023<\/a><\/p><p><a href=\"https:\/\/satedsp.org.br\/novo\/wp-content\/uploads\/2024\/03\/DISSIDIO_coletivo_cinema_2017-2018.pdf\" target=\"_blank\" rel=\"noopener\">Diss\u00eddio coletivo de Cinema 2017-2018<\/a><\/p><p><a href=\"https:\/\/satedsp.org.br\/novo\/wp-content\/uploads\/2024\/03\/sentenca_normativa_cinema_2013-2017.pdf\" target=\"_blank\" rel=\"noopener\">Senten\u00e7a Normativa \u2013 Cinema \u2013 Diss\u00eddio Coletivo 2013-2017<\/a><\/p><p><a href=\"https:\/\/satedsp.org.br\/novo\/wp-content\/uploads\/2024\/03\/CONVENCAO_COLETIVA_DE_TRABALHO_2012.pdf\" target=\"_blank\" rel=\"noopener\">Conven\u00e7\u00e3o coletiva de Radio e TV 2012\/2014<\/a><\/p><p><a href=\"https:\/\/satedsp.org.br\/novo\/wp-content\/uploads\/2024\/03\/cinema_2013_2014.pdf\" target=\"_blank\" rel=\"noopener\">Cinema 2013\/2014<\/a><\/p><\/div>\n\t\t\t\t<\/div>\n\t\t\t\t\t\t\t<div class=\"elementor-toggle-item\">\n\t\t\t\t\t<div id=\"elementor-tab-title-1803\" class=\"elementor-tab-title\" data-tab=\"3\" role=\"button\" aria-controls=\"elementor-tab-content-1803\" aria-expanded=\"false\">\n\t\t\t\t\t\t\t\t\t\t\t\t<span class=\"elementor-toggle-icon elementor-toggle-icon-left\" aria-hidden=\"true\">\n\t\t\t\t\t\t\t\t\t\t\t\t\t\t\t<span class=\"elementor-toggle-icon-closed\"><svg class=\"e-font-icon-svg e-fas-caret-right\" viewBox=\"0 0 192 512\" xmlns=\"http:\/\/www.w3.org\/2000\/svg\"><path d=\"M0 384.662V127.338c0-17.818 21.543-26.741 34.142-14.142l128.662 128.662c7.81 7.81 7.81 20.474 0 28.284L34.142 398.804C21.543 411.404 0 402.48 0 384.662z\"><\/path><\/svg><\/span>\n\t\t\t\t\t\t\t\t<span class=\"elementor-toggle-icon-opened\"><svg class=\"elementor-toggle-icon-opened e-font-icon-svg e-fas-caret-up\" viewBox=\"0 0 320 512\" xmlns=\"http:\/\/www.w3.org\/2000\/svg\"><path d=\"M288.662 352H31.338c-17.818 0-26.741-21.543-14.142-34.142l128.662-128.662c7.81-7.81 20.474-7.81 28.284 0l128.662 128.662c12.6 12.599 3.676 34.142-14.142 34.142z\"><\/path><\/svg><\/span>\n\t\t\t\t\t\t\t\t\t\t\t\t\t<\/span>\n\t\t\t\t\t\t\t\t\t\t\t\t<a class=\"elementor-toggle-title\" tabindex=\"0\">Dublagem<\/a>\n\t\t\t\t\t<\/div>\n\n\t\t\t\t\t<div id=\"elementor-tab-content-1803\" class=\"elementor-tab-content elementor-clearfix\" data-tab=\"3\" role=\"region\" aria-labelledby=\"elementor-tab-title-1803\"><p>EM BREVE<\/p><\/div>\n\t\t\t\t<\/div>\n\t\t\t\t\t\t\t<div class=\"elementor-toggle-item\">\n\t\t\t\t\t<div id=\"elementor-tab-title-1804\" class=\"elementor-tab-title\" data-tab=\"4\" role=\"button\" aria-controls=\"elementor-tab-content-1804\" aria-expanded=\"false\">\n\t\t\t\t\t\t\t\t\t\t\t\t<span class=\"elementor-toggle-icon elementor-toggle-icon-left\" aria-hidden=\"true\">\n\t\t\t\t\t\t\t\t\t\t\t\t\t\t\t<span class=\"elementor-toggle-icon-closed\"><svg class=\"e-font-icon-svg e-fas-caret-right\" viewBox=\"0 0 192 512\" xmlns=\"http:\/\/www.w3.org\/2000\/svg\"><path d=\"M0 384.662V127.338c0-17.818 21.543-26.741 34.142-14.142l128.662 128.662c7.81 7.81 7.81 20.474 0 28.284L34.142 398.804C21.543 411.404 0 402.48 0 384.662z\"><\/path><\/svg><\/span>\n\t\t\t\t\t\t\t\t<span class=\"elementor-toggle-icon-opened\"><svg class=\"elementor-toggle-icon-opened e-font-icon-svg e-fas-caret-up\" viewBox=\"0 0 320 512\" xmlns=\"http:\/\/www.w3.org\/2000\/svg\"><path d=\"M288.662 352H31.338c-17.818 0-26.741-21.543-14.142-34.142l128.662-128.662c7.81-7.81 20.474-7.81 28.284 0l128.662 128.662c12.6 12.599 3.676 34.142-14.142 34.142z\"><\/path><\/svg><\/span>\n\t\t\t\t\t\t\t\t\t\t\t\t\t<\/span>\n\t\t\t\t\t\t\t\t\t\t\t\t<a class=\"elementor-toggle-title\" tabindex=\"0\">Publicidade e Propaganda<\/a>\n\t\t\t\t\t<\/div>\n\n\t\t\t\t\t<div id=\"elementor-tab-content-1804\" class=\"elementor-tab-content elementor-clearfix\" data-tab=\"4\" role=\"region\" aria-labelledby=\"elementor-tab-title-1804\"><p><a href=\"https:\/\/satedsp.org.br\/novo\/wp-content\/uploads\/2024\/03\/TEXTO-FINALIZADO-da-Pauta-Reinvindicatoria-Audiovisual-2020-2021-1.pdf\" target=\"_blank\" rel=\"noopener\">Pauta Reinvindicat\u00f3ria Audiovisual 2020-2021<\/a><\/p><p><a href=\"https:\/\/satedsp.org.br\/novo\/wp-content\/uploads\/2024\/03\/PAUTA-REIVIN-DICATORIA-PROPAGANDA-E-PUBLICIDADE-2018.pdf\" target=\"_blank\" rel=\"noopener\">PAUTA REIVINDICAT\u00d3RIA PROPAGANDA E PUBLICIDADE 2018<\/a><\/p><p><a href=\"https:\/\/satedsp.org.br\/novo\/wp-content\/uploads\/2024\/03\/DISSIDIO_coletivo_agencia_de_propaganda_2017-2018.pdf\" target=\"_blank\" rel=\"noopener\">Acordo coletivo de ag\u00eancia de propaganda 2017-2018<\/a><\/p><p><a href=\"https:\/\/satedsp.org.br\/novo\/wp-content\/uploads\/2024\/03\/S-P-REIV-2015-16-AG_PROPAGANDA-PUBLICIDADE.pdf\" target=\"_blank\" rel=\"noopener\">PAUTA AG\u00caNCIAS PROPAGANDAS E PUBLICIDADE 2015\/2016<\/a><\/p><p><a href=\"https:\/\/satedsp.org.br\/novo\/wp-content\/uploads\/2024\/03\/PAUTA_REIVIND_AG_PROPAG_2014-15.pdf\" target=\"_blank\" rel=\"noopener\">PAUTA REIVINDICAT\u00d3RIA AG\u00caNCIAS DE PROPAGANDA E PUBLIIDADE 2014\/2015<\/a><\/p><p><a href=\"https:\/\/satedsp.org.br\/novo\/wp-content\/uploads\/2024\/03\/CONVENCAO_COLETIVA_DE_TRABALHO_2012-1.pdf\" target=\"_blank\" rel=\"noopener\">Conven\u00e7\u00e3o coletiva de Radio e TV 2012\/2014<\/a><\/p><p><a href=\"https:\/\/satedsp.org.br\/novo\/wp-content\/uploads\/2024\/03\/T-PAUTA_REIVIND_AG_PROPAGANDA_2012-2013-CONF_FORUM-1.pdf\" target=\"_blank\" rel=\"noopener\">Ag\u00eancias de propagandas 2012\/2013<\/a><\/p><p><a href=\"https:\/\/satedsp.org.br\/novo\/wp-content\/uploads\/2024\/03\/TABELA_PUBLICIDADE_2010.pdf\" target=\"_blank\" rel=\"noopener\">Publicidade 2010<\/a><\/p><p><a href=\"https:\/\/satedsp.org.br\/novo\/wp-content\/uploads\/2024\/03\/Tabela_Desfile_2010.pdf\" target=\"_blank\" rel=\"noopener\">Desfile 2010<\/a><\/p><p><a href=\"https:\/\/satedsp.org.br\/novo\/wp-content\/uploads\/2024\/03\/T-PAUTA_REIVIND_AG_PROPAGANDA_2012-2013-CONF_FORUM-2.pdf\" target=\"_blank\" rel=\"noopener\">Pauta Reivindicat\u00f3ria de Ag\u00eancias de propagandas 2012\/2013<\/a><\/p><\/div>\n\t\t\t\t<\/div>\n\t\t\t\t\t\t\t\t<\/div>\n\t\t\t\t\t\t<\/div>\n\t\t\t\t<\/div>\n\t\t\t\t\t<\/div>\n\t\t\t\t<\/div>\n\t\t<div class=\"elementor-element elementor-element-1fa6e8f e-flex e-con-boxed sc_inner_width_none sc_layouts_column_icons_position_left e-con e-parent\" data-id=\"1fa6e8f\" data-element_type=\"container\">\n\t\t\t\t\t<div class=\"e-con-inner\">\n\t\t\t\t<div class=\"elementor-element elementor-element-a8ee2ca sc_fly_static elementor-widget elementor-widget-spacer\" data-id=\"a8ee2ca\" data-element_type=\"widget\" data-widget_type=\"spacer.default\">\n\t\t\t\t<div class=\"elementor-widget-container\">\n\t\t\t\t\t\t\t<div class=\"elementor-spacer\">\n\t\t\t<div class=\"elementor-spacer-inner\"><\/div>\n\t\t<\/div>\n\t\t\t\t\t\t<\/div>\n\t\t\t\t<\/div>\n\t\t\t\t\t<\/div>\n\t\t\t\t<\/div>\n\t\t\t\t<\/div>\n\t\t","protected":false},"excerpt":{"rendered":"<p>Artes C\u00eanicas PAUTA REIVINDICATORIA ARTES CENICAS 2018 PAUTA REIVINDICAT\u00d3RIA TEATRO MUSICAIS 2018 CONVEN\u00c7\u00c3O COLETIVA DE TRABALHO 2020\/2022 \u2013 EXCLUSIVA PARA \u00c1REA TECNICA CONVEN\u00c7\u00c3O COLETIVA T\u00c9CNICOS 2019 -2020 Acordo coletivo de trabalho 2019 \u2013 SESI ACORDO COLETIVO DE TRABALHO 2018.2019 PARQUE DA M\u00d4NICA Diss\u00eddio Artes C\u00eanicas 2017-2018 PAUTA REIVINDICAT\u00d3RIA ARTES C\u00caNICAS 2015\/2016 Acordo SESI 2018 Artes&hellip;<\/p>\n","protected":false},"author":1,"featured_media":0,"parent":0,"menu_order":0,"comment_status":"closed","ping_status":"closed","template":"","meta":{"cybocfi_hide_featured_image":"","footnotes":""},"class_list":["post-17065","page","type-page","status-publish","hentry"],"_links":{"self":[{"href":"https:\/\/satedsp.org.br\/index.php\/wp-json\/wp\/v2\/pages\/17065","targetHints":{"allow":["GET"]}}],"collection":[{"href":"https:\/\/satedsp.org.br\/index.php\/wp-json\/wp\/v2\/pages"}],"about":[{"href":"https:\/\/satedsp.org.br\/index.php\/wp-json\/wp\/v2\/types\/page"}],"author":[{"embeddable":true,"href":"https:\/\/satedsp.org.br\/index.php\/wp-json\/wp\/v2\/users\/1"}],"replies":[{"embeddable":true,"href":"https:\/\/satedsp.org.br\/index.php\/wp-json\/wp\/v2\/comments?post=17065"}],"version-history":[{"count":48,"href":"https:\/\/satedsp.org.br\/index.php\/wp-json\/wp\/v2\/pages\/17065\/revisions"}],"predecessor-version":[{"id":19545,"href":"https:\/\/satedsp.org.br\/index.php\/wp-json\/wp\/v2\/pages\/17065\/revisions\/19545"}],"wp:attachment":[{"href":"https:\/\/satedsp.org.br\/index.php\/wp-json\/wp\/v2\/media?parent=17065"}],"curies":[{"name":"wp","href":"https:\/\/api.w.org\/{rel}","templated":true}]}}