{"id":17066,"date":"2018-06-06T01:25:08","date_gmt":"2018-06-06T04:25:08","guid":{"rendered":"http:\/\/satedsp.tmp.k8.com.br\/?page_id=85"},"modified":"2018-06-06T01:25:08","modified_gmt":"2018-06-06T04:25:08","slug":"nossa-historia","status":"publish","type":"page","link":"https:\/\/satedsp.org.br\/index.php\/quem-somos-2\/nossa-historia\/","title":{"rendered":"Nossa Hist\u00f3ria"},"content":{"rendered":"<div id=\"pl-85\"  class=\"panel-layout\" >\n<div id=\"pg-85-0\"  class=\"panel-grid panel-no-style\"  data-style=\"{&quot;background_image_attachment&quot;:false,&quot;background_display&quot;:&quot;tile&quot;,&quot;cell_alignment&quot;:&quot;flex-start&quot;}\"  data-ratio=\"1\"  data-ratio-direction=\"right\" >\n<div id=\"pgc-85-0-0\"  class=\"panel-grid-cell\"  data-weight=\"0.3\" >\n<div id=\"panel-85-0-0-0\" class=\"so-panel widget widget_nav_menu panel-first-child panel-last-child\" data-index=\"0\" data-style=\"{&quot;background_image_attachment&quot;:false,&quot;background_display&quot;:&quot;tile&quot;}\" >[siteorigin_widget class=&#8221;WP_Nav_Menu_Widget&#8221;]<input type=\"hidden\" value=\"{&quot;instance&quot;:{&quot;nav_menu&quot;:10,&quot;widget_logic&quot;:&quot;&quot;},&quot;args&quot;:{&quot;before_widget&quot;:&quot;&lt;div id=\\&quot;panel-85-0-0-0\\&quot; class=\\&quot;so-panel widget widget_nav_menu panel-first-child panel-last-child\\&quot; data-index=\\&quot;0\\&quot; data-style=\\&quot;{&amp;quot;background_image_attachment&amp;quot;:false,&amp;quot;background_display&amp;quot;:&amp;quot;tile&amp;quot;}\\&quot; &gt;&quot;,&quot;after_widget&quot;:&quot;&lt;\\\/div&gt;&quot;,&quot;before_title&quot;:&quot;&lt;h3 class=\\&quot;widget-title\\&quot;&gt;&quot;,&quot;after_title&quot;:&quot;&lt;\\\/h3&gt;&quot;,&quot;widget_id&quot;:&quot;widget-0-0-0&quot;}}\" \/>[\/siteorigin_widget]<\/div>\n<\/div>\n<div id=\"pgc-85-0-1\"  class=\"panel-grid-cell\"  data-weight=\"0.7\" >\n<div id=\"panel-85-0-1-0\" class=\"so-panel widget widget_sow-editor panel-first-child panel-last-child\" data-index=\"1\" data-style=\"{&quot;background_image_attachment&quot;:false,&quot;background_display&quot;:&quot;tile&quot;}\" >\n<div class=\"so-widget-sow-editor so-widget-sow-editor-base\">\n<h3 class=\"widget-title\">Nossa Hist\u00f3ria<\/h3>\n<div class=\"siteorigin-widget-tinymce textwidget\">\n<div class=\"article-title\">\n<table class=\"contentpaneopen\">\n<tbody>\n<tr>\n<td class=\"contentheading\" width=\"100%\">\n<div class=\"article-title-text\">O SATED\/SP<\/div>\n<div class=\"article-indent\"><\/div>\n<\/td>\n<\/tr>\n<\/tbody>\n<\/table>\n<\/div>\n<div class=\"wrapper1-border\">\n<div class=\"wrapper1-bg clear\">\n<div class=\"article-text-indent\">\n<div class=\"clear\">\n<table class=\"contentpaneopen\">\n<tbody>\n<tr>\n<td valign=\"top\">No ano de 1934, momento que a luta oper\u00e1ria pela autonomia sindical crescia, e tr\u00eas anos ap\u00f3s a publica\u00e7\u00e3o da Lei de Sindicaliza\u00e7\u00e3o foi criado, em 18 de dezembro, o Sindicato dos Artistas. Desde l\u00e1, foram in\u00fameras as lutas e conquistas da\u00a0 categoria em que ele esteve presente.<\/p>\n<p>Descubra mais sobre a hist\u00f3ria do nosso Sindicato no v\u00eddeo abaixo.<\/p>\n<\/td>\n<\/tr>\n<\/tbody>\n<\/table>\n<\/div>\n<\/div>\n<\/div>\n<\/div>\n<p><iframe title=\"HIST\u00d3RIA DO SATED SP\" width=\"1290\" height=\"968\" src=\"https:\/\/www.youtube.com\/embed\/GghnzXpM8dQ?feature=oembed\" frameborder=\"0\" allow=\"accelerometer; autoplay; clipboard-write; encrypted-media; gyroscope; picture-in-picture; web-share\" referrerpolicy=\"strict-origin-when-cross-origin\" allowfullscreen><\/iframe><\/p>\n<\/div>\n<\/div>\n<\/div>\n<\/div>\n<\/div>\n<\/div>\n","protected":false},"excerpt":{"rendered":"<p>[siteorigin_widget class=&#8221;WP_Nav_Menu_Widget&#8221;][\/siteorigin_widget] Nossa Hist\u00f3ria O SATED\/SP No ano de 1934, momento que a luta oper\u00e1ria pela autonomia sindical crescia, e tr\u00eas anos ap\u00f3s a publica\u00e7\u00e3o da Lei de Sindicaliza\u00e7\u00e3o foi criado, em 18 de dezembro, o Sindicato dos Artistas. Desde l\u00e1, foram in\u00fameras as lutas e conquistas da\u00a0 categoria em que ele esteve presente. Descubra&hellip;<\/p>\n","protected":false},"author":1,"featured_media":0,"parent":17061,"menu_order":0,"comment_status":"closed","ping_status":"closed","template":"","meta":{"cybocfi_hide_featured_image":"","footnotes":""},"class_list":["post-17066","page","type-page","status-publish","hentry"],"_links":{"self":[{"href":"https:\/\/satedsp.org.br\/index.php\/wp-json\/wp\/v2\/pages\/17066","targetHints":{"allow":["GET"]}}],"collection":[{"href":"https:\/\/satedsp.org.br\/index.php\/wp-json\/wp\/v2\/pages"}],"about":[{"href":"https:\/\/satedsp.org.br\/index.php\/wp-json\/wp\/v2\/types\/page"}],"author":[{"embeddable":true,"href":"https:\/\/satedsp.org.br\/index.php\/wp-json\/wp\/v2\/users\/1"}],"replies":[{"embeddable":true,"href":"https:\/\/satedsp.org.br\/index.php\/wp-json\/wp\/v2\/comments?post=17066"}],"version-history":[{"count":0,"href":"https:\/\/satedsp.org.br\/index.php\/wp-json\/wp\/v2\/pages\/17066\/revisions"}],"up":[{"embeddable":true,"href":"https:\/\/satedsp.org.br\/index.php\/wp-json\/wp\/v2\/pages\/17061"}],"wp:attachment":[{"href":"https:\/\/satedsp.org.br\/index.php\/wp-json\/wp\/v2\/media?parent=17066"}],"curies":[{"name":"wp","href":"https:\/\/api.w.org\/{rel}","templated":true}]}}