{"id":17068,"date":"2018-06-06T01:26:13","date_gmt":"2018-06-06T04:26:13","guid":{"rendered":"http:\/\/satedsp.tmp.k8.com.br\/?page_id=89"},"modified":"2018-06-06T01:26:13","modified_gmt":"2018-06-06T04:26:13","slug":"lei-6533","status":"publish","type":"page","link":"https:\/\/satedsp.org.br\/index.php\/drt\/lei-6533\/","title":{"rendered":"Lei 6533"},"content":{"rendered":"<div id=\"pl-89\"  class=\"panel-layout\" >\n<div id=\"pg-89-0\"  class=\"panel-grid panel-no-style\"  data-style=\"{&quot;background_image_attachment&quot;:false,&quot;background_display&quot;:&quot;tile&quot;,&quot;cell_alignment&quot;:&quot;flex-start&quot;}\"  data-ratio=\"1\"  data-ratio-direction=\"right\" >\n<div id=\"pgc-89-0-0\"  class=\"panel-grid-cell\"  data-weight=\"0.24972067039106\" >\n<div id=\"panel-89-0-0-0\" class=\"so-panel widget widget_nav_menu panel-first-child panel-last-child\" data-index=\"0\" data-style=\"{&quot;background_image_attachment&quot;:false,&quot;background_display&quot;:&quot;tile&quot;}\" >[siteorigin_widget class=&#8221;WP_Nav_Menu_Widget&#8221;]<input type=\"hidden\" value=\"{&quot;instance&quot;:{&quot;nav_menu&quot;:11,&quot;widget_logic&quot;:&quot;&quot;},&quot;args&quot;:{&quot;before_widget&quot;:&quot;&lt;div id=\\&quot;panel-89-0-0-0\\&quot; class=\\&quot;so-panel widget widget_nav_menu panel-first-child panel-last-child\\&quot; data-index=\\&quot;0\\&quot; data-style=\\&quot;{&amp;quot;background_image_attachment&amp;quot;:false,&amp;quot;background_display&amp;quot;:&amp;quot;tile&amp;quot;}\\&quot; &gt;&quot;,&quot;after_widget&quot;:&quot;&lt;\\\/div&gt;&quot;,&quot;before_title&quot;:&quot;&lt;h3 class=\\&quot;widget-title\\&quot;&gt;&quot;,&quot;after_title&quot;:&quot;&lt;\\\/h3&gt;&quot;,&quot;widget_id&quot;:&quot;widget-0-0-0&quot;}}\" \/>[\/siteorigin_widget]<\/div>\n<\/div>\n<div id=\"pgc-89-0-1\"  class=\"panel-grid-cell\"  data-weight=\"0.75027932960894\" >\n<div id=\"panel-89-0-1-0\" class=\"so-panel widget widget_sow-editor panel-first-child panel-last-child\" data-index=\"1\" data-style=\"{&quot;background_image_attachment&quot;:false,&quot;background_display&quot;:&quot;tile&quot;}\" >\n<div class=\"so-widget-sow-editor so-widget-sow-editor-base\">\n<h3 class=\"widget-title\">Lei 6533<\/h3>\n<div class=\"siteorigin-widget-tinymce textwidget\">\n<div><a href=\"https:\/\/satedsp.org.br\/novo\/wp-content\/uploads\/2018\/06\/LEI-No-6533FORMATADO.pdf\"><img fetchpriority=\"high\" decoding=\"async\" class=\"size-medium wp-image-136 aligncenter\" src=\"http:\/\/satedsp.tmp.k8.com.br\/wp-content\/uploads\/2018\/06\/31913943_1673201729423271_3135326211979345920_n-300x300.jpg\" alt=\"\" width=\"300\" height=\"300\" \/><\/a><\/div>\n<div style=\"text-align: center;\">LEI N\u00ba 6.533 DE 24 DE MAIO DE 1978<\/div>\n<div><\/div>\n<div>Disp\u00f5e sobre a regulamenta\u00e7\u00e3o das profiss\u00f5es de Artista e de T\u00e9cnicos em Espet\u00e1culos de<\/div>\n<div>Divers\u00f5es, e d\u00e1 outras provid\u00eancias.<\/div>\n<div>O Presidente da Rep\u00fablica.<\/div>\n<div>Fa\u00e7o saber que o Congresso Nacional decreta e eu<\/div>\n<div>sanciono a seguinte Lei:<\/div>\n<div><\/div>\n<div>Art. 1\u00ba &#8211; O exerc\u00edcio das profiss\u00f5es de Artista e T\u00e9cnico em Espet\u00e1culos de Divers\u00f5es \u00e9<\/div>\n<div>regulado pela presente Lei.<\/div>\n<div><\/div>\n<div>Art. 2 \u00ba &#8211; Para os efeitos desta Lei, \u00e9 considerado:<\/div>\n<div>I &#8211; Artista, o profissional que cria, interpreta ou executa obra<\/div>\n<div>de car\u00e1ter cultural de qualquer natureza, para efeito de exibi\u00e7\u00e3o ou divulga\u00e7\u00e3o p\u00fablica, atrav\u00e9s de meios de comunica\u00e7\u00e3o de massa ou em locais onde se realizam espet\u00e1culos de divers\u00e3o p\u00fablica;<\/div>\n<div>II &#8211; T\u00e9cnico em Espet\u00e1culos de Divers\u00f5es, o profissional que, mesmo em car\u00e1ter auxiliar,<\/div>\n<div>participa, individualmente ou em grupo, de atividade profissional ligada diretamente \u00e0<\/div>\n<div>elabora\u00e7\u00e3o, registro, apresenta\u00e7\u00e3o ou conserva\u00e7\u00e3o de programas, espet\u00e1culos e produ\u00e7\u00f5es.<\/div>\n<div>Par\u00e1grafo \u00fanico &#8211; As denomina\u00e7\u00f5es e descri\u00e7\u00f5es das fun\u00e7\u00f5es em que desdobram as<\/div>\n<div>atividades de artista e T\u00e9cnico em Espet\u00e1culos de Divers\u00f5es constar\u00e3o do regulamento desta Lei.<\/div>\n<div><\/div>\n<div>Art. 3\u00ba &#8211; Aplicam -se as disposi\u00e7\u00f5es desta Lei \u00e0s pessoas f\u00edsicas ou jur\u00eddicas que tiverem a seu<\/div>\n<div>servi\u00e7o os profissionais definidos no artigo anterior, para realiza\u00e7\u00e3o de espet\u00e1culos, programas, produ\u00e7\u00f5es ou mensagens publicit\u00e1rias.<\/div>\n<div>Par\u00e1grafo \u00fanico &#8211; Aplicam -se, igualmente, as disposi\u00e7\u00f5es desta Lei \u00e0s pessoas f\u00edsicas ou<\/div>\n<div>jur\u00eddicas que agenciem coloca\u00e7\u00e3o de m\u00e3o &#8211; de-obra de profissionais definidos no artigo<\/div>\n<div>anterior.<\/div>\n<div><\/div>\n<div>Art. 4\u00ba &#8211; As pessoas f\u00edsicas ou jur\u00eddicas de que trata o artigo anterior dever\u00e3o ser previamente<\/div>\n<div>inscritas no Minist\u00e9rio do Trabalho.<\/div>\n<div><\/div>\n<div>Art. 5\u00ba &#8211; N\u00e3o se incluem no disposto nesta Lei os T\u00e9cnicos em Espet\u00e1culos de Divers\u00f5es que<\/div>\n<div>prestam servi\u00e7os a empresa de radiodifus\u00e3o.<\/div>\n<div><\/div>\n<div>Art. 6\u00ba &#8211; O exerc\u00edcio das profiss\u00f5es de Artista e de T\u00e9cnico em Espet\u00e1culos de Divers\u00f5es<\/div>\n<div>requer pr\u00e9vio registro na Delegacia Regional do Trabalho do Minist\u00e9rio do Trabalho, o qual<\/div>\n<div>ter\u00e1 validade em todo o territ\u00f3rio nacional.<\/div>\n<div><\/div>\n<div>Art. 7\u00ba &#8211; Para registro do Artista ou T\u00e9cnico em Espet\u00e1culos de Divers\u00f5es, \u00e9 necess\u00e1rio a<\/div>\n<div>apresenta\u00e7\u00e3o de:<\/div>\n<div>I &#8211; diploma de curso superior de Diretor de Teatro, Core\u00f3grafo, Professor de arte Dram\u00e1tica,<\/div>\n<div>ou outros, cursos semelhantes, reconhecidos na forma da Lei; ou<\/div>\n<div>II &#8211; diploma ou certificado correspondentes \u00e0s habilita\u00e7\u00f5es profissionais de 2\u00ba Grau de Ator,<\/div>\n<div>Contra &#8211; Regra, Cenot\u00e9cnico, Sonoplasta, ou outras semelhantes, reconhecidas na forma da<\/div>\n<div>Lei; ou<\/div>\n<div>III &#8211; atestado de capacita\u00e7\u00e3o profissional fornecido pelo Sindicato representativo das categorias profissionais e, subsidiariamente, pela Federa\u00e7\u00e3o respectiva.<\/div>\n<div>Par\u00e1grafo 1\u00ba &#8211; A entidade sindical dever\u00e1 conceder ou negar o atestado mencionado no item<\/div>\n<div>III, no prazo de 3 (tr\u00eas) dias \u00fateis, podendo ser concedido, a inda que provis\u00f3rio, se faltar<\/div>\n<div>manifesta\u00e7\u00e3o de entidade sindical, nesse prazo.<\/div>\n<div>Par\u00e1grafo 2\u00ba &#8211; Da decis\u00e3o da entidade sindical que negar a concess\u00e3o do atestado<\/div>\n<div>mencionado no item III deste artigo, caber\u00e1 recurso para o Minist\u00e9rio do Trabalho, at\u00e9 30<\/div>\n<div>(trinta ) dias, a contar da ci\u00eancia. Arts. 9 de 10 do Decreto n.\u00ba 82.385\/78.<\/div>\n<div><\/div>\n<div>Art. 8\u00ba &#8211; O registro de que trata o artigo poder\u00e1 ser concedido a t\u00edtulo provis\u00f3rio, pelo prazo<\/div>\n<div>m\u00e1ximo de 1 (um) ano, com dispensa do atestado a que se refere o item III do mesmo artigo,<\/div>\n<div>mediante indica\u00e7\u00e3o conjunta dos Sindicatos dos empregadores e de empregados. Artigos 17,<\/div>\n<div>18, 56 e 57 do Decreto n.\u00ba 82.385\/78 e Art. 28 da Lei.<\/div>\n<div><\/div>\n<div>Art. 9\u00ba &#8211; O exerc\u00edcio das profiss\u00f5es de que trata esta Lei exige contrato de trabalho<\/div>\n<div>padronizado, nos termos de instru\u00e7\u00f5es a serem expedidas pelo Minist\u00e9rio do Trabalho.<\/div>\n<div>Par\u00e1grafo 1\u00ba &#8211; O contrato de trabalho ser\u00e1 visado pelo sindicato representativo da categoria<\/div>\n<div>profissional e, subsidiariamente, pela Federa\u00e7\u00e3o respectiva, como condi\u00e7\u00e3o para registro no<\/div>\n<div>Minist\u00e9rio do Trabalho, at\u00e9 a v\u00e9spera da sua vig\u00eancia.<\/div>\n<div>Par\u00e1grafo 2\u00ba &#8211; A entidade sindical dever\u00e1 visar ou n\u00e3o o contrato, no prazo m\u00e1ximo de 2<\/div>\n<div>(dois) dias \u00fateis, findos os quais ele poder\u00e1 ser registrado no Minist\u00e9rio do Trabalho, se<\/div>\n<div>faltar a manifesta\u00e7\u00e3o sindical.<\/div>\n<div>Par\u00e1grafo 3\u00ba &#8211; Da decis\u00e3o da entidade sindical que negar o visto, caber\u00e1 recurso para o<\/div>\n<div>Minist\u00e9rio do trabalho.<\/div>\n<div><\/div>\n<div>Art. 10 &#8211; O contrato de trabalho conter\u00e1 obrigatoriamente:<\/div>\n<div>I &#8211; qualifica\u00e7\u00e3o das partes contratantes;<\/div>\n<div>II &#8211; prazo de vig\u00eancia;<\/div>\n<div>III &#8211; natureza da fun\u00e7\u00e3o profissional com defini\u00e7\u00e3o das obriga\u00e7\u00f5es respectivas;<\/div>\n<div>IV &#8211; t\u00edtulo do programa, espet\u00e1culo ou produ\u00e7\u00e3o, ainda que provis\u00f3rio, com indica\u00e7\u00e3o do<\/div>\n<div>personagem no caso de contrato por tempo determinado;<\/div>\n<div>V &#8211; locais onde atuar\u00e1 o contratado, inclusive os opcionais;<\/div>\n<div>VI &#8211; jornada de trabalho, com especifica\u00e7\u00e3o do hor\u00e1rio e intervalo de repouso;<\/div>\n<div>VII &#8211; remunera\u00e7\u00e3o e sua forma de pagamento;<\/div>\n<div>VIII &#8211; disposi\u00e7\u00e3o sobre eventual inclus\u00e3o do nome do contratado no cr\u00e9dito de apresenta\u00e7\u00e3o,<\/div>\n<div>cartazes, impressos e programas;<\/div>\n<div>IX &#8211; dia e folga semanal;<\/div>\n<div>X &#8211; ajuste sobre viagens e deslocamentos;<\/div>\n<div>XI &#8211; per\u00edodo de realiza\u00e7\u00e3o de trabalhos complementares, inclusive dublagem, quando<\/div>\n<div>posteriores \u00e0 execu\u00e7\u00e3o do trabalho de interpreta\u00e7\u00e3o objeto do contrato;<\/div>\n<div>XII &#8211; n\u00famero da Carteira de Trabalho e Previd\u00eancia Social.<\/div>\n<div>Par\u00e1grafo \u00fanico &#8211; Nos contratos de trabalho por tempo indeterminado dever\u00e1 constar, ainda,<\/div>\n<div>cl\u00e1usula relativa ao pagamento de adicional, devido em caso de deslocamento para presta\u00e7\u00e3o<\/div>\n<div>de servi\u00e7o for da cidade ajustada no contrato de trabalho.<\/div>\n<div><\/div>\n<div>Art. 11 &#8211; A cl\u00e1usula de exclusividade n\u00e3o impedir\u00e1 o Artista ou T\u00e9cnico em Espet\u00e1culos de<\/div>\n<div>Divers\u00f5es de prestar servi\u00e7os a outro empregador em atividade diversa da ajustada no<\/div>\n<div>contrato de trabalho, desde que em outro meio de comunica\u00e7\u00e3o, e sem que se caracterize<\/div>\n<div>preju\u00edzo para o contratante com o qual foi assinada a cl\u00e1usula de exclusividade.<\/div>\n<div><\/div>\n<div>Art. 12 &#8211; O empregador poder\u00e1 utilizar trabalho de profissional, mediante nota contratual,<\/div>\n<div>para substitui\u00e7\u00e3o de artista ou de T\u00e9cnico em Espet\u00e1culos de Divers\u00f5es, ou para presta\u00e7\u00e3o de<\/div>\n<div>servi\u00e7o caracteristicamente eventual, por prazo n\u00e3o superior a 7 (sete) dias consecutivos,<\/div>\n<div>vedada a utiliza\u00e7\u00e3o desse mesmo profissional, nos 60 (sessenta) dias subseq\u00fcentes, por essa<\/div>\n<div>forma, pelo mesmo empregador.<\/div>\n<div>Par\u00e1grafo \u00fanico &#8211; O Minist\u00e9rio do Trabalho expedir\u00e1 instru\u00e7\u00f5es sobre a utiliza\u00e7\u00e3o da nota<\/div>\n<div>contratual e aprovar\u00e1 seu modelo.<\/div>\n<div><\/div>\n<div>Art. 13 &#8211; N\u00e3o ser\u00e1 permitida a cess\u00e3o ou promessa de cess\u00e3o de direitos autorais decorrentes<\/div>\n<div>da presta\u00e7\u00e3o de servi\u00e7os profissionais.<\/div>\n<div>Par\u00e1grafo \u00fanico &#8211; Os direitos e conexos dos profissionais ser\u00e3o devidos em decorr\u00eancia de<\/div>\n<div>cada exibi\u00e7\u00e3o da obras.<\/div>\n<div class=\"canvasWrapper\"><\/div>\n<div>Art. 14 &#8211; Nas mensagens publicit\u00e1rias, feitas para cinema, televis\u00e3o, ou para serem<\/div>\n<div>divulgadas por outros ve\u00edculos, constar\u00e1 do contrato de trabalho, obrigatoriamente:<\/div>\n<div>I &#8211; o nome do produtor, do anunciante e, se houver, da ag\u00eancia de publicidade para quem a<\/div>\n<div>mensagem \u00e9 produzida;<\/div>\n<div>II &#8211; o tempo de explora\u00e7\u00e3o comercial da mensagem;<\/div>\n<div>III &#8211; o produto a ser promovido;<\/div>\n<div>IV &#8211; os ve\u00edculos atrav\u00e9s dos quais a mensagem ser\u00e1 exibida;<\/div>\n<div>V &#8211; as pra\u00e7as onde a mensagem ser\u00e1 veiculada;<\/div>\n<div>VI &#8211; o tempo de dura\u00e7\u00e3o da mensagem e suas caracter\u00edsticas.<\/div>\n<div><\/div>\n<div>Art. 15 &#8211; O contrato de trabalho e a nota contratual ser\u00e3o emitidos com numera\u00e7\u00e3o sucessiva<\/div>\n<div>e em ordem cronol\u00f3gica.<\/div>\n<div>Par\u00e1grafo \u00fanico &#8211; Os documentos de que este artigo ser\u00e1 firmado pelo menos em 2 (duas)<\/div>\n<div>vias pelo contratado, ficando uma delas em seu poder.<\/div>\n<div><\/div>\n<div>Art. 16 &#8211; O profissional n\u00e3o poder\u00e1 recusar &#8211; se \u00e0 autodublagem, quando couber.<\/div>\n<div>Par\u00e1grafo \u00fanico &#8211; Se o empregador ou tomador de servi\u00e7os preferir a dublagem<\/div>\n<div>por terceiros, ela s\u00f3 poder\u00e1 ser feita com autoriza\u00e7\u00e3o, por escrito, do profissional, salvo se for realizada<\/div>\n<div>em l\u00edngua estrangeira.<\/div>\n<div><\/div>\n<div>Art. 17 &#8211; A utiliza\u00e7\u00e3o de profissional contratado por ag\u00eancia de loca\u00e7\u00e3o de m\u00e3o &#8211; de &#8211; obra, obrigar\u00e1 o tomador de servi\u00e7o solidariamente pelo cumprimento das obriga\u00e7\u00f5es legais e contratuais, se caracterizar a tentativa pelo tomador de servi\u00e7o, de utilizar a ag\u00eancia para fugir \u00e0s responsabilidades e obriga\u00e7\u00f5es decorrentes desta Lei ou contrato.<\/div>\n<div><\/div>\n<div>Art. 18 &#8211; O comparecimento do profissional na hora e no lugar da convoca\u00e7\u00e3o implica a percep\u00e7\u00e3o integral do sal\u00e1rio, mesmo que o trabalho n\u00e3o se realize por motivo independente de sua vontade.<\/div>\n<div><\/div>\n<div>Art. 19 &#8211; O profissional contratado por prazo determinado n\u00e3o poder\u00e1 rescindir o contrato de<\/div>\n<div>trabalho sem justa causa, sob a pena de ser obrigado a indenizar o empregador dos preju\u00edzos<\/div>\n<div>que desse fato lhe resultarem.<\/div>\n<div>Par\u00e1grafo \u00fanico &#8211; A indeniza\u00e7\u00e3o de que trata este artigo n\u00e3o poder\u00e1 exceder \u00e0quela a que<\/div>\n<div>teria direito o empregado em id\u00eanticas condi\u00e7\u00f5es.<\/div>\n<div><\/div>\n<div>Art. 20 &#8211; Na rescis\u00e3o sem justa causa, no destrato e na cessa\u00e7\u00e3o do contrato de trabalho, o empregado poder\u00e1 ser assistido pelo Sindicato representativo da categoria e, subsidiariamente, pela Federa\u00e7\u00e3o respectiva, respeitando o disposto no artigo 477 da Consolida\u00e7\u00e3o das Leis do Trabalho.<\/div>\n<div><\/div>\n<div>Art. 21 &#8211; A jornada normal de trabalho dos profissionais de que trata esta Lei, ter\u00e3o nos<\/div>\n<div>setores e atividades respectivos, as seguintes dura\u00e7\u00f5es:<\/div>\n<div>I &#8211; radiodifus\u00e3o, fotografia e grava\u00e7\u00e3o: 6 (seis) horas di\u00e1rias, com limita\u00e7\u00e3o de 30 (trinta)<\/div>\n<div>horas semanais;<\/div>\n<div class=\"canvasWrapper\">II &#8211; cinema, inclusive, publicit\u00e1rio, quando em est\u00fadio: 6 (seis) horas di\u00e1rias;<\/div>\n<div>III &#8211; teatro: a partir da estr\u00e9ia do espet\u00e1culo ter\u00e1 a dura\u00e7\u00e3o das sess\u00f5es, com 8 (oito) sess\u00f5es<\/div>\n<div>semanais;<\/div>\n<div>IV &#8211; circo e variedades: 6 (seis) horas di\u00e1rias, com limita\u00e7\u00e3o de 36 (trinta e seis) horas semanais;<\/div>\n<div>V &#8211; dublagem: 6 (seis) horas di\u00e1rias, com limita\u00e7\u00e3o de 40 (quarenta) horas semanais.<\/div>\n<div>Par\u00e1grafo 1\u00ba &#8211; O trabalho prestado al\u00e9m das limita\u00e7\u00f5es di\u00e1rias ou das sess\u00f5es semanais<\/div>\n<div>previstas neste artigo ser\u00e1 considerado extraordin\u00e1rio, aplicando &#8211; se &#8211; lhe o disposto nos<\/div>\n<div>artigos 59 e 61 da Consolida\u00e7\u00e3o das Leis do Trabalho.<\/div>\n<div>Par\u00e1grafo 2\u00ba &#8211; A jornada normal ser\u00e1 dividida em 2 (dois) turnos, nenhum dos quais poder\u00e1<\/div>\n<div>exceder de 4 (quatro) horas, respeitando o intervalo previsto na Consolida\u00e7\u00e3o das Leis do<\/div>\n<div>Trabalho.<\/div>\n<div>Par\u00e1grafo 3\u00ba &#8211; Nos espet\u00e1culos teatrais e circenses, desde que sua natureza ou tradi\u00e7\u00e3o o<\/div>\n<div>exija, o intervalo poder\u00e1, em benef\u00edcio do rendimento art\u00edstico, ser superior a 2 (duas) horas.<\/div>\n<div>Par\u00e1grafo 4\u00ba &#8211; Ser\u00e1 computado trabalho efetivo o tempo em que o empregado estiver \u00e0 disposi\u00e7\u00e3o do empregador, a contar de sua apresenta\u00e7\u00e3o ao local de trabalho, inclusive o per\u00edodo destinado a ensaios, grava\u00e7\u00f5es, dublagem, fotografias, caracteriza\u00e7\u00e3o, e todo aquele que exija a presen\u00e7a do Artista, assim como o destinado \u00e0 prepara\u00e7\u00e3o do ambiente, em termos de cenografia, ilumina\u00e7\u00e3o e montagem de equipamento.<\/div>\n<div>Par\u00e1grafo 5\u00ba &#8211; Para o Artista, integrante de elenco teatral, a jornada de trabalho poder\u00e1 ser de<\/div>\n<div>8 (oito) horas, durante o per\u00edodo de ensaio, respeitando o intervalo previsto na C.L.T.<\/div>\n<div><\/div>\n<div>Art. 22 &#8211; Na hip\u00f3tese de exerc\u00edcio concomitante de fun\u00e7\u00f5es dentro de uma mesma atividade,<\/div>\n<div>ser\u00e1 assegurado ao profissional um adicional m\u00ednimo de 40% (quarenta por cento), pelas<\/div>\n<div>fun\u00e7\u00f5es acumuladas, tomando &#8211; se por base a fun\u00e7\u00e3o melhor remunerada.<\/div>\n<div>Par\u00e1grafo \u00fanico &#8211; \u00c9 vedada a acumula\u00e7\u00e3o de duas fun\u00e7\u00f5es em decorr\u00eancia do mesmo<\/div>\n<div>contrato de trabalho.<\/div>\n<div><\/div>\n<div>Art. 23 &#8211; Na hip\u00f3tese de trabalho executado fora do local constante do contrato de trabalho,<\/div>\n<div>correr\u00e3o \u00e0 conta do empregador, al\u00e9m do sal\u00e1rio, as despesas de transporte e de alimenta\u00e7\u00e3o<\/div>\n<div>e hospedagem, at\u00e9 o respectivo retorno.<\/div>\n<div><\/div>\n<div>Art. 24 &#8211; \u00c9 livre a cria\u00e7\u00e3o interpretativa do Artista e do T\u00e9cnico em Espet\u00e1culos de<\/div>\n<div>Divers\u00f5es, respeitando o texto da obras.<\/div>\n<div><\/div>\n<div>Art. 25 &#8211; Para contrata\u00e7\u00e3o de estrangeiro domiciliado no exterior, exigir &#8211; se &#8211; \u00e1 pr\u00e9vio<\/div>\n<div>reconhecimento de import\u00e2ncia equivalente a 10 % (dez por cento) do valor total do ajuste \u00e0<\/div>\n<div>Caixa Econ\u00f4mica Federal em nome da entidade sindical da categoria profissional.<\/div>\n<div><\/div>\n<div>Art. 26 &#8211; O fornecimento de guarda &#8211; roupa e demais recursos indispens\u00e1veis ao cumprimento<\/div>\n<div>das tarefas contratuais ser\u00e1 de responsabilidade do empregador.<\/div>\n<div class=\"canvasWrapper\"><\/div>\n<div>Art. 27 &#8211; Nenhum Artista ou T\u00e9cnico em Espet\u00e1culos de Divers\u00f5es ser\u00e1 obrigado a<\/div>\n<div>interpretar ou participar de trabalho pass\u00edvel de p\u00f4r em risco sua integridade f\u00edsica ou moral.<\/div>\n<div><\/div>\n<div>Art. 28 &#8211; A contrata\u00e7\u00e3o de figurante n\u00e3o qualificado profissionalmente, para atua\u00e7\u00e3o<\/div>\n<div>espor\u00e1dica, determinada pela necessidade de caracter\u00edsticas art\u00edsticas da obra, poder\u00e1 ser<\/div>\n<div>feita pela forma da indica\u00e7\u00e3o prevista no artigo 8\u00ba.<\/div>\n<div><\/div>\n<div>Art. 29 &#8211; Os filhos dos profissionais de que trata esta Lei, cuja atividade seja itinerante, ter\u00e3o<\/div>\n<div>assegurado a transfer\u00eancia da matr\u00edcula e conseq\u00fcente vaga nas escolas p\u00fablicas de 1\u00ba e 2\u00ba<\/div>\n<div>Graus, e autorizada nas escolas particulares desses n\u00edveis, mediante apresenta\u00e7\u00e3o de<\/div>\n<div>certificado da escola de origem,<\/div>\n<div><\/div>\n<div>Art. 30 &#8211; Os textos destinados \u00e0 memoriza\u00e7\u00e3o, juntamente com o roteiro de grava\u00e7\u00e3o ou<\/div>\n<div>plano de trabalho, dever\u00e3o ser entregues ao profissional com anteced\u00eancia m\u00ednima de 72 (setenta e duas) horas, em rela\u00e7\u00e3o ao in\u00edcio dos trabalhos.<\/div>\n<div><\/div>\n<div>Art. 31 &#8211; Os profissionais de que trata esta Lei tem penhor legal sobre o equipamento e todo<\/div>\n<div>o material de propriedade do empregador, utilizado na realiza\u00e7\u00e3o de programa, espet\u00e1culo<\/div>\n<div>ou produ\u00e7\u00e3o, pelo valor das obriga\u00e7\u00f5es n\u00e3o cumpridas pelo empregador.<\/div>\n<div><\/div>\n<div>Art. 32 &#8211; \u00c9 assegurado o direito de que trata o item III do artigo 7\u00ba do Artista ou T\u00e9cnico em<\/div>\n<div>Espet\u00e1culos de Divers\u00f5es que, at\u00e9 a data da publica\u00e7\u00e3o desta Lei tenha exercido, comprovadamen<\/div>\n<div>te, a respectiva profiss\u00e3o.<\/div>\n<div><\/div>\n<div>Art. 33 &#8211; As infra\u00e7\u00f5es ao disposto na Lei ser\u00e3o punidas com multa de 2 (duas) a 20 (vinte)<\/div>\n<div>vezes o Maior Valor de Refer\u00eancia previsto no artigo 2\u00ba, par\u00e1grafo \u00fanico, da Lei 6.205, de<\/div>\n<div>29 de abril de 1975, calculada \u00e0 raz\u00e3o de um valor de refer\u00eancia por empregado em situa\u00e7\u00e3o<\/div>\n<div>irregular.<\/div>\n<div>Par\u00e1grafo \u00fanico &#8211; Em caso de reincid\u00eancia, embara\u00e7o ou resist\u00eancia \u00e0 fiscaliza\u00e7\u00e3o, emprego<\/div>\n<div>de artif\u00edcio ou simula\u00e7\u00e3o com o objetivo de fraudar a Lei, \u00e0 multa ser\u00e1 aplicada em seu valor<\/div>\n<div>m\u00e1ximo.<\/div>\n<div><\/div>\n<div>Art. 34 &#8211; O empregador punido na forma do artigo anterior, enquanto n\u00e3o regularizar a<\/div>\n<div>situa\u00e7\u00e3o que deu a causa \u00e0 autua\u00e7\u00e3o, e n\u00e3o recolher a multa aplicada, ap\u00f3s, esgotados os<\/div>\n<div>recursos cab\u00edveis, n\u00e3o poder\u00e1:<\/div>\n<div>I &#8211; receber qualquer benef\u00edcio, incentivo ou subven\u00e7\u00e3o concedidos por \u00f3rg\u00e3o p\u00fablico;<\/div>\n<div>II &#8211; obter libera\u00e7\u00e3o para exibi\u00e7\u00e3o de programa, espet\u00e1culo, ou produ\u00e7\u00e3o, pelo \u00f3rg\u00e3o ou<\/div>\n<div>autoridade competente.<\/div>\n<div class=\"canvasWrapper\"><\/div>\n<div>Art. 35 &#8211; Aplicam &#8211; se aos Artistas e T\u00e9cnicos em Espet\u00e1culos de Divers\u00f5es as normas de<\/div>\n<div>legisla\u00e7\u00e3o do trabalho, exceto naquilo que for regulado de forma diferente nesta Lei.<\/div>\n<div><\/div>\n<div>Art. 36 &#8211; O poder Executivo regulamentar\u00e1 esta Lei no prazo de 60 (sessenta) dias a contar da<\/div>\n<div>data de sua publica\u00e7\u00e3o.<\/div>\n<div><\/div>\n<div>Art. 37 &#8211; Esta Lei entrar\u00e1 em vigor no dia 19 de agosto de 1978, revogadas as disposi\u00e7\u00f5es<\/div>\n<div>em contr\u00e1rio, especialmente o artigo 35, o par\u00e1grafo 2\u00ba do artigo 480, o par\u00e1grafo \u00fanico do<\/div>\n<div>artigo 507 e o artigo 509 da Consolida\u00e7\u00e3o das Leis do Trabalho, aprovada pelo Decreto &#8211; Lei<\/div>\n<div>5.452 de 1\u00ba de maio de 1943, a Lei 101, de 17 de setembro de 1947, e a Lei 301, de 13 de<\/div>\n<div>julho de 1948.<a href=\"https:\/\/satedsp.org.br\/novo\/wp-content\/uploads\/2018\/06\/LEI-No-6533FORMATADO.pdf\">LEI-N\u00ba-6533FORMATADO<\/a><\/div>\n<\/div>\n<\/div>\n<\/div>\n<\/div>\n<\/div>\n<\/div>\n","protected":false},"excerpt":{"rendered":"<p>[siteorigin_widget class=&#8221;WP_Nav_Menu_Widget&#8221;][\/siteorigin_widget] Lei 6533 LEI N\u00ba 6.533 DE 24 DE MAIO DE 1978 Disp\u00f5e sobre a regulamenta\u00e7\u00e3o das profiss\u00f5es de Artista e de T\u00e9cnicos em Espet\u00e1culos de Divers\u00f5es, e d\u00e1 outras provid\u00eancias. O Presidente da Rep\u00fablica. Fa\u00e7o saber que o Congresso Nacional decreta e eu sanciono a seguinte Lei: Art. 1\u00ba &#8211; O exerc\u00edcio das&hellip;<\/p>\n","protected":false},"author":1,"featured_media":0,"parent":17062,"menu_order":0,"comment_status":"closed","ping_status":"closed","template":"","meta":{"cybocfi_hide_featured_image":"","footnotes":""},"class_list":["post-17068","page","type-page","status-publish","hentry"],"_links":{"self":[{"href":"https:\/\/satedsp.org.br\/index.php\/wp-json\/wp\/v2\/pages\/17068","targetHints":{"allow":["GET"]}}],"collection":[{"href":"https:\/\/satedsp.org.br\/index.php\/wp-json\/wp\/v2\/pages"}],"about":[{"href":"https:\/\/satedsp.org.br\/index.php\/wp-json\/wp\/v2\/types\/page"}],"author":[{"embeddable":true,"href":"https:\/\/satedsp.org.br\/index.php\/wp-json\/wp\/v2\/users\/1"}],"replies":[{"embeddable":true,"href":"https:\/\/satedsp.org.br\/index.php\/wp-json\/wp\/v2\/comments?post=17068"}],"version-history":[{"count":0,"href":"https:\/\/satedsp.org.br\/index.php\/wp-json\/wp\/v2\/pages\/17068\/revisions"}],"up":[{"embeddable":true,"href":"https:\/\/satedsp.org.br\/index.php\/wp-json\/wp\/v2\/pages\/17062"}],"wp:attachment":[{"href":"https:\/\/satedsp.org.br\/index.php\/wp-json\/wp\/v2\/media?parent=17068"}],"curies":[{"name":"wp","href":"https:\/\/api.w.org\/{rel}","templated":true}]}}