{"id":17069,"date":"2018-06-06T01:26:35","date_gmt":"2018-06-06T04:26:35","guid":{"rendered":"http:\/\/satedsp.tmp.k8.com.br\/?page_id=91"},"modified":"2018-06-06T01:26:35","modified_gmt":"2018-06-06T04:26:35","slug":"como-funciona","status":"publish","type":"page","link":"https:\/\/satedsp.org.br\/index.php\/drt\/como-funciona\/","title":{"rendered":"Como funciona"},"content":{"rendered":"<div id=\"pl-91\"  class=\"panel-layout\" >\n<div id=\"pg-91-0\"  class=\"panel-grid panel-no-style\"  data-style=\"{&quot;background_image_attachment&quot;:false,&quot;background_display&quot;:&quot;tile&quot;,&quot;cell_alignment&quot;:&quot;flex-start&quot;}\"  data-ratio=\"1\"  data-ratio-direction=\"right\" >\n<div id=\"pgc-91-0-0\"  class=\"panel-grid-cell\"  data-style=\"{&quot;background_image_attachment&quot;:false,&quot;background_display&quot;:&quot;tile&quot;,&quot;vertical_alignment&quot;:&quot;auto&quot;}\"  data-weight=\"0.24972067039106\" >\n<div id=\"panel-91-0-0-0\" class=\"so-panel widget widget_nav_menu panel-first-child panel-last-child\" data-index=\"0\" data-style=\"{&quot;background_image_attachment&quot;:false,&quot;background_display&quot;:&quot;tile&quot;}\" >[siteorigin_widget class=&#8221;WP_Nav_Menu_Widget&#8221;]<input type=\"hidden\" value=\"{&quot;instance&quot;:{&quot;nav_menu&quot;:11,&quot;widget_logic&quot;:&quot;&quot;,&quot;id&quot;:&quot;nav_menu-9110000&quot;,&quot;option_name&quot;:&quot;widget_nav_menu&quot;,&quot;so_sidebar_emulator_id&quot;:&quot;nav_menu-9110000&quot;},&quot;args&quot;:{&quot;before_widget&quot;:&quot;&lt;div id=\\&quot;panel-91-0-0-0\\&quot; class=\\&quot;so-panel widget widget_nav_menu panel-first-child panel-last-child\\&quot; data-index=\\&quot;0\\&quot; data-style=\\&quot;{&amp;quot;background_image_attachment&amp;quot;:false,&amp;quot;background_display&amp;quot;:&amp;quot;tile&amp;quot;}\\&quot; &gt;&quot;,&quot;after_widget&quot;:&quot;&lt;\\\/div&gt;&quot;,&quot;before_title&quot;:&quot;&lt;h3 class=\\&quot;widget-title\\&quot;&gt;&quot;,&quot;after_title&quot;:&quot;&lt;\\\/h3&gt;&quot;,&quot;widget_id&quot;:&quot;widget-0-0-0&quot;}}\" \/>[\/siteorigin_widget]<\/div>\n<\/div>\n<div id=\"pgc-91-0-1\"  class=\"panel-grid-cell\"  data-weight=\"0.75027932960894\" >\n<div id=\"panel-91-0-1-0\" class=\"so-panel widget widget_sow-editor panel-first-child panel-last-child\" data-index=\"1\" data-style=\"{&quot;background_image_attachment&quot;:false,&quot;background_display&quot;:&quot;tile&quot;,&quot;background_image_size&quot;:&quot;full&quot;,&quot;border_thickness&quot;:&quot;1px&quot;}\" >\n<div\n\t\t\t\n\t\t\tclass=\"so-widget-sow-editor so-widget-sow-editor-base\"\n\t\t\t\n\t\t><\/p>\n<h3 class=\"widget-title\">Como funciona<\/h3>\n<div class=\"siteorigin-widget-tinymce textwidget\">\n<div class=\"siteorigin-widget-tinymce textwidget\">\n<p><strong>DRT &#8211; Registro Profissional\u00a0<\/strong><\/p>\n<p>Conforme o Art. 7\u00ba da lei 6533\/78 e Artista ou T\u00e9cnico em Espet\u00e1culos de Divers\u00f5es \u2013 Formados em universidade s devem apresentar o\u00a0 diploma de curso superior de Diretor de Teatro, Core\u00f3grafo, Professor de arte Dram\u00e1tica, ou outros, cursos semelhantes, reconhecidos na forma da Lei; que dever\u00e1 ser apresentado direto na\u00a0Superintend\u00eancia do trabalho<br \/>\nComo obter o DRT ?<br \/>\n* Fazer a leitura da\u00a0<a href=\"https:\/\/satedsp.org.br\/novo\/wp-content\/uploads\/2022\/07\/INSTRUCAO-NORMATIVA-2022-1.pdf-1.pdf\">Instru\u00e7\u00e3o Normativa<\/a>.<br \/>\n* Fazer a inscri\u00e7\u00e3o no site \u2013 link:\u00a0<a href=\"http:\/\/152.249.239.77:5001\/socioweb\/RequerimentoLogin.asp\">Requerimento e o Question\u00e1rio de Perfil Profissional<\/a><br \/>\n* Reunir material impresso de comprova\u00e7\u00e3o de experi\u00eancia (cursos, workshops, palestras, etc.) na fun\u00e7\u00e3o pretendida (em ordem cronol\u00f3gica) e anexar em formato PDF conforme instru\u00e7\u00f5es no fim do preenchimento do requerimento.<\/p>\n<p>OBS: Nos casos de diretores de dublagem fazer tamb\u00e9m a leitura dos\u00a0<a href=\"https:\/\/satedsp.org.br\/novo\/wp-content\/uploads\/2018\/10\/SATEDcriteriosAtestadoCapacitacaoDiretorDublagem.pdf\">Crit\u00e9rios para Atestado de Capacita\u00e7\u00e3o Dire\u00e7\u00e3o de Dublagem<\/a><\/p>\n<p>Pagar o valor inicial de R$165.00 da taxa de exame de capacita\u00e7\u00e3o.<\/p>\n<p><strong>A TAXA DE AVALIA\u00c7\u00c3O N\u00c3O SER\u00c1 DEVOLVIDA.<\/strong> Leia com ATEN\u00c7\u00c3O as instru\u00e7\u00f5es<\/p>\n<p>Pagamento do cart\u00e3o de cr\u00e9dito\/ d\u00e9bito: (<a href=\"https:\/\/pag.ae\/7Y8kBtcKm\">Clique aqui<\/a>)<\/p>\n<p>Pagamento transfer\u00eancia PIX: CNPJ \u2013 62.494. 174\/0001-05<\/p>\n<p>Pagamento transfer\u00eancia com QRcode:<\/p>\n<p style=\"text-align: right;\"><img fetchpriority=\"high\" decoding=\"async\" class=\"wp-image-13228 alignleft\" src=\"https:\/\/satedsp.org.br\/novo\/wp-content\/uploads\/2021\/03\/IMG-20210319-WA0010-298x300.jpg\" alt=\"\" width=\"228\" height=\"230\" srcset=\"https:\/\/satedsp.org.br\/wp-content\/uploads\/2021\/03\/IMG-20210319-WA0010-298x300.jpg 298w, https:\/\/satedsp.org.br\/wp-content\/uploads\/2021\/03\/IMG-20210319-WA0010-150x150.jpg 150w, https:\/\/satedsp.org.br\/wp-content\/uploads\/2021\/03\/IMG-20210319-WA0010-370x372.jpg 370w, https:\/\/satedsp.org.br\/wp-content\/uploads\/2021\/03\/IMG-20210319-WA0010-120x120.jpg 120w, https:\/\/satedsp.org.br\/wp-content\/uploads\/2021\/03\/IMG-20210319-WA0010-642x646.jpg 642w, https:\/\/satedsp.org.br\/wp-content\/uploads\/2021\/03\/IMG-20210319-WA0010-160x160.jpg 160w, https:\/\/satedsp.org.br\/wp-content\/uploads\/2021\/03\/IMG-20210319-WA0010.jpg 750w\" sizes=\"(max-width: 228px) 100vw, 228px\" \/><\/p>\n<p>&nbsp;<\/p>\n<p>&nbsp;<\/p>\n<p>&nbsp;<\/p>\n<p>&nbsp;<\/p>\n<\/div>\n<p>&nbsp;<\/p>\n<p>&nbsp;<\/p>\n<p>&nbsp;<\/p>\n<p>&nbsp;<\/p>\n<p>&nbsp;<\/p>\n<ul>\n<li>A entrevista poder\u00e1 ser feita pelas plataformas digitais\u00a0<strong>Zoom<\/strong>\u00a0ou\u00a0<strong>WhatsApp<\/strong>\u00a0e o candidato dever\u00e1 estar em local com boa conex\u00e3o da internet.<\/li>\n<li>Nos casos de aprova\u00e7\u00e3o o candidato dever\u00e1 aguardar as informa\u00e7\u00f5es do nosso administrativo para os \u00faltimos procedimentos<\/li>\n<li>Pagar\u00a0 o valor do atestado de capacita\u00e7\u00e3o conforme a profiss\u00e3o (\u00a0<a href=\"https:\/\/satedsp.org.br\/novo\/wp-content\/uploads\/2022\/04\/Tabela-financeira-Registro-profissional.pdf\">Tabela financeira \u2013 Registro profissional<\/a>).<\/li>\n<li>Os procedimentos aqui descritos valem para a Capital e todo o Estado de S\u00e3o Paulo<\/li>\n<li>Outras duvidas entre em contato no WhatsApp \u2013 clique no \u00edcone\u00a0<a href=\"http:\/\/api.whatsapp.com\/send?1=pt_BR&amp;phone=5511954211217\"><img decoding=\"async\" class=\"alignnone wp-image-11094\" src=\"https:\/\/www.satedsp.org.br\/wp-content\/uploads\/2020\/07\/whatsapp-logo-icone-293x300.png\" sizes=\"(max-width: 45px) 100vw, 45px\" srcset=\"https:\/\/www.satedsp.org.br\/wp-content\/uploads\/2020\/07\/whatsapp-logo-icone-293x300.png 293w, https:\/\/www.satedsp.org.br\/wp-content\/uploads\/2020\/07\/whatsapp-logo-icone-1000x1024.png 1000w, https:\/\/www.satedsp.org.br\/wp-content\/uploads\/2020\/07\/whatsapp-logo-icone-150x150.png 150w, https:\/\/www.satedsp.org.br\/wp-content\/uploads\/2020\/07\/whatsapp-logo-icone-768x786.png 768w, https:\/\/www.satedsp.org.br\/wp-content\/uploads\/2020\/07\/whatsapp-logo-icone-1501x1536.png 1501w, https:\/\/www.satedsp.org.br\/wp-content\/uploads\/2020\/07\/whatsapp-logo-icone.png 1527w\" alt=\"\" width=\"45\" height=\"46\" \/><\/a><\/li>\n<\/ul>\n<p>&nbsp;<\/p>\n<\/div>\n<\/div>\n<\/div>\n<\/div>\n<\/div>\n<div id=\"pg-91-1\"  class=\"panel-grid panel-no-style\" >\n<div id=\"pgc-91-1-0\"  class=\"panel-grid-cell\"  data-weight=\"1\" >\n<div id=\"panel-91-1-0-0\" class=\"so-panel widget widget_sow-editor panel-first-child panel-last-child\" data-index=\"2\" >\n<div\n\t\t\t\n\t\t\tclass=\"so-widget-sow-editor so-widget-sow-editor-base\"\n\t\t\t\n\t\t><\/p>\n<div class=\"siteorigin-widget-tinymce textwidget\">\n\t&nbsp;&nbsp;&nbsp;&nbsp;<\/div>\n<\/div>\n<\/div>\n<\/div>\n<\/div>\n<\/div>\n","protected":false},"excerpt":{"rendered":"<p>[siteorigin_widget class=&#8221;WP_Nav_Menu_Widget&#8221;][\/siteorigin_widget] Como funciona DRT &#8211; Registro Profissional\u00a0 Conforme o Art. 7\u00ba da lei 6533\/78 e Artista ou T\u00e9cnico em Espet\u00e1culos de Divers\u00f5es \u2013 Formados em universidade s devem apresentar o\u00a0 diploma de curso superior de Diretor de Teatro, Core\u00f3grafo, Professor de arte Dram\u00e1tica, ou outros, cursos semelhantes, reconhecidos na forma da Lei; que dever\u00e1&hellip;<\/p>\n","protected":false},"author":1,"featured_media":0,"parent":17062,"menu_order":0,"comment_status":"closed","ping_status":"closed","template":"","meta":{"cybocfi_hide_featured_image":"","footnotes":""},"class_list":["post-17069","page","type-page","status-publish","hentry"],"_links":{"self":[{"href":"https:\/\/satedsp.org.br\/index.php\/wp-json\/wp\/v2\/pages\/17069","targetHints":{"allow":["GET"]}}],"collection":[{"href":"https:\/\/satedsp.org.br\/index.php\/wp-json\/wp\/v2\/pages"}],"about":[{"href":"https:\/\/satedsp.org.br\/index.php\/wp-json\/wp\/v2\/types\/page"}],"author":[{"embeddable":true,"href":"https:\/\/satedsp.org.br\/index.php\/wp-json\/wp\/v2\/users\/1"}],"replies":[{"embeddable":true,"href":"https:\/\/satedsp.org.br\/index.php\/wp-json\/wp\/v2\/comments?post=17069"}],"version-history":[{"count":0,"href":"https:\/\/satedsp.org.br\/index.php\/wp-json\/wp\/v2\/pages\/17069\/revisions"}],"up":[{"embeddable":true,"href":"https:\/\/satedsp.org.br\/index.php\/wp-json\/wp\/v2\/pages\/17062"}],"wp:attachment":[{"href":"https:\/\/satedsp.org.br\/index.php\/wp-json\/wp\/v2\/media?parent=17069"}],"curies":[{"name":"wp","href":"https:\/\/api.w.org\/{rel}","templated":true}]}}