{"id":17070,"date":"2018-06-06T01:27:33","date_gmt":"2018-06-06T04:27:33","guid":{"rendered":"http:\/\/satedsp.tmp.k8.com.br\/?page_id=97"},"modified":"2018-06-06T01:27:33","modified_gmt":"2018-06-06T04:27:33","slug":"filie-se","status":"publish","type":"page","link":"https:\/\/satedsp.org.br\/index.php\/seja-socio-2\/filie-se\/","title":{"rendered":"Filie-se"},"content":{"rendered":"<div id=\"pl-97\"  class=\"panel-layout\" >\n<div id=\"pg-97-0\"  class=\"panel-grid panel-no-style\"  data-style=\"{&quot;background_image_attachment&quot;:false,&quot;background_display&quot;:&quot;tile&quot;,&quot;cell_alignment&quot;:&quot;flex-start&quot;}\"  data-ratio=\"1\"  data-ratio-direction=\"right\" >\n<div id=\"pgc-97-0-0\"  class=\"panel-grid-cell\"  data-weight=\"0.3\" >\n<div id=\"panel-97-0-0-0\" class=\"so-panel widget widget_nav_menu panel-first-child panel-last-child\" data-index=\"0\" data-style=\"{&quot;background_image_attachment&quot;:false,&quot;background_display&quot;:&quot;tile&quot;}\" >[siteorigin_widget class=&#8221;WP_Nav_Menu_Widget&#8221;]<input type=\"hidden\" value=\"{&quot;instance&quot;:{&quot;nav_menu&quot;:12,&quot;so_sidebar_emulator_id&quot;:&quot;nav_menu-9710000&quot;,&quot;option_name&quot;:&quot;widget_nav_menu&quot;},&quot;args&quot;:{&quot;before_widget&quot;:&quot;&lt;div id=\\&quot;panel-97-0-0-0\\&quot; class=\\&quot;so-panel widget widget_nav_menu panel-first-child panel-last-child\\&quot; data-index=\\&quot;0\\&quot; data-style=\\&quot;{&amp;quot;background_image_attachment&amp;quot;:false,&amp;quot;background_display&amp;quot;:&amp;quot;tile&amp;quot;}\\&quot; &gt;&quot;,&quot;after_widget&quot;:&quot;&lt;\\\/div&gt;&quot;,&quot;before_title&quot;:&quot;&lt;h3 class=\\&quot;widget-title\\&quot;&gt;&quot;,&quot;after_title&quot;:&quot;&lt;\\\/h3&gt;&quot;,&quot;widget_id&quot;:&quot;widget-0-0-0&quot;}}\" \/>[\/siteorigin_widget]<\/div>\n<\/div>\n<div id=\"pgc-97-0-1\"  class=\"panel-grid-cell\"  data-weight=\"0.7\" >\n<div id=\"panel-97-0-1-0\" class=\"so-panel widget widget_sow-editor panel-first-child panel-last-child\" data-index=\"1\" data-style=\"{&quot;background_image_attachment&quot;:false,&quot;background_display&quot;:&quot;tile&quot;,&quot;background_image_size&quot;:&quot;full&quot;,&quot;border_thickness&quot;:&quot;1px&quot;}\" >\n<div\n\t\t\t\n\t\t\tclass=\"so-widget-sow-editor so-widget-sow-editor-base\"\n\t\t\t\n\t\t><\/p>\n<h3 class=\"widget-title\">Filie-se<\/h3>\n<div class=\"siteorigin-widget-tinymce textwidget\">\n<p style=\"text-align: right;\"><strong>Tipos de associa\u00e7\u00f5es:\u00a0<\/strong><\/p>\n<p><strong>S\u00d3CIO EFETIVO \u2013 ANISTIAD@S \u2013 TERCEIRA IDADE<\/strong><\/p>\n<p><strong>***<\/strong>Digitalize os seguintes documentos:<\/p>\n<p>-C\u00f3pia da Carteira de Trabalho (p\u00e1gina foto e verso)<br \/>\n-Registro Profissional<br \/>\n-RG e CPF<br \/>\n-T\u00edtulo de eleitor<br \/>\n-Comprovante de resid\u00eancia com CEP<br \/>\n&#8211; 1 foto 3X4<br \/>\n&#8211; Pagamento da anuidade (R$170.00)<\/p>\n<p>Obs.: Anistiados dever\u00e3o pagar o valor total da anuidade de R$170,00<\/p>\n<p><b>Entre aqui para se associar: <\/b>\u00a0<a href=\"http:\/\/152.249.239.77:5001\/socioweb\/login.asp\" target=\"_blank\" rel=\"noopener\"><strong>Sindicaliza\u00e7\u00e3o 2023<\/strong><\/a><strong> .<\/strong><\/p>\n<p style=\"text-align: right;\"><b>Efetue o pagamento<\/b>\u00a0<a href=\"https:\/\/www.satedsp.org.br\/seja-socio\/filie-se\/pagamento-socio-efetivo\/\" target=\"_blank\" rel=\"noopener\">aqui <\/a><\/p>\n<p>Outras d\u00favidas entre em contato pelo whatsapp\u00a0 +551195421-1217 <a href=\"https:\/\/api.whatsapp.com\/send?1=pt_BR&amp;phone=551195421-1217\"><img decoding=\"async\" class=\"alignnone wp-image-11094\" src=\"https:\/\/www.satedsp.org.br\/wp-content\/uploads\/2020\/07\/whatsapp-logo-icone-293x300.png\" alt=\"\" width=\"45\" height=\"46\" srcset=\"https:\/\/satedsp.org.br\/wp-content\/uploads\/2020\/07\/whatsapp-logo-icone-293x300.png 293w, https:\/\/satedsp.org.br\/wp-content\/uploads\/2020\/07\/whatsapp-logo-icone-1000x1024.png 1000w, https:\/\/satedsp.org.br\/wp-content\/uploads\/2020\/07\/whatsapp-logo-icone-150x150.png 150w, https:\/\/satedsp.org.br\/wp-content\/uploads\/2020\/07\/whatsapp-logo-icone-768x786.png 768w, https:\/\/satedsp.org.br\/wp-content\/uploads\/2020\/07\/whatsapp-logo-icone-1501x1536.png 1501w, https:\/\/satedsp.org.br\/wp-content\/uploads\/2020\/07\/whatsapp-logo-icone-370x370.png 370w, https:\/\/satedsp.org.br\/wp-content\/uploads\/2020\/07\/whatsapp-logo-icone-410x430.png 410w, https:\/\/satedsp.org.br\/wp-content\/uploads\/2020\/07\/whatsapp-logo-icone-300x300.png 300w, https:\/\/satedsp.org.br\/wp-content\/uploads\/2020\/07\/whatsapp-logo-icone-120x120.png 120w, https:\/\/satedsp.org.br\/wp-content\/uploads\/2020\/07\/whatsapp-logo-icone-1290x1320.png 1290w, https:\/\/satedsp.org.br\/wp-content\/uploads\/2020\/07\/whatsapp-logo-icone-1080x1105.png 1080w, https:\/\/satedsp.org.br\/wp-content\/uploads\/2020\/07\/whatsapp-logo-icone-865x885.png 865w, https:\/\/satedsp.org.br\/wp-content\/uploads\/2020\/07\/whatsapp-logo-icone-642x657.png 642w, https:\/\/satedsp.org.br\/wp-content\/uploads\/2020\/07\/whatsapp-logo-icone-160x160.png 160w, https:\/\/satedsp.org.br\/wp-content\/uploads\/2020\/07\/whatsapp-logo-icone.png 1527w\" sizes=\"(max-width: 45px) 100vw, 45px\" \/><\/a><\/p>\n<p>E-mail: sindicalizacao@satedsp.org.br<\/p>\n<p>Atendimento de segunda a sexta das 9h as 17h<\/p>\n<div id=\"page-wrapper\">\n<footer id=\"colophon\" class=\"site-footer\" role=\"contentinfo\">\n<div id=\"footer-widgets\" class=\"full-container\">\n<aside id=\"custom_html-2\" class=\"widget_text widget widget_custom_html\">\n<div class=\"textwidget custom-html-widget\">\n<p style=\"text-align: right;\">\n<\/div>\n<\/aside>\n<aside id=\"custom_html-2\" class=\"widget_text widget widget_custom_html\"><\/aside>\n<\/div>\n<\/footer>\n<\/div>\n<p>&nbsp;<\/p>\n<\/div>\n<\/div>\n<\/div>\n<\/div>\n<\/div>\n<\/div>\n","protected":false},"excerpt":{"rendered":"<p>[siteorigin_widget class=&#8221;WP_Nav_Menu_Widget&#8221;][\/siteorigin_widget] Filie-se Tipos de associa\u00e7\u00f5es:\u00a0 S\u00d3CIO EFETIVO \u2013 ANISTIAD@S \u2013 TERCEIRA IDADE ***Digitalize os seguintes documentos: -C\u00f3pia da Carteira de Trabalho (p\u00e1gina foto e verso) -Registro Profissional -RG e CPF -T\u00edtulo de eleitor -Comprovante de resid\u00eancia com CEP &#8211; 1 foto 3X4 &#8211; Pagamento da anuidade (R$170.00) Obs.: Anistiados dever\u00e3o pagar o valor total&hellip;<\/p>\n","protected":false},"author":1,"featured_media":0,"parent":17063,"menu_order":0,"comment_status":"closed","ping_status":"closed","template":"","meta":{"cybocfi_hide_featured_image":"","footnotes":""},"class_list":["post-17070","page","type-page","status-publish","hentry"],"_links":{"self":[{"href":"https:\/\/satedsp.org.br\/index.php\/wp-json\/wp\/v2\/pages\/17070","targetHints":{"allow":["GET"]}}],"collection":[{"href":"https:\/\/satedsp.org.br\/index.php\/wp-json\/wp\/v2\/pages"}],"about":[{"href":"https:\/\/satedsp.org.br\/index.php\/wp-json\/wp\/v2\/types\/page"}],"author":[{"embeddable":true,"href":"https:\/\/satedsp.org.br\/index.php\/wp-json\/wp\/v2\/users\/1"}],"replies":[{"embeddable":true,"href":"https:\/\/satedsp.org.br\/index.php\/wp-json\/wp\/v2\/comments?post=17070"}],"version-history":[{"count":0,"href":"https:\/\/satedsp.org.br\/index.php\/wp-json\/wp\/v2\/pages\/17070\/revisions"}],"up":[{"embeddable":true,"href":"https:\/\/satedsp.org.br\/index.php\/wp-json\/wp\/v2\/pages\/17063"}],"wp:attachment":[{"href":"https:\/\/satedsp.org.br\/index.php\/wp-json\/wp\/v2\/media?parent=17070"}],"curies":[{"name":"wp","href":"https:\/\/api.w.org\/{rel}","templated":true}]}}