{"id":17071,"date":"2018-06-06T01:28:52","date_gmt":"2018-06-06T04:28:52","guid":{"rendered":"http:\/\/satedsp.tmp.k8.com.br\/?page_id=101"},"modified":"2018-06-06T01:28:52","modified_gmt":"2018-06-06T04:28:52","slug":"reclame-sated","status":"publish","type":"page","link":"https:\/\/satedsp.org.br\/index.php\/atendimento-2\/reclame-sated\/","title":{"rendered":"Reclame Sated"},"content":{"rendered":"<div id=\"pl-101\"  class=\"panel-layout\" >\n<div id=\"pg-101-0\"  class=\"panel-grid panel-no-style\"  data-style=\"{&quot;background_image_attachment&quot;:false,&quot;background_display&quot;:&quot;tile&quot;,&quot;cell_alignment&quot;:&quot;flex-start&quot;}\"  data-ratio=\"1\"  data-ratio-direction=\"right\" >\n<div id=\"pgc-101-0-0\"  class=\"panel-grid-cell\"  data-weight=\"0.3\" >\n<div id=\"panel-101-0-0-0\" class=\"so-panel widget widget_nav_menu panel-first-child panel-last-child\" data-index=\"0\" data-style=\"{&quot;background_image_attachment&quot;:false,&quot;background_display&quot;:&quot;tile&quot;}\" >[siteorigin_widget class=&#8221;WP_Nav_Menu_Widget&#8221;]<input type=\"hidden\" value=\"{&quot;instance&quot;:{&quot;nav_menu&quot;:13,&quot;widget_logic&quot;:&quot;&quot;,&quot;so_sidebar_emulator_id&quot;:&quot;nav_menu-10110000&quot;,&quot;option_name&quot;:&quot;widget_nav_menu&quot;},&quot;args&quot;:{&quot;before_widget&quot;:&quot;&lt;div id=\\&quot;panel-101-0-0-0\\&quot; class=\\&quot;so-panel widget widget_nav_menu panel-first-child panel-last-child\\&quot; data-index=\\&quot;0\\&quot; data-style=\\&quot;{&amp;quot;background_image_attachment&amp;quot;:false,&amp;quot;background_display&amp;quot;:&amp;quot;tile&amp;quot;}\\&quot; &gt;&quot;,&quot;after_widget&quot;:&quot;&lt;\\\/div&gt;&quot;,&quot;before_title&quot;:&quot;&lt;h3 class=\\&quot;widget-title\\&quot;&gt;&quot;,&quot;after_title&quot;:&quot;&lt;\\\/h3&gt;&quot;,&quot;widget_id&quot;:&quot;widget-0-0-0&quot;}}\" \/>[\/siteorigin_widget]<\/div>\n<\/div>\n<div id=\"pgc-101-0-1\"  class=\"panel-grid-cell\"  data-weight=\"0.7\" >\n<div id=\"panel-101-0-1-0\" class=\"so-panel widget widget_sow-editor panel-first-child panel-last-child\" data-index=\"1\" data-style=\"{&quot;class&quot;:&quot;form-reclame&quot;,&quot;background_image_attachment&quot;:false,&quot;background_display&quot;:&quot;tile&quot;}\" >\n<div class=\"form-reclame panel-widget-style panel-widget-style-for-101-0-1-0\" >\n<div class=\"so-widget-sow-editor so-widget-sow-editor-base\">\n<div class=\"siteorigin-widget-tinymce textwidget\">\n<p><img fetchpriority=\"high\" decoding=\"async\" class=\"size-medium wp-image-130 alignleft\" src=\"http:\/\/satedsp.tmp.k8.com.br\/wp-content\/uploads\/2018\/06\/30825686_1662684190475025_1729235045_o-300x169.jpg\" alt=\"\" width=\"300\" height=\"169\" \/><\/p>\n<p>A den\u00fancia de ocorr\u00eancias que atingem os direitos da categoria ou ferem os princ\u00edpios de \u00e9tica profissional ajuda o SATED SP a trabalhar por melhores condi\u00e7\u00f5es de trabalho para todos. Entre em contato pelo email <strong>reclamesatedsp@satedsp.org.br<\/strong>, detalhe as ocorr\u00eancias com anonimato e seguran\u00e7a garantidos.<\/p>\n<p>&nbsp;<\/p>\n<p>&nbsp;<\/p>\n<p>&nbsp;<\/p>\n<\/div>\n<\/div>\n<\/div>\n<\/div>\n<\/div>\n<\/div>\n<\/div>\n","protected":false},"excerpt":{"rendered":"<p>[siteorigin_widget class=&#8221;WP_Nav_Menu_Widget&#8221;][\/siteorigin_widget] A den\u00fancia de ocorr\u00eancias que atingem os direitos da categoria ou ferem os princ\u00edpios de \u00e9tica profissional ajuda o SATED SP a trabalhar por melhores condi\u00e7\u00f5es de trabalho para todos. Entre em contato pelo email reclamesatedsp@satedsp.org.br, detalhe as ocorr\u00eancias com anonimato e seguran\u00e7a garantidos. &nbsp; &nbsp; &nbsp;<\/p>\n","protected":false},"author":1,"featured_media":0,"parent":17064,"menu_order":0,"comment_status":"closed","ping_status":"closed","template":"","meta":{"cybocfi_hide_featured_image":"","footnotes":""},"class_list":["post-17071","page","type-page","status-publish","hentry"],"_links":{"self":[{"href":"https:\/\/satedsp.org.br\/index.php\/wp-json\/wp\/v2\/pages\/17071","targetHints":{"allow":["GET"]}}],"collection":[{"href":"https:\/\/satedsp.org.br\/index.php\/wp-json\/wp\/v2\/pages"}],"about":[{"href":"https:\/\/satedsp.org.br\/index.php\/wp-json\/wp\/v2\/types\/page"}],"author":[{"embeddable":true,"href":"https:\/\/satedsp.org.br\/index.php\/wp-json\/wp\/v2\/users\/1"}],"replies":[{"embeddable":true,"href":"https:\/\/satedsp.org.br\/index.php\/wp-json\/wp\/v2\/comments?post=17071"}],"version-history":[{"count":0,"href":"https:\/\/satedsp.org.br\/index.php\/wp-json\/wp\/v2\/pages\/17071\/revisions"}],"up":[{"embeddable":true,"href":"https:\/\/satedsp.org.br\/index.php\/wp-json\/wp\/v2\/pages\/17064"}],"wp:attachment":[{"href":"https:\/\/satedsp.org.br\/index.php\/wp-json\/wp\/v2\/media?parent=17071"}],"curies":[{"name":"wp","href":"https:\/\/api.w.org\/{rel}","templated":true}]}}