{"id":17074,"date":"2018-06-09T15:21:18","date_gmt":"2018-06-09T18:21:18","guid":{"rendered":"http:\/\/satedsp.tmp.k8.com.br\/?page_id=139"},"modified":"2018-06-09T15:21:18","modified_gmt":"2018-06-09T18:21:18","slug":"registro-de-contratos","status":"publish","type":"page","link":"https:\/\/satedsp.org.br\/index.php\/atendimento-2\/pessoa-juridica\/registro-de-contratos\/","title":{"rendered":"Registro de Contratos"},"content":{"rendered":"<div id=\"pl-139\"  class=\"panel-layout\" >\n<div id=\"pg-139-0\"  class=\"panel-grid panel-no-style\"  data-style=\"{&quot;background_image_attachment&quot;:false,&quot;background_display&quot;:&quot;tile&quot;,&quot;cell_alignment&quot;:&quot;flex-start&quot;}\"  data-ratio=\"1\"  data-ratio-direction=\"right\" >\n<div id=\"pgc-139-0-0\"  class=\"panel-grid-cell\"  data-weight=\"0.3\" >\n<div id=\"panel-139-0-0-0\" class=\"so-panel widget widget_nav_menu panel-first-child panel-last-child\" data-index=\"0\" data-style=\"{&quot;background_image_attachment&quot;:false,&quot;background_display&quot;:&quot;tile&quot;}\" >[siteorigin_widget class=&#8221;WP_Nav_Menu_Widget&#8221;]<input type=\"hidden\" value=\"{&quot;instance&quot;:{&quot;nav_menu&quot;:13,&quot;widget_logic&quot;:&quot;&quot;,&quot;so_sidebar_emulator_id&quot;:&quot;nav_menu-13910000&quot;,&quot;option_name&quot;:&quot;widget_nav_menu&quot;},&quot;args&quot;:{&quot;before_widget&quot;:&quot;&lt;div id=\\&quot;panel-139-0-0-0\\&quot; class=\\&quot;so-panel widget widget_nav_menu panel-first-child panel-last-child\\&quot; data-index=\\&quot;0\\&quot; data-style=\\&quot;{&amp;quot;background_image_attachment&amp;quot;:false,&amp;quot;background_display&amp;quot;:&amp;quot;tile&amp;quot;}\\&quot; &gt;&quot;,&quot;after_widget&quot;:&quot;&lt;\\\/div&gt;&quot;,&quot;before_title&quot;:&quot;&lt;h3 class=\\&quot;widget-title\\&quot;&gt;&quot;,&quot;after_title&quot;:&quot;&lt;\\\/h3&gt;&quot;,&quot;widget_id&quot;:&quot;widget-0-0-0&quot;}}\" \/>[\/siteorigin_widget]<\/div>\n<\/div>\n<div id=\"pgc-139-0-1\"  class=\"panel-grid-cell\"  data-weight=\"0.7\" >\n<div id=\"panel-139-0-1-0\" class=\"so-panel widget widget_sow-editor panel-first-child panel-last-child\" data-index=\"1\" data-style=\"{&quot;background_image_attachment&quot;:false,&quot;background_display&quot;:&quot;tile&quot;,&quot;background_image_size&quot;:&quot;full&quot;,&quot;border_thickness&quot;:&quot;1px&quot;}\" >\n<div\n\t\t\t\n\t\t\tclass=\"so-widget-sow-editor so-widget-sow-editor-base\"\n\t\t\t\n\t\t><\/p>\n<h3 class=\"widget-title\">Registro de Contratos<\/h3>\n<div class=\"siteorigin-widget-tinymce textwidget\">\n<h2>Tr\u00e2mite para a libera\u00e7\u00e3o de espet\u00e1culos teatrais, shows, filmes, comerciais, v\u00eddeo, performance, evento e circo\u00a0 &#8211;\u00a0 SATED\/SP<\/h2>\n<p>O procedimento \u00e9 feito totalmente no formato online por meio do encaminhamento dos contratos pelo e-mail: <a href=\"mailto:contrato@satedsp.org.br\">contrato@satedsp.org.br<\/a><\/p>\n<p>Ao encaminhar o e-mail solicitando o visto de contrato anexe:<\/p>\n<p>1-\u00a0 Os contratos<\/p>\n<p>2 &#8211; RG dos contratados<\/p>\n<p>3 &#8211; Registro profissional dos contratados ( Quando houver)<\/p>\n<p>4 &#8211; Nos casos de artistas menores de idade encaminhar RG ou certid\u00e3o de nascimento acompanhado da autoriza\u00e7\u00e3o do\u00a0 Juiz da vara de inf\u00e2ncia e juventude<\/p>\n<p>&nbsp;<\/p>\n<p><strong>1) Contratos por Tempo Determinado, Indeterminando ou Notas Contratuais<\/strong><\/p>\n<p>Encaminhar ao SATED SP :<\/p>\n<ul>\n<li>Via do contrato;<\/li>\n<li>Ficha T\u00e9cnica Preenchida;<\/li>\n<li>Taxa de R$ 25,00 (vinte reais) para Registro de Contratos;<\/li>\n<li>Registro profissional dos contratados (C\u00f3pia simples da CTPS das p\u00e1ginas: Foto, qualifica\u00e7\u00e3o e do n\u00ba do registro profissional de profissionais maiores de 16 anos *<\/li>\n<\/ul>\n<p>*Todos os profissionais: Diretores, Artistas e T\u00e9cnicos devem ter o Registro Profissional (D.R.T.), caso n\u00e3o tenham dever\u00e3o ser encaminhados ao SATED\/SP para obten\u00e7\u00e3o do Registro ou Autoriza\u00e7\u00e3o de Trabalho.<\/p>\n<p>&nbsp;<\/p>\n<p><strong>2)\u00a0Libera\u00e7\u00e3o para Espet\u00e1culo e Show Estrangeiro<\/strong><\/p>\n<p>Encaminhar ao SATED SP<\/p>\n<ul>\n<li>vias dos\u00a0 contratos;<\/li>\n<li>A empresa contratante dever\u00e1 apresentar o contrato original e efetuar o recolhimento da import\u00e2ncia equivalente a 10% (dez por cento) do valor total ajustado, para o SATED\/SP, conforme artigo 25 da Lei n\u00ba 6533 de 24 de maio de 1978.<\/li>\n<li>Taxa de R$ 25,00 (vinte reais) para Registro de Contratos;<\/li>\n<\/ul>\n<p><strong>3) Contrato de <\/strong><strong>Publicidade<br \/>\n<\/strong><\/p>\n<ul>\n<li>01\u00a0 C\u00f3pia do DRT* do contratado (Artistas maiores de 16 anos**)<\/li>\n<li>C\u00f3pias do contrato<\/li>\n<li>Pagamento de taxa de registro do contrato (Clique aqui: Dep\u00f3sito banc\u00e1rio, Cart\u00e3o d\u00e9bito)<\/li>\n<li>Taxa de R$ 25,00 (vinte reais) para Registro de Contrato;<\/li>\n<\/ul>\n<p>* Na aus\u00eancia de DRT o setor de contrato informar\u00e1 a necessidade de Autoriza\u00e7\u00e3o de Trabalho que ter\u00e1 validade para o trabalho em espec\u00edfico;<\/p>\n<p>** Para artistas menores de 16 anos enviar c\u00f3pia da\u00a0 Carteirinha SATED-SP de Artista Mirim \u00a0ou c\u00f3pia simples do alvar\u00e1 expedido pelo juizado de menores.<\/p>\n<p><strong>Valores: <\/strong>Autoriza\u00e7\u00e3o de Trabalho: R$ 260,00<\/p>\n<p><strong>Registro de contrato: <\/strong>R$ 25,00 cada<\/p>\n<p>&nbsp;<\/p>\n<\/div>\n<\/div>\n<\/div>\n<\/div>\n<\/div>\n<\/div>\n","protected":false},"excerpt":{"rendered":"<p>[siteorigin_widget class=&#8221;WP_Nav_Menu_Widget&#8221;][\/siteorigin_widget] Registro de Contratos Tr\u00e2mite para a libera\u00e7\u00e3o de espet\u00e1culos teatrais, shows, filmes, comerciais, v\u00eddeo, performance, evento e circo\u00a0 &#8211;\u00a0 SATED\/SP O procedimento \u00e9 feito totalmente no formato online por meio do encaminhamento dos contratos pelo e-mail: contrato@satedsp.org.br Ao encaminhar o e-mail solicitando o visto de contrato anexe: 1-\u00a0 Os contratos 2 &#8211; RG&hellip;<\/p>\n","protected":false},"author":1,"featured_media":0,"parent":17073,"menu_order":0,"comment_status":"closed","ping_status":"closed","template":"","meta":{"cybocfi_hide_featured_image":"","footnotes":""},"class_list":["post-17074","page","type-page","status-publish","hentry"],"_links":{"self":[{"href":"https:\/\/satedsp.org.br\/index.php\/wp-json\/wp\/v2\/pages\/17074","targetHints":{"allow":["GET"]}}],"collection":[{"href":"https:\/\/satedsp.org.br\/index.php\/wp-json\/wp\/v2\/pages"}],"about":[{"href":"https:\/\/satedsp.org.br\/index.php\/wp-json\/wp\/v2\/types\/page"}],"author":[{"embeddable":true,"href":"https:\/\/satedsp.org.br\/index.php\/wp-json\/wp\/v2\/users\/1"}],"replies":[{"embeddable":true,"href":"https:\/\/satedsp.org.br\/index.php\/wp-json\/wp\/v2\/comments?post=17074"}],"version-history":[{"count":0,"href":"https:\/\/satedsp.org.br\/index.php\/wp-json\/wp\/v2\/pages\/17074\/revisions"}],"up":[{"embeddable":true,"href":"https:\/\/satedsp.org.br\/index.php\/wp-json\/wp\/v2\/pages\/17073"}],"wp:attachment":[{"href":"https:\/\/satedsp.org.br\/index.php\/wp-json\/wp\/v2\/media?parent=17074"}],"curies":[{"name":"wp","href":"https:\/\/api.w.org\/{rel}","templated":true}]}}