{"id":17084,"date":"2018-06-20T10:39:36","date_gmt":"2018-06-20T13:39:36","guid":{"rendered":"http:\/\/satedsp.tmp.k8.com.br\/?page_id=302"},"modified":"2018-06-20T10:39:36","modified_gmt":"2018-06-20T13:39:36","slug":"saude","status":"publish","type":"page","link":"https:\/\/satedsp.org.br\/index.php\/seja-socio-2\/beneficios\/saude\/","title":{"rendered":"Sa\u00fade"},"content":{"rendered":"<div id=\"pl-302\"  class=\"panel-layout\" >\n<div id=\"pg-302-0\"  class=\"panel-grid panel-no-style\"  data-style=\"{&quot;background_image_attachment&quot;:false,&quot;background_display&quot;:&quot;tile&quot;,&quot;cell_alignment&quot;:&quot;flex-start&quot;}\" >\n<div id=\"pgc-302-0-0\"  class=\"panel-grid-cell\"  data-weight=\"0.3\" >\n<div id=\"panel-302-0-0-0\" class=\"so-panel widget widget_nav_menu panel-first-child panel-last-child\" data-index=\"0\" data-style=\"{&quot;background_image_attachment&quot;:false,&quot;background_display&quot;:&quot;tile&quot;}\" >[siteorigin_widget class=&#8221;WP_Nav_Menu_Widget&#8221;]<input type=\"hidden\" value=\"{&quot;instance&quot;:{&quot;nav_menu&quot;:12,&quot;widget_logic&quot;:&quot;&quot;,&quot;so_sidebar_emulator_id&quot;:&quot;nav_menu-30210000&quot;,&quot;option_name&quot;:&quot;widget_nav_menu&quot;},&quot;args&quot;:{&quot;before_widget&quot;:&quot;&lt;div id=\\&quot;panel-302-0-0-0\\&quot; class=\\&quot;so-panel widget widget_nav_menu panel-first-child panel-last-child\\&quot; data-index=\\&quot;0\\&quot; data-style=\\&quot;{&quot;background_image_attachment&quot;:false,&quot;background_display&quot;:&quot;tile&quot;}\\&quot; &gt;&quot;,&quot;after_widget&quot;:&quot;&lt;\\\/div&gt;&quot;,&quot;before_title&quot;:&quot;&lt;h3 class=\\&quot;widget-title\\&quot;&gt;&quot;,&quot;after_title&quot;:&quot;&lt;\\\/h3&gt;&quot;,&quot;widget_id&quot;:&quot;widget-0-0-0&quot;}}\" \/>[\/siteorigin_widget]<\/div>\n<\/div>\n<div id=\"pgc-302-0-1\"  class=\"panel-grid-cell\"  data-weight=\"0.7\" >\n<div id=\"panel-302-0-1-0\" class=\"so-panel widget widget_sow-editor panel-first-child panel-last-child\" data-index=\"1\" data-style=\"{&quot;background_image_attachment&quot;:false,&quot;background_display&quot;:&quot;tile&quot;}\" >\n<div class=\"so-widget-sow-editor so-widget-sow-editor-base\">\n<h3 class=\"widget-title\">Sa\u00fade<\/h3>\n<div class=\"siteorigin-widget-tinymce textwidget\">\n<p style=\"text-align: center; padding-left: 40px;\"><img decoding=\"async\" class=\"size-medium wp-image-2463\" src=\"https:\/\/satedsp.org.br\/novo\/wp-content\/uploads\/2018\/08\/OftalmologiaNovaVisao-300x157.jpg\" alt=\"\" width=\"300\" height=\"157\" srcset=\"https:\/\/satedsp.org.br\/wp-content\/uploads\/2018\/08\/OftalmologiaNovaVisao-300x157.jpg 300w, https:\/\/satedsp.org.br\/wp-content\/uploads\/2018\/08\/OftalmologiaNovaVisao-1024x537.jpg 1024w, https:\/\/satedsp.org.br\/wp-content\/uploads\/2018\/08\/OftalmologiaNovaVisao-768x403.jpg 768w, https:\/\/satedsp.org.br\/wp-content\/uploads\/2018\/08\/OftalmologiaNovaVisao-1536x806.jpg 1536w, https:\/\/satedsp.org.br\/wp-content\/uploads\/2018\/08\/OftalmologiaNovaVisao-2048x1075.jpg 2048w, https:\/\/satedsp.org.br\/wp-content\/uploads\/2018\/08\/OftalmologiaNovaVisao-370x194.jpg 370w, https:\/\/satedsp.org.br\/wp-content\/uploads\/2018\/08\/OftalmologiaNovaVisao-1290x677.jpg 1290w, https:\/\/satedsp.org.br\/wp-content\/uploads\/2018\/08\/OftalmologiaNovaVisao-1080x567.jpg 1080w, https:\/\/satedsp.org.br\/wp-content\/uploads\/2018\/08\/OftalmologiaNovaVisao-865x454.jpg 865w, https:\/\/satedsp.org.br\/wp-content\/uploads\/2018\/08\/OftalmologiaNovaVisao-642x337.jpg 642w\" sizes=\"(max-width: 300px) 100vw, 300px\" \/>\u00a0\u00a0<img decoding=\"async\" class=\"size-medium wp-image-2464\" src=\"https:\/\/satedsp.org.br\/novo\/wp-content\/uploads\/2018\/08\/OticaElShadai-300x157.jpg\" alt=\"\" width=\"300\" height=\"157\" srcset=\"https:\/\/satedsp.org.br\/wp-content\/uploads\/2018\/08\/OticaElShadai-300x157.jpg 300w, https:\/\/satedsp.org.br\/wp-content\/uploads\/2018\/08\/OticaElShadai-1024x537.jpg 1024w, https:\/\/satedsp.org.br\/wp-content\/uploads\/2018\/08\/OticaElShadai-768x403.jpg 768w, https:\/\/satedsp.org.br\/wp-content\/uploads\/2018\/08\/OticaElShadai-1536x806.jpg 1536w, https:\/\/satedsp.org.br\/wp-content\/uploads\/2018\/08\/OticaElShadai-2048x1075.jpg 2048w, https:\/\/satedsp.org.br\/wp-content\/uploads\/2018\/08\/OticaElShadai-370x194.jpg 370w, https:\/\/satedsp.org.br\/wp-content\/uploads\/2018\/08\/OticaElShadai-1290x677.jpg 1290w, https:\/\/satedsp.org.br\/wp-content\/uploads\/2018\/08\/OticaElShadai-1080x567.jpg 1080w, https:\/\/satedsp.org.br\/wp-content\/uploads\/2018\/08\/OticaElShadai-865x454.jpg 865w, https:\/\/satedsp.org.br\/wp-content\/uploads\/2018\/08\/OticaElShadai-642x337.jpg 642w\" sizes=\"(max-width: 300px) 100vw, 300px\" \/><\/p>\n<p>Consultas em geral e encaminhamento para aquisi\u00e7\u00e3o de \u00f3culos e lente de contato. \u00a0Consulta no Oftalmologista R$ 15,00 e demais servi\u00e7os com 20% de descontos. Localizado na rua Bar\u00e3o de Paranapiacaba, 93 \u2013 5\u00b0 andar \u2013 centro \u2013 Tel.: 3106-6746 \u2013 3106-7341<\/p>\n<p>&nbsp;<\/p>\n<p><img decoding=\"async\" class=\"alignleft\" src=\"https:\/\/satedsp.org.br\/novo\/wp-content\/uploads\/2018\/08\/Ghelfond-300x157.jpg\" alt=\"\" width=\"300\" height=\"157\" \/>Diagn\u00f3stico por imagem de alta defini\u00e7\u00e3o, ultrasson, resson\u00e2ncia magn\u00e9tica e exames laboratoriais. Unidades: Ang\u00e9lica, Osasco, Ipiranga, SBC e Mau\u00e1\u00a0 &#8211; Descontos de at\u00e9 60%. Central: (11) 2178-9000<\/p>\n<p>&nbsp;<\/p>\n<p>&nbsp;<\/p>\n<p>&nbsp;<\/p>\n<p>&nbsp;<\/p>\n<p><img loading=\"lazy\" decoding=\"async\" class=\"size-medium wp-image-2461 alignright\" src=\"https:\/\/satedsp.org.br\/novo\/wp-content\/uploads\/2018\/08\/labi-300x157.jpg\" alt=\"\" width=\"300\" height=\"157\" srcset=\"https:\/\/satedsp.org.br\/wp-content\/uploads\/2018\/08\/labi-300x157.jpg 300w, https:\/\/satedsp.org.br\/wp-content\/uploads\/2018\/08\/labi-1024x537.jpg 1024w, https:\/\/satedsp.org.br\/wp-content\/uploads\/2018\/08\/labi-768x403.jpg 768w, https:\/\/satedsp.org.br\/wp-content\/uploads\/2018\/08\/labi-1536x806.jpg 1536w, https:\/\/satedsp.org.br\/wp-content\/uploads\/2018\/08\/labi-2048x1075.jpg 2048w, https:\/\/satedsp.org.br\/wp-content\/uploads\/2018\/08\/labi-370x194.jpg 370w, https:\/\/satedsp.org.br\/wp-content\/uploads\/2018\/08\/labi-1290x677.jpg 1290w, https:\/\/satedsp.org.br\/wp-content\/uploads\/2018\/08\/labi-1080x567.jpg 1080w, https:\/\/satedsp.org.br\/wp-content\/uploads\/2018\/08\/labi-865x454.jpg 865w, https:\/\/satedsp.org.br\/wp-content\/uploads\/2018\/08\/labi-642x337.jpg 642w\" sizes=\"(max-width: 300px) 100vw, 300px\" \/>O Labi Exames tem a miss\u00e3o de facilitar o acesso da popula\u00e7\u00e3o a exames de an\u00e1lises cl\u00ednicas. A rede oferece uma forma \u00fanica e in\u00e9dita de presta\u00e7\u00e3o de servi\u00e7os, da coleta do material \u00e0 entrega dos resultados, permitindo que milh\u00f5es de brasileiros possam realizar seus exames laboratoriais. O Labi Exames tamb\u00e9m tem uma rede de t\u00e9cnicos de enfermagem para a coleta em resid\u00eancias, empresas ou associa\u00e7\u00f5es. Unidades novas e modernas nas principais regi\u00f5es e pr\u00f3ximas ao transporte p\u00fablico.<\/p>\n<p>&nbsp;<\/p>\n<p><strong>Cl\u00ednica V<\/strong><strong><img loading=\"lazy\" decoding=\"async\" class=\"wp-image-9721 alignleft\" src=\"https:\/\/satedsp.org.br\/novo\/wp-content\/uploads\/2020\/01\/dia-do-medico-veterinario.png\" alt=\"\" width=\"171\" height=\"109\" srcset=\"https:\/\/satedsp.org.br\/wp-content\/uploads\/2020\/01\/dia-do-medico-veterinario.png 750w, https:\/\/satedsp.org.br\/wp-content\/uploads\/2020\/01\/dia-do-medico-veterinario-300x192.png 300w, https:\/\/satedsp.org.br\/wp-content\/uploads\/2020\/01\/dia-do-medico-veterinario-370x237.png 370w, https:\/\/satedsp.org.br\/wp-content\/uploads\/2020\/01\/dia-do-medico-veterinario-642x411.png 642w\" sizes=\"(max-width: 171px) 100vw, 171px\" \/><\/strong><strong>eterin\u00e1ria\u00a0 Bichos &amp; Tal<\/strong> &#8211; desconto de 20% em: Consultas, Cirurgias, Limpeza de t\u00e1rtaro e vacinas. Localizado na R. Martim Francisco, 430 &#8211;\u00a0 Santa Cecilia<\/p>\n<p>&nbsp;<\/p>\n<p>&nbsp;<\/p>\n<p>&nbsp;<\/p>\n<p><img loading=\"lazy\" decoding=\"async\" class=\"wp-image-9720 alignleft\" src=\"https:\/\/satedsp.org.br\/novo\/wp-content\/uploads\/2020\/01\/images.jpg\" alt=\"\" width=\"170\" height=\"113\" \/><strong>DENTISTA:\u00a0<\/strong><\/p>\n<p>Para utilizar os descontos deste parceiro o associado dever\u00e1 retirar a guia na Sede do SATED-SP<\/p>\n<table width=\"670\">\n<tbody>\n<tr>\n<td colspan=\"4\" width=\"670\"><strong>Dra Rosana Pecora &#8211;\u00a0 CROSP: 61.644<\/strong><\/td>\n<\/tr>\n<tr>\n<td colspan=\"4\"><strong>Endere\u00e7o: Pra\u00e7a Olavo Bilac , 95 &#8211; Sala 14 &#8211; Campos Eliseos<\/strong><\/td>\n<\/tr>\n<tr>\n<td colspan=\"4\"><strong>Telefone: 3535-4117 \/ 99568-8722<\/strong><\/td>\n<\/tr>\n<tr>\n<td colspan=\"4\"><\/td>\n<\/tr>\n<tr>\n<td>Servi\u00e7o<\/td>\n<td>\u00a0Valor da Consulta<\/td>\n<td>Desconto %<\/td>\n<td>\u00a0Valor Sindicato com Desconto<\/td>\n<\/tr>\n<tr>\n<td>Or\u00e7amento &#8211; Uma \u00fanica vez<\/td>\n<td>\u00a0Gratuito<\/td>\n<td>Gratuito<\/td>\n<td>\u00a0Gratuito<\/td>\n<\/tr>\n<tr>\n<td>Limpeza<\/td>\n<td>\u00a0R$\u00a0\u00a0\u00a0\u00a0\u00a0\u00a0\u00a0\u00a0\u00a0\u00a0\u00a0\u00a0\u00a0\u00a0\u00a0\u00a0\u00a0 150,00<\/td>\n<td>33%<\/td>\n<td>\u00a0R$\u00a0\u00a0\u00a0\u00a0\u00a0\u00a0\u00a0\u00a0\u00a0\u00a0\u00a0\u00a0\u00a0\u00a0\u00a0\u00a0\u00a0\u00a0\u00a0\u00a0\u00a0\u00a0\u00a0\u00a0\u00a0\u00a0\u00a0\u00a0\u00a0\u00a0\u00a0\u00a0\u00a0\u00a0\u00a0\u00a0\u00a0\u00a0\u00a0\u00a0\u00a0\u00a0\u00a0\u00a0\u00a0\u00a0 100,00<\/td>\n<\/tr>\n<tr>\n<td>Restaura\u00e7\u00e3o<\/td>\n<td>\u00a0R$\u00a0\u00a0\u00a0\u00a0\u00a0\u00a0\u00a0\u00a0\u00a0\u00a0\u00a0\u00a0\u00a0\u00a0\u00a0\u00a0\u00a0 120,00<\/td>\n<td>20%<\/td>\n<td>\u00a0R$\u00a0\u00a0\u00a0\u00a0\u00a0\u00a0\u00a0\u00a0\u00a0\u00a0\u00a0\u00a0\u00a0\u00a0\u00a0\u00a0\u00a0\u00a0\u00a0\u00a0\u00a0\u00a0\u00a0\u00a0\u00a0\u00a0\u00a0\u00a0\u00a0\u00a0\u00a0\u00a0\u00a0\u00a0\u00a0\u00a0\u00a0\u00a0\u00a0\u00a0\u00a0\u00a0\u00a0\u00a0\u00a0\u00a0 104,00<\/td>\n<\/tr>\n<tr>\n<td>Clareamento Total<\/td>\n<td>\u00a0R$\u00a0\u00a0\u00a0\u00a0\u00a0\u00a0\u00a0\u00a0\u00a0\u00a0\u00a0\u00a0\u00a0\u00a0\u00a0\u00a0\u00a0 350,00<\/td>\n<td>20%<\/td>\n<td>\u00a0R$\u00a0\u00a0\u00a0\u00a0\u00a0\u00a0\u00a0\u00a0\u00a0\u00a0\u00a0\u00a0\u00a0\u00a0\u00a0\u00a0\u00a0\u00a0\u00a0\u00a0\u00a0\u00a0\u00a0\u00a0\u00a0\u00a0\u00a0\u00a0\u00a0\u00a0\u00a0\u00a0\u00a0\u00a0\u00a0\u00a0\u00a0\u00a0\u00a0\u00a0\u00a0\u00a0\u00a0\u00a0\u00a0\u00a0 280,00<\/td>\n<\/tr>\n<tr>\n<td>Dentadura<\/td>\n<td>\u00a0R$\u00a0\u00a0\u00a0\u00a0\u00a0\u00a0\u00a0\u00a0\u00a0\u00a0\u00a0\u00a0\u00a0\u00a0\u00a0\u00a0\u00a0 600,00<\/td>\n<td>15%<\/td>\n<td>\u00a0R$\u00a0\u00a0\u00a0\u00a0\u00a0\u00a0\u00a0\u00a0\u00a0\u00a0\u00a0\u00a0\u00a0\u00a0\u00a0\u00a0\u00a0\u00a0\u00a0\u00a0\u00a0\u00a0\u00a0\u00a0\u00a0\u00a0\u00a0\u00a0\u00a0\u00a0\u00a0\u00a0\u00a0\u00a0\u00a0\u00a0\u00a0\u00a0\u00a0\u00a0\u00a0\u00a0\u00a0\u00a0\u00a0\u00a0 510,00<\/td>\n<\/tr>\n<tr>\n<td>Ponte Removivel Provis\u00f3ria<\/td>\n<td>\u00a0R$\u00a0\u00a0\u00a0\u00a0\u00a0\u00a0\u00a0\u00a0\u00a0\u00a0\u00a0\u00a0\u00a0\u00a0\u00a0\u00a0\u00a0 500,00<\/td>\n<td>30%<\/td>\n<td>\u00a0R$\u00a0\u00a0\u00a0\u00a0\u00a0\u00a0\u00a0\u00a0\u00a0\u00a0\u00a0\u00a0\u00a0\u00a0\u00a0\u00a0\u00a0\u00a0\u00a0\u00a0\u00a0\u00a0\u00a0\u00a0\u00a0\u00a0\u00a0\u00a0\u00a0\u00a0\u00a0\u00a0\u00a0\u00a0\u00a0\u00a0\u00a0\u00a0\u00a0\u00a0\u00a0\u00a0\u00a0\u00a0\u00a0\u00a0 350,00<\/td>\n<\/tr>\n<tr>\n<td>Ponte Removivel Definitiva<\/td>\n<td>\u00a0R$\u00a0\u00a0\u00a0\u00a0\u00a0\u00a0\u00a0\u00a0\u00a0\u00a0\u00a0\u00a0\u00a0 1.200,00<\/td>\n<td>20%<\/td>\n<td>\u00a0R$\u00a0\u00a0\u00a0\u00a0\u00a0\u00a0\u00a0\u00a0\u00a0\u00a0\u00a0\u00a0\u00a0\u00a0\u00a0\u00a0\u00a0\u00a0\u00a0\u00a0\u00a0\u00a0\u00a0\u00a0\u00a0\u00a0\u00a0\u00a0\u00a0\u00a0\u00a0\u00a0\u00a0\u00a0\u00a0\u00a0\u00a0\u00a0\u00a0\u00a0\u00a0\u00a0\u00a0\u00a0\u00a0\u00a0 960,00<\/td>\n<\/tr>\n<tr>\n<td>Pino + Coroa de Procela (Cada dente)<\/td>\n<td>\u00a0R$\u00a0\u00a0\u00a0\u00a0\u00a0\u00a0\u00a0\u00a0\u00a0\u00a0\u00a0\u00a0\u00a0 1.200,00<\/td>\n<td>15%<\/td>\n<td>\u00a0R$\u00a0\u00a0\u00a0\u00a0\u00a0\u00a0\u00a0\u00a0\u00a0\u00a0\u00a0\u00a0\u00a0\u00a0\u00a0\u00a0\u00a0\u00a0\u00a0\u00a0\u00a0\u00a0\u00a0\u00a0\u00a0\u00a0\u00a0\u00a0\u00a0\u00a0\u00a0\u00a0\u00a0\u00a0\u00a0\u00a0\u00a0\u00a0\u00a0\u00a0\u00a0\u00a0\u00a0 1.020,00<\/td>\n<\/tr>\n<tr>\n<td>Coroa Resina &#8211; Foto cada dente<\/td>\n<td>\u00a0R$\u00a0\u00a0\u00a0\u00a0\u00a0\u00a0\u00a0\u00a0\u00a0\u00a0\u00a0\u00a0\u00a0\u00a0\u00a0\u00a0\u00a0 600,00<\/td>\n<td>15%<\/td>\n<td>\u00a0R$\u00a0\u00a0\u00a0\u00a0\u00a0\u00a0\u00a0\u00a0\u00a0\u00a0\u00a0\u00a0\u00a0\u00a0\u00a0\u00a0\u00a0\u00a0\u00a0\u00a0\u00a0\u00a0\u00a0\u00a0\u00a0\u00a0\u00a0\u00a0\u00a0\u00a0\u00a0\u00a0\u00a0\u00a0\u00a0\u00a0\u00a0\u00a0\u00a0\u00a0\u00a0\u00a0\u00a0\u00a0\u00a0\u00a0 510,00<\/td>\n<\/tr>\n<tr>\n<td>Dente Provis\u00f3rio &#8211; Cada Dente<\/td>\n<td>\u00a0R$\u00a0\u00a0\u00a0\u00a0\u00a0\u00a0\u00a0\u00a0\u00a0\u00a0\u00a0\u00a0\u00a0\u00a0\u00a0\u00a0\u00a0 200,00<\/td>\n<td>15%<\/td>\n<td>\u00a0R$\u00a0\u00a0\u00a0\u00a0\u00a0\u00a0\u00a0\u00a0\u00a0\u00a0\u00a0\u00a0\u00a0\u00a0\u00a0\u00a0\u00a0\u00a0\u00a0\u00a0\u00a0\u00a0\u00a0\u00a0\u00a0\u00a0\u00a0\u00a0\u00a0\u00a0\u00a0\u00a0\u00a0\u00a0\u00a0\u00a0\u00a0\u00a0\u00a0\u00a0\u00a0\u00a0\u00a0\u00a0\u00a0\u00a0 170,00<\/td>\n<\/tr>\n<tr>\n<td>Implantes\u00a0 &#8211; Parte Cir\u00fargica &#8211; Cada dente<\/td>\n<td>\u00a0R$\u00a0\u00a0\u00a0\u00a0\u00a0\u00a0\u00a0\u00a0\u00a0\u00a0\u00a0\u00a0\u00a0 1.000,00<\/td>\n<td>20%<\/td>\n<td>\u00a0R$\u00a0\u00a0\u00a0\u00a0\u00a0\u00a0\u00a0\u00a0\u00a0\u00a0\u00a0\u00a0\u00a0\u00a0\u00a0\u00a0\u00a0\u00a0\u00a0\u00a0\u00a0\u00a0\u00a0\u00a0\u00a0\u00a0\u00a0\u00a0\u00a0\u00a0\u00a0\u00a0\u00a0\u00a0\u00a0\u00a0\u00a0\u00a0\u00a0\u00a0\u00a0\u00a0\u00a0\u00a0\u00a0\u00a0 800,00<\/td>\n<\/tr>\n<tr>\n<td>Parte Prot\u00e9tica &#8211; Cada dente<\/td>\n<td>\u00a0R$\u00a0\u00a0\u00a0\u00a0\u00a0\u00a0\u00a0\u00a0\u00a0\u00a0\u00a0\u00a0\u00a0 1.200,00<\/td>\n<td>15%<\/td>\n<td>\u00a0R$\u00a0\u00a0\u00a0\u00a0\u00a0\u00a0\u00a0\u00a0\u00a0\u00a0\u00a0\u00a0\u00a0\u00a0\u00a0\u00a0\u00a0\u00a0\u00a0\u00a0\u00a0\u00a0\u00a0\u00a0\u00a0\u00a0\u00a0\u00a0\u00a0\u00a0\u00a0\u00a0\u00a0\u00a0\u00a0\u00a0\u00a0\u00a0\u00a0\u00a0\u00a0\u00a0\u00a0 1.020,00<\/td>\n<\/tr>\n<tr>\n<td>Ortodontia &#8211; Manuten\u00e7\u00e3o &#8211; Valor Mensal<\/td>\n<td>\u00a0R$\u00a0\u00a0\u00a0\u00a0\u00a0\u00a0\u00a0\u00a0\u00a0\u00a0\u00a0\u00a0\u00a0\u00a0\u00a0\u00a0\u00a0 120,00<\/td>\n<td>25%<\/td>\n<td>\u00a0R$\u00a0\u00a0\u00a0\u00a0\u00a0\u00a0\u00a0\u00a0\u00a0\u00a0\u00a0\u00a0\u00a0\u00a0\u00a0\u00a0\u00a0\u00a0\u00a0\u00a0\u00a0\u00a0\u00a0\u00a0\u00a0\u00a0\u00a0\u00a0\u00a0\u00a0\u00a0\u00a0\u00a0\u00a0\u00a0\u00a0\u00a0\u00a0\u00a0\u00a0\u00a0\u00a0\u00a0\u00a0\u00a0\u00a0\u00a0\u00a0\u00a0 90,00<\/td>\n<\/tr>\n<\/tbody>\n<\/table>\n<\/div>\n<\/div>\n<\/div>\n<\/div>\n<\/div>\n<\/div>\n","protected":false},"excerpt":{"rendered":"<p>[siteorigin_widget class=&#8221;WP_Nav_Menu_Widget&#8221;][\/siteorigin_widget] Sa\u00fade \u00a0\u00a0 Consultas em geral e encaminhamento para aquisi\u00e7\u00e3o de \u00f3culos e lente de contato. \u00a0Consulta no Oftalmologista R$ 15,00 e demais servi\u00e7os com 20% de descontos. Localizado na rua Bar\u00e3o de Paranapiacaba, 93 \u2013 5\u00b0 andar \u2013 centro \u2013 Tel.: 3106-6746 \u2013 3106-7341 &nbsp; Diagn\u00f3stico por imagem de alta defini\u00e7\u00e3o, ultrasson, resson\u00e2ncia&hellip;<\/p>\n","protected":false},"author":1,"featured_media":0,"parent":17076,"menu_order":0,"comment_status":"closed","ping_status":"closed","template":"","meta":{"cybocfi_hide_featured_image":"","footnotes":""},"class_list":["post-17084","page","type-page","status-publish","hentry"],"_links":{"self":[{"href":"https:\/\/satedsp.org.br\/index.php\/wp-json\/wp\/v2\/pages\/17084","targetHints":{"allow":["GET"]}}],"collection":[{"href":"https:\/\/satedsp.org.br\/index.php\/wp-json\/wp\/v2\/pages"}],"about":[{"href":"https:\/\/satedsp.org.br\/index.php\/wp-json\/wp\/v2\/types\/page"}],"author":[{"embeddable":true,"href":"https:\/\/satedsp.org.br\/index.php\/wp-json\/wp\/v2\/users\/1"}],"replies":[{"embeddable":true,"href":"https:\/\/satedsp.org.br\/index.php\/wp-json\/wp\/v2\/comments?post=17084"}],"version-history":[{"count":0,"href":"https:\/\/satedsp.org.br\/index.php\/wp-json\/wp\/v2\/pages\/17084\/revisions"}],"up":[{"embeddable":true,"href":"https:\/\/satedsp.org.br\/index.php\/wp-json\/wp\/v2\/pages\/17076"}],"wp:attachment":[{"href":"https:\/\/satedsp.org.br\/index.php\/wp-json\/wp\/v2\/media?parent=17084"}],"curies":[{"name":"wp","href":"https:\/\/api.w.org\/{rel}","templated":true}]}}