{"id":17085,"date":"2018-06-20T10:40:21","date_gmt":"2018-06-20T13:40:21","guid":{"rendered":"http:\/\/satedsp.tmp.k8.com.br\/?page_id=304"},"modified":"2018-06-20T10:40:21","modified_gmt":"2018-06-20T13:40:21","slug":"esteticabem-estar","status":"publish","type":"page","link":"https:\/\/satedsp.org.br\/index.php\/seja-socio-2\/beneficios\/esteticabem-estar\/","title":{"rendered":"Est\u00e9tica\/Bem estar"},"content":{"rendered":"<div id=\"pl-304\"  class=\"panel-layout\" >\n<div id=\"pg-304-0\"  class=\"panel-grid panel-no-style\"  data-style=\"{&quot;background_image_attachment&quot;:false,&quot;background_display&quot;:&quot;tile&quot;,&quot;cell_alignment&quot;:&quot;flex-start&quot;}\" >\n<div id=\"pgc-304-0-0\"  class=\"panel-grid-cell\"  data-weight=\"0.3\" >\n<div id=\"panel-304-0-0-0\" class=\"so-panel widget widget_nav_menu panel-first-child panel-last-child\" data-index=\"0\" data-style=\"{&quot;background_image_attachment&quot;:false,&quot;background_display&quot;:&quot;tile&quot;}\" >[siteorigin_widget class=&#8221;WP_Nav_Menu_Widget&#8221;]<input type=\"hidden\" value=\"{&quot;instance&quot;:{&quot;nav_menu&quot;:12,&quot;widget_logic&quot;:&quot;&quot;,&quot;so_sidebar_emulator_id&quot;:&quot;nav_menu-30410000&quot;,&quot;option_name&quot;:&quot;widget_nav_menu&quot;},&quot;args&quot;:{&quot;before_widget&quot;:&quot;&lt;div id=\\&quot;panel-304-0-0-0\\&quot; class=\\&quot;so-panel widget widget_nav_menu panel-first-child panel-last-child\\&quot; data-index=\\&quot;0\\&quot; data-style=\\&quot;{&amp;quot;background_image_attachment&amp;quot;:false,&amp;quot;background_display&amp;quot;:&amp;quot;tile&amp;quot;}\\&quot; &gt;&quot;,&quot;after_widget&quot;:&quot;&lt;\\\/div&gt;&quot;,&quot;before_title&quot;:&quot;&lt;h3 class=\\&quot;widget-title\\&quot;&gt;&quot;,&quot;after_title&quot;:&quot;&lt;\\\/h3&gt;&quot;,&quot;widget_id&quot;:&quot;widget-0-0-0&quot;}}\" \/>[\/siteorigin_widget]<\/div>\n<\/div>\n<div id=\"pgc-304-0-1\"  class=\"panel-grid-cell\"  data-weight=\"0.7\" >\n<div id=\"panel-304-0-1-0\" class=\"so-panel widget widget_sow-editor panel-first-child panel-last-child\" data-index=\"1\" data-style=\"{&quot;background_image_attachment&quot;:false,&quot;background_display&quot;:&quot;tile&quot;}\" >\n<div class=\"so-widget-sow-editor so-widget-sow-editor-base\">\n<h3 class=\"widget-title\">Est\u00e9tica\/Bem estar<\/h3>\n<div class=\"siteorigin-widget-tinymce textwidget\">\n<p><img decoding=\"async\" class=\"alignleft\" src=\"https:\/\/satedsp.org.br\/novo\/wp-content\/uploads\/2018\/08\/Estetica-300x157.jpg\" alt=\"\" width=\"300\" height=\"157\" \/>Drenagem linf\u00e1tica, Massagem modeladora, Massagem relaxante, Massagem para dores musculares, Limpeza de pele, tratamento corporal e facial, Shiatsu &#8211; Desconto de 10% a 30%. Telefone de agendamento: (11) 98711-4114<\/p>\n<p>&nbsp;<\/p>\n<p>&nbsp;<\/p>\n<p>&nbsp;<\/p>\n<p>&nbsp;<\/p>\n<p><img decoding=\"async\" class=\"size-medium wp-image-2454 alignleft\" src=\"https:\/\/satedsp.org.br\/novo\/wp-content\/uploads\/2018\/08\/BioFitness-300x157.jpg\" alt=\"\" width=\"300\" height=\"157\" srcset=\"https:\/\/satedsp.org.br\/wp-content\/uploads\/2018\/08\/BioFitness-300x157.jpg 300w, https:\/\/satedsp.org.br\/wp-content\/uploads\/2018\/08\/BioFitness-1024x537.jpg 1024w, https:\/\/satedsp.org.br\/wp-content\/uploads\/2018\/08\/BioFitness-768x403.jpg 768w, https:\/\/satedsp.org.br\/wp-content\/uploads\/2018\/08\/BioFitness-1536x806.jpg 1536w, https:\/\/satedsp.org.br\/wp-content\/uploads\/2018\/08\/BioFitness-2048x1075.jpg 2048w, https:\/\/satedsp.org.br\/wp-content\/uploads\/2018\/08\/BioFitness-370x194.jpg 370w, https:\/\/satedsp.org.br\/wp-content\/uploads\/2018\/08\/BioFitness-1290x677.jpg 1290w, https:\/\/satedsp.org.br\/wp-content\/uploads\/2018\/08\/BioFitness-1080x567.jpg 1080w, https:\/\/satedsp.org.br\/wp-content\/uploads\/2018\/08\/BioFitness-865x454.jpg 865w, https:\/\/satedsp.org.br\/wp-content\/uploads\/2018\/08\/BioFitness-642x337.jpg 642w\" sizes=\"(max-width: 300px) 100vw, 300px\" \/>Unidades: Aclima\u00e7\u00e3o, Alphaville, Moema, Pinheiros e Rep\u00fablica &#8211; Descontos de 20% na matr\u00edcula e na renova\u00e7\u00e3o.<\/p>\n<p>&nbsp;<\/p>\n<p>&nbsp;<\/p>\n<p>&nbsp;<\/p>\n<p>&nbsp;<\/p>\n<p>&nbsp;<\/p>\n<p style=\"text-align: right;\">Dr. Paulo Marques de Souza: Fisioterapeuta &#8211; Especialista em Acupuntura &#8211; Crefito 3\/95220-F<\/p>\n<p style=\"text-align: right;\">Acupuntura Sist\u00e9mica &#8211; Eletroacupuntura &#8211; Reiki<\/p>\n<p style=\"text-align: right;\">Atendimento Domiciliar e consult\u00f3rio<\/p>\n<p style=\"text-align: right;\"><a href=\"https:\/\/www.instagram.com\/drpauloacupunturista\/?hl=pt-br\">Contato<\/a><\/p>\n<p>&nbsp;<\/p>\n<p>&nbsp;<\/p>\n<\/div>\n<\/div>\n<\/div>\n<\/div>\n<\/div>\n<\/div>\n","protected":false},"excerpt":{"rendered":"<p>[siteorigin_widget class=&#8221;WP_Nav_Menu_Widget&#8221;][\/siteorigin_widget] Est\u00e9tica\/Bem estar Drenagem linf\u00e1tica, Massagem modeladora, Massagem relaxante, Massagem para dores musculares, Limpeza de pele, tratamento corporal e facial, Shiatsu &#8211; Desconto de 10% a 30%. Telefone de agendamento: (11) 98711-4114 &nbsp; &nbsp; &nbsp; &nbsp; Unidades: Aclima\u00e7\u00e3o, Alphaville, Moema, Pinheiros e Rep\u00fablica &#8211; Descontos de 20% na matr\u00edcula e na renova\u00e7\u00e3o. &nbsp; &nbsp;&hellip;<\/p>\n","protected":false},"author":1,"featured_media":0,"parent":17076,"menu_order":0,"comment_status":"closed","ping_status":"closed","template":"","meta":{"cybocfi_hide_featured_image":"","footnotes":""},"class_list":["post-17085","page","type-page","status-publish","hentry"],"_links":{"self":[{"href":"https:\/\/satedsp.org.br\/index.php\/wp-json\/wp\/v2\/pages\/17085","targetHints":{"allow":["GET"]}}],"collection":[{"href":"https:\/\/satedsp.org.br\/index.php\/wp-json\/wp\/v2\/pages"}],"about":[{"href":"https:\/\/satedsp.org.br\/index.php\/wp-json\/wp\/v2\/types\/page"}],"author":[{"embeddable":true,"href":"https:\/\/satedsp.org.br\/index.php\/wp-json\/wp\/v2\/users\/1"}],"replies":[{"embeddable":true,"href":"https:\/\/satedsp.org.br\/index.php\/wp-json\/wp\/v2\/comments?post=17085"}],"version-history":[{"count":0,"href":"https:\/\/satedsp.org.br\/index.php\/wp-json\/wp\/v2\/pages\/17085\/revisions"}],"up":[{"embeddable":true,"href":"https:\/\/satedsp.org.br\/index.php\/wp-json\/wp\/v2\/pages\/17076"}],"wp:attachment":[{"href":"https:\/\/satedsp.org.br\/index.php\/wp-json\/wp\/v2\/media?parent=17085"}],"curies":[{"name":"wp","href":"https:\/\/api.w.org\/{rel}","templated":true}]}}