{"id":17155,"date":"2024-03-20T16:43:12","date_gmt":"2024-03-20T16:43:12","guid":{"rendered":"https:\/\/satedsp.org.br\/novo\/?page_id=17155"},"modified":"2025-09-02T07:57:35","modified_gmt":"2025-09-02T07:57:35","slug":"beneficios","status":"publish","type":"page","link":"https:\/\/satedsp.org.br\/index.php\/beneficios\/","title":{"rendered":"Benef\u00edcios"},"content":{"rendered":"\t\t<div data-elementor-type=\"wp-page\" data-elementor-id=\"17155\" class=\"elementor elementor-17155\" data-elementor-post-type=\"page\">\n\t\t\t\t<div class=\"elementor-element elementor-element-eebc30e e-flex e-con-boxed sc_inner_width_none sc_layouts_column_icons_position_left e-con e-parent\" data-id=\"eebc30e\" data-element_type=\"container\">\n\t\t\t\t\t<div class=\"e-con-inner\">\n\t\t\t\t<div class=\"elementor-element elementor-element-4cc9d37 sc_fly_static elementor-widget elementor-widget-spacer\" data-id=\"4cc9d37\" data-element_type=\"widget\" data-widget_type=\"spacer.default\">\n\t\t\t\t<div class=\"elementor-widget-container\">\n\t\t\t\t\t\t\t<div class=\"elementor-spacer\">\n\t\t\t<div class=\"elementor-spacer-inner\"><\/div>\n\t\t<\/div>\n\t\t\t\t\t\t<\/div>\n\t\t\t\t<\/div>\n\t\t\t\t\t<\/div>\n\t\t\t\t<\/div>\n\t\t<div class=\"elementor-element elementor-element-522db5c e-flex e-con-boxed sc_inner_width_none sc_layouts_column_icons_position_left e-con e-parent\" data-id=\"522db5c\" data-element_type=\"container\">\n\t\t\t\t\t<div class=\"e-con-inner\">\n\t\t\t\t<div class=\"elementor-element elementor-element-a22d8b6 sc_fly_static elementor-widget elementor-widget-heading\" data-id=\"a22d8b6\" data-element_type=\"widget\" data-widget_type=\"heading.default\">\n\t\t\t\t<div class=\"elementor-widget-container\">\n\t\t\t\t\t<h2 class=\"elementor-heading-title elementor-size-default\">BENEF\u00cdCIOS E PARCERIAS PARA SINDICALIZADOS\n<\/h2>\t\t\t\t<\/div>\n\t\t\t\t<\/div>\n\t\t\t\t\t<\/div>\n\t\t\t\t<\/div>\n\t\t<div class=\"elementor-element elementor-element-6eb7125 e-flex e-con-boxed sc_inner_width_none sc_layouts_column_icons_position_left e-con e-parent\" data-id=\"6eb7125\" data-element_type=\"container\">\n\t\t\t\t\t<div class=\"e-con-inner\">\n\t\t\t\t<div class=\"elementor-element elementor-element-65aa259 elementor-widget-divider--view-line sc_fly_static elementor-widget elementor-widget-divider\" data-id=\"65aa259\" data-element_type=\"widget\" data-widget_type=\"divider.default\">\n\t\t\t\t<div class=\"elementor-widget-container\">\n\t\t\t\t\t\t\t<div class=\"elementor-divider\">\n\t\t\t<span class=\"elementor-divider-separator\">\n\t\t\t\t\t\t<\/span>\n\t\t<\/div>\n\t\t\t\t\t\t<\/div>\n\t\t\t\t<\/div>\n\t\t\t\t\t<\/div>\n\t\t\t\t<\/div>\n\t\t<div class=\"elementor-element elementor-element-5bb6b9e e-flex e-con-boxed sc_inner_width_none sc_layouts_column_icons_position_left e-con e-parent\" data-id=\"5bb6b9e\" data-element_type=\"container\">\n\t\t\t\t\t<div class=\"e-con-inner\">\n\t\t\t\t<div class=\"elementor-element elementor-element-437942a sc_fly_static elementor-widget elementor-widget-text-editor\" data-id=\"437942a\" data-element_type=\"widget\" data-widget_type=\"text-editor.default\">\n\t\t\t\t<div class=\"elementor-widget-container\">\n\t\t\t\t\t\t\t\t\t<p data-prosemirror-content-type=\"node\" data-prosemirror-node-name=\"paragraph\" data-prosemirror-node-block=\"true\" data-pm-slice=\"1 1 []\">Nossos hor\u00e1rios de ensaio s\u00e3o de segunda a sexta, das 9h30 ao meio-dia e das 14h30 \u00e0s 16h30. Para agendar a sala de ensaio voc\u00ea deve ser sindicalizado, caso seja um grupo, 50% do grupo deve ser sindicalizado!<br data-prosemirror-content-type=\"node\" data-prosemirror-node-name=\"hardBreak\" data-prosemirror-node-inline=\"true\" \/>E se voc\u00ea n\u00e3o \u00e9 associado e tamb\u00e9m se interessa pela sala, n\u00e3o se preocupe! \u00c9 poss\u00edvel reservar hor\u00e1rios por um valor simb\u00f3lico de R$50 a hora!<\/p><p data-prosemirror-content-type=\"node\" data-prosemirror-node-name=\"paragraph\" data-prosemirror-node-block=\"true\">A sala de ensaio fica na nossa sede, na Av. S\u00e3o Jo\u00e3o, 1086, 4\u00ba andar, pertinho do metr\u00f4 Rep\u00fablica. \u00c9 o espa\u00e7o perfeito para reunir seu grupo, com direito a aparelho de som, banheiro e uma copa para aquele lanchinho durante os ensaios!<\/p><p data-prosemirror-content-type=\"node\" data-prosemirror-node-name=\"paragraph\" data-prosemirror-node-block=\"true\">Para reservar, \u00e9 s\u00f3 preencher o formul\u00e1rio <a href=\"https:\/\/forms.gle\/BnqdVXwVrGS4jxin6\" data-prosemirror-content-type=\"mark\" data-prosemirror-mark-name=\"link\">https:\/\/forms.gle\/BnqdVXwVrGS4jxin6<\/a>, e aguardar a confirma\u00e7\u00e3o por e-mail ou telefone.<\/p><p data-prosemirror-content-type=\"node\" data-prosemirror-node-name=\"paragraph\" data-prosemirror-node-block=\"true\">N\u00e3o perca essa oportunidade! Esperamos\u00a0voc\u00eas!<\/p>\t\t\t\t\t\t\t\t<\/div>\n\t\t\t\t<\/div>\n\t\t\t\t\t<\/div>\n\t\t\t\t<\/div>\n\t\t<div class=\"elementor-element elementor-element-53d7be3 e-flex e-con-boxed sc_inner_width_none sc_layouts_column_icons_position_left e-con e-parent\" data-id=\"53d7be3\" data-element_type=\"container\">\n\t\t\t\t\t<div class=\"e-con-inner\">\n\t\t\t\t<div class=\"elementor-element elementor-element-92632b2 sc_fly_static elementor-widget elementor-widget-spacer\" data-id=\"92632b2\" data-element_type=\"widget\" data-widget_type=\"spacer.default\">\n\t\t\t\t<div class=\"elementor-widget-container\">\n\t\t\t\t\t\t\t<div class=\"elementor-spacer\">\n\t\t\t<div class=\"elementor-spacer-inner\"><\/div>\n\t\t<\/div>\n\t\t\t\t\t\t<\/div>\n\t\t\t\t<\/div>\n\t\t\t\t\t<\/div>\n\t\t\t\t<\/div>\n\t\t\t\t<\/div>\n\t\t","protected":false},"excerpt":{"rendered":"<p>BENEF\u00cdCIOS E PARCERIAS PARA SINDICALIZADOS Nossos hor\u00e1rios de ensaio s\u00e3o de segunda a sexta, das 9h30 ao meio-dia e das 14h30 \u00e0s 16h30. Para agendar a sala de ensaio voc\u00ea deve ser sindicalizado, caso seja um grupo, 50% do grupo deve ser sindicalizado!E se voc\u00ea n\u00e3o \u00e9 associado e tamb\u00e9m se interessa pela sala, n\u00e3o&hellip;<\/p>\n","protected":false},"author":1,"featured_media":0,"parent":0,"menu_order":0,"comment_status":"closed","ping_status":"closed","template":"","meta":{"cybocfi_hide_featured_image":"","footnotes":""},"class_list":["post-17155","page","type-page","status-publish","hentry"],"_links":{"self":[{"href":"https:\/\/satedsp.org.br\/index.php\/wp-json\/wp\/v2\/pages\/17155","targetHints":{"allow":["GET"]}}],"collection":[{"href":"https:\/\/satedsp.org.br\/index.php\/wp-json\/wp\/v2\/pages"}],"about":[{"href":"https:\/\/satedsp.org.br\/index.php\/wp-json\/wp\/v2\/types\/page"}],"author":[{"embeddable":true,"href":"https:\/\/satedsp.org.br\/index.php\/wp-json\/wp\/v2\/users\/1"}],"replies":[{"embeddable":true,"href":"https:\/\/satedsp.org.br\/index.php\/wp-json\/wp\/v2\/comments?post=17155"}],"version-history":[{"count":43,"href":"https:\/\/satedsp.org.br\/index.php\/wp-json\/wp\/v2\/pages\/17155\/revisions"}],"predecessor-version":[{"id":21486,"href":"https:\/\/satedsp.org.br\/index.php\/wp-json\/wp\/v2\/pages\/17155\/revisions\/21486"}],"wp:attachment":[{"href":"https:\/\/satedsp.org.br\/index.php\/wp-json\/wp\/v2\/media?parent=17155"}],"curies":[{"name":"wp","href":"https:\/\/api.w.org\/{rel}","templated":true}]}}