{"id":17161,"date":"2024-03-21T08:18:23","date_gmt":"2024-03-21T08:18:23","guid":{"rendered":"https:\/\/satedsp.org.br\/novo\/?page_id=17161"},"modified":"2024-09-15T15:02:21","modified_gmt":"2024-09-15T15:02:21","slug":"pagamentos-contribuicao-associativa","status":"publish","type":"page","link":"https:\/\/satedsp.org.br\/index.php\/pagamentos-contribuicao-associativa\/","title":{"rendered":"Pagamentos &#8211; Contribui\u00e7\u00e3o Associativa"},"content":{"rendered":"\t\t<div data-elementor-type=\"wp-page\" data-elementor-id=\"17161\" class=\"elementor elementor-17161\" data-elementor-post-type=\"page\">\n\t\t\t\t<div class=\"elementor-element elementor-element-f0bc28e e-flex e-con-boxed sc_inner_width_none sc_layouts_column_icons_position_left e-con e-parent\" data-id=\"f0bc28e\" data-element_type=\"container\">\n\t\t\t\t\t<div class=\"e-con-inner\">\n\t\t\t\t<div class=\"elementor-element elementor-element-6949109 sc_fly_static elementor-widget elementor-widget-spacer\" data-id=\"6949109\" data-element_type=\"widget\" data-widget_type=\"spacer.default\">\n\t\t\t\t<div class=\"elementor-widget-container\">\n\t\t\t\t\t\t\t<div class=\"elementor-spacer\">\n\t\t\t<div class=\"elementor-spacer-inner\"><\/div>\n\t\t<\/div>\n\t\t\t\t\t\t<\/div>\n\t\t\t\t<\/div>\n\t\t\t\t\t<\/div>\n\t\t\t\t<\/div>\n\t\t<div class=\"elementor-element elementor-element-65ceff3 e-flex e-con-boxed sc_inner_width_none sc_layouts_column_icons_position_left e-con e-parent\" data-id=\"65ceff3\" data-element_type=\"container\">\n\t\t\t\t\t<div class=\"e-con-inner\">\n\t\t\t\t<div class=\"elementor-element elementor-element-f89df6b sc_fly_static elementor-widget elementor-widget-heading\" data-id=\"f89df6b\" data-element_type=\"widget\" data-widget_type=\"heading.default\">\n\t\t\t\t<div class=\"elementor-widget-container\">\n\t\t\t\t\t<h2 class=\"elementor-heading-title elementor-size-default\">Pagamentos - Contribui\u00e7\u00e3o Associativa<\/h2>\t\t\t\t<\/div>\n\t\t\t\t<\/div>\n\t\t\t\t\t<\/div>\n\t\t\t\t<\/div>\n\t\t<div class=\"elementor-element elementor-element-03f8a68 e-flex e-con-boxed sc_inner_width_none sc_layouts_column_icons_position_left e-con e-parent\" data-id=\"03f8a68\" data-element_type=\"container\">\n\t\t\t\t\t<div class=\"e-con-inner\">\n\t\t\t\t<div class=\"elementor-element elementor-element-e896902 elementor-widget-divider--view-line sc_fly_static elementor-widget elementor-widget-divider\" data-id=\"e896902\" data-element_type=\"widget\" data-widget_type=\"divider.default\">\n\t\t\t\t<div class=\"elementor-widget-container\">\n\t\t\t\t\t\t\t<div class=\"elementor-divider\">\n\t\t\t<span class=\"elementor-divider-separator\">\n\t\t\t\t\t\t<\/span>\n\t\t<\/div>\n\t\t\t\t\t\t<\/div>\n\t\t\t\t<\/div>\n\t\t\t\t\t<\/div>\n\t\t\t\t<\/div>\n\t\t<div class=\"elementor-element elementor-element-acec497 e-flex e-con-boxed sc_inner_width_none sc_layouts_column_icons_position_left e-con e-parent\" data-id=\"acec497\" data-element_type=\"container\">\n\t\t\t\t\t<div class=\"e-con-inner\">\n\t\t\t\t<div class=\"elementor-element elementor-element-696d990 sc_fly_static elementor-widget elementor-widget-text-editor\" data-id=\"696d990\" data-element_type=\"widget\" data-widget_type=\"text-editor.default\">\n\t\t\t\t<div class=\"elementor-widget-container\">\n\t\t\t\t\t\t\t\t\t<p>Para garantir a regularidade de sua atua\u00e7\u00e3o e manter-se em conformidade com as diretrizes do Sindicato dos Artistas e T\u00e9cnicos em Espet\u00e1culos de Divers\u00f5es de S\u00e3o Paulo (SATED SP), \u00e9 essencial lembrar que o registro deve ser renovado anualmente. As taxas de contribui\u00e7\u00e3o associativa para o ano corrente s\u00e3o: R$170,00 para a contribui\u00e7\u00e3o padr\u00e3o e R$180,00 para artistas mirins. Para facilitar o processo, voc\u00ea pode efetuar o pagamento diretamente atrav\u00e9s dos links abaixo. Assegure-se de manter sua filia\u00e7\u00e3o atualizada e aproveite todos os benef\u00edcios oferecidos pelo sindicato.<\/p>\t\t\t\t\t\t\t\t<\/div>\n\t\t\t\t<\/div>\n\t\t\t\t\t<\/div>\n\t\t\t\t<\/div>\n\t\t<div class=\"elementor-element elementor-element-c86fc56 e-flex e-con-boxed sc_inner_width_none sc_layouts_column_icons_position_left e-con e-parent\" data-id=\"c86fc56\" data-element_type=\"container\">\n\t\t\t\t\t<div class=\"e-con-inner\">\n\t\t\t\t<div class=\"elementor-element elementor-element-41e127d sc_fly_static elementor-widget elementor-widget-text-editor\" data-id=\"41e127d\" data-element_type=\"widget\" data-widget_type=\"text-editor.default\">\n\t\t\t\t<div class=\"elementor-widget-container\">\n\t\t\t\t\t\t\t\t\t<p><strong>Contribui\u00e7\u00e3o Associativa<\/strong><br \/>Valor da anuidade: <a href=\"https:\/\/pag.ae\/7Y8tpn7m8\" target=\"_blank\" rel=\"noopener\">R$170,00\u00a0 (Click aqui)<\/a><\/p><p><strong>Contribui\u00e7\u00e3o Associativa &#8211; Artista Mirim<\/strong>\u00a0<br \/>Valor da anuidade: <a href=\"https:\/\/pag.ae\/7Y8tsG2Km\" target=\"_blank\" rel=\"noopener\">R$180,00 (Click aqui)<\/a><\/p>\t\t\t\t\t\t\t\t<\/div>\n\t\t\t\t<\/div>\n\t\t\t\t\t<\/div>\n\t\t\t\t<\/div>\n\t\t\t\t<\/div>\n\t\t","protected":false},"excerpt":{"rendered":"<p>Pagamentos &#8211; Contribui\u00e7\u00e3o Associativa Para garantir a regularidade de sua atua\u00e7\u00e3o e manter-se em conformidade com as diretrizes do Sindicato dos Artistas e T\u00e9cnicos em Espet\u00e1culos de Divers\u00f5es de S\u00e3o Paulo (SATED SP), \u00e9 essencial lembrar que o registro deve ser renovado anualmente. As taxas de contribui\u00e7\u00e3o associativa para o ano corrente s\u00e3o: R$170,00 para&hellip;<\/p>\n","protected":false},"author":1,"featured_media":0,"parent":0,"menu_order":0,"comment_status":"closed","ping_status":"closed","template":"","meta":{"cybocfi_hide_featured_image":"","footnotes":""},"class_list":["post-17161","page","type-page","status-publish","hentry"],"_links":{"self":[{"href":"https:\/\/satedsp.org.br\/index.php\/wp-json\/wp\/v2\/pages\/17161","targetHints":{"allow":["GET"]}}],"collection":[{"href":"https:\/\/satedsp.org.br\/index.php\/wp-json\/wp\/v2\/pages"}],"about":[{"href":"https:\/\/satedsp.org.br\/index.php\/wp-json\/wp\/v2\/types\/page"}],"author":[{"embeddable":true,"href":"https:\/\/satedsp.org.br\/index.php\/wp-json\/wp\/v2\/users\/1"}],"replies":[{"embeddable":true,"href":"https:\/\/satedsp.org.br\/index.php\/wp-json\/wp\/v2\/comments?post=17161"}],"version-history":[{"count":22,"href":"https:\/\/satedsp.org.br\/index.php\/wp-json\/wp\/v2\/pages\/17161\/revisions"}],"predecessor-version":[{"id":19878,"href":"https:\/\/satedsp.org.br\/index.php\/wp-json\/wp\/v2\/pages\/17161\/revisions\/19878"}],"wp:attachment":[{"href":"https:\/\/satedsp.org.br\/index.php\/wp-json\/wp\/v2\/media?parent=17161"}],"curies":[{"name":"wp","href":"https:\/\/api.w.org\/{rel}","templated":true}]}}