{"id":17223,"date":"2024-03-21T09:08:50","date_gmt":"2024-03-21T09:08:50","guid":{"rendered":"https:\/\/satedsp.org.br\/novo\/?page_id=17223"},"modified":"2026-04-08T18:13:27","modified_gmt":"2026-04-08T18:13:27","slug":"como-funciona-drt-registro-profissional","status":"publish","type":"page","link":"https:\/\/satedsp.org.br\/index.php\/como-funciona-drt-registro-profissional\/","title":{"rendered":"DRT &#8211; Registro Profissional"},"content":{"rendered":"\t\t<div data-elementor-type=\"wp-page\" data-elementor-id=\"17223\" class=\"elementor elementor-17223\" data-elementor-post-type=\"page\">\n\t\t\t\t<div class=\"elementor-element elementor-element-1a6c51a e-flex e-con-boxed sc_inner_width_none sc_layouts_column_icons_position_left e-con e-parent\" data-id=\"1a6c51a\" data-element_type=\"container\">\n\t\t\t\t\t<div class=\"e-con-inner\">\n\t\t\t\t<div class=\"elementor-element elementor-element-f0355b8 sc_fly_static elementor-widget elementor-widget-spacer\" data-id=\"f0355b8\" data-element_type=\"widget\" data-widget_type=\"spacer.default\">\n\t\t\t\t<div class=\"elementor-widget-container\">\n\t\t\t\t\t\t\t<div class=\"elementor-spacer\">\n\t\t\t<div class=\"elementor-spacer-inner\"><\/div>\n\t\t<\/div>\n\t\t\t\t\t\t<\/div>\n\t\t\t\t<\/div>\n\t\t\t\t\t<\/div>\n\t\t\t\t<\/div>\n\t\t<div class=\"elementor-element elementor-element-b77b0d5 e-flex e-con-boxed sc_inner_width_none sc_layouts_column_icons_position_left e-con e-parent\" data-id=\"b77b0d5\" data-element_type=\"container\">\n\t\t\t\t\t<div class=\"e-con-inner\">\n\t\t\t\t<div class=\"elementor-element elementor-element-059dfc3 sc_fly_static elementor-widget elementor-widget-heading\" data-id=\"059dfc3\" data-element_type=\"widget\" data-widget_type=\"heading.default\">\n\t\t\t\t<div class=\"elementor-widget-container\">\n\t\t\t\t\t<h2 class=\"elementor-heading-title elementor-size-default\">DRT - Registro Profissional<\/h2>\t\t\t\t<\/div>\n\t\t\t\t<\/div>\n\t\t\t\t\t<\/div>\n\t\t\t\t<\/div>\n\t\t<div class=\"elementor-element elementor-element-c7c6537 e-flex e-con-boxed sc_inner_width_none sc_layouts_column_icons_position_left e-con e-parent\" data-id=\"c7c6537\" data-element_type=\"container\">\n\t\t\t\t\t<div class=\"e-con-inner\">\n\t\t\t\t<div class=\"elementor-element elementor-element-df7645b elementor-widget-divider--view-line sc_fly_static elementor-widget elementor-widget-divider\" data-id=\"df7645b\" data-element_type=\"widget\" data-widget_type=\"divider.default\">\n\t\t\t\t<div class=\"elementor-widget-container\">\n\t\t\t\t\t\t\t<div class=\"elementor-divider\">\n\t\t\t<span class=\"elementor-divider-separator\">\n\t\t\t\t\t\t<\/span>\n\t\t<\/div>\n\t\t\t\t\t\t<\/div>\n\t\t\t\t<\/div>\n\t\t\t\t\t<\/div>\n\t\t\t\t<\/div>\n\t\t<div class=\"elementor-element elementor-element-5c42504 e-flex e-con-boxed sc_inner_width_none sc_layouts_column_icons_position_left e-con e-parent\" data-id=\"5c42504\" data-element_type=\"container\">\n\t\t\t\t\t<div class=\"e-con-inner\">\n\t\t<div class=\"elementor-element elementor-element-866fa55 e-con-full e-flex sc_inner_width_none sc_layouts_column_icons_position_left e-con e-child\" data-id=\"866fa55\" data-element_type=\"container\">\n\t\t\t\t<div class=\"elementor-element elementor-element-1a08341 elementor-widget__width-initial elementor-icon-list--layout-traditional elementor-list-item-link-full_width sc_fly_static elementor-widget elementor-widget-icon-list\" data-id=\"1a08341\" data-element_type=\"widget\" data-widget_type=\"icon-list.default\">\n\t\t\t\t<div class=\"elementor-widget-container\">\n\t\t\t\t\t\t\t<ul class=\"elementor-icon-list-items\">\n\t\t\t\t\t\t\t<li class=\"elementor-icon-list-item\">\n\t\t\t\t\t\t\t\t\t\t\t<a href=\"https:\/\/satedsp.org.br\/index.php\/drt-como-funciona\/\">\n\n\t\t\t\t\t\t\t\t\t\t\t\t<span class=\"elementor-icon-list-icon\">\n\t\t\t\t\t\t\t<svg aria-hidden=\"true\" class=\"e-font-icon-svg e-fas-angle-double-right\" viewBox=\"0 0 448 512\" xmlns=\"http:\/\/www.w3.org\/2000\/svg\"><path d=\"M224.3 273l-136 136c-9.4 9.4-24.6 9.4-33.9 0l-22.6-22.6c-9.4-9.4-9.4-24.6 0-33.9l96.4-96.4-96.4-96.4c-9.4-9.4-9.4-24.6 0-33.9L54.3 103c9.4-9.4 24.6-9.4 33.9 0l136 136c9.5 9.4 9.5 24.6.1 34zm192-34l-136-136c-9.4-9.4-24.6-9.4-33.9 0l-22.6 22.6c-9.4 9.4-9.4 24.6 0 33.9l96.4 96.4-96.4 96.4c-9.4 9.4-9.4 24.6 0 33.9l22.6 22.6c9.4 9.4 24.6 9.4 33.9 0l136-136c9.4-9.2 9.4-24.4 0-33.8z\"><\/path><\/svg>\t\t\t\t\t\t<\/span>\n\t\t\t\t\t\t\t\t\t\t<span class=\"elementor-icon-list-text\">Como Funciona<\/span>\n\t\t\t\t\t\t\t\t\t\t\t<\/a>\n\t\t\t\t\t\t\t\t\t<\/li>\n\t\t\t\t\t\t\t\t<li class=\"elementor-icon-list-item\">\n\t\t\t\t\t\t\t\t\t\t\t<a href=\"https:\/\/satedsp.org.br\/index.php\/taxas\/\">\n\n\t\t\t\t\t\t\t\t\t\t\t\t<span class=\"elementor-icon-list-icon\">\n\t\t\t\t\t\t\t<svg aria-hidden=\"true\" class=\"e-font-icon-svg e-fas-angle-double-right\" viewBox=\"0 0 448 512\" xmlns=\"http:\/\/www.w3.org\/2000\/svg\"><path d=\"M224.3 273l-136 136c-9.4 9.4-24.6 9.4-33.9 0l-22.6-22.6c-9.4-9.4-9.4-24.6 0-33.9l96.4-96.4-96.4-96.4c-9.4-9.4-9.4-24.6 0-33.9L54.3 103c9.4-9.4 24.6-9.4 33.9 0l136 136c9.5 9.4 9.5 24.6.1 34zm192-34l-136-136c-9.4-9.4-24.6-9.4-33.9 0l-22.6 22.6c-9.4 9.4-9.4 24.6 0 33.9l96.4 96.4-96.4 96.4c-9.4 9.4-9.4 24.6 0 33.9l22.6 22.6c9.4 9.4 24.6 9.4 33.9 0l136-136c9.4-9.2 9.4-24.4 0-33.8z\"><\/path><\/svg>\t\t\t\t\t\t<\/span>\n\t\t\t\t\t\t\t\t\t\t<span class=\"elementor-icon-list-text\">Taxas<\/span>\n\t\t\t\t\t\t\t\t\t\t\t<\/a>\n\t\t\t\t\t\t\t\t\t<\/li>\n\t\t\t\t\t\t<\/ul>\n\t\t\t\t\t\t<\/div>\n\t\t\t\t<\/div>\n\t\t\t\t<\/div>\n\t\t\t\t<div class=\"elementor-element elementor-element-872c2a3 sc_fly_static elementor-widget elementor-widget-spacer\" data-id=\"872c2a3\" data-element_type=\"widget\" data-widget_type=\"spacer.default\">\n\t\t\t\t<div class=\"elementor-widget-container\">\n\t\t\t\t\t\t\t<div class=\"elementor-spacer\">\n\t\t\t<div class=\"elementor-spacer-inner\"><\/div>\n\t\t<\/div>\n\t\t\t\t\t\t<\/div>\n\t\t\t\t<\/div>\n\t\t<div class=\"elementor-element elementor-element-19d2778 e-con-full e-flex sc_inner_width_none sc_layouts_column_icons_position_left e-con e-child\" data-id=\"19d2778\" data-element_type=\"container\">\n\t\t\t\t<div class=\"elementor-element elementor-element-94c4c61 elementor-widget__width-initial sc_fly_static elementor-widget elementor-widget-text-editor\" data-id=\"94c4c61\" data-element_type=\"widget\" data-widget_type=\"text-editor.default\">\n\t\t\t\t<div class=\"elementor-widget-container\">\n\t\t\t\t\t\t\t\t\t<p>O que \u00e9 o DRT ?<\/p><p>O DRT, que significa &#8220;Delegacia Regional do Trabalho&#8221;, \u00e9 um registro profissional vital para trabalhadores das categorias especificadas na Lei n\u00ba 6.533\/78. Esse registro \u00e9 emitido pela Delegacia Regional de Trabalho, uma entidade respons\u00e1vel pela regulamenta\u00e7\u00e3o e fiscaliza\u00e7\u00e3o das profiss\u00f5es no setor de espet\u00e1culos e divers\u00f5es. Conforme os artigos 6 e 7 da lei, os profissionais que desempenham fun\u00e7\u00f5es descritas na legisla\u00e7\u00e3o devem obter e manter esse registro para atuar legalmente. O DRT, portanto, \u00e9 crucial para assegurar que os trabalhadores estejam devidamente qualificados e em conformidade com as normas estabelecidas, sendo representados pelo SATED SP para garantir seus direitos e deveres.<\/p><p>Verifique atentamente se a fun\u00e7\u00e3o desejada para obter seu registro profissional est\u00e1 vinculada a este sindicato.<\/p><p>Clique abaixo na categoria e em seguida na profiss\u00e3o para saber o PASSO A PASSO para\u00a0tirar\u00a0seu\u00a0DRT:<\/p>\t\t\t\t\t\t\t\t<\/div>\n\t\t\t\t<\/div>\n\t\t<div class=\"elementor-element elementor-element-3739448 e-flex e-con-boxed sc_inner_width_none sc_layouts_column_icons_position_left e-con e-child\" data-id=\"3739448\" data-element_type=\"container\">\n\t\t\t\t\t<div class=\"e-con-inner\">\n\t\t\t\t<div class=\"elementor-element elementor-element-d5c0d12 elementor-widget__width-initial sc_fly_static elementor-widget elementor-widget-toggle\" data-id=\"d5c0d12\" data-element_type=\"widget\" data-widget_type=\"toggle.default\">\n\t\t\t\t<div class=\"elementor-widget-container\">\n\t\t\t\t\t\t\t<div class=\"elementor-toggle\">\n\t\t\t\t\t\t\t<div class=\"elementor-toggle-item\">\n\t\t\t\t\t<div id=\"elementor-tab-title-2241\" class=\"elementor-tab-title\" data-tab=\"1\" role=\"button\" aria-controls=\"elementor-tab-content-2241\" aria-expanded=\"false\">\n\t\t\t\t\t\t\t\t\t\t\t\t<span class=\"elementor-toggle-icon elementor-toggle-icon-left\" aria-hidden=\"true\">\n\t\t\t\t\t\t\t\t\t\t\t\t\t\t\t<span class=\"elementor-toggle-icon-closed\"><svg class=\"e-font-icon-svg e-fas-caret-right\" viewBox=\"0 0 192 512\" xmlns=\"http:\/\/www.w3.org\/2000\/svg\"><path d=\"M0 384.662V127.338c0-17.818 21.543-26.741 34.142-14.142l128.662 128.662c7.81 7.81 7.81 20.474 0 28.284L34.142 398.804C21.543 411.404 0 402.48 0 384.662z\"><\/path><\/svg><\/span>\n\t\t\t\t\t\t\t\t<span class=\"elementor-toggle-icon-opened\"><svg class=\"elementor-toggle-icon-opened e-font-icon-svg e-fas-caret-up\" viewBox=\"0 0 320 512\" xmlns=\"http:\/\/www.w3.org\/2000\/svg\"><path d=\"M288.662 352H31.338c-17.818 0-26.741-21.543-14.142-34.142l128.662-128.662c7.81-7.81 20.474-7.81 28.284 0l128.662 128.662c12.6 12.599 3.676 34.142-14.142 34.142z\"><\/path><\/svg><\/span>\n\t\t\t\t\t\t\t\t\t\t\t\t\t<\/span>\n\t\t\t\t\t\t\t\t\t\t\t\t<a class=\"elementor-toggle-title\" tabindex=\"0\">Profiss\u00f5es Artes C\u00eanicas - Procedimentos de DRT <\/a>\n\t\t\t\t\t<\/div>\n\n\t\t\t\t\t<div id=\"elementor-tab-content-2241\" class=\"elementor-tab-content elementor-clearfix\" data-tab=\"1\" role=\"region\" aria-labelledby=\"elementor-tab-title-2241\"><p>&#8211; <a href=\"https:\/\/satedsp.org.br\/index.php\/profissoes-aderecista\/\" target=\"_blank\" rel=\"noopener\"><strong>Aderecista (Artista \/ 18 anos)<\/strong><\/a><\/p><p>&#8211; <a href=\"https:\/\/satedsp.org.br\/index.php\/profissoes-assistente-de-direcao\/\" target=\"_blank\" rel=\"noopener\"><strong>Assistente de Dire\u00e7\u00e3o (Artista \/ 18 anos)<\/strong><\/a><\/p><p>&#8211; <a href=\"https:\/\/satedsp.org.br\/index.php\/profissoes-ator\/\" target=\"_blank\" rel=\"noopener\"><strong>Ator (Artista \/ 18 anos)<\/strong><\/a><\/p><p>&#8211; <a href=\"https:\/\/satedsp.org.br\/index.php\/profissoes-cabeleireiroa-de-espetaculos\/\" target=\"_blank\" rel=\"noopener\"><strong>Cabeleireiro de Espet\u00e1culos (Artista \/ 18 anos)<\/strong><\/a><\/p><p>&#8211; <a href=\"https:\/\/satedsp.org.br\/index.php\/profissoes-caracterizadora\/\" target=\"_blank\" rel=\"noopener\"><strong>Caracterizador (Artista \/ 18 anos)<\/strong><\/a><\/p><p>&#8211; <a href=\"https:\/\/satedsp.org.br\/index.php\/profissoes-cenografo\/\" target=\"_blank\" rel=\"noopener\"><strong>Cen\u00f3grafo (Artista \/ 21 anos)<\/strong><\/a><\/p><p>&#8211; <a href=\"https:\/\/satedsp.org.br\/index.php\/profissoes-diretora\/\" target=\"_blank\" rel=\"noopener\"><strong>Diretor(a) (Artista \/ 21 anos)<\/strong><\/a><\/p><p>&#8211; <a href=\"https:\/\/satedsp.org.br\/index.php\/profissoes-excentrico-musical\/\" target=\"_blank\" rel=\"noopener\"><strong>Exc\u00eantrico Musical (Artista \/ 18 anos)<\/strong><\/a><\/p><p>&#8211; <a href=\"https:\/\/satedsp.org.br\/index.php\/profissoes-figurante\/\" target=\"_blank\" rel=\"noopener\"><strong>Figurante (Artista \/ 16 anos)<\/strong><\/a><\/p><p>&#8211; <a href=\"https:\/\/satedsp.org.br\/index.php\/profissoes-figurinista\/\" target=\"_blank\" rel=\"noopener\"><strong>Figurinista (Artista \/ 18 anos)<\/strong><\/a><\/p><p>&#8211; <a href=\"https:\/\/satedsp.org.br\/index.php\/profissoes-iluminadora\/\" target=\"_blank\" rel=\"noopener\"><strong>Iluminador (Artista \/ 18 anos)<\/strong><\/a><\/p><p>&#8211; <a href=\"https:\/\/satedsp.org.br\/index.php\/profissoes-sonoplasta\/\" target=\"_blank\" rel=\"noopener\"><strong>Sonoplasta (Artista \/ 18 anos)<\/strong><\/a><\/p><p>&#8211; <a href=\"https:\/\/satedsp.org.br\/index.php\/profissoes-maquiador-de-espetaculos\/\" target=\"_blank\" rel=\"noopener\"><strong>Maquiador de Espet\u00e1culos (Artista \/ 18 anos)<\/strong><\/a><\/p><\/div>\n\t\t\t\t<\/div>\n\t\t\t\t\t\t\t<div class=\"elementor-toggle-item\">\n\t\t\t\t\t<div id=\"elementor-tab-title-2242\" class=\"elementor-tab-title\" data-tab=\"2\" role=\"button\" aria-controls=\"elementor-tab-content-2242\" aria-expanded=\"false\">\n\t\t\t\t\t\t\t\t\t\t\t\t<span class=\"elementor-toggle-icon elementor-toggle-icon-left\" aria-hidden=\"true\">\n\t\t\t\t\t\t\t\t\t\t\t\t\t\t\t<span class=\"elementor-toggle-icon-closed\"><svg class=\"e-font-icon-svg e-fas-caret-right\" viewBox=\"0 0 192 512\" xmlns=\"http:\/\/www.w3.org\/2000\/svg\"><path d=\"M0 384.662V127.338c0-17.818 21.543-26.741 34.142-14.142l128.662 128.662c7.81 7.81 7.81 20.474 0 28.284L34.142 398.804C21.543 411.404 0 402.48 0 384.662z\"><\/path><\/svg><\/span>\n\t\t\t\t\t\t\t\t<span class=\"elementor-toggle-icon-opened\"><svg class=\"elementor-toggle-icon-opened e-font-icon-svg e-fas-caret-up\" viewBox=\"0 0 320 512\" xmlns=\"http:\/\/www.w3.org\/2000\/svg\"><path d=\"M288.662 352H31.338c-17.818 0-26.741-21.543-14.142-34.142l128.662-128.662c7.81-7.81 20.474-7.81 28.284 0l128.662 128.662c12.6 12.599 3.676 34.142-14.142 34.142z\"><\/path><\/svg><\/span>\n\t\t\t\t\t\t\t\t\t\t\t\t\t<\/span>\n\t\t\t\t\t\t\t\t\t\t\t\t<a class=\"elementor-toggle-title\" tabindex=\"0\">Profiss\u00f5es CIRCO - Procedimentos de DRT<\/a>\n\t\t\t\t\t<\/div>\n\n\t\t\t\t\t<div id=\"elementor-tab-content-2242\" class=\"elementor-tab-content elementor-clearfix\" data-tab=\"2\" role=\"region\" aria-labelledby=\"elementor-tab-title-2242\"><h4><span style=\"text-decoration: underline;\"><strong><a href=\"https:\/\/satedsp.org.br\/wp-content\/uploads\/2025\/12\/IT-CIRCO-DEZ-2025.ATUALIZADA-COM-ESTATUTO.pdf\" target=\"_blank\" rel=\"noopener\">&#8211; TODAS as ocupa\u00e7\u00e3o de Circo, instru\u00e7\u00e3o normativa COMPLETA<\/a><\/strong><\/span><\/h4><p>&#8211; <a href=\"https:\/\/satedsp.org.br\/index.php\/profissoes-acrobata\/\" target=\"_blank\" rel=\"noopener\"><strong>Acrobata (Artista \/ 18 anos)<\/strong><\/a><\/p><p>&#8211; <a href=\"https:\/\/satedsp.org.br\/index.php\/profissoes-amestrador\/\" target=\"_blank\" rel=\"noopener\"><strong>Amestrador (Artista \/ 18 anos)<\/strong><\/a><\/p><p>&#8211; <a href=\"https:\/\/satedsp.org.br\/index.php\/profissoes-comedor-de-fogo\/\" target=\"_blank\" rel=\"noopener\"><strong>Comedor de Fogo (Artista \/ 18 anos)<\/strong><\/a><\/p><p>&#8211; <a href=\"https:\/\/satedsp.org.br\/index.php\/profissoes-contorcionista\/\" target=\"_blank\" rel=\"noopener\"><strong>Contorcionista (Artista \/ 18 anos)<\/strong><\/a><\/p><p>&#8211; <a href=\"https:\/\/satedsp.org.br\/index.php\/profissoes-domadora\/\" target=\"_blank\" rel=\"noopener\"><strong>Domador (Artista \/ 18 anos)<\/strong><\/a><\/p><p>&#8211; <a href=\"https:\/\/satedsp.org.br\/index.php\/profissoes-ensaiadora-circense\/\" target=\"_blank\" rel=\"noopener\"><strong>Ensaiador Circense (Artista \/ 18 anos)<\/strong><\/a><\/p><p>&#8211; <a href=\"https:\/\/satedsp.org.br\/index.php\/profissoes-equilibrista\/\" target=\"_blank\" rel=\"noopener\"><strong>Equilibrista (Artista \/ 18 anos)<\/strong><\/a><\/p><p>&#8211; <a href=\"https:\/\/satedsp.org.br\/index.php\/profissoes-faquir\/\" target=\"_blank\" rel=\"noopener\"><strong>Faquir (Artista \/ 18 anos)<\/strong><\/a><\/p><p>&#8211; <a href=\"https:\/\/satedsp.org.br\/index.php\/profissoes-homem-bala-mulher-bala\/\" target=\"_blank\" rel=\"noopener\"><strong>Homem-Bala \/ Mulher-bala ( Artista \/ 18 anos )<\/strong><\/a><\/p><p>&#8211; <a href=\"https:\/\/satedsp.org.br\/index.php\/profissoes-homem-mulher-do-globo-da-morte\/\" target=\"_blank\" rel=\"noopener\"><strong>Homem \/ Mulher do Globo da Morte (Artista \/ 18 anos)<\/strong><\/a><\/p><p>&#8211; <a href=\"https:\/\/satedsp.org.br\/index.php\/profissoes-icarista\/\" target=\"_blank\" rel=\"noopener\"><strong>Icarista (Artista \/ 18 anos)<\/strong><\/a><\/p><p>&#8211; <a href=\"https:\/\/satedsp.org.br\/index.php\/profissoes-magico\/\" target=\"_blank\" rel=\"noopener\"><strong>M\u00e1gico (Artista \/ 16 anos)<\/strong><\/a><\/p><p>&#8211; <a href=\"https:\/\/satedsp.org.br\/index.php\/profissoes-malabarista\/\" target=\"_blank\" rel=\"noopener\"><strong>Malabarista (Artista \/ 16 anos)<\/strong><\/a><\/p><p>&#8211; <a href=\"https:\/\/satedsp.org.br\/index.php\/profissoes-palhaco\/\" target=\"_blank\" rel=\"noopener\"><strong>Palha\u00e7o (Artista \/ 16 anos)<\/strong><\/a><\/p><\/div>\n\t\t\t\t<\/div>\n\t\t\t\t\t\t\t<div class=\"elementor-toggle-item\">\n\t\t\t\t\t<div id=\"elementor-tab-title-2243\" class=\"elementor-tab-title\" data-tab=\"3\" role=\"button\" aria-controls=\"elementor-tab-content-2243\" aria-expanded=\"false\">\n\t\t\t\t\t\t\t\t\t\t\t\t<span class=\"elementor-toggle-icon elementor-toggle-icon-left\" aria-hidden=\"true\">\n\t\t\t\t\t\t\t\t\t\t\t\t\t\t\t<span class=\"elementor-toggle-icon-closed\"><svg class=\"e-font-icon-svg e-fas-caret-right\" viewBox=\"0 0 192 512\" xmlns=\"http:\/\/www.w3.org\/2000\/svg\"><path d=\"M0 384.662V127.338c0-17.818 21.543-26.741 34.142-14.142l128.662 128.662c7.81 7.81 7.81 20.474 0 28.284L34.142 398.804C21.543 411.404 0 402.48 0 384.662z\"><\/path><\/svg><\/span>\n\t\t\t\t\t\t\t\t<span class=\"elementor-toggle-icon-opened\"><svg class=\"elementor-toggle-icon-opened e-font-icon-svg e-fas-caret-up\" viewBox=\"0 0 320 512\" xmlns=\"http:\/\/www.w3.org\/2000\/svg\"><path d=\"M288.662 352H31.338c-17.818 0-26.741-21.543-14.142-34.142l128.662-128.662c7.81-7.81 20.474-7.81 28.284 0l128.662 128.662c12.6 12.599 3.676 34.142-14.142 34.142z\"><\/path><\/svg><\/span>\n\t\t\t\t\t\t\t\t\t\t\t\t\t<\/span>\n\t\t\t\t\t\t\t\t\t\t\t\t<a class=\"elementor-toggle-title\" tabindex=\"0\">Profiss\u00f5es da Dublagem - Procedimentos de DRT<\/a>\n\t\t\t\t\t<\/div>\n\n\t\t\t\t\t<div id=\"elementor-tab-content-2243\" class=\"elementor-tab-content elementor-clearfix\" data-tab=\"3\" role=\"region\" aria-labelledby=\"elementor-tab-title-2243\">\n&#8211; <a href=\"https:\/\/satedsp.org.br\/index.php\/profissoes-diretora-de-dublagem\/\" target=\"_blank\" rel=\"noopener\"><strong>Diretor de Dublagem (Artista \/ 21 anos)<\/strong><\/a><\/div>\n\t\t\t\t<\/div>\n\t\t\t\t\t\t\t<div class=\"elementor-toggle-item\">\n\t\t\t\t\t<div id=\"elementor-tab-title-2244\" class=\"elementor-tab-title\" data-tab=\"4\" role=\"button\" aria-controls=\"elementor-tab-content-2244\" aria-expanded=\"false\">\n\t\t\t\t\t\t\t\t\t\t\t\t<span class=\"elementor-toggle-icon elementor-toggle-icon-left\" aria-hidden=\"true\">\n\t\t\t\t\t\t\t\t\t\t\t\t\t\t\t<span class=\"elementor-toggle-icon-closed\"><svg class=\"e-font-icon-svg e-fas-caret-right\" viewBox=\"0 0 192 512\" xmlns=\"http:\/\/www.w3.org\/2000\/svg\"><path d=\"M0 384.662V127.338c0-17.818 21.543-26.741 34.142-14.142l128.662 128.662c7.81 7.81 7.81 20.474 0 28.284L34.142 398.804C21.543 411.404 0 402.48 0 384.662z\"><\/path><\/svg><\/span>\n\t\t\t\t\t\t\t\t<span class=\"elementor-toggle-icon-opened\"><svg class=\"elementor-toggle-icon-opened e-font-icon-svg e-fas-caret-up\" viewBox=\"0 0 320 512\" xmlns=\"http:\/\/www.w3.org\/2000\/svg\"><path d=\"M288.662 352H31.338c-17.818 0-26.741-21.543-14.142-34.142l128.662-128.662c7.81-7.81 20.474-7.81 28.284 0l128.662 128.662c12.6 12.599 3.676 34.142-14.142 34.142z\"><\/path><\/svg><\/span>\n\t\t\t\t\t\t\t\t\t\t\t\t\t<\/span>\n\t\t\t\t\t\t\t\t\t\t\t\t<a class=\"elementor-toggle-title\" tabindex=\"0\">Profiss\u00f5es Modelo e Manequim - Procedimentos de DRT <\/a>\n\t\t\t\t\t<\/div>\n\n\t\t\t\t\t<div id=\"elementor-tab-content-2244\" class=\"elementor-tab-content elementor-clearfix\" data-tab=\"4\" role=\"region\" aria-labelledby=\"elementor-tab-title-2244\"><p>&#8211; <a href=\"https:\/\/satedsp.org.br\/index.php\/profissoes-modelo-e-manequim\/\" target=\"_blank\" rel=\"noopener\"><strong>Modelo e Manequim (Artista \/ 16 anos)<\/strong><\/a><\/p><\/div>\n\t\t\t\t<\/div>\n\t\t\t\t\t\t\t<div class=\"elementor-toggle-item\">\n\t\t\t\t\t<div id=\"elementor-tab-title-2245\" class=\"elementor-tab-title\" data-tab=\"5\" role=\"button\" aria-controls=\"elementor-tab-content-2245\" aria-expanded=\"false\">\n\t\t\t\t\t\t\t\t\t\t\t\t<span class=\"elementor-toggle-icon elementor-toggle-icon-left\" aria-hidden=\"true\">\n\t\t\t\t\t\t\t\t\t\t\t\t\t\t\t<span class=\"elementor-toggle-icon-closed\"><svg class=\"e-font-icon-svg e-fas-caret-right\" viewBox=\"0 0 192 512\" xmlns=\"http:\/\/www.w3.org\/2000\/svg\"><path d=\"M0 384.662V127.338c0-17.818 21.543-26.741 34.142-14.142l128.662 128.662c7.81 7.81 7.81 20.474 0 28.284L34.142 398.804C21.543 411.404 0 402.48 0 384.662z\"><\/path><\/svg><\/span>\n\t\t\t\t\t\t\t\t<span class=\"elementor-toggle-icon-opened\"><svg class=\"elementor-toggle-icon-opened e-font-icon-svg e-fas-caret-up\" viewBox=\"0 0 320 512\" xmlns=\"http:\/\/www.w3.org\/2000\/svg\"><path d=\"M288.662 352H31.338c-17.818 0-26.741-21.543-14.142-34.142l128.662-128.662c7.81-7.81 20.474-7.81 28.284 0l128.662 128.662c12.6 12.599 3.676 34.142-14.142 34.142z\"><\/path><\/svg><\/span>\n\t\t\t\t\t\t\t\t\t\t\t\t\t<\/span>\n\t\t\t\t\t\t\t\t\t\t\t\t<a class=\"elementor-toggle-title\" tabindex=\"0\">Profiss\u00f5es T\u00e9cnicas - Procedimentos de DRT <\/a>\n\t\t\t\t\t<\/div>\n\n\t\t\t\t\t<div id=\"elementor-tab-content-2245\" class=\"elementor-tab-content elementor-clearfix\" data-tab=\"5\" role=\"region\" aria-labelledby=\"elementor-tab-title-2245\"><p><strong><br \/>&#8211; <a href=\"https:\/\/satedsp.org.br\/index.php\/profissoes-barreira\/\" target=\"_blank\" rel=\"noopener\">Barreira (T\u00e9cnico \/ 18 anos)<\/a><\/strong><\/p><p><strong>&#8211; <a href=\"https:\/\/satedsp.org.br\/index.php\/profissoes-camarada\/\" target=\"_blank\" rel=\"noopener\">Camarada (T\u00e9cnico \/ 18 anos)<\/a><\/strong><\/p><p><strong>&#8211; <a href=\"https:\/\/satedsp.org.br\/index.php\/profissoes-camareira\/\" target=\"_blank\" rel=\"noopener\">Camareira (T\u00e9cnico \/ 18 anos)<\/a><\/strong><\/p><p><strong>&#8211; <a href=\"https:\/\/satedsp.org.br\/index.php\/profissoes-capataz\/\" target=\"_blank\" rel=\"noopener\">Capataz (T\u00e9cnico \/ 18 anos)<\/a><\/strong><\/p><p>&#8211; <a href=\"https:\/\/satedsp.org.br\/index.php\/profissoes-cenotecnico\/\" target=\"_blank\" rel=\"noopener\"><strong>Cenot\u00e9cnico (T\u00e9cnico \/ 18 anos)<br \/><\/strong><\/a><\/p><p>&#8211; <a href=\"https:\/\/satedsp.org.br\/index.php\/profissoes-contra-regra-tecnico-18-anos\/\" target=\"_blank\" rel=\"noopener\"><strong>Contra-Regra (T\u00e9cnico \/ 18 anos)<\/strong><\/a><\/p><p>&#8211; <a href=\"https:\/\/satedsp.org.br\/index.php\/profissoes-cortineiroa\/\" target=\"_blank\" rel=\"noopener\"><strong>Cortineiro(a) (T\u00e9cnico \/ 18 anos)<\/strong><\/a><\/p><p>&#8211; <a href=\"https:\/\/satedsp.org.br\/index.php\/profissoes-costureirao-de-espetaculos\/\" target=\"_blank\" rel=\"noopener\"><strong>Costureira(o) de Espet\u00e1culos (T\u00e9cnico \/ 18 anos)<\/strong><\/a><\/p><p><strong>&#8211; <a href=\"https:\/\/satedsp.org.br\/index.php\/profissoes-diretora-de-cena\/\" target=\"_blank\" rel=\"noopener\">Diretor(a) de Cena (T\u00e9cnico \/ 18 anos)<\/a><\/strong><\/p><p>&#8211; <a href=\"https:\/\/satedsp.org.br\/index.php\/profissoes-diretor-de-producao\/\" target=\"_blank\" rel=\"noopener\"><strong>Diretor(a) de Produ\u00e7\u00e3o (T\u00e9cnico \/ 18 anos)<\/strong><\/a><\/p><p>&#8211; <a href=\"https:\/\/satedsp.org.br\/index.php\/profissoes-eletricista-de-circo\/\" target=\"_blank\" rel=\"noopener\"><strong>Eletricista de Circo (T\u00e9cnico \/ 18 anos)<\/strong><\/a><\/p><p>&#8211; <strong><a href=\"https:\/\/satedsp.org.br\/index.php\/profissoes-eletricista-de-espetaculos\/\" target=\"_blank\" rel=\"noopener\">Eletricista de Espet\u00e1culos (T\u00e9cnico \/ 18 anos)<\/a><\/strong><\/p><p>&#8211; <a href=\"https:\/\/satedsp.org.br\/index.php\/profissoes-maquinista\/\" target=\"_blank\" rel=\"noopener\"><strong>Maquinista (T\u00e9cnico \/ 18 anos)<\/strong><\/a><\/p><p>&#8211; <a href=\"https:\/\/satedsp.org.br\/index.php\/profissoes-maquinista-auxiliar\/\" target=\"_blank\" rel=\"noopener\"><strong>Maquinista Auxiliar (T\u00e9cnico \/ 18 anos)<\/strong><\/a><\/p><p>&#8211; <a href=\"https:\/\/satedsp.org.br\/index.php\/profissoes-mestre-de-pista\/\" target=\"_blank\" rel=\"noopener\"><strong>Mestre de Pista (T\u00e9cnico \/ 18 anos)<\/strong><\/a><\/p><p>&#8211; <a href=\"https:\/\/satedsp.org.br\/index.php\/profissoes-operadora-de-luz\/\" target=\"_blank\" rel=\"noopener\"><strong>Operador(a) de Luz (T\u00e9cnico \/ 18 anos)<\/strong><\/a><\/p><p>&#8211; <a href=\"https:\/\/satedsp.org.br\/index.php\/profissoes-operadora-do-som\/\" target=\"_blank\" rel=\"noopener\"><strong>Operador(a) de Som (T\u00e9cnico \/ 18 anos)<\/strong><\/a><\/p><p>&#8211; <a href=\"https:\/\/satedsp.org.br\/index.php\/profissoes-secretarioa-de-frente\/\" target=\"_blank\" rel=\"noopener\"><strong>Secret\u00e1rio(a) de Frente (T\u00e9cnico \/ 18 anos)<\/strong><\/a><\/p><p>&#8211; <a href=\"https:\/\/satedsp.org.br\/index.php\/profissoes-secretarioa-teatral\/\" target=\"_blank\" rel=\"noopener\"><strong>Secret\u00e1rio(a) Teatral (T\u00e9cnico \/ 18 anos)<\/strong><\/a><\/p><p>&#8211; <a href=\"https:\/\/satedsp.org.br\/index.php\/profissoes-tecnico-de-som-tecnico-18-anos\/\" target=\"_blank\" rel=\"noopener\"><strong>T\u00e9cnico de Som (T\u00e9cnico \/ 18 anos)<\/strong><\/a><\/p><\/div>\n\t\t\t\t<\/div>\n\t\t\t\t\t\t\t\t<\/div>\n\t\t\t\t\t\t<\/div>\n\t\t\t\t<\/div>\n\t\t\t\t\t<\/div>\n\t\t\t\t<\/div>\n\t\t\t\t<\/div>\n\t\t\t\t\t<\/div>\n\t\t\t\t<\/div>\n\t\t\t\t<\/div>\n\t\t","protected":false},"excerpt":{"rendered":"<p>DRT &#8211; Registro Profissional Como Funciona Taxas O que \u00e9 o DRT ? O DRT, que significa &#8220;Delegacia Regional do Trabalho&#8221;, \u00e9 um registro profissional vital para trabalhadores das categorias especificadas na Lei n\u00ba 6.533\/78. Esse registro \u00e9 emitido pela Delegacia Regional de Trabalho, uma entidade respons\u00e1vel pela regulamenta\u00e7\u00e3o e fiscaliza\u00e7\u00e3o das profiss\u00f5es no setor&hellip;<\/p>\n","protected":false},"author":1,"featured_media":0,"parent":0,"menu_order":0,"comment_status":"closed","ping_status":"closed","template":"elementor_header_footer","meta":{"cybocfi_hide_featured_image":"","footnotes":""},"class_list":["post-17223","page","type-page","status-publish","hentry"],"_links":{"self":[{"href":"https:\/\/satedsp.org.br\/index.php\/wp-json\/wp\/v2\/pages\/17223","targetHints":{"allow":["GET"]}}],"collection":[{"href":"https:\/\/satedsp.org.br\/index.php\/wp-json\/wp\/v2\/pages"}],"about":[{"href":"https:\/\/satedsp.org.br\/index.php\/wp-json\/wp\/v2\/types\/page"}],"author":[{"embeddable":true,"href":"https:\/\/satedsp.org.br\/index.php\/wp-json\/wp\/v2\/users\/1"}],"replies":[{"embeddable":true,"href":"https:\/\/satedsp.org.br\/index.php\/wp-json\/wp\/v2\/comments?post=17223"}],"version-history":[{"count":326,"href":"https:\/\/satedsp.org.br\/index.php\/wp-json\/wp\/v2\/pages\/17223\/revisions"}],"predecessor-version":[{"id":22028,"href":"https:\/\/satedsp.org.br\/index.php\/wp-json\/wp\/v2\/pages\/17223\/revisions\/22028"}],"wp:attachment":[{"href":"https:\/\/satedsp.org.br\/index.php\/wp-json\/wp\/v2\/media?parent=17223"}],"curies":[{"name":"wp","href":"https:\/\/api.w.org\/{rel}","templated":true}]}}