{"id":17250,"date":"2024-03-21T09:36:39","date_gmt":"2024-03-21T09:36:39","guid":{"rendered":"https:\/\/satedsp.org.br\/novo\/?page_id=17250"},"modified":"2024-03-21T12:17:38","modified_gmt":"2024-03-21T12:17:38","slug":"nova-tabela-de-valores-de-atendimento-juridico-pessoa-juridica-pessoa-fisica","status":"publish","type":"page","link":"https:\/\/satedsp.org.br\/index.php\/nova-tabela-de-valores-de-atendimento-juridico-pessoa-juridica-pessoa-fisica\/","title":{"rendered":"Nova tabela de valores de atendimento jur\u00eddico Pessoa Jur\u00eddica (Pessoa F\u00edsica)"},"content":{"rendered":"\t\t<div data-elementor-type=\"wp-page\" data-elementor-id=\"17250\" class=\"elementor elementor-17250\" data-elementor-post-type=\"page\">\n\t\t\t\t<div class=\"elementor-element elementor-element-e226a2d e-flex e-con-boxed sc_inner_width_none sc_layouts_column_icons_position_left e-con e-parent\" data-id=\"e226a2d\" data-element_type=\"container\">\n\t\t\t\t\t<div class=\"e-con-inner\">\n\t\t\t\t<div class=\"elementor-element elementor-element-c9aa934 sc_fly_static elementor-widget elementor-widget-spacer\" data-id=\"c9aa934\" data-element_type=\"widget\" data-widget_type=\"spacer.default\">\n\t\t\t\t<div class=\"elementor-widget-container\">\n\t\t\t\t\t\t\t<div class=\"elementor-spacer\">\n\t\t\t<div class=\"elementor-spacer-inner\"><\/div>\n\t\t<\/div>\n\t\t\t\t\t\t<\/div>\n\t\t\t\t<\/div>\n\t\t\t\t\t<\/div>\n\t\t\t\t<\/div>\n\t\t<div class=\"elementor-element elementor-element-3209feb e-flex e-con-boxed sc_inner_width_none sc_layouts_column_icons_position_left e-con e-parent\" data-id=\"3209feb\" data-element_type=\"container\">\n\t\t\t\t\t<div class=\"e-con-inner\">\n\t\t\t\t<div class=\"elementor-element elementor-element-782e6d6 sc_fly_static elementor-widget elementor-widget-heading\" data-id=\"782e6d6\" data-element_type=\"widget\" data-widget_type=\"heading.default\">\n\t\t\t\t<div class=\"elementor-widget-container\">\n\t\t\t\t\t<h2 class=\"elementor-heading-title elementor-size-default\">Nova tabela de valores de atendimento jur\u00eddico<\/h2>\t\t\t\t<\/div>\n\t\t\t\t<\/div>\n\t\t\t\t\t<\/div>\n\t\t\t\t<\/div>\n\t\t<div class=\"elementor-element elementor-element-5f1942b e-flex e-con-boxed sc_inner_width_none sc_layouts_column_icons_position_left e-con e-parent\" data-id=\"5f1942b\" data-element_type=\"container\">\n\t\t\t\t\t<div class=\"e-con-inner\">\n\t\t\t\t<div class=\"elementor-element elementor-element-2979777 elementor-widget-divider--view-line sc_fly_static elementor-widget elementor-widget-divider\" data-id=\"2979777\" data-element_type=\"widget\" data-widget_type=\"divider.default\">\n\t\t\t\t<div class=\"elementor-widget-container\">\n\t\t\t\t\t\t\t<div class=\"elementor-divider\">\n\t\t\t<span class=\"elementor-divider-separator\">\n\t\t\t\t\t\t<\/span>\n\t\t<\/div>\n\t\t\t\t\t\t<\/div>\n\t\t\t\t<\/div>\n\t\t\t\t\t<\/div>\n\t\t\t\t<\/div>\n\t\t<div class=\"elementor-element elementor-element-3c89e14 e-flex e-con-boxed sc_inner_width_none sc_layouts_column_icons_position_left e-con e-parent\" data-id=\"3c89e14\" data-element_type=\"container\">\n\t\t\t\t\t<div class=\"e-con-inner\">\n\t\t\t\t<div class=\"elementor-element elementor-element-d3f331e sc_fly_static elementor-widget elementor-widget-text-editor\" data-id=\"d3f331e\" data-element_type=\"widget\" data-widget_type=\"text-editor.default\">\n\t\t\t\t<div class=\"elementor-widget-container\">\n\t\t\t\t\t\t\t\t\t<h4><span style=\"color: #808080;\">Pessoa F\u00edsica<\/span><\/h4><p><br \/>Associados (em dia) R$ 0,00<br \/>N\u00e3o S\u00f3cio &#8211; (pessoa f\u00edsica) R$ 100,00<br \/>N\u00e3o S\u00f3cio &#8211; (pessoa Jur\u00eddica) R$ 200,00<\/p><p>Atendimento do Depto. Jur\u00eddico com hora marcada nas segundas, quartas, e sextas-feiras, das 9h as 13h.<\/p><p>Agendar com anteced\u00eancia<\/p><p>Fone: 11 3335-6131 ramal 205, ou e-mail <span style=\"color: #ff6600;\">juridico@satedsp.org.br<\/span><\/p><p>\u00a0<\/p>\t\t\t\t\t\t\t\t<\/div>\n\t\t\t\t<\/div>\n\t\t\t\t\t<\/div>\n\t\t\t\t<\/div>\n\t\t\t\t<\/div>\n\t\t","protected":false},"excerpt":{"rendered":"<p>Nova tabela de valores de atendimento jur\u00eddico Pessoa F\u00edsica Associados (em dia) R$ 0,00N\u00e3o S\u00f3cio &#8211; (pessoa f\u00edsica) R$ 100,00N\u00e3o S\u00f3cio &#8211; (pessoa Jur\u00eddica) R$ 200,00 Atendimento do Depto. Jur\u00eddico com hora marcada nas segundas, quartas, e sextas-feiras, das 9h as 13h. Agendar com anteced\u00eancia Fone: 11 3335-6131 ramal 205, ou e-mail juridico@satedsp.org.br \u00a0<\/p>\n","protected":false},"author":1,"featured_media":0,"parent":0,"menu_order":0,"comment_status":"closed","ping_status":"closed","template":"","meta":{"cybocfi_hide_featured_image":"","footnotes":""},"class_list":["post-17250","page","type-page","status-publish","hentry"],"_links":{"self":[{"href":"https:\/\/satedsp.org.br\/index.php\/wp-json\/wp\/v2\/pages\/17250","targetHints":{"allow":["GET"]}}],"collection":[{"href":"https:\/\/satedsp.org.br\/index.php\/wp-json\/wp\/v2\/pages"}],"about":[{"href":"https:\/\/satedsp.org.br\/index.php\/wp-json\/wp\/v2\/types\/page"}],"author":[{"embeddable":true,"href":"https:\/\/satedsp.org.br\/index.php\/wp-json\/wp\/v2\/users\/1"}],"replies":[{"embeddable":true,"href":"https:\/\/satedsp.org.br\/index.php\/wp-json\/wp\/v2\/comments?post=17250"}],"version-history":[{"count":7,"href":"https:\/\/satedsp.org.br\/index.php\/wp-json\/wp\/v2\/pages\/17250\/revisions"}],"predecessor-version":[{"id":17413,"href":"https:\/\/satedsp.org.br\/index.php\/wp-json\/wp\/v2\/pages\/17250\/revisions\/17413"}],"wp:attachment":[{"href":"https:\/\/satedsp.org.br\/index.php\/wp-json\/wp\/v2\/media?parent=17250"}],"curies":[{"name":"wp","href":"https:\/\/api.w.org\/{rel}","templated":true}]}}