{"id":17255,"date":"2024-03-21T09:41:27","date_gmt":"2024-03-21T09:41:27","guid":{"rendered":"https:\/\/satedsp.org.br\/novo\/?page_id=17255"},"modified":"2024-03-21T09:44:17","modified_gmt":"2024-03-21T09:44:17","slug":"reclame-sated","status":"publish","type":"page","link":"https:\/\/satedsp.org.br\/index.php\/reclame-sated\/","title":{"rendered":"Reclame SATED"},"content":{"rendered":"\t\t<div data-elementor-type=\"wp-page\" data-elementor-id=\"17255\" class=\"elementor elementor-17255\" data-elementor-post-type=\"page\">\n\t\t\t\t<div class=\"elementor-element elementor-element-f575cf7 e-flex e-con-boxed sc_inner_width_none sc_layouts_column_icons_position_left e-con e-parent\" data-id=\"f575cf7\" data-element_type=\"container\">\n\t\t\t\t\t<div class=\"e-con-inner\">\n\t\t\t\t<div class=\"elementor-element elementor-element-96c0d7c sc_fly_static elementor-widget elementor-widget-spacer\" data-id=\"96c0d7c\" data-element_type=\"widget\" data-widget_type=\"spacer.default\">\n\t\t\t\t<div class=\"elementor-widget-container\">\n\t\t\t\t\t\t\t<div class=\"elementor-spacer\">\n\t\t\t<div class=\"elementor-spacer-inner\"><\/div>\n\t\t<\/div>\n\t\t\t\t\t\t<\/div>\n\t\t\t\t<\/div>\n\t\t\t\t\t<\/div>\n\t\t\t\t<\/div>\n\t\t<div class=\"elementor-element elementor-element-e5629bb e-flex e-con-boxed sc_inner_width_none sc_layouts_column_icons_position_left e-con e-parent\" data-id=\"e5629bb\" data-element_type=\"container\">\n\t\t\t\t\t<div class=\"e-con-inner\">\n\t\t\t\t<div class=\"elementor-element elementor-element-3218471 sc_fly_static elementor-widget elementor-widget-text-editor\" data-id=\"3218471\" data-element_type=\"widget\" data-widget_type=\"text-editor.default\">\n\t\t\t\t<div class=\"elementor-widget-container\">\n\t\t\t\t\t\t\t\t\t<p><img fetchpriority=\"high\" decoding=\"async\" class=\"size-full wp-image-17257 alignleft\" src=\"https:\/\/satedsp.org.br\/novo\/wp-content\/uploads\/2024\/03\/30825686_1662684190475025_1729235045_o-300x169-1.jpg\" alt=\"\" width=\"300\" height=\"169\" srcset=\"https:\/\/satedsp.org.br\/wp-content\/uploads\/2024\/03\/30825686_1662684190475025_1729235045_o-300x169-1.jpg 300w, https:\/\/satedsp.org.br\/wp-content\/uploads\/2024\/03\/30825686_1662684190475025_1729235045_o-300x169-1-270x152.jpg 270w\" sizes=\"(max-width: 300px) 100vw, 300px\" \/><br \/>A den\u00fancia de ocorr\u00eancias que atingem os direitos da categoria ou ferem os princ\u00edpios de \u00e9tica profissional ajuda o SATED SP a trabalhar por melhores condi\u00e7\u00f5es de trabalho para todos. Entre em contato pelo email\u00a0<span style=\"color: #ff6600;\"><strong>reclamesatedsp@satedsp.org.br<\/strong><\/span>, detalhe as ocorr\u00eancias com anonimato e seguran\u00e7a garantidos.<\/p>\t\t\t\t\t\t\t\t<\/div>\n\t\t\t\t<\/div>\n\t\t\t\t\t<\/div>\n\t\t\t\t<\/div>\n\t\t\t\t<\/div>\n\t\t","protected":false},"excerpt":{"rendered":"<p>A den\u00fancia de ocorr\u00eancias que atingem os direitos da categoria ou ferem os princ\u00edpios de \u00e9tica profissional ajuda o SATED SP a trabalhar por melhores condi\u00e7\u00f5es de trabalho para todos. Entre em contato pelo email\u00a0reclamesatedsp@satedsp.org.br, detalhe as ocorr\u00eancias com anonimato e seguran\u00e7a garantidos.<\/p>\n","protected":false},"author":1,"featured_media":0,"parent":0,"menu_order":0,"comment_status":"closed","ping_status":"closed","template":"","meta":{"cybocfi_hide_featured_image":"","footnotes":""},"class_list":["post-17255","page","type-page","status-publish","hentry"],"_links":{"self":[{"href":"https:\/\/satedsp.org.br\/index.php\/wp-json\/wp\/v2\/pages\/17255","targetHints":{"allow":["GET"]}}],"collection":[{"href":"https:\/\/satedsp.org.br\/index.php\/wp-json\/wp\/v2\/pages"}],"about":[{"href":"https:\/\/satedsp.org.br\/index.php\/wp-json\/wp\/v2\/types\/page"}],"author":[{"embeddable":true,"href":"https:\/\/satedsp.org.br\/index.php\/wp-json\/wp\/v2\/users\/1"}],"replies":[{"embeddable":true,"href":"https:\/\/satedsp.org.br\/index.php\/wp-json\/wp\/v2\/comments?post=17255"}],"version-history":[{"count":4,"href":"https:\/\/satedsp.org.br\/index.php\/wp-json\/wp\/v2\/pages\/17255\/revisions"}],"predecessor-version":[{"id":17260,"href":"https:\/\/satedsp.org.br\/index.php\/wp-json\/wp\/v2\/pages\/17255\/revisions\/17260"}],"wp:attachment":[{"href":"https:\/\/satedsp.org.br\/index.php\/wp-json\/wp\/v2\/media?parent=17255"}],"curies":[{"name":"wp","href":"https:\/\/api.w.org\/{rel}","templated":true}]}}