{"id":17621,"date":"2024-03-27T11:19:08","date_gmt":"2024-03-27T11:19:08","guid":{"rendered":"https:\/\/satedsp.org.br\/novo\/?page_id=17621"},"modified":"2026-03-16T20:39:44","modified_gmt":"2026-03-16T20:39:44","slug":"registro-de-contratos","status":"publish","type":"page","link":"https:\/\/satedsp.org.br\/index.php\/registro-de-contratos\/","title":{"rendered":"Registro de Contratos"},"content":{"rendered":"\t\t<div data-elementor-type=\"wp-page\" data-elementor-id=\"17621\" class=\"elementor elementor-17621\" data-elementor-post-type=\"page\">\n\t\t\t\t<div class=\"elementor-element elementor-element-6ed0c09 e-flex e-con-boxed sc_inner_width_none sc_layouts_column_icons_position_left e-con e-parent\" data-id=\"6ed0c09\" data-element_type=\"container\">\n\t\t\t\t\t<div class=\"e-con-inner\">\n\t\t\t\t<div class=\"elementor-element elementor-element-b4a24e8 sc_fly_static elementor-widget elementor-widget-spacer\" data-id=\"b4a24e8\" data-element_type=\"widget\" data-widget_type=\"spacer.default\">\n\t\t\t\t<div class=\"elementor-widget-container\">\n\t\t\t\t\t\t\t<div class=\"elementor-spacer\">\n\t\t\t<div class=\"elementor-spacer-inner\"><\/div>\n\t\t<\/div>\n\t\t\t\t\t\t<\/div>\n\t\t\t\t<\/div>\n\t\t\t\t\t<\/div>\n\t\t\t\t<\/div>\n\t\t<div class=\"elementor-element elementor-element-25adb79 e-flex e-con-boxed sc_inner_width_none sc_layouts_column_icons_position_left e-con e-parent\" data-id=\"25adb79\" data-element_type=\"container\">\n\t\t\t\t\t<div class=\"e-con-inner\">\n\t\t\t\t<div class=\"elementor-element elementor-element-bbe2ade sc_fly_static elementor-widget elementor-widget-heading\" data-id=\"bbe2ade\" data-element_type=\"widget\" data-widget_type=\"heading.default\">\n\t\t\t\t<div class=\"elementor-widget-container\">\n\t\t\t\t\t<h2 class=\"elementor-heading-title elementor-size-default\">Tr\u00e2mite para a libera\u00e7\u00e3o de espet\u00e1culos teatrais, shows, performance, evento e circo:<\/h2>\t\t\t\t<\/div>\n\t\t\t\t<\/div>\n\t\t\t\t\t<\/div>\n\t\t\t\t<\/div>\n\t\t<div class=\"elementor-element elementor-element-e4e0c3d e-flex e-con-boxed sc_inner_width_none sc_layouts_column_icons_position_left e-con e-parent\" data-id=\"e4e0c3d\" data-element_type=\"container\">\n\t\t\t\t\t<div class=\"e-con-inner\">\n\t\t\t\t<div class=\"elementor-element elementor-element-1bd83c6 elementor-widget-divider--view-line sc_fly_static elementor-widget elementor-widget-divider\" data-id=\"1bd83c6\" data-element_type=\"widget\" data-widget_type=\"divider.default\">\n\t\t\t\t<div class=\"elementor-widget-container\">\n\t\t\t\t\t\t\t<div class=\"elementor-divider\">\n\t\t\t<span class=\"elementor-divider-separator\">\n\t\t\t\t\t\t<\/span>\n\t\t<\/div>\n\t\t\t\t\t\t<\/div>\n\t\t\t\t<\/div>\n\t\t\t\t\t<\/div>\n\t\t\t\t<\/div>\n\t\t<div class=\"elementor-element elementor-element-6b59825 e-flex e-con-boxed sc_inner_width_none sc_layouts_column_icons_position_left e-con e-parent\" data-id=\"6b59825\" data-element_type=\"container\">\n\t\t\t\t\t<div class=\"e-con-inner\">\n\t\t\t\t<div class=\"elementor-element elementor-element-1175907 sc_fly_static elementor-widget elementor-widget-spacer\" data-id=\"1175907\" data-element_type=\"widget\" data-widget_type=\"spacer.default\">\n\t\t\t\t<div class=\"elementor-widget-container\">\n\t\t\t\t\t\t\t<div class=\"elementor-spacer\">\n\t\t\t<div class=\"elementor-spacer-inner\"><\/div>\n\t\t<\/div>\n\t\t\t\t\t\t<\/div>\n\t\t\t\t<\/div>\n\t\t\t\t\t<\/div>\n\t\t\t\t<\/div>\n\t\t<div class=\"elementor-element elementor-element-d999abc e-flex e-con-boxed sc_inner_width_none sc_layouts_column_icons_position_left e-con e-parent\" data-id=\"d999abc\" data-element_type=\"container\">\n\t\t\t\t\t<div class=\"e-con-inner\">\n\t\t\t\t<div class=\"elementor-element elementor-element-6863192 sc_fly_static elementor-widget elementor-widget-text-editor\" data-id=\"6863192\" data-element_type=\"widget\" data-widget_type=\"text-editor.default\">\n\t\t\t\t<div class=\"elementor-widget-container\">\n\t\t\t\t\t\t\t\t\t<p><span style=\"color: #333333;\"><strong>&#8211; Registro de Contratos<\/strong><\/span><\/p><p><span style=\"color: #333333;\"><strong>Tr\u00e2mite para a libera\u00e7\u00e3o de espet\u00e1culos teatrais, shows, filmes,<\/strong><\/span><br \/><span style=\"color: #333333;\"><strong>comerciais, v\u00eddeo, performance, evento e circo:<br \/><\/strong><\/span><br \/>O procedimento \u00e9 feito totalmente no formato online por meio do preenchimento do <a href=\"https:\/\/sated.fractaldata.com.br\/#\/loginPessoaJuridica\" target=\"_blank\" rel=\"noopener\">formul\u00e1rio<\/a>.<\/p><p>Acrescentar os seguintes documentos no formul\u00e1rio:<\/p><p>1-\u00a0 Os Contratos assinados <br \/>2 \u2013 RG e CPF dos contratados<br \/>3 \u2013 Registro profissional DRT do contratado (Artistas maiores de 16 anos**)<br \/>4 &#8211; Aus\u00eancia de DRT: Na inexist\u00eancia de registro profissional (DRT), dever\u00e1 ser solicitada Autoriza\u00e7\u00e3o de Trabalho (AT), mediante recolhimento de taxa equivalente a 20% (vinte por cento) do valor do contrato.<br \/>5 &#8211; Taxa de R$ 30,00 (trinta reais) para registro de cada contrato<br \/>6 \u2013 Nos casos de artistas menores de idade encaminhar RG ou certid\u00e3o de nascimento acompanhado da autoriza\u00e7\u00e3o do Juiz da vara de inf\u00e2ncia e juventude.<\/p><p><span style=\"color: #333333;\"><strong>1) Contratos por Tempo Determinado, Indeterminado, Notas Contratuais, Instrumento<\/strong> <strong>particular de participa\u00e7\u00e3o m\u00fatua e Empreendimento Teatral<\/strong><\/span><\/p><p>O procedimento \u00e9 feito totalmente no formato online por meio do preenchimento do <a href=\"https:\/\/sated.fractaldata.com.br\/#\/loginPessoaJuridica\" target=\"_blank\" rel=\"noopener\">formul\u00e1rio<\/a>.<\/p><p>1-\u00a0 Os Contratos assinados <br \/>2 \u2013 RG e CPF dos contratados<br \/>3 \u2013 Registro profissional DRT do contratado (Artistas maiores de 16 anos**)<br \/>4 &#8211; Aus\u00eancia de DRT: Na inexist\u00eancia de registro profissional (DRT), dever\u00e1 ser solicitada Autoriza\u00e7\u00e3o de Trabalho (AT), mediante recolhimento de taxa equivalente a 20% (vinte por cento) do valor do contrato.<br \/>5 &#8211; Taxa de R$ 30,00 (trinta reais) para registro de cada contrato<br \/>6 \u2013 Nos casos de artistas menores de idade encaminhar RG ou certid\u00e3o de nascimento acompanhado da autoriza\u00e7\u00e3o do Juiz da vara de inf\u00e2ncia e juventude.<\/p><p>*Todos os profissionais: Artistas e T\u00e9cnicos devem ter o Registro Profissional (D.R.T.), caso n\u00e3o tenham dever\u00e3o ser encaminhados ao SATED\/SP para obten\u00e7\u00e3o do Registro ou Autoriza\u00e7\u00e3o de Trabalho.<\/p><p><a href=\"https:\/\/sated.fractaldata.com.br\/#\/loginPessoaJuridica\" target=\"_blank\" rel=\"noopener\">Clique aqui\u00a0<\/a><\/p><p><strong><span style=\"color: #333333;\">2) Libera\u00e7\u00e3o para Espet\u00e1culo e Show Estrangeiro<\/span><\/strong><br \/>Encaminhar ao SATED SP<br \/>\u25cf vias dos contratos;<br \/>\u25cf A empresa contratante dever\u00e1 apresentar o contrato original e efetuar o recolhimento da import\u00e2ncia equivalente a 10% (dez por cento) do valor total ajustado, para o\u00a0 \u00a0 \u00a0 \u00a0 \u00a0 \u00a0 \u00a0<span style=\"color: #ffffff;\"> &#8212;&#8211;<\/span>SATED\/SP, conforme artigo 25 da Lei n\u00ba 6533 de 24 de maio de 1978.<br \/>\u25cf Taxa de R$ 30,00 (trinta reais) para registro de cada contrato;<\/p><p><a href=\"https:\/\/sated.fractaldata.com.br\/#\/loginPessoaJuridica\" target=\"_blank\" rel=\"noopener\">Clique aqui\u00a0<\/a><\/p><p><span style=\"color: #333333;\"><strong>3) Libera\u00e7\u00e3o para Espet\u00e1culo e Show Nacional<\/strong><\/span><br \/>Encaminhar ao SATED SP<br \/>\u25cf vias dos contratos;<br \/>\u25cf Taxa de R$ 30,00 (trinta reais) para registro de cada contrato;<br \/>\u25cf 01 C\u00f3pia do DRT* do contratado (Artistas maiores de 16 anos**)<\/p><p>*Todos os profissionais: Artistas e T\u00e9cnicos devem ter o Registro Profissional (D.R.T.), caso n\u00e3o tenham dever\u00e3o ser encaminhados ao SATED\/SP para obten\u00e7\u00e3o do Registro ou<br \/>Autoriza\u00e7\u00e3o de Trabalho.<\/p><p><a href=\"https:\/\/sated.fractaldata.com.br\/#\/loginPessoaJuridica\" target=\"_blank\" rel=\"noopener\">Clique aqui\u00a0<\/a><\/p><div><strong>4) Produ\u00e7\u00e3o de Conte\u00fado Audiovisual e Publicit\u00e1rio\u00a0<\/strong><\/div><div><strong>VISTO DE CONTRATO \u2013 PROFISSIONAL COM DRT<\/strong><\/div><div>Para a formaliza\u00e7\u00e3o do visto contratual junto a esta entidade sindical, dever\u00e3o ser observados os seguintes requisitos:<\/div><div>\u25cf \u00a001 C\u00f3pia do DRT* do contratado (Artistas maiores de 16 anos**)<\/div><div>\u25cf\u00a0 \u00a0C\u00f3pia do contrato assinado<\/div><div>\u25cf\u00a0 \u00a0Pagamento de taxa de registro\/administra\u00e7\u00e3o do contrato (PIX e Dep\u00f3sito\u00a0 \u00a0banc\u00e1rio)<\/div><div>\u25cf\u00a0 \u00a0Taxa de registro \u00e9: 1% do valor total do contrato at\u00e9 o teto de R$5.000,00.<\/div><div>\u25cf\u00a0 \u00a0Isen\u00e7\u00e3o da taxa de registro para figurantes e menores de 16 anos.<\/div><div>\u00a0<\/div><div><strong>AUTORIZA\u00c7\u00c3O ESPECIAL DE TRABALHO (AET)<\/strong><\/div><div>Na hip\u00f3tese de inexist\u00eancia de DRT, o Setor de Contratos comunicar\u00e1 formalmente a necessidade de emiss\u00e3o de Autoriza\u00e7\u00e3o Especial de Trabalho (AET), a qual ter\u00e1 validade exclusiva para o trabalho objeto do contrato apresentado.<\/div><div>Os valores para emiss\u00e3o da AET observar\u00e3o os seguintes crit\u00e9rios:<\/div><div>\u25cf\u00a0 Para contratos com valor igual ou inferior a R$ 33.334,00: taxa fixa de R$ 500,00;<\/div><div>\u25cf\u00a0 Para contratos com valor entre R$ 33.334,01 e R$ 333.334,00: 1,5% (uma v\u00edrgula cinco por cento) sobre o valor total do contrato;<\/div><div>\u25cf\u00a0 Para contratos com valor superior a R$ 333.334,00: taxa fixa de R$ 5.000,00.<\/div><div>O Pagamento \u00e9\u00a0 realizado\u00a0 sempre pelo contratante, nunca pelo contratado.<\/div><p><a href=\"https:\/\/sated.fractaldata.com.br\/#\/loginPessoaJuridica\" target=\"_blank\" rel=\"noopener\">Clique aqui\u00a0<\/a><\/p><p><span style=\"color: #333333;\"><strong>&#8211; Modelos de Contratos<br \/><\/strong><\/span><a href=\"https:\/\/sated.fractaldata.com.br\/#\/loginPessoaJuridica\" target=\"_blank\" rel=\"noopener\">Clique aqui<\/a><\/p><p>Seguir no mesmo formato com pop up com a explica\u00e7\u00e3o de cada contrato:<\/p><p><span style=\"color: #333333;\"><strong>Nota Contratual:<\/strong><\/span> \u00c9 o documento que fixa as normas legais para a contrata\u00e7\u00e3o de artistas e t\u00e9cnicos profissionais. A nota contratual \u00e9 o instrumento legal de contrato para presta\u00e7\u00e3o de servi\u00e7o eventual, ou seja, sem v\u00ednculo empregat\u00edcio.<\/p><p><strong><span style=\"text-decoration: underline; color: #333333;\">Modelo de Nota Contratual<\/span><\/strong><br \/><a href=\"https:\/\/sated.fractaldata.com.br\/#\/loginPessoaJuridica\" target=\"_blank\" rel=\"noopener\">Clique aqui e registre o seu contrato<\/a><\/p><p><span style=\"color: #333333;\"><strong>Contratos por Tempo Determinado:<\/strong><\/span> \u00c9 o contrato de trabalho que tem datas de in\u00edcio e t\u00e9rmino antecipadamente combinadas entre o trabalhador e o empregador.<\/p><p><span style=\"color: #333333;\"><strong><span style=\"text-decoration: underline;\">Modelo de Contrato por tempo determinado<\/span><\/strong><\/span><br \/><a href=\"https:\/\/sated.fractaldata.com.br\/#\/loginPessoaJuridica\" target=\"_blank\" rel=\"noopener\">Clique aqui e registre o seu contrato<\/a><\/p><p><strong><span style=\"color: #333333;\">Contrato por Tempo Indeterminado:<\/span><\/strong> Este \u00e9 um contrato comum que n\u00e3o existe per\u00edodo pr\u00e9-definido e decorrente, normalmente, da vig\u00eancia de um contrato de experi\u00eancia que n\u00e3o houve a dispensa por parte do empregador, nem o desejo de pedir demiss\u00e3o por parte do empregado, convertendo-se em contrato por tempo indeterminado.<\/p><p><span style=\"text-decoration: underline;\"><span style=\"color: #333333; text-decoration: underline;\"><strong>Modelo por tempo<\/strong> <strong>indeterminado l<\/strong><\/span><\/span><br \/><a href=\"https:\/\/sated.fractaldata.com.br\/#\/loginPessoaJuridica\" target=\"_blank\" rel=\"noopener\">Clique aqui e registre o seu contrato<\/a><\/p><p><strong><span style=\"color: #333333;\">Instrumento particular de participa\u00e7\u00e3o m\u00fatua e Empreendimento Teatral:<\/span><\/strong> \u00c9 um instrumento legal que oficializa os acordos feitos por um coletivo, grupo ou n\u00facleo de teatro.<\/p><p><span style=\"text-decoration: underline; color: #333333;\"><strong>Modelo de Instrumento<\/strong> <strong>particular de participa\u00e7\u00e3o m\u00fatua e Empreendimento Teatral<\/strong><\/span><br \/><a href=\"https:\/\/sated.fractaldata.com.br\/#\/loginPessoaJuridica\" target=\"_blank\" rel=\"noopener\">Clique aqui e registre o seu contrato<\/a><\/p><p><span style=\"color: #333333;\"><strong>Contrato de trabalho por tempo determinado Campanha Publicit\u00e1ria:<\/strong><\/span> Contrato espec\u00edfico para campanhas publicit\u00e1rias por tempo determinado.<\/p><p><span style=\"text-decoration: underline; color: #333333;\"><strong>Modelo de Contrato de<\/strong> <strong>trabalho por tempo determinado Campanha Publicit\u00e1ria:<\/strong><\/span><br \/><a href=\"https:\/\/sated.fractaldata.com.br\/#\/loginPessoaJuridica\" target=\"_blank\" rel=\"noopener\">Clique aqui e registre o seu contrato<\/a><\/p>\t\t\t\t\t\t\t\t<\/div>\n\t\t\t\t<\/div>\n\t\t\t\t\t<\/div>\n\t\t\t\t<\/div>\n\t\t<div class=\"elementor-element elementor-element-0059d65 sc_layouts_hide_on_wide sc_layouts_hide_on_desktop sc_layouts_hide_on_notebook sc_layouts_hide_on_tablet sc_layouts_hide_on_mobile e-flex e-con-boxed sc_inner_width_none sc_layouts_column_icons_position_left e-con e-parent\" data-id=\"0059d65\" data-element_type=\"container\">\n\t\t\t\t\t<div class=\"e-con-inner\">\n\t\t\t\t<div class=\"elementor-element elementor-element-06909ee sc_fly_static elementor-widget elementor-widget-spacer\" data-id=\"06909ee\" data-element_type=\"widget\" data-widget_type=\"spacer.default\">\n\t\t\t\t<div class=\"elementor-widget-container\">\n\t\t\t\t\t\t\t<div class=\"elementor-spacer\">\n\t\t\t<div class=\"elementor-spacer-inner\"><\/div>\n\t\t<\/div>\n\t\t\t\t\t\t<\/div>\n\t\t\t\t<\/div>\n\t\t\t\t\t<\/div>\n\t\t\t\t<\/div>\n\t\t<div class=\"elementor-element elementor-element-0dae56a sc_layouts_hide_on_wide sc_layouts_hide_on_desktop sc_layouts_hide_on_notebook sc_layouts_hide_on_tablet sc_layouts_hide_on_mobile e-flex e-con-boxed sc_inner_width_none sc_layouts_column_icons_position_left e-con e-parent\" data-id=\"0dae56a\" data-element_type=\"container\">\n\t\t\t\t\t<div class=\"e-con-inner\">\n\t\t\t\t<div class=\"elementor-element elementor-element-d3730a6 elementor-align-justify elementor-widget__width-initial sc_fly_static elementor-widget elementor-widget-button\" data-id=\"d3730a6\" data-element_type=\"widget\" data-widget_type=\"button.default\">\n\t\t\t\t<div class=\"elementor-widget-container\">\n\t\t\t\t\t\t\t\t\t<div class=\"elementor-button-wrapper\">\n\t\t\t\t\t<a class=\"elementor-button elementor-button-link elementor-size-sm elementor-animation-grow\" href=\"https:\/\/satedsp.org.br\/novo\/wp-content\/uploads\/2024\/06\/Pagina-de-Contratos-2024-Site-novo-.pdf\" target=\"_blank\">\n\t\t\t\t\t\t<span class=\"elementor-button-content-wrapper\">\n\t\t\t\t\t\t\t\t\t<span class=\"elementor-button-text\">ACESSAR ARQUIVO EM PDF<\/span>\n\t\t\t\t\t<\/span>\n\t\t\t\t\t<\/a>\n\t\t\t\t<\/div>\n\t\t\t\t\t\t\t\t<\/div>\n\t\t\t\t<\/div>\n\t\t\t\t\t<\/div>\n\t\t\t\t<\/div>\n\t\t\t\t<\/div>\n\t\t","protected":false},"excerpt":{"rendered":"<p>Tr\u00e2mite para a libera\u00e7\u00e3o de espet\u00e1culos teatrais, shows, performance, evento e circo: &#8211; Registro de Contratos Tr\u00e2mite para a libera\u00e7\u00e3o de espet\u00e1culos teatrais, shows, filmes,comerciais, v\u00eddeo, performance, evento e circo:O procedimento \u00e9 feito totalmente no formato online por meio do preenchimento do formul\u00e1rio. Acrescentar os seguintes documentos no formul\u00e1rio: 1-\u00a0 Os Contratos assinados 2 \u2013&hellip;<\/p>\n","protected":false},"author":1,"featured_media":0,"parent":0,"menu_order":0,"comment_status":"closed","ping_status":"closed","template":"","meta":{"cybocfi_hide_featured_image":"","footnotes":""},"class_list":["post-17621","page","type-page","status-publish","hentry"],"_links":{"self":[{"href":"https:\/\/satedsp.org.br\/index.php\/wp-json\/wp\/v2\/pages\/17621","targetHints":{"allow":["GET"]}}],"collection":[{"href":"https:\/\/satedsp.org.br\/index.php\/wp-json\/wp\/v2\/pages"}],"about":[{"href":"https:\/\/satedsp.org.br\/index.php\/wp-json\/wp\/v2\/types\/page"}],"author":[{"embeddable":true,"href":"https:\/\/satedsp.org.br\/index.php\/wp-json\/wp\/v2\/users\/1"}],"replies":[{"embeddable":true,"href":"https:\/\/satedsp.org.br\/index.php\/wp-json\/wp\/v2\/comments?post=17621"}],"version-history":[{"count":58,"href":"https:\/\/satedsp.org.br\/index.php\/wp-json\/wp\/v2\/pages\/17621\/revisions"}],"predecessor-version":[{"id":22011,"href":"https:\/\/satedsp.org.br\/index.php\/wp-json\/wp\/v2\/pages\/17621\/revisions\/22011"}],"wp:attachment":[{"href":"https:\/\/satedsp.org.br\/index.php\/wp-json\/wp\/v2\/media?parent=17621"}],"curies":[{"name":"wp","href":"https:\/\/api.w.org\/{rel}","templated":true}]}}