{"id":17624,"date":"2024-03-27T11:21:17","date_gmt":"2024-03-27T11:21:17","guid":{"rendered":"https:\/\/satedsp.org.br\/novo\/?page_id=17624"},"modified":"2025-01-14T11:18:41","modified_gmt":"2025-01-14T11:18:41","slug":"modelos-de-contrato","status":"publish","type":"page","link":"https:\/\/satedsp.org.br\/index.php\/modelos-de-contrato\/","title":{"rendered":"Modelos de contrato"},"content":{"rendered":"\t\t<div data-elementor-type=\"wp-page\" data-elementor-id=\"17624\" class=\"elementor elementor-17624\" data-elementor-post-type=\"page\">\n\t\t\t\t<div class=\"elementor-element elementor-element-e332ef2 e-flex e-con-boxed sc_inner_width_none sc_layouts_column_icons_position_left e-con e-parent\" data-id=\"e332ef2\" data-element_type=\"container\">\n\t\t\t\t\t<div class=\"e-con-inner\">\n\t\t\t\t<div class=\"elementor-element elementor-element-7953617 sc_fly_static elementor-widget elementor-widget-spacer\" data-id=\"7953617\" data-element_type=\"widget\" data-widget_type=\"spacer.default\">\n\t\t\t\t<div class=\"elementor-widget-container\">\n\t\t\t\t\t\t\t<div class=\"elementor-spacer\">\n\t\t\t<div class=\"elementor-spacer-inner\"><\/div>\n\t\t<\/div>\n\t\t\t\t\t\t<\/div>\n\t\t\t\t<\/div>\n\t\t\t\t\t<\/div>\n\t\t\t\t<\/div>\n\t\t<div class=\"elementor-element elementor-element-0d9ec4f e-flex e-con-boxed sc_inner_width_none sc_layouts_column_icons_position_left e-con e-parent\" data-id=\"0d9ec4f\" data-element_type=\"container\">\n\t\t\t\t\t<div class=\"e-con-inner\">\n\t\t\t\t<div class=\"elementor-element elementor-element-55f3341 sc_fly_static elementor-widget elementor-widget-heading\" data-id=\"55f3341\" data-element_type=\"widget\" data-widget_type=\"heading.default\">\n\t\t\t\t<div class=\"elementor-widget-container\">\n\t\t\t\t\t<h2 class=\"elementor-heading-title elementor-size-default\">Modelos de Contratos<\/h2>\t\t\t\t<\/div>\n\t\t\t\t<\/div>\n\t\t\t\t\t<\/div>\n\t\t\t\t<\/div>\n\t\t<div class=\"elementor-element elementor-element-0f18096 e-flex e-con-boxed sc_inner_width_none sc_layouts_column_icons_position_left e-con e-parent\" data-id=\"0f18096\" data-element_type=\"container\">\n\t\t\t\t\t<div class=\"e-con-inner\">\n\t\t\t\t<div class=\"elementor-element elementor-element-448e9c4 elementor-widget-divider--view-line sc_fly_static elementor-widget elementor-widget-divider\" data-id=\"448e9c4\" data-element_type=\"widget\" data-widget_type=\"divider.default\">\n\t\t\t\t<div class=\"elementor-widget-container\">\n\t\t\t\t\t\t\t<div class=\"elementor-divider\">\n\t\t\t<span class=\"elementor-divider-separator\">\n\t\t\t\t\t\t<\/span>\n\t\t<\/div>\n\t\t\t\t\t\t<\/div>\n\t\t\t\t<\/div>\n\t\t\t\t\t<\/div>\n\t\t\t\t<\/div>\n\t\t<div class=\"elementor-element elementor-element-a71d3d2 e-flex e-con-boxed sc_inner_width_none sc_layouts_column_icons_position_left e-con e-parent\" data-id=\"a71d3d2\" data-element_type=\"container\">\n\t\t\t\t\t<div class=\"e-con-inner\">\n\t\t\t\t<div class=\"elementor-element elementor-element-5d4f31e sc_fly_static elementor-widget elementor-widget-spacer\" data-id=\"5d4f31e\" data-element_type=\"widget\" data-widget_type=\"spacer.default\">\n\t\t\t\t<div class=\"elementor-widget-container\">\n\t\t\t\t\t\t\t<div class=\"elementor-spacer\">\n\t\t\t<div class=\"elementor-spacer-inner\"><\/div>\n\t\t<\/div>\n\t\t\t\t\t\t<\/div>\n\t\t\t\t<\/div>\n\t\t\t\t\t<\/div>\n\t\t\t\t<\/div>\n\t\t<div class=\"elementor-element elementor-element-5a48a2c e-flex e-con-boxed sc_inner_width_none sc_layouts_column_icons_position_left e-con e-parent\" data-id=\"5a48a2c\" data-element_type=\"container\">\n\t\t\t\t\t<div class=\"e-con-inner\">\n\t\t<div class=\"elementor-element elementor-element-632a8b1 e-con-full e-flex sc_inner_width_none sc_layouts_column_icons_position_left e-con e-child\" data-id=\"632a8b1\" data-element_type=\"container\">\n\t\t\t\t<div class=\"elementor-element elementor-element-d1568dd sc_fly_static elementor-widget elementor-widget-text-editor\" data-id=\"d1568dd\" data-element_type=\"widget\" data-widget_type=\"text-editor.default\">\n\t\t\t\t<div class=\"elementor-widget-container\">\n\t\t\t\t\t\t\t\t\t<p>A import\u00e2ncia de um sindicato fornecer modelos de contratos para seus associados \u00e9 fundamental para a prote\u00e7\u00e3o dos direitos dos trabalhadores e para a promo\u00e7\u00e3o de<br \/>rela\u00e7\u00f5es de trabalho justas e transparentes. Nos setores art\u00edstico, cultural e t\u00e9cnico, onde a natureza do trabalho muitas vezes \u00e9 freelance ou tempor\u00e1ria, ter acesso a<br \/>contratos bem elaborados pode ser um fator decisivo para garantir a seguran\u00e7a jur\u00eddica e o reconhecimento profissional.<br \/><br \/>Em um setor que frequentemente enfrenta desafios relacionados \u00e0 informalidade e \u00e0 precariza\u00e7\u00e3o do trabalho, a exist\u00eancia de contratos adequados \u00e9 um passo<br \/>fundamental para a constru\u00e7\u00e3o de rela\u00e7\u00f5es laborais mais dignas e respeitosas.<\/p>\t\t\t\t\t\t\t\t<\/div>\n\t\t\t\t<\/div>\n\t\t\t\t<\/div>\n\t\t\t\t<div class=\"elementor-element elementor-element-80a0500 sc_fly_static elementor-widget elementor-widget-spacer\" data-id=\"80a0500\" data-element_type=\"widget\" data-widget_type=\"spacer.default\">\n\t\t\t\t<div class=\"elementor-widget-container\">\n\t\t\t\t\t\t\t<div class=\"elementor-spacer\">\n\t\t\t<div class=\"elementor-spacer-inner\"><\/div>\n\t\t<\/div>\n\t\t\t\t\t\t<\/div>\n\t\t\t\t<\/div>\n\t\t<div class=\"elementor-element elementor-element-0900ba6 e-con-full e-flex sc_inner_width_none sc_layouts_column_icons_position_left e-con e-child\" data-id=\"0900ba6\" data-element_type=\"container\">\n\t\t\t\t<div class=\"elementor-element elementor-element-55bcf03 sc_fly_static elementor-widget elementor-widget-text-editor\" data-id=\"55bcf03\" data-element_type=\"widget\" data-widget_type=\"text-editor.default\">\n\t\t\t\t<div class=\"elementor-widget-container\">\n\t\t\t\t\t\t\t\t\t<p><span style=\"color: #333333;\"><strong>&#8211; Nota Contratual:<\/strong><\/span> Documento que fixa as normas legais para a contrata\u00e7\u00e3o de artistas e t\u00e9cnicos para servi\u00e7os eventuais.<br \/><a href=\"https:\/\/satedsp.org.br\/wp-content\/uploads\/2024\/03\/Nota_Contratual.pdf\" target=\"_blank\" rel=\"noopener\">&#8211; [Modelo de Nota Contratual]<\/a><\/p><p><strong><span style=\"color: #333333;\">&#8211; Contratos por Tempo Determinado:<\/span><\/strong> Contrato com datas de in\u00edcio e t\u00e9rmino pr\u00e9-definidas.<br \/><a href=\"https:\/\/satedsp.org.br\/wp-content\/uploads\/2024\/03\/Contratos-por-tempo-determinado.doc\" target=\"_blank\" rel=\"noopener\">&#8211; [Modelo de Contrato por Tempo Determinado]<\/a><\/p><p><strong><span style=\"color: #333333;\">&#8211; Contrato por Tempo Indeterminado:<\/span><\/strong> Contrato sem per\u00edodo pr\u00e9-definido, normalmente convertido de um contrato de experi\u00eancia.<br \/><a href=\"https:\/\/www.satedsp.org.br\/wp-content\/uploads\/2018\/08\/Contrato_Tempo_Indeterminado.pdf\" target=\"_blank\" rel=\"noopener\">&#8211; [Modelo de Contrato por Tempo Indeterminado]<\/a><\/p><p><strong><span style=\"color: #333333;\">&#8211; Instrumento Particular de Participa\u00e7\u00e3o M\u00fatua e Empreendimento Teatral:<\/span><\/strong> Oficializa acordos feitos por um grupo ou coletivo teatral.<br \/><a href=\"https:\/\/satedsp.org.br\/wp-content\/uploads\/2024\/03\/Contrato_Participacao_Mutua.pdf\" target=\"_blank\" rel=\"noopener\">&#8211; [Modelo de Instrumento Particular]<\/a><\/p><p><span style=\"color: #333333;\"><strong>&#8211; Contrato de Trabalho por Tempo Determinado para Campanha Publicit\u00e1ria:<\/strong><\/span> Espec\u00edfico para campanhas publicit\u00e1rias.<br \/><a href=\"https:\/\/satedsp.org.br\/wp-content\/uploads\/2024\/03\/Contrato_Tempo_Determinado.pdf\" target=\"_blank\" rel=\"noopener\">&#8211; [Modelo de Contrato de Campanha Publicit\u00e1ria]<\/a><\/p><p><span style=\"color: #333333;\"><strong>Importante:<\/strong><\/span> Clique nos links para visualizar e registrar seu contrato. Todos os modelos s\u00e3o dispon\u00edveis para download e preenchimento online.<\/p><p>D\u00favidas ou Mais Informa\u00e7\u00f5es? Entre em contato pelo <span style=\"color: #333333;\"><strong>WhatsApp\u00a0<\/strong><\/span><a href=\"https:\/\/api.whatsapp.com\/send?1=pt_BR&amp;phone=55 11969150825\" target=\"_blank\" rel=\"noopener\" data-wplink-url-error=\"true\">[aqui].<\/a><\/p>\t\t\t\t\t\t\t\t<\/div>\n\t\t\t\t<\/div>\n\t\t\t\t<\/div>\n\t\t\t\t\t<\/div>\n\t\t\t\t<\/div>\n\t\t<div class=\"e-con-gap-no elementor-element elementor-element-889d9d9 e-flex e-con-boxed sc_inner_width_none sc_layouts_column_icons_position_left e-con e-parent\" data-id=\"889d9d9\" data-element_type=\"container\">\n\t\t\t\t\t<div class=\"e-con-inner\">\n\t\t\t\t\t<\/div>\n\t\t\t\t<\/div>\n\t\t<div class=\"e-con-gap-no elementor-element elementor-element-8487bb7 e-flex e-con-boxed sc_inner_width_none sc_layouts_column_icons_position_left e-con e-parent\" data-id=\"8487bb7\" data-element_type=\"container\">\n\t\t\t\t\t<div class=\"e-con-inner\">\n\t\t\t\t\t<\/div>\n\t\t\t\t<\/div>\n\t\t\t\t<\/div>\n\t\t","protected":false},"excerpt":{"rendered":"<p>Modelos de Contratos A import\u00e2ncia de um sindicato fornecer modelos de contratos para seus associados \u00e9 fundamental para a prote\u00e7\u00e3o dos direitos dos trabalhadores e para a promo\u00e7\u00e3o derela\u00e7\u00f5es de trabalho justas e transparentes. Nos setores art\u00edstico, cultural e t\u00e9cnico, onde a natureza do trabalho muitas vezes \u00e9 freelance ou tempor\u00e1ria, ter acesso acontratos bem&hellip;<\/p>\n","protected":false},"author":1,"featured_media":0,"parent":0,"menu_order":0,"comment_status":"closed","ping_status":"closed","template":"","meta":{"cybocfi_hide_featured_image":"","footnotes":""},"class_list":["post-17624","page","type-page","status-publish","hentry"],"_links":{"self":[{"href":"https:\/\/satedsp.org.br\/index.php\/wp-json\/wp\/v2\/pages\/17624","targetHints":{"allow":["GET"]}}],"collection":[{"href":"https:\/\/satedsp.org.br\/index.php\/wp-json\/wp\/v2\/pages"}],"about":[{"href":"https:\/\/satedsp.org.br\/index.php\/wp-json\/wp\/v2\/types\/page"}],"author":[{"embeddable":true,"href":"https:\/\/satedsp.org.br\/index.php\/wp-json\/wp\/v2\/users\/1"}],"replies":[{"embeddable":true,"href":"https:\/\/satedsp.org.br\/index.php\/wp-json\/wp\/v2\/comments?post=17624"}],"version-history":[{"count":43,"href":"https:\/\/satedsp.org.br\/index.php\/wp-json\/wp\/v2\/pages\/17624\/revisions"}],"predecessor-version":[{"id":20915,"href":"https:\/\/satedsp.org.br\/index.php\/wp-json\/wp\/v2\/pages\/17624\/revisions\/20915"}],"wp:attachment":[{"href":"https:\/\/satedsp.org.br\/index.php\/wp-json\/wp\/v2\/media?parent=17624"}],"curies":[{"name":"wp","href":"https:\/\/api.w.org\/{rel}","templated":true}]}}