{"id":18669,"date":"2024-06-02T16:34:24","date_gmt":"2024-06-02T16:34:24","guid":{"rendered":"https:\/\/satedsp.org.br\/novo\/?page_id=18669"},"modified":"2025-02-06T12:41:47","modified_gmt":"2025-02-06T12:41:47","slug":"profissoes-tecnico-de-som-tecnico-18-anos","status":"publish","type":"page","link":"https:\/\/satedsp.org.br\/index.php\/profissoes-tecnico-de-som-tecnico-18-anos\/","title":{"rendered":"Profiss\u00f5es &#8211; T\u00e9cnico de Som"},"content":{"rendered":"\t\t<div data-elementor-type=\"wp-page\" data-elementor-id=\"18669\" class=\"elementor elementor-18669\" data-elementor-post-type=\"page\">\n\t\t\t\t<div class=\"elementor-element elementor-element-744f135 e-flex e-con-boxed sc_inner_width_none sc_layouts_column_icons_position_left e-con e-parent\" data-id=\"744f135\" data-element_type=\"container\">\n\t\t\t\t\t<div class=\"e-con-inner\">\n\t\t\t\t<div class=\"elementor-element elementor-element-c70ee12 elementor-widget-divider--view-line sc_fly_static elementor-widget elementor-widget-divider\" data-id=\"c70ee12\" data-element_type=\"widget\" data-widget_type=\"divider.default\">\n\t\t\t\t<div class=\"elementor-widget-container\">\n\t\t\t\t\t\t\t<div class=\"elementor-divider\">\n\t\t\t<span class=\"elementor-divider-separator\">\n\t\t\t\t\t\t<\/span>\n\t\t<\/div>\n\t\t\t\t\t\t<\/div>\n\t\t\t\t<\/div>\n\t\t\t\t\t<\/div>\n\t\t\t\t<\/div>\n\t\t<div class=\"elementor-element elementor-element-09a6cc2 e-flex e-con-boxed sc_inner_width_none sc_layouts_column_icons_position_left e-con e-parent\" data-id=\"09a6cc2\" data-element_type=\"container\">\n\t\t\t\t\t<div class=\"e-con-inner\">\n\t\t\t\t<div class=\"elementor-element elementor-element-7e973f2 sc_fly_static elementor-widget elementor-widget-heading\" data-id=\"7e973f2\" data-element_type=\"widget\" data-widget_type=\"heading.default\">\n\t\t\t\t<div class=\"elementor-widget-container\">\n\t\t\t\t\t<h2 class=\"elementor-heading-title elementor-size-default\">T\u00e9cnico de Som ( T\u00e9cnico \/ 18 anos )<\/h2>\t\t\t\t<\/div>\n\t\t\t\t<\/div>\n\t\t\t\t\t<\/div>\n\t\t\t\t<\/div>\n\t\t<div class=\"elementor-element elementor-element-deb166b e-flex e-con-boxed sc_inner_width_none sc_layouts_column_icons_position_left e-con e-parent\" data-id=\"deb166b\" data-element_type=\"container\">\n\t\t\t\t\t<div class=\"e-con-inner\">\n\t\t\t\t<div class=\"elementor-element elementor-element-6678246 elementor-widget-divider--view-line sc_fly_static elementor-widget elementor-widget-divider\" data-id=\"6678246\" data-element_type=\"widget\" data-widget_type=\"divider.default\">\n\t\t\t\t<div class=\"elementor-widget-container\">\n\t\t\t\t\t\t\t<div class=\"elementor-divider\">\n\t\t\t<span class=\"elementor-divider-separator\">\n\t\t\t\t\t\t<\/span>\n\t\t<\/div>\n\t\t\t\t\t\t<\/div>\n\t\t\t\t<\/div>\n\t\t\t\t\t<\/div>\n\t\t\t\t<\/div>\n\t\t<div class=\"elementor-element elementor-element-b6be0a9 e-flex e-con-boxed sc_inner_width_none sc_layouts_column_icons_position_left e-con e-parent\" data-id=\"b6be0a9\" data-element_type=\"container\">\n\t\t\t\t\t<div class=\"e-con-inner\">\n\t\t\t\t<div class=\"elementor-element elementor-element-6f0e0ce sc_fly_static elementor-widget elementor-widget-text-editor\" data-id=\"6f0e0ce\" data-element_type=\"widget\" data-widget_type=\"text-editor.default\">\n\t\t\t\t<div class=\"elementor-widget-container\">\n\t\t\t\t\t\t\t\t\t<p>Instala e repara os equipamentos de som de acordo com a dire\u00e7\u00e3o; fornece manuten\u00e7\u00e3o a estes equipamentos; auxilia tecnicamente ao Operador de Som, quando necess\u00e1rio.<\/p><p>O que precisa?<\/p><ul><li>300 horas de forma\u00e7\u00e3o em cursos livres, workshops, dentre outros<\/li><li>Experi\u00eancia m\u00ednima de 1(um) ano<\/li><\/ul>\t\t\t\t\t\t\t\t<\/div>\n\t\t\t\t<\/div>\n\t\t\t\t\t<\/div>\n\t\t\t\t<\/div>\n\t\t<div class=\"elementor-element elementor-element-f473b43 e-flex e-con-boxed sc_inner_width_none sc_layouts_column_icons_position_left e-con e-parent\" data-id=\"f473b43\" data-element_type=\"container\">\n\t\t\t\t\t<div class=\"e-con-inner\">\n\t\t\t\t<div class=\"elementor-element elementor-element-00f0a6a sc_fly_static elementor-widget elementor-widget-spacer\" data-id=\"00f0a6a\" data-element_type=\"widget\" data-widget_type=\"spacer.default\">\n\t\t\t\t<div class=\"elementor-widget-container\">\n\t\t\t\t\t\t\t<div class=\"elementor-spacer\">\n\t\t\t<div class=\"elementor-spacer-inner\"><\/div>\n\t\t<\/div>\n\t\t\t\t\t\t<\/div>\n\t\t\t\t<\/div>\n\t\t\t\t\t<\/div>\n\t\t\t\t<\/div>\n\t\t<div class=\"elementor-element elementor-element-84c9a9d e-flex e-con-boxed sc_inner_width_none sc_layouts_column_icons_position_left e-con e-parent\" data-id=\"84c9a9d\" data-element_type=\"container\">\n\t\t\t\t\t<div class=\"e-con-inner\">\n\t\t\t\t<div class=\"elementor-element elementor-element-2e63037 elementor-widget__width-initial sc_fly_static elementor-widget elementor-widget-toggle\" data-id=\"2e63037\" data-element_type=\"widget\" data-widget_type=\"toggle.default\">\n\t\t\t\t<div class=\"elementor-widget-container\">\n\t\t\t\t\t\t\t<div class=\"elementor-toggle\">\n\t\t\t\t\t\t\t<div class=\"elementor-toggle-item\">\n\t\t\t\t\t<div id=\"elementor-tab-title-4861\" class=\"elementor-tab-title\" data-tab=\"1\" role=\"button\" aria-controls=\"elementor-tab-content-4861\" aria-expanded=\"false\">\n\t\t\t\t\t\t\t\t\t\t\t\t<span class=\"elementor-toggle-icon elementor-toggle-icon-left\" aria-hidden=\"true\">\n\t\t\t\t\t\t\t\t\t\t\t\t\t\t\t<span class=\"elementor-toggle-icon-closed\"><svg class=\"e-font-icon-svg e-fas-caret-right\" viewBox=\"0 0 192 512\" xmlns=\"http:\/\/www.w3.org\/2000\/svg\"><path d=\"M0 384.662V127.338c0-17.818 21.543-26.741 34.142-14.142l128.662 128.662c7.81 7.81 7.81 20.474 0 28.284L34.142 398.804C21.543 411.404 0 402.48 0 384.662z\"><\/path><\/svg><\/span>\n\t\t\t\t\t\t\t\t<span class=\"elementor-toggle-icon-opened\"><svg class=\"elementor-toggle-icon-opened e-font-icon-svg e-fas-caret-up\" viewBox=\"0 0 320 512\" xmlns=\"http:\/\/www.w3.org\/2000\/svg\"><path d=\"M288.662 352H31.338c-17.818 0-26.741-21.543-14.142-34.142l128.662-128.662c7.81-7.81 20.474-7.81 28.284 0l128.662 128.662c12.6 12.599 3.676 34.142-14.142 34.142z\"><\/path><\/svg><\/span>\n\t\t\t\t\t\t\t\t\t\t\t\t\t<\/span>\n\t\t\t\t\t\t\t\t\t\t\t\t<a class=\"elementor-toggle-title\" tabindex=\"0\">Como Funciona<\/a>\n\t\t\t\t\t<\/div>\n\n\t\t\t\t\t<div id=\"elementor-tab-content-4861\" class=\"elementor-tab-content elementor-clearfix\" data-tab=\"1\" role=\"region\" aria-labelledby=\"elementor-tab-title-4861\"><p><strong>DRT &#8211; Registro Profissional<\/strong><\/p><p>Conforme o Art. 7\u00ba da lei 6533\/78 e Artista ou T\u00e9cnico em Espet\u00e1culos de Divers\u00f5es s\u00e3o 3 (tr\u00eas) as formas de tirar o Registro profissional:<\/p><p>I &#8211; diploma de curso superior de Diretor de Teatro, Core\u00f3grafo, Professor de arte Dram\u00e1tica, ou outros, cursos semelhantes, reconhecidos na forma da Lei; ou<\/p><p>II &#8211; diploma ou certificado correspondentes \u00e0s habilita\u00e7\u00f5es profissionais de 2\u00ba Grau de Ator, Contra &#8211; Regra, Cenot\u00e9cnico, Sonoplasta, ou outras semelhantes, reconhecidas na forma da Lei; ou<\/p><p><strong>III &#8211; atestado de capacita\u00e7\u00e3o profissional fornecido pelo Sindicato representativo das\u00a0<\/strong><strong>categorias profissionais e, subsidiariamente, pela Federa\u00e7\u00e3o respectiva.<\/strong><\/p><p>Como obter o DRT ?<\/p><p>Nas duas primeiras hip\u00f3teses voc\u00ea dever\u00e1 ir diretamente na superintend\u00eancia de trabalho da sua cidade, na terceira voc\u00ea dever\u00e1 serguir os procedimentos abaixo:<\/p><p>1 &#8211;<br \/>* Reunir material impresso de comprova\u00e7\u00e3o de experi\u00eancia (cursos, workshops, palestras, etc.) na fun\u00e7\u00e3o pretendida (em ordem cronol\u00f3gica) e anexar em formato PDF seu portf\u00f3lio e curr\u00edculo conforme instru\u00e7\u00f5es no fim do preenchimento do requerimento.<\/p><p><strong>Modelo de Portf\u00f3lio<\/strong><\/p><p><strong>Modelo de Curr\u00edculo<\/strong><\/p><p>2 &#8211;<br \/>* Fazer a inscri\u00e7\u00e3o no site \u2013 link: <a href=\"https:\/\/sated.fractaldata.com.br\/#\/loginProfissional\" target=\"_blank\" rel=\"noopener\">Requerimento e o Question\u00e1rio de Perfil Profissional<\/a><\/p><p>3 \u2013 Pagar o valor inicial de R$350.00 da taxa de exame de capacita\u00e7\u00e3o.<\/p><p>Leia com\u00a0<strong>ATEN\u00c7\u00c3O<\/strong>\u00a0as instru\u00e7\u00f5es, pois\u00a0<strong>A TAXA DE AVALIA\u00c7\u00c3O N\u00c3O SER\u00c1\u00a0<\/strong><strong>DEVOLVIDA.<br \/><\/strong><\/p><p>Pagamento do cart\u00e3o de cr\u00e9dito(R$370,00):\u00a0<a href=\"https:\/\/sacola.pagbank.com.br\/ea32f351-0433-4bee-a6cb-843c9d5ae0c6\" target=\"_blank\" rel=\"noopener\">(Clique aqui)<\/a><\/p><p>PIX(R$350,00):<\/p><p>SINDICATO DOS ARTISTAS E T\u00c9CNICOS EM ESPET\u00c1CULOS DE DIVERS\u00d5ES DO ESTADO DE S\u00c3O PAULO<br \/>PIX = chave CNPJ do SATED\u00a0<strong>62.494.174\/0001-05<\/strong><\/p><p>4 &#8211; A entrevista poder\u00e1 ser feita pelas plataformas digitais Zoom ou Meet e o candidato dever\u00e1 estar em local com boa conex\u00e3o da internet.<\/p><p>5 &#8211; Nos casos de aprova\u00e7\u00e3o o candidato dever\u00e1 aguardar as informa\u00e7\u00f5es do nosso administrativo para os \u00faltimos procedimentos.<\/p><p>6 &#8211; Pagar o valor do atestado de capacita\u00e7\u00e3o conforme a profiss\u00e3o ( Tabela financeira \u2013 Registro profissional).<\/p><p>Os procedimentos aqui descritos valem para a Capital e todo o Estado de S\u00e3o Paulo Outras d\u00favidas entre em contato no WhatsApp \u2013 <a href=\"#\" target=\"_blank\" rel=\"noopener\">clique aqui<\/a><\/p><p>Este item abaixo deve constar dentro da profiss\u00e3o de Diretor de Dublagem:<\/p><p>OBS: Nos casos de diretores de dublagem fazer tamb\u00e9m a leitura dos <a href=\"https:\/\/www.satedsp.org.br\/wp-content\/uploads\/2018\/10\/SATEDcriteriosAtestadoCapacitacaoDiretorDublagem.pdf\" target=\"_blank\" rel=\"noopener\">Crit\u00e9rios para Atestado de Capacita\u00e7\u00e3o Dire\u00e7\u00e3o de Dublagem.<\/a><\/p><\/div>\n\t\t\t\t<\/div>\n\t\t\t\t\t\t\t\t<\/div>\n\t\t\t\t\t\t<\/div>\n\t\t\t\t<\/div>\n\t\t\t\t\t<\/div>\n\t\t\t\t<\/div>\n\t\t<div class=\"elementor-element elementor-element-a99e8a6 e-flex e-con-boxed sc_inner_width_none sc_layouts_column_icons_position_left e-con e-parent\" data-id=\"a99e8a6\" data-element_type=\"container\">\n\t\t\t\t\t<div class=\"e-con-inner\">\n\t\t\t\t<div class=\"elementor-element elementor-element-639797d sc_fly_static elementor-widget elementor-widget-spacer\" data-id=\"639797d\" data-element_type=\"widget\" data-widget_type=\"spacer.default\">\n\t\t\t\t<div class=\"elementor-widget-container\">\n\t\t\t\t\t\t\t<div class=\"elementor-spacer\">\n\t\t\t<div class=\"elementor-spacer-inner\"><\/div>\n\t\t<\/div>\n\t\t\t\t\t\t<\/div>\n\t\t\t\t<\/div>\n\t\t\t\t\t<\/div>\n\t\t\t\t<\/div>\n\t\t\t\t<\/div>\n\t\t","protected":false},"excerpt":{"rendered":"<p>T\u00e9cnico de Som ( T\u00e9cnico \/ 18 anos ) Instala e repara os equipamentos de som de acordo com a dire\u00e7\u00e3o; fornece manuten\u00e7\u00e3o a estes equipamentos; auxilia tecnicamente ao Operador de Som, quando necess\u00e1rio. O que precisa? 300 horas de forma\u00e7\u00e3o em cursos livres, workshops, dentre outros Experi\u00eancia m\u00ednima de 1(um) ano Como Funciona DRT&hellip;<\/p>\n","protected":false},"author":1,"featured_media":0,"parent":0,"menu_order":0,"comment_status":"closed","ping_status":"closed","template":"","meta":{"cybocfi_hide_featured_image":"","footnotes":""},"class_list":["post-18669","page","type-page","status-publish","hentry"],"_links":{"self":[{"href":"https:\/\/satedsp.org.br\/index.php\/wp-json\/wp\/v2\/pages\/18669","targetHints":{"allow":["GET"]}}],"collection":[{"href":"https:\/\/satedsp.org.br\/index.php\/wp-json\/wp\/v2\/pages"}],"about":[{"href":"https:\/\/satedsp.org.br\/index.php\/wp-json\/wp\/v2\/types\/page"}],"author":[{"embeddable":true,"href":"https:\/\/satedsp.org.br\/index.php\/wp-json\/wp\/v2\/users\/1"}],"replies":[{"embeddable":true,"href":"https:\/\/satedsp.org.br\/index.php\/wp-json\/wp\/v2\/comments?post=18669"}],"version-history":[{"count":20,"href":"https:\/\/satedsp.org.br\/index.php\/wp-json\/wp\/v2\/pages\/18669\/revisions"}],"predecessor-version":[{"id":21319,"href":"https:\/\/satedsp.org.br\/index.php\/wp-json\/wp\/v2\/pages\/18669\/revisions\/21319"}],"wp:attachment":[{"href":"https:\/\/satedsp.org.br\/index.php\/wp-json\/wp\/v2\/media?parent=18669"}],"curies":[{"name":"wp","href":"https:\/\/api.w.org\/{rel}","templated":true}]}}