{"id":18688,"date":"2024-06-02T16:41:55","date_gmt":"2024-06-02T16:41:55","guid":{"rendered":"https:\/\/satedsp.org.br\/novo\/?page_id=18688"},"modified":"2025-01-23T09:56:04","modified_gmt":"2025-01-23T09:56:04","slug":"profissoes-ator","status":"publish","type":"page","link":"https:\/\/satedsp.org.br\/index.php\/profissoes-ator\/","title":{"rendered":"Profiss\u00f5es &#8211; Ator"},"content":{"rendered":"\t\t<div data-elementor-type=\"wp-page\" data-elementor-id=\"18688\" class=\"elementor elementor-18688\" data-elementor-post-type=\"page\">\n\t\t\t\t<div class=\"elementor-element elementor-element-744f135 e-flex e-con-boxed sc_inner_width_none sc_layouts_column_icons_position_left e-con e-parent\" data-id=\"744f135\" data-element_type=\"container\">\n\t\t\t\t\t<div class=\"e-con-inner\">\n\t\t\t\t<div class=\"elementor-element elementor-element-c70ee12 elementor-widget-divider--view-line sc_fly_static elementor-widget elementor-widget-divider\" data-id=\"c70ee12\" data-element_type=\"widget\" data-widget_type=\"divider.default\">\n\t\t\t\t<div class=\"elementor-widget-container\">\n\t\t\t\t\t\t\t<div class=\"elementor-divider\">\n\t\t\t<span class=\"elementor-divider-separator\">\n\t\t\t\t\t\t<\/span>\n\t\t<\/div>\n\t\t\t\t\t\t<\/div>\n\t\t\t\t<\/div>\n\t\t\t\t\t<\/div>\n\t\t\t\t<\/div>\n\t\t<div class=\"elementor-element elementor-element-09a6cc2 e-flex e-con-boxed sc_inner_width_none sc_layouts_column_icons_position_left e-con e-parent\" data-id=\"09a6cc2\" data-element_type=\"container\">\n\t\t\t\t\t<div class=\"e-con-inner\">\n\t\t\t\t<div class=\"elementor-element elementor-element-7e973f2 sc_fly_static elementor-widget elementor-widget-heading\" data-id=\"7e973f2\" data-element_type=\"widget\" data-widget_type=\"heading.default\">\n\t\t\t\t<div class=\"elementor-widget-container\">\n\t\t\t\t\t<h2 class=\"elementor-heading-title elementor-size-default\">Ator ( Artista \/ 18 anos )<\/h2>\t\t\t\t<\/div>\n\t\t\t\t<\/div>\n\t\t\t\t\t<\/div>\n\t\t\t\t<\/div>\n\t\t<div class=\"elementor-element elementor-element-deb166b e-flex e-con-boxed sc_inner_width_none sc_layouts_column_icons_position_left e-con e-parent\" data-id=\"deb166b\" data-element_type=\"container\">\n\t\t\t\t\t<div class=\"e-con-inner\">\n\t\t\t\t<div class=\"elementor-element elementor-element-6678246 elementor-widget-divider--view-line sc_fly_static elementor-widget elementor-widget-divider\" data-id=\"6678246\" data-element_type=\"widget\" data-widget_type=\"divider.default\">\n\t\t\t\t<div class=\"elementor-widget-container\">\n\t\t\t\t\t\t\t<div class=\"elementor-divider\">\n\t\t\t<span class=\"elementor-divider-separator\">\n\t\t\t\t\t\t<\/span>\n\t\t<\/div>\n\t\t\t\t\t\t<\/div>\n\t\t\t\t<\/div>\n\t\t\t\t\t<\/div>\n\t\t\t\t<\/div>\n\t\t<div class=\"elementor-element elementor-element-b6be0a9 e-flex e-con-boxed sc_inner_width_none sc_layouts_column_icons_position_left e-con e-parent\" data-id=\"b6be0a9\" data-element_type=\"container\">\n\t\t\t\t\t<div class=\"e-con-inner\">\n\t\t\t\t<div class=\"elementor-element elementor-element-6f0e0ce sc_fly_static elementor-widget elementor-widget-text-editor\" data-id=\"6f0e0ce\" data-element_type=\"widget\" data-widget_type=\"text-editor.default\">\n\t\t\t\t<div class=\"elementor-widget-container\">\n\t\t\t\t\t\t\t\t\t<p>Cria, interpreta e representa a\u00e7\u00f5es dram\u00e1ticas, baseando-se em textos, est\u00edmulos visuais, sonoros ou outros, previamente concebidos por um autor ou criados atrav\u00e9s de improvisos individuais ou coletivos; utiliza-se de recursos vocais, corporais e emocionais, apreendidos ou intu\u00eddos, com o objetivo de transmitir ao espectador, o conjunto de id\u00e9ias e a\u00e7\u00f5es dram\u00e1ticas propostos; pode utilizar-se de recursos t\u00e9cnicos para manipular bonecos, t\u00edteres e cong\u00eaneres; pode interpretar sobre a imagem ou a voz de outrem; ensaia buscando aliar a sua criatividade \u00e0 do Diretor.<\/p><p>O que precisa?<\/p><ul><li>A primeira fase da avalia\u00e7\u00e3o \u00e9 a verifica\u00e7\u00e3o dos documentos comprobat\u00f3rios apresentados e hist\u00f3rico preenchido demonstrando composi\u00e7\u00e3o da carga hor\u00e1ria de <strong>1400<\/strong> horas de atividades diversificadas (Conforme tabela B), pr\u00e1ticas e te\u00f3ricas ministradas por profissionais devidamente registrados na DRT ou \u00f3rg\u00e3o competente. As atividades\/ experi\u00eancias formativas devem atender aos itens dispostos na grade curricular da normativa.<\/li><\/ul><ul><li>Portf\u00f3lio em ordem cronol\u00f3gica de todos os trabalhos exercidos na fun\u00e7\u00e3o. Prova de escolaridade (certificado de conclus\u00e3o do ensino fundamental (1o grau) ou do ensino m\u00e9dio (2o grau) conforme a fun\u00e7\u00e3o, para maiores de 16 anos, ou declara\u00e7\u00e3o oficial da escola.);<\/li><\/ul><ul><li>Provas documentais de exerc\u00edcio da fun\u00e7\u00e3o at\u00e9 a presente data, atrav\u00e9s de: Contratos de trabalho assinados com a fun\u00e7\u00e3o , comprovantes de trabalhos, recibos, materiais de divulga\u00e7\u00e3o dos espet\u00e1culos,carta da empresa com papel timbrado assinado com o servi\u00e7o prestado com a fun\u00e7\u00e3o , fotos, mat\u00e9rias na imprensa etc.), comprovantes de cursos , oficinas e\/ ou workshops com a carga hor\u00e1ria correspondente, cursos acima de 200 horas com grade curricular , bem como o registro profissional do profissional ministrante;<\/li><\/ul><p>Contrato de trabalho visado pelo SATED\/SP em ordem cronol\u00f3gica, se houver; (Se houver contratos em casos de trabalho de menor, sob autoriza\u00e7\u00e3o ou anterior a lei, uma vez que \u00e9 vedado pela lei exercer a fun\u00e7\u00e3o sem o devido registro profissional) . Totalizando as 1400 horas<\/p>\t\t\t\t\t\t\t\t<\/div>\n\t\t\t\t<\/div>\n\t\t\t\t\t<\/div>\n\t\t\t\t<\/div>\n\t\t<div class=\"elementor-element elementor-element-1c90ca4 e-flex e-con-boxed sc_inner_width_none sc_layouts_column_icons_position_left e-con e-parent\" data-id=\"1c90ca4\" data-element_type=\"container\">\n\t\t\t\t\t<div class=\"e-con-inner\">\n\t\t\t\t<div class=\"elementor-element elementor-element-e6fbbca sc_fly_static elementor-widget elementor-widget-spacer\" data-id=\"e6fbbca\" data-element_type=\"widget\" data-widget_type=\"spacer.default\">\n\t\t\t\t<div class=\"elementor-widget-container\">\n\t\t\t\t\t\t\t<div class=\"elementor-spacer\">\n\t\t\t<div class=\"elementor-spacer-inner\"><\/div>\n\t\t<\/div>\n\t\t\t\t\t\t<\/div>\n\t\t\t\t<\/div>\n\t\t\t\t\t<\/div>\n\t\t\t\t<\/div>\n\t\t<div class=\"elementor-element elementor-element-bb20e8f e-flex e-con-boxed sc_inner_width_none sc_layouts_column_icons_position_left e-con e-parent\" data-id=\"bb20e8f\" data-element_type=\"container\">\n\t\t\t\t\t<div class=\"e-con-inner\">\n\t\t<div class=\"elementor-element elementor-element-5e19b1a e-con-full e-flex sc_inner_width_none sc_layouts_column_icons_position_left e-con e-child\" data-id=\"5e19b1a\" data-element_type=\"container\">\n\t\t\t\t<div class=\"elementor-element elementor-element-cc67faa sc_fly_static elementor-widget elementor-widget-image\" data-id=\"cc67faa\" data-element_type=\"widget\" data-widget_type=\"image.default\">\n\t\t\t\t<div class=\"elementor-widget-container\">\n\t\t\t\t\t\t\t\t\t\t\t\t\t\t\t<img fetchpriority=\"high\" decoding=\"async\" width=\"745\" height=\"1024\" src=\"https:\/\/satedsp.org.br\/wp-content\/uploads\/2024\/04\/Tabela_B-745x1024.jpg\" class=\"attachment-large size-large wp-image-17801\" alt=\"\" srcset=\"https:\/\/satedsp.org.br\/wp-content\/uploads\/2024\/04\/Tabela_B-745x1024.jpg 745w, https:\/\/satedsp.org.br\/wp-content\/uploads\/2024\/04\/Tabela_B-218x300.jpg 218w, https:\/\/satedsp.org.br\/wp-content\/uploads\/2024\/04\/Tabela_B-768x1055.jpg 768w, https:\/\/satedsp.org.br\/wp-content\/uploads\/2024\/04\/Tabela_B-1118x1536.jpg 1118w, https:\/\/satedsp.org.br\/wp-content\/uploads\/2024\/04\/Tabela_B-1490x2048.jpg 1490w, https:\/\/satedsp.org.br\/wp-content\/uploads\/2024\/04\/Tabela_B-370x508.jpg 370w, https:\/\/satedsp.org.br\/wp-content\/uploads\/2024\/04\/Tabela_B-1290x1773.jpg 1290w, https:\/\/satedsp.org.br\/wp-content\/uploads\/2024\/04\/Tabela_B-1080x1484.jpg 1080w, https:\/\/satedsp.org.br\/wp-content\/uploads\/2024\/04\/Tabela_B-865x1189.jpg 865w, https:\/\/satedsp.org.br\/wp-content\/uploads\/2024\/04\/Tabela_B-642x882.jpg 642w, https:\/\/satedsp.org.br\/wp-content\/uploads\/2024\/04\/Tabela_B-scaled.jpg 1863w\" sizes=\"(max-width: 745px) 100vw, 745px\" \/>\t\t\t\t\t\t\t\t\t\t\t\t\t\t\t<\/div>\n\t\t\t\t<\/div>\n\t\t\t\t<\/div>\n\t\t<div class=\"elementor-element elementor-element-9abed8f e-con-full e-flex sc_inner_width_none sc_layouts_column_icons_position_left e-con e-child\" data-id=\"9abed8f\" data-element_type=\"container\">\n\t\t\t\t<div class=\"elementor-element elementor-element-f6cdf4c sc_fly_static elementor-widget elementor-widget-image\" data-id=\"f6cdf4c\" data-element_type=\"widget\" data-widget_type=\"image.default\">\n\t\t\t\t<div class=\"elementor-widget-container\">\n\t\t\t\t\t\t\t\t\t\t\t\t\t\t\t<img decoding=\"async\" width=\"699\" height=\"1024\" src=\"https:\/\/satedsp.org.br\/wp-content\/uploads\/2024\/04\/Tabela_C-699x1024.jpg\" class=\"attachment-large size-large wp-image-17802\" alt=\"\" srcset=\"https:\/\/satedsp.org.br\/wp-content\/uploads\/2024\/04\/Tabela_C-699x1024.jpg 699w, https:\/\/satedsp.org.br\/wp-content\/uploads\/2024\/04\/Tabela_C-205x300.jpg 205w, https:\/\/satedsp.org.br\/wp-content\/uploads\/2024\/04\/Tabela_C-768x1125.jpg 768w, https:\/\/satedsp.org.br\/wp-content\/uploads\/2024\/04\/Tabela_C-1049x1536.jpg 1049w, https:\/\/satedsp.org.br\/wp-content\/uploads\/2024\/04\/Tabela_C-1398x2048.jpg 1398w, https:\/\/satedsp.org.br\/wp-content\/uploads\/2024\/04\/Tabela_C-370x542.jpg 370w, https:\/\/satedsp.org.br\/wp-content\/uploads\/2024\/04\/Tabela_C-1290x1889.jpg 1290w, https:\/\/satedsp.org.br\/wp-content\/uploads\/2024\/04\/Tabela_C-1080x1582.jpg 1080w, https:\/\/satedsp.org.br\/wp-content\/uploads\/2024\/04\/Tabela_C-865x1267.jpg 865w, https:\/\/satedsp.org.br\/wp-content\/uploads\/2024\/04\/Tabela_C-642x940.jpg 642w, https:\/\/satedsp.org.br\/wp-content\/uploads\/2024\/04\/Tabela_C-scaled.jpg 1748w\" sizes=\"(max-width: 699px) 100vw, 699px\" \/>\t\t\t\t\t\t\t\t\t\t\t\t\t\t\t<\/div>\n\t\t\t\t<\/div>\n\t\t\t\t<\/div>\n\t\t\t\t\t<\/div>\n\t\t\t\t<\/div>\n\t\t<div class=\"elementor-element elementor-element-2892a7d e-flex e-con-boxed sc_inner_width_none sc_layouts_column_icons_position_left e-con e-parent\" data-id=\"2892a7d\" data-element_type=\"container\">\n\t\t\t\t\t<div class=\"e-con-inner\">\n\t\t\t\t<div class=\"elementor-element elementor-element-f4defbf sc_fly_static elementor-widget elementor-widget-spacer\" data-id=\"f4defbf\" data-element_type=\"widget\" data-widget_type=\"spacer.default\">\n\t\t\t\t<div class=\"elementor-widget-container\">\n\t\t\t\t\t\t\t<div class=\"elementor-spacer\">\n\t\t\t<div class=\"elementor-spacer-inner\"><\/div>\n\t\t<\/div>\n\t\t\t\t\t\t<\/div>\n\t\t\t\t<\/div>\n\t\t\t\t\t<\/div>\n\t\t\t\t<\/div>\n\t\t<div class=\"elementor-element elementor-element-412a503 e-flex e-con-boxed sc_inner_width_none sc_layouts_column_icons_position_left e-con e-parent\" data-id=\"412a503\" data-element_type=\"container\">\n\t\t\t\t\t<div class=\"e-con-inner\">\n\t\t\t\t<div class=\"elementor-element elementor-element-d09d62f sc_fly_static elementor-widget elementor-widget-text-editor\" data-id=\"d09d62f\" data-element_type=\"widget\" data-widget_type=\"text-editor.default\">\n\t\t\t\t<div class=\"elementor-widget-container\">\n\t\t\t\t\t\t\t\t\t<p><strong>Obs.:<\/strong><\/p><ol><li>A Grade m\u00ednima definida pela Normativa dever\u00e1 ser ajustada e condicionada \u00e0 identidade de cada escola certificada;<\/li><li>Quantidade de 15 (quinze) apresenta\u00e7\u00f5es m\u00ednimas no decorrer do Curso, com o m\u00ednimo de dois espet\u00e1culos montados durante o Curso. Para cada apresenta\u00e7\u00e3o dever\u00e3o ser computadas 04 horas\/aula;<\/li><li>Exig\u00eancia de relat\u00f3rios dos espet\u00e1culos assistidos pelo Ator em Forma\u00e7\u00e3o sendo, o m\u00ednimo, de 01 espet\u00e1culo assistido por m\u00eas de curso;<\/li><li>No certificado, fornecido pelo Curso, dever\u00e1 constar a carga hor\u00e1ria e aproveitamento do aluno;<\/li><li>A fim de somarem as 1.400 (um mil e quatrocentas) horas, os cursos com 200 (Duzentas) horas ou mais ser\u00e3o aceitos apenas mediante a hist\u00f3rico escolar completo e curr\u00edculo dos professores envolvidos no mesmo, sem estes documentos, os certificados desses cursos n\u00e3o ser\u00e3o computados na avalia\u00e7\u00e3o.<\/li><\/ol><p><strong>Aten\u00e7\u00e3o:<\/strong> Cursos realizados at\u00e9 os 13 anos ( cursos livres infantis e infanto juvenis) n\u00e3o s\u00e3o computados para efeito de registros profissionais para atores por se tratarem de conte\u00fados l\u00fadicos e recreativos sem prop\u00f3sitos ou objetivos a forma\u00e7\u00e3o profissional. As experi\u00eancias pr\u00e1ticas ou remuneradas destas crian\u00e7as em que elas exerceram a fun\u00e7\u00e3o de atores\/atrizes PODER\u00c3O ser computadas para somat\u00f3ria das 1400 horas.<\/p>\t\t\t\t\t\t\t\t<\/div>\n\t\t\t\t<\/div>\n\t\t\t\t\t<\/div>\n\t\t\t\t<\/div>\n\t\t<div class=\"elementor-element elementor-element-d2cbfa6 e-flex e-con-boxed sc_inner_width_none sc_layouts_column_icons_position_left e-con e-parent\" data-id=\"d2cbfa6\" data-element_type=\"container\">\n\t\t\t\t\t<div class=\"e-con-inner\">\n\t\t\t\t<div class=\"elementor-element elementor-element-5711151 sc_fly_static elementor-widget elementor-widget-spacer\" data-id=\"5711151\" data-element_type=\"widget\" data-widget_type=\"spacer.default\">\n\t\t\t\t<div class=\"elementor-widget-container\">\n\t\t\t\t\t\t\t<div class=\"elementor-spacer\">\n\t\t\t<div class=\"elementor-spacer-inner\"><\/div>\n\t\t<\/div>\n\t\t\t\t\t\t<\/div>\n\t\t\t\t<\/div>\n\t\t\t\t\t<\/div>\n\t\t\t\t<\/div>\n\t\t<div class=\"elementor-element elementor-element-3de51bc e-flex e-con-boxed sc_inner_width_none sc_layouts_column_icons_position_left e-con e-parent\" data-id=\"3de51bc\" data-element_type=\"container\">\n\t\t\t\t\t<div class=\"e-con-inner\">\n\t\t\t\t<div class=\"elementor-element elementor-element-49d6446 elementor-widget__width-initial sc_fly_static elementor-widget elementor-widget-toggle\" data-id=\"49d6446\" data-element_type=\"widget\" data-widget_type=\"toggle.default\">\n\t\t\t\t<div class=\"elementor-widget-container\">\n\t\t\t\t\t\t\t<div class=\"elementor-toggle\">\n\t\t\t\t\t\t\t<div class=\"elementor-toggle-item\">\n\t\t\t\t\t<div id=\"elementor-tab-title-7741\" class=\"elementor-tab-title\" data-tab=\"1\" role=\"button\" aria-controls=\"elementor-tab-content-7741\" aria-expanded=\"false\">\n\t\t\t\t\t\t\t\t\t\t\t\t<span class=\"elementor-toggle-icon elementor-toggle-icon-left\" aria-hidden=\"true\">\n\t\t\t\t\t\t\t\t\t\t\t\t\t\t\t<span class=\"elementor-toggle-icon-closed\"><svg class=\"e-font-icon-svg e-fas-caret-right\" viewBox=\"0 0 192 512\" xmlns=\"http:\/\/www.w3.org\/2000\/svg\"><path d=\"M0 384.662V127.338c0-17.818 21.543-26.741 34.142-14.142l128.662 128.662c7.81 7.81 7.81 20.474 0 28.284L34.142 398.804C21.543 411.404 0 402.48 0 384.662z\"><\/path><\/svg><\/span>\n\t\t\t\t\t\t\t\t<span class=\"elementor-toggle-icon-opened\"><svg class=\"elementor-toggle-icon-opened e-font-icon-svg e-fas-caret-up\" viewBox=\"0 0 320 512\" xmlns=\"http:\/\/www.w3.org\/2000\/svg\"><path d=\"M288.662 352H31.338c-17.818 0-26.741-21.543-14.142-34.142l128.662-128.662c7.81-7.81 20.474-7.81 28.284 0l128.662 128.662c12.6 12.599 3.676 34.142-14.142 34.142z\"><\/path><\/svg><\/span>\n\t\t\t\t\t\t\t\t\t\t\t\t\t<\/span>\n\t\t\t\t\t\t\t\t\t\t\t\t<a class=\"elementor-toggle-title\" tabindex=\"0\">Como Funciona<\/a>\n\t\t\t\t\t<\/div>\n\n\t\t\t\t\t<div id=\"elementor-tab-content-7741\" class=\"elementor-tab-content elementor-clearfix\" data-tab=\"1\" role=\"region\" aria-labelledby=\"elementor-tab-title-7741\"><p><strong>DRT &#8211; Registro Profissional<\/strong><\/p><p>Conforme o Art. 7\u00ba da lei 6533\/78 e Artista ou T\u00e9cnico em Espet\u00e1culos de Divers\u00f5es s\u00e3o 3 (tr\u00eas) as formas de tirar o Registro profissional:<\/p><p>I &#8211; diploma de curso superior de Diretor de Teatro, Core\u00f3grafo, Professor de arte Dram\u00e1tica, ou outros, cursos semelhantes, reconhecidos na forma da Lei; ou<\/p><p>II &#8211; diploma ou certificado correspondentes \u00e0s habilita\u00e7\u00f5es profissionais de 2\u00ba Grau de Ator, Contra &#8211; Regra, Cenot\u00e9cnico, Sonoplasta, ou outras semelhantes, reconhecidas na forma da Lei; ou<\/p><p><strong>III &#8211; atestado de capacita\u00e7\u00e3o profissional fornecido pelo Sindicato representativo das\u00a0<\/strong><strong>categorias profissionais e, subsidiariamente, pela Federa\u00e7\u00e3o respectiva.<\/strong><\/p><p>Como obter o DRT ?<\/p><p>Nas duas primeiras hip\u00f3teses voc\u00ea dever\u00e1 ir diretamente na superintend\u00eancia de trabalho da sua cidade, na terceira voc\u00ea dever\u00e1 serguir os procedimentos abaixo:<\/p><p>1 &#8211;<br \/>* Reunir material impresso de comprova\u00e7\u00e3o de experi\u00eancia (cursos, workshops, palestras, etc.) na fun\u00e7\u00e3o pretendida (em ordem cronol\u00f3gica) e anexar em formato PDF seu portf\u00f3lio e curr\u00edculo conforme instru\u00e7\u00f5es no fim do preenchimento do requerimento.<\/p><p><strong>Modelo de Portf\u00f3lio<\/strong><\/p><p><strong>Modelo de Curr\u00edculo<\/strong><\/p><p>2 &#8211;<br \/>* Fazer a inscri\u00e7\u00e3o no site \u2013 link: <a href=\"https:\/\/sated.fractaldata.com.br\/#\/loginProfissional\" target=\"_blank\" rel=\"noopener\">Requerimento e o Question\u00e1rio de Perfil Profissional<\/a><\/p><p>3 &#8211; Pagar o valor inicial de R$350.00 da taxa de exame de capacita\u00e7\u00e3o.<\/p><p>Leia com <strong>ATEN\u00c7\u00c3O<\/strong> as instru\u00e7\u00f5es, pois <strong>A TAXA DE AVALIA\u00c7\u00c3O N\u00c3O SER\u00c1 <\/strong><strong>DEVOLVIDA.<br \/><\/strong><\/p><p>Pagamento do cart\u00e3o de cr\u00e9dito(R$370,00): <a href=\"https:\/\/sacola.pagbank.com.br\/ea32f351-0433-4bee-a6cb-843c9d5ae0c6\" target=\"_blank\" rel=\"noopener\">(Clique aqui)<\/a><\/p><p>PIX(R$350,00):<br \/>SINDICATO DOS ARTISTAS E T\u00c9CNICOS EM ESPET\u00c1CULOS DE DIVERS\u00d5ES DO ESTADO DE S\u00c3O PAULO<br \/>PIX = chave CNPJ do SATED\u00a0<strong>62.494.174\/0001-05<\/strong><\/p><p>4 &#8211; A entrevista poder\u00e1 ser feita pelas plataformas digitais Zoom ou Meet e o candidato dever\u00e1 estar em local com boa conex\u00e3o da internet.<\/p><p>5 &#8211; Nos casos de aprova\u00e7\u00e3o o candidato dever\u00e1 aguardar as informa\u00e7\u00f5es do nosso administrativo para os \u00faltimos procedimentos.<\/p><p>6 &#8211; Pagar o valor do atestado de capacita\u00e7\u00e3o conforme a profiss\u00e3o ( Tabela financeira \u2013 Registro profissional).<\/p><p>Os procedimentos aqui descritos valem para a Capital e todo o Estado de S\u00e3o Paulo Outras d\u00favidas entre em contato no WhatsApp \u2013 <a href=\"#\" target=\"_blank\" rel=\"noopener\">clique aqui<\/a><\/p><p>Este item abaixo deve constar dentro da profiss\u00e3o de Diretor de Dublagem:<\/p><p>OBS: Nos casos de diretores de dublagem fazer tamb\u00e9m a leitura dos <a href=\"https:\/\/www.satedsp.org.br\/wp-content\/uploads\/2018\/10\/SATEDcriteriosAtestadoCapacitacaoDiretorDublagem.pdf\" target=\"_blank\" rel=\"noopener\">Crit\u00e9rios para Atestado de Capacita\u00e7\u00e3o Dire\u00e7\u00e3o de Dublagem.<\/a><\/p><\/div>\n\t\t\t\t<\/div>\n\t\t\t\t\t\t\t\t<\/div>\n\t\t\t\t\t\t<\/div>\n\t\t\t\t<\/div>\n\t\t\t\t\t<\/div>\n\t\t\t\t<\/div>\n\t\t\t\t<\/div>\n\t\t","protected":false},"excerpt":{"rendered":"<p>Ator ( Artista \/ 18 anos ) Cria, interpreta e representa a\u00e7\u00f5es dram\u00e1ticas, baseando-se em textos, est\u00edmulos visuais, sonoros ou outros, previamente concebidos por um autor ou criados atrav\u00e9s de improvisos individuais ou coletivos; utiliza-se de recursos vocais, corporais e emocionais, apreendidos ou intu\u00eddos, com o objetivo de transmitir ao espectador, o conjunto de id\u00e9ias&hellip;<\/p>\n","protected":false},"author":1,"featured_media":0,"parent":0,"menu_order":0,"comment_status":"closed","ping_status":"closed","template":"","meta":{"cybocfi_hide_featured_image":"","footnotes":""},"class_list":["post-18688","page","type-page","status-publish","hentry"],"_links":{"self":[{"href":"https:\/\/satedsp.org.br\/index.php\/wp-json\/wp\/v2\/pages\/18688","targetHints":{"allow":["GET"]}}],"collection":[{"href":"https:\/\/satedsp.org.br\/index.php\/wp-json\/wp\/v2\/pages"}],"about":[{"href":"https:\/\/satedsp.org.br\/index.php\/wp-json\/wp\/v2\/types\/page"}],"author":[{"embeddable":true,"href":"https:\/\/satedsp.org.br\/index.php\/wp-json\/wp\/v2\/users\/1"}],"replies":[{"embeddable":true,"href":"https:\/\/satedsp.org.br\/index.php\/wp-json\/wp\/v2\/comments?post=18688"}],"version-history":[{"count":19,"href":"https:\/\/satedsp.org.br\/index.php\/wp-json\/wp\/v2\/pages\/18688\/revisions"}],"predecessor-version":[{"id":21042,"href":"https:\/\/satedsp.org.br\/index.php\/wp-json\/wp\/v2\/pages\/18688\/revisions\/21042"}],"wp:attachment":[{"href":"https:\/\/satedsp.org.br\/index.php\/wp-json\/wp\/v2\/media?parent=18688"}],"curies":[{"name":"wp","href":"https:\/\/api.w.org\/{rel}","templated":true}]}}