{"id":18781,"date":"2024-06-02T17:17:07","date_gmt":"2024-06-02T17:17:07","guid":{"rendered":"https:\/\/satedsp.org.br\/novo\/?page_id=18781"},"modified":"2024-06-02T17:18:00","modified_gmt":"2024-06-02T17:18:00","slug":"profissoes-diretora-circense-2","status":"publish","type":"page","link":"https:\/\/satedsp.org.br\/index.php\/profissoes-diretora-circense-2\/","title":{"rendered":"Profiss\u00f5es &#8211; Diretor(a) Circense"},"content":{"rendered":"\t\t<div data-elementor-type=\"wp-page\" data-elementor-id=\"18781\" class=\"elementor elementor-18781\" data-elementor-post-type=\"page\">\n\t\t\t\t<div class=\"elementor-element elementor-element-744f135 e-flex e-con-boxed sc_inner_width_none sc_layouts_column_icons_position_left e-con e-parent\" data-id=\"744f135\" data-element_type=\"container\">\n\t\t\t\t\t<div class=\"e-con-inner\">\n\t\t\t\t<div class=\"elementor-element elementor-element-c70ee12 elementor-widget-divider--view-line sc_fly_static elementor-widget elementor-widget-divider\" data-id=\"c70ee12\" data-element_type=\"widget\" data-widget_type=\"divider.default\">\n\t\t\t\t<div class=\"elementor-widget-container\">\n\t\t\t\t\t\t\t<div class=\"elementor-divider\">\n\t\t\t<span class=\"elementor-divider-separator\">\n\t\t\t\t\t\t<\/span>\n\t\t<\/div>\n\t\t\t\t\t\t<\/div>\n\t\t\t\t<\/div>\n\t\t\t\t\t<\/div>\n\t\t\t\t<\/div>\n\t\t<div class=\"elementor-element elementor-element-09a6cc2 e-flex e-con-boxed sc_inner_width_none sc_layouts_column_icons_position_left e-con e-parent\" data-id=\"09a6cc2\" data-element_type=\"container\">\n\t\t\t\t\t<div class=\"e-con-inner\">\n\t\t\t\t<div class=\"elementor-element elementor-element-7e973f2 sc_fly_static elementor-widget elementor-widget-heading\" data-id=\"7e973f2\" data-element_type=\"widget\" data-widget_type=\"heading.default\">\n\t\t\t\t<div class=\"elementor-widget-container\">\n\t\t\t\t\t<h2 class=\"elementor-heading-title elementor-size-default\">Diretor Circense ( Artista \/ 21 anos )<\/h2>\t\t\t\t<\/div>\n\t\t\t\t<\/div>\n\t\t\t\t\t<\/div>\n\t\t\t\t<\/div>\n\t\t<div class=\"elementor-element elementor-element-deb166b e-flex e-con-boxed sc_inner_width_none sc_layouts_column_icons_position_left e-con e-parent\" data-id=\"deb166b\" data-element_type=\"container\">\n\t\t\t\t\t<div class=\"e-con-inner\">\n\t\t\t\t<div class=\"elementor-element elementor-element-6678246 elementor-widget-divider--view-line sc_fly_static elementor-widget elementor-widget-divider\" data-id=\"6678246\" data-element_type=\"widget\" data-widget_type=\"divider.default\">\n\t\t\t\t<div class=\"elementor-widget-container\">\n\t\t\t\t\t\t\t<div class=\"elementor-divider\">\n\t\t\t<span class=\"elementor-divider-separator\">\n\t\t\t\t\t\t<\/span>\n\t\t<\/div>\n\t\t\t\t\t\t<\/div>\n\t\t\t\t<\/div>\n\t\t\t\t\t<\/div>\n\t\t\t\t<\/div>\n\t\t<div class=\"elementor-element elementor-element-b6be0a9 e-flex e-con-boxed sc_inner_width_none sc_layouts_column_icons_position_left e-con e-parent\" data-id=\"b6be0a9\" data-element_type=\"container\">\n\t\t\t\t\t<div class=\"e-con-inner\">\n\t\t\t\t<div class=\"elementor-element elementor-element-6f0e0ce sc_fly_static elementor-widget elementor-widget-text-editor\" data-id=\"6f0e0ce\" data-element_type=\"widget\" data-widget_type=\"text-editor.default\">\n\t\t\t\t<div class=\"elementor-widget-container\">\n\t\t\t\t\t\t\t\t\t<p>Programa o espet\u00e1culo, dirige o ensaio e a apresenta\u00e7\u00e3o e \u00e9 respons\u00e1vel pela organiza\u00e7\u00e3o e boa ordem do espet\u00e1culo.<\/p><p>O que precisa?<\/p><p><strong>NORMAS DO CIRCO:<\/strong><\/p><p><strong><u>Fase 1<\/u><\/strong> \u2013 1400 horas de forma\u00e7\u00e3o (forma\u00e7\u00e3o t\u00e9cnica reconhecida pelo MEC ou espa\u00e7os reconhecidos pela NBR 16650-1:2018 \u2013 Circo Social, Escolas Permanentes do Circo de Lona e Escolas de Circo etc), ou ainda quem comprove 10 anos de profiss\u00e3o antes de antes de 05\/10\/1978. Considerando a pouca oferta de forma\u00e7\u00e3o t\u00e9cnica em circo no Brasil reconhecida pelo MEC o SATED SP oferece sugest\u00f5es de grade curricular para compor a carga hor\u00e1ria a partir de outros espa\u00e7os e tamb\u00e9m considera carga hor\u00e1ria complementar de outras forma\u00e7\u00f5es em artes c\u00eanicas e m\u00fasica, assim como DRT j\u00e1 adquiridos (diretor, ator, etc). Mesmo com as horas de forma\u00e7\u00e3o comprovadas as especificidades de normas t\u00e9cnicas devem ser cumpridas, o profissional deve ter as NRs em dia.<\/p><p><strong><u>Fase 2<\/u><\/strong> \u2013 Comprova\u00e7\u00e3o de 02 anos de trabalho por meio de portf\u00f3lio, v\u00eddeos das apresenta\u00e7\u00f5es, contratos de trabalho, e tamb\u00e9m deve ter as NRs em dia.<\/p><p><strong><u>Fase 3 \u2013<\/u><\/strong> Apresenta\u00e7\u00e3o ou entrevista no caso dos t\u00e9cnicos, demonstrando todas as caracter\u00edsticas de apresenta\u00e7\u00e3o art\u00edstica e de seguran\u00e7a descritas na instru\u00e7\u00e3o normativa (n\u00e3o \u00e9 considerado n\u00famero art\u00edstico apenas a rotina de treinamento), deve tamb\u00e9m ter todas\u00a0 as NRs em dia.<\/p><p>\u00a0* A Autoriza\u00e7\u00e3o de Trabalho por no m\u00ednimo 12 (doze) meses n\u00e3o poder\u00e1 ser emitida para profissionais que n\u00e3o tiverem as NRs espec\u00edficas de cada profiss\u00e3o em dia.<\/p><p>Diretor Circense: Pode apresentar carreira em artes c\u00eanicas por\u00e9m deve comprovar 3 anos de experi\u00eancia obrigat\u00f3ria em circo de lona (assistente\/est\u00e1gio \/dire\u00e7\u00e3o\/ similares) e entrevista com a banca.<\/p>\t\t\t\t\t\t\t\t<\/div>\n\t\t\t\t<\/div>\n\t\t\t\t\t<\/div>\n\t\t\t\t<\/div>\n\t\t\t\t<\/div>\n\t\t","protected":false},"excerpt":{"rendered":"<p>Diretor Circense ( Artista \/ 21 anos ) Programa o espet\u00e1culo, dirige o ensaio e a apresenta\u00e7\u00e3o e \u00e9 respons\u00e1vel pela organiza\u00e7\u00e3o e boa ordem do espet\u00e1culo. O que precisa? NORMAS DO CIRCO: Fase 1 \u2013 1400 horas de forma\u00e7\u00e3o (forma\u00e7\u00e3o t\u00e9cnica reconhecida pelo MEC ou espa\u00e7os reconhecidos pela NBR 16650-1:2018 \u2013 Circo Social, Escolas&hellip;<\/p>\n","protected":false},"author":1,"featured_media":0,"parent":0,"menu_order":0,"comment_status":"closed","ping_status":"closed","template":"","meta":{"cybocfi_hide_featured_image":"","footnotes":""},"class_list":["post-18781","page","type-page","status-publish","hentry"],"_links":{"self":[{"href":"https:\/\/satedsp.org.br\/index.php\/wp-json\/wp\/v2\/pages\/18781","targetHints":{"allow":["GET"]}}],"collection":[{"href":"https:\/\/satedsp.org.br\/index.php\/wp-json\/wp\/v2\/pages"}],"about":[{"href":"https:\/\/satedsp.org.br\/index.php\/wp-json\/wp\/v2\/types\/page"}],"author":[{"embeddable":true,"href":"https:\/\/satedsp.org.br\/index.php\/wp-json\/wp\/v2\/users\/1"}],"replies":[{"embeddable":true,"href":"https:\/\/satedsp.org.br\/index.php\/wp-json\/wp\/v2\/comments?post=18781"}],"version-history":[{"count":7,"href":"https:\/\/satedsp.org.br\/index.php\/wp-json\/wp\/v2\/pages\/18781\/revisions"}],"predecessor-version":[{"id":18788,"href":"https:\/\/satedsp.org.br\/index.php\/wp-json\/wp\/v2\/pages\/18781\/revisions\/18788"}],"wp:attachment":[{"href":"https:\/\/satedsp.org.br\/index.php\/wp-json\/wp\/v2\/media?parent=18781"}],"curies":[{"name":"wp","href":"https:\/\/api.w.org\/{rel}","templated":true}]}}