{"id":19595,"date":"2024-08-12T00:30:49","date_gmt":"2024-08-12T00:30:49","guid":{"rendered":"https:\/\/satedsp.org.br\/novo\/?page_id=19595"},"modified":"2026-04-08T16:29:56","modified_gmt":"2026-04-08T16:29:56","slug":"drt-como-funciona","status":"publish","type":"page","link":"https:\/\/satedsp.org.br\/index.php\/drt-como-funciona\/","title":{"rendered":"DRT &#8211; Como funciona"},"content":{"rendered":"\t\t<div data-elementor-type=\"wp-page\" data-elementor-id=\"19595\" class=\"elementor elementor-19595\" data-elementor-post-type=\"page\">\n\t\t\t\t<div class=\"elementor-element elementor-element-1a6c51a e-flex e-con-boxed sc_inner_width_none sc_layouts_column_icons_position_left e-con e-parent\" data-id=\"1a6c51a\" data-element_type=\"container\">\n\t\t\t\t\t<div class=\"e-con-inner\">\n\t\t\t\t<div class=\"elementor-element elementor-element-f0355b8 sc_fly_static elementor-widget elementor-widget-spacer\" data-id=\"f0355b8\" data-element_type=\"widget\" data-widget_type=\"spacer.default\">\n\t\t\t\t<div class=\"elementor-widget-container\">\n\t\t\t\t\t\t\t<div class=\"elementor-spacer\">\n\t\t\t<div class=\"elementor-spacer-inner\"><\/div>\n\t\t<\/div>\n\t\t\t\t\t\t<\/div>\n\t\t\t\t<\/div>\n\t\t\t\t\t<\/div>\n\t\t\t\t<\/div>\n\t\t<div class=\"elementor-element elementor-element-b77b0d5 e-flex e-con-boxed sc_inner_width_none sc_layouts_column_icons_position_left e-con e-parent\" data-id=\"b77b0d5\" data-element_type=\"container\">\n\t\t\t\t\t<div class=\"e-con-inner\">\n\t\t\t\t<div class=\"elementor-element elementor-element-059dfc3 sc_fly_static elementor-widget elementor-widget-heading\" data-id=\"059dfc3\" data-element_type=\"widget\" data-widget_type=\"heading.default\">\n\t\t\t\t<div class=\"elementor-widget-container\">\n\t\t\t\t\t<h2 class=\"elementor-heading-title elementor-size-default\">DRT - Como Funciona<\/h2>\t\t\t\t<\/div>\n\t\t\t\t<\/div>\n\t\t\t\t\t<\/div>\n\t\t\t\t<\/div>\n\t\t<div class=\"elementor-element elementor-element-c7c6537 e-flex e-con-boxed sc_inner_width_none sc_layouts_column_icons_position_left e-con e-parent\" data-id=\"c7c6537\" data-element_type=\"container\">\n\t\t\t\t\t<div class=\"e-con-inner\">\n\t\t\t\t<div class=\"elementor-element elementor-element-df7645b elementor-widget-divider--view-line sc_fly_static elementor-widget elementor-widget-divider\" data-id=\"df7645b\" data-element_type=\"widget\" data-widget_type=\"divider.default\">\n\t\t\t\t<div class=\"elementor-widget-container\">\n\t\t\t\t\t\t\t<div class=\"elementor-divider\">\n\t\t\t<span class=\"elementor-divider-separator\">\n\t\t\t\t\t\t<\/span>\n\t\t<\/div>\n\t\t\t\t\t\t<\/div>\n\t\t\t\t<\/div>\n\t\t\t\t\t<\/div>\n\t\t\t\t<\/div>\n\t\t<div class=\"elementor-element elementor-element-5c42504 e-flex e-con-boxed sc_inner_width_none sc_layouts_column_icons_position_left e-con e-parent\" data-id=\"5c42504\" data-element_type=\"container\">\n\t\t\t\t\t<div class=\"e-con-inner\">\n\t\t<div class=\"elementor-element elementor-element-866fa55 e-con-full e-flex sc_inner_width_none sc_layouts_column_icons_position_left e-con e-child\" data-id=\"866fa55\" data-element_type=\"container\">\n\t\t\t\t<div class=\"elementor-element elementor-element-1a08341 elementor-widget__width-initial elementor-icon-list--layout-traditional elementor-list-item-link-full_width sc_fly_static elementor-widget elementor-widget-icon-list\" data-id=\"1a08341\" data-element_type=\"widget\" data-widget_type=\"icon-list.default\">\n\t\t\t\t<div class=\"elementor-widget-container\">\n\t\t\t\t\t\t\t<ul class=\"elementor-icon-list-items\">\n\t\t\t\t\t\t\t<li class=\"elementor-icon-list-item\">\n\t\t\t\t\t\t\t\t\t\t\t<a href=\"https:\/\/satedsp.org.br\/index.php\/como-funciona-drt-registro-profissional\/\">\n\n\t\t\t\t\t\t\t\t\t\t\t\t<span class=\"elementor-icon-list-icon\">\n\t\t\t\t\t\t\t<svg aria-hidden=\"true\" class=\"e-font-icon-svg e-fas-angle-double-right\" viewBox=\"0 0 448 512\" xmlns=\"http:\/\/www.w3.org\/2000\/svg\"><path d=\"M224.3 273l-136 136c-9.4 9.4-24.6 9.4-33.9 0l-22.6-22.6c-9.4-9.4-9.4-24.6 0-33.9l96.4-96.4-96.4-96.4c-9.4-9.4-9.4-24.6 0-33.9L54.3 103c9.4-9.4 24.6-9.4 33.9 0l136 136c9.5 9.4 9.5 24.6.1 34zm192-34l-136-136c-9.4-9.4-24.6-9.4-33.9 0l-22.6 22.6c-9.4 9.4-9.4 24.6 0 33.9l96.4 96.4-96.4 96.4c-9.4 9.4-9.4 24.6 0 33.9l22.6 22.6c9.4 9.4 24.6 9.4 33.9 0l136-136c9.4-9.2 9.4-24.4 0-33.8z\"><\/path><\/svg>\t\t\t\t\t\t<\/span>\n\t\t\t\t\t\t\t\t\t\t<span class=\"elementor-icon-list-text\">DRT - Registro Profissional<\/span>\n\t\t\t\t\t\t\t\t\t\t\t<\/a>\n\t\t\t\t\t\t\t\t\t<\/li>\n\t\t\t\t\t\t<\/ul>\n\t\t\t\t\t\t<\/div>\n\t\t\t\t<\/div>\n\t\t\t\t<div class=\"elementor-element elementor-element-f7bc920 elementor-widget__width-initial elementor-icon-list--layout-traditional elementor-list-item-link-full_width sc_fly_static elementor-widget elementor-widget-icon-list\" data-id=\"f7bc920\" data-element_type=\"widget\" data-widget_type=\"icon-list.default\">\n\t\t\t\t<div class=\"elementor-widget-container\">\n\t\t\t\t\t\t\t<ul class=\"elementor-icon-list-items\">\n\t\t\t\t\t\t\t<li class=\"elementor-icon-list-item\">\n\t\t\t\t\t\t\t\t\t\t\t<a href=\"https:\/\/satedsp.org.br\/index.php\/lei-6533\/\">\n\n\t\t\t\t\t\t\t\t\t\t\t\t<span class=\"elementor-icon-list-icon\">\n\t\t\t\t\t\t\t<svg aria-hidden=\"true\" class=\"e-font-icon-svg e-fas-angle-double-right\" viewBox=\"0 0 448 512\" xmlns=\"http:\/\/www.w3.org\/2000\/svg\"><path d=\"M224.3 273l-136 136c-9.4 9.4-24.6 9.4-33.9 0l-22.6-22.6c-9.4-9.4-9.4-24.6 0-33.9l96.4-96.4-96.4-96.4c-9.4-9.4-9.4-24.6 0-33.9L54.3 103c9.4-9.4 24.6-9.4 33.9 0l136 136c9.5 9.4 9.5 24.6.1 34zm192-34l-136-136c-9.4-9.4-24.6-9.4-33.9 0l-22.6 22.6c-9.4 9.4-9.4 24.6 0 33.9l96.4 96.4-96.4 96.4c-9.4 9.4-9.4 24.6 0 33.9l22.6 22.6c9.4 9.4 24.6 9.4 33.9 0l136-136c9.4-9.2 9.4-24.4 0-33.8z\"><\/path><\/svg>\t\t\t\t\t\t<\/span>\n\t\t\t\t\t\t\t\t\t\t<span class=\"elementor-icon-list-text\">Lei n\u00ba 6.533\/78<\/span>\n\t\t\t\t\t\t\t\t\t\t\t<\/a>\n\t\t\t\t\t\t\t\t\t<\/li>\n\t\t\t\t\t\t<\/ul>\n\t\t\t\t\t\t<\/div>\n\t\t\t\t<\/div>\n\t\t\t\t<div class=\"elementor-element elementor-element-69642b1 elementor-widget__width-initial elementor-icon-list--layout-traditional elementor-list-item-link-full_width sc_fly_static elementor-widget elementor-widget-icon-list\" data-id=\"69642b1\" data-element_type=\"widget\" data-widget_type=\"icon-list.default\">\n\t\t\t\t<div class=\"elementor-widget-container\">\n\t\t\t\t\t\t\t<ul class=\"elementor-icon-list-items\">\n\t\t\t\t\t\t\t<li class=\"elementor-icon-list-item\">\n\t\t\t\t\t\t\t\t\t\t\t<a href=\"https:\/\/satedsp.org.br\/index.php\/lei-no-9-610-98\/\">\n\n\t\t\t\t\t\t\t\t\t\t\t\t<span class=\"elementor-icon-list-icon\">\n\t\t\t\t\t\t\t<svg aria-hidden=\"true\" class=\"e-font-icon-svg e-fas-angle-double-right\" viewBox=\"0 0 448 512\" xmlns=\"http:\/\/www.w3.org\/2000\/svg\"><path d=\"M224.3 273l-136 136c-9.4 9.4-24.6 9.4-33.9 0l-22.6-22.6c-9.4-9.4-9.4-24.6 0-33.9l96.4-96.4-96.4-96.4c-9.4-9.4-9.4-24.6 0-33.9L54.3 103c9.4-9.4 24.6-9.4 33.9 0l136 136c9.5 9.4 9.5 24.6.1 34zm192-34l-136-136c-9.4-9.4-24.6-9.4-33.9 0l-22.6 22.6c-9.4 9.4-9.4 24.6 0 33.9l96.4 96.4-96.4 96.4c-9.4 9.4-9.4 24.6 0 33.9l22.6 22.6c9.4 9.4 24.6 9.4 33.9 0l136-136c9.4-9.2 9.4-24.4 0-33.8z\"><\/path><\/svg>\t\t\t\t\t\t<\/span>\n\t\t\t\t\t\t\t\t\t\t<span class=\"elementor-icon-list-text\">Lei n\u00ba 9.610\/98<\/span>\n\t\t\t\t\t\t\t\t\t\t\t<\/a>\n\t\t\t\t\t\t\t\t\t<\/li>\n\t\t\t\t\t\t<\/ul>\n\t\t\t\t\t\t<\/div>\n\t\t\t\t<\/div>\n\t\t\t\t<\/div>\n\t\t\t\t<div class=\"elementor-element elementor-element-872c2a3 sc_fly_static elementor-widget elementor-widget-spacer\" data-id=\"872c2a3\" data-element_type=\"widget\" data-widget_type=\"spacer.default\">\n\t\t\t\t<div class=\"elementor-widget-container\">\n\t\t\t\t\t\t\t<div class=\"elementor-spacer\">\n\t\t\t<div class=\"elementor-spacer-inner\"><\/div>\n\t\t<\/div>\n\t\t\t\t\t\t<\/div>\n\t\t\t\t<\/div>\n\t\t<div class=\"elementor-element elementor-element-19d2778 e-con-full sc_layouts_hide_on_wide sc_layouts_hide_on_desktop sc_layouts_hide_on_notebook sc_layouts_hide_on_tablet sc_layouts_hide_on_mobile e-flex sc_inner_width_none sc_layouts_column_icons_position_left e-con e-child\" data-id=\"19d2778\" data-element_type=\"container\">\n\t\t\t\t<div class=\"elementor-element elementor-element-94c4c61 elementor-widget__width-initial sc_fly_static elementor-widget elementor-widget-text-editor\" data-id=\"94c4c61\" data-element_type=\"widget\" data-widget_type=\"text-editor.default\">\n\t\t\t\t<div class=\"elementor-widget-container\">\n\t\t\t\t\t\t\t\t\t<p>DRT &#8211; Registro Profissional<\/p><p>Conforme o Art. 7\u00ba da lei 6533\/78 e Artista ou T\u00e9cnico em Espet\u00e1culos de Divers\u00f5es \u2013 Formados em universidade s devem apresentar o diploma de curso superior de Diretor de Teatro, Core\u00f3grafo, Professor de arte Dram\u00e1tica, ou outros, cursos semelhantes, reconhecidos na forma da Lei; que dever\u00e1 ser apresentado direto na Superintend\u00eancia do trabalho<br \/>Como obter o DRT?<\/p><p>* Fazer a leitura da <a href=\"https:\/\/satedsp.org.br\/novo\/wp-content\/uploads\/2024\/08\/INSTRUCAO_NORMATIVA_E_CRITERIOS_PARA_EXAMES_DE_CAPACITACAO_DAS_FUNCOES_REGULAMENTADAS-ASSINADA.pdf\" target=\"_blank\" rel=\"noopener\">Instru\u00e7\u00e3o Normativa.<\/a><br \/>* Fazer a inscri\u00e7\u00e3o no site \u2013 link: <a href=\"https:\/\/sated.fractaldata.com.br\/#\/loginProfissional\" target=\"_blank\" rel=\"noopener\">Requerimento e o Question\u00e1rio de Perfil Profissional<\/a><br \/>* Reunir material impresso de comprova\u00e7\u00e3o de experi\u00eancia (cursos, workshops, palestras, etc.) na fun\u00e7\u00e3o pretendida (em ordem cronol\u00f3gica) e anexar em formato PDF conforme instru\u00e7\u00f5es no fim do preenchimento do requerimento.<\/p><p>OBS: Nos casos de diretores de dublagem fazer tamb\u00e9m a leitura dos <a href=\"https:\/\/satedsp.org.br\/novo\/wp-content\/uploads\/2024\/08\/SATEDcriteriosAtestadoCapacitacaoDiretorDublagem.pdf\" target=\"_blank\" rel=\"noopener\">Crit\u00e9rios para Atestado de Capacita\u00e7\u00e3o Dire\u00e7\u00e3o de Dublagem<\/a><\/p><p><img fetchpriority=\"high\" decoding=\"async\" class=\"alignnone wp-image-19599 size-full\" src=\"https:\/\/satedsp.org.br\/novo\/wp-content\/uploads\/2024\/08\/Imagem-do-WhatsApp-de-2024-08-07-as-16.25.58_4ff9e7a7.jpg\" alt=\"\" width=\"677\" height=\"292\" srcset=\"https:\/\/satedsp.org.br\/wp-content\/uploads\/2024\/08\/Imagem-do-WhatsApp-de-2024-08-07-as-16.25.58_4ff9e7a7.jpg 677w, https:\/\/satedsp.org.br\/wp-content\/uploads\/2024\/08\/Imagem-do-WhatsApp-de-2024-08-07-as-16.25.58_4ff9e7a7-300x129.jpg 300w, https:\/\/satedsp.org.br\/wp-content\/uploads\/2024\/08\/Imagem-do-WhatsApp-de-2024-08-07-as-16.25.58_4ff9e7a7-370x160.jpg 370w, https:\/\/satedsp.org.br\/wp-content\/uploads\/2024\/08\/Imagem-do-WhatsApp-de-2024-08-07-as-16.25.58_4ff9e7a7-642x277.jpg 642w\" sizes=\"(max-width: 677px) 100vw, 677px\" \/><\/p><p>A TAXA DE AVALIA\u00c7\u00c3O N\u00c3O SER\u00c1 DEVOLVIDA. Leia com ATEN\u00c7\u00c3O as instru\u00e7\u00f5es<\/p><p>Pagamento transfer\u00eancia PIX: CNPJ \u2013 62.494. 174\/0001-05<\/p><p>&#8211; A entrevista poder\u00e1 ser feita pelas plataformas digitais Zoom ou WhatsApp e o candidato dever\u00e1 estar em local com boa conex\u00e3o da internet.<br \/>&#8211; Nos casos de aprova\u00e7\u00e3o o candidato dever\u00e1 aguardar as informa\u00e7\u00f5es do nosso administrativo para os \u00faltimos procedimentos.<br \/>&#8211; Pagar o valor do atestado de capacita\u00e7\u00e3o conforme a profiss\u00e3o ( Tabela financeira \u2013 Registro profissional).<br \/>&#8211; Os procedimentos aqui descritos valem para a Capital e todo o Estado de S\u00e3o Paulo.<\/p><p><strong>Outras duvidas entre em contato no WhatsApp \u2013 <a href=\"https:\/\/api.whatsapp.com\/send?1=pt_BR&amp;phone=5511954211217\" target=\"_blank\" rel=\"noopener\">clique aqui<\/a><\/strong><\/p>\t\t\t\t\t\t\t\t<\/div>\n\t\t\t\t<\/div>\n\t\t\t\t<\/div>\n\t\t<div class=\"elementor-element elementor-element-898ec54 e-con-full e-flex sc_inner_width_none sc_layouts_column_icons_position_left e-con e-child\" data-id=\"898ec54\" data-element_type=\"container\">\n\t\t\t\t<div class=\"elementor-element elementor-element-cea1391 elementor-widget__width-initial sc_fly_static elementor-widget elementor-widget-text-editor\" data-id=\"cea1391\" data-element_type=\"widget\" data-widget_type=\"text-editor.default\">\n\t\t\t\t<div class=\"elementor-widget-container\">\n\t\t\t\t\t\t\t\t\t<p><strong>Passo a Passo para Obter o DRT<br \/><\/strong><br \/>O DRT (Delegacia Regional do Trabalho) \u00e9 um registro profissional essencial para atuar no setor de espet\u00e1culos e divers\u00f5es, regulamentado pela Lei n\u00ba 6.533\/78. Para obter o DRT, siga os procedimentos abaixo, que se aplicam tanto \u00e0 Capital quanto ao interior do Estado de S\u00e3o Paulo:<\/p><p><strong>1. Requisitos e Documenta\u00e7\u00e3o Necess\u00e1ria<\/strong><\/p><p><strong>Comprova\u00e7\u00e3o de Experi\u00eancia:<\/strong> Re\u00fana um portf\u00f3lio em ordem cronol\u00f3gica de todas as suas experi\u00eancias profissionais relacionadas \u00e0 fun\u00e7\u00e3o pretendida, incluindo cursos, workshops e palestras. Esse material deve ser anexado em formato PDF junto ao seu curr\u00edculo e hist\u00f3rico de atividades. Aceitamos tanto o modelo de Portf\u00f3lio quanto o modelo de Curr\u00edculo.<\/p><p><strong>Hist\u00f3rico de Forma\u00e7\u00e3o:<\/strong> Inclua um comprovante de escolaridade (certificado de conclus\u00e3o do ensino fundamental ou m\u00e9dio, conforme a fun\u00e7\u00e3o) e provas documentais de exerc\u00edcio da fun\u00e7\u00e3o, como contratos de trabalho, recibos, materiais de divulga\u00e7\u00e3o, fotos, mat\u00e9rias na imprensa, e comprovantes de cursos e oficinas.<\/p><p><strong>Comprova\u00e7\u00e3o das Horas:<\/strong> Certifique-se de que a carga hor\u00e1ria total de atividades formativas seja de 1400 horas, conforme especificado na tabela B da normativa. Cursos com carga hor\u00e1ria superior a 200 horas devem incluir hist\u00f3rico escolar completo e curr\u00edculo dos\u00a0professores.<\/p><p><strong>2. Inscri\u00e7\u00e3o e Pagamento<br \/><\/strong><br \/><strong>Inscri\u00e7\u00e3o:<\/strong> Fa\u00e7a a inscri\u00e7\u00e3o atrav\u00e9s do site oficial, preenchendo o Requerimento e o Question\u00e1rio de Perfil Profissional.<\/p><p><a href=\"https:\/\/sated.fractaldata.com.br\/#\/loginProfissional\" target=\"_blank\" rel=\"noopener\">[Requerimento e Question\u00e1rio de Perfil Profissional]<\/a><\/p><p><strong>Taxa de Exame:<\/strong> consulte a taxa da sua fun\u00e7\u00e3o em nossas tabelas<\/p><p>Leia atentamente as instru\u00e7\u00f5es, pois a taxa de avalia\u00e7\u00e3o n\u00e3o ser\u00e1 devolvida.<\/p><p><strong>3. Entrevista e Acompanhamento<br \/><\/strong><br \/><strong>Entrevista:<\/strong> A entrevista pode ser realizada via plataformas digitais como Zoom ou Google Meet. Certifique-se de estar em um local com boa conex\u00e3o \u00e0 internet.<\/p><p><strong>Procedimentos Finais:<\/strong> Ap\u00f3s aprova\u00e7\u00e3o, aguarde as instru\u00e7\u00f5es administrativas para completar o processo e efetuar o pagamento do atestado de capacita\u00e7\u00e3o, de acordo com a profiss\u00e3o e tabela financeira dispon\u00edvel.<\/p><p>Havendo necessidade de entrevista e acompanhamento.<\/p><p><strong>4. Diretores de Dublagem <\/strong><strong>Crit\u00e9rios <\/strong><\/p><p>Espec\u00edficos: Diretores de dublagem devem consultar e seguir os crit\u00e9rios espec\u00edficos para o Atestado de <a href=\"https:\/\/satedsp.org.br\/wp-content\/uploads\/2024\/08\/SATEDcriteriosAtestadoCapacitacaoDiretorDublagem.pdf\" target=\"_blank\" rel=\"noopener\">Capacita\u00e7\u00e3o em Dire\u00e7\u00e3o de Dublagem.<\/a><\/p><p>Para mais informa\u00e7\u00f5es ou esclarecimento de d\u00favidas, entre em contato pelo <strong>WhatsApp<\/strong> <a href=\"https:\/\/api.whatsapp.com\/send?1=pt_BR&amp;phone=5511954211217\" target=\"_blank\" rel=\"noopener\">[aqui]<\/a>.<\/p><p>Esse passo a passo \u00e9 essencial para garantir que voc\u00ea esteja devidamente registrado e apto a exercer sua profiss\u00e3o com todas as credenciais necess\u00e1rias.<\/p>\t\t\t\t\t\t\t\t<\/div>\n\t\t\t\t<\/div>\n\t\t\t\t<\/div>\n\t\t\t\t\t<\/div>\n\t\t\t\t<\/div>\n\t\t\t\t<\/div>\n\t\t","protected":false},"excerpt":{"rendered":"<p>DRT &#8211; Como Funciona DRT &#8211; Registro Profissional Lei n\u00ba 6.533\/78 Lei n\u00ba 9.610\/98 DRT &#8211; Registro Profissional Conforme o Art. 7\u00ba da lei 6533\/78 e Artista ou T\u00e9cnico em Espet\u00e1culos de Divers\u00f5es \u2013 Formados em universidade s devem apresentar o diploma de curso superior de Diretor de Teatro, Core\u00f3grafo, Professor de arte Dram\u00e1tica, ou&hellip;<\/p>\n","protected":false},"author":1,"featured_media":0,"parent":0,"menu_order":0,"comment_status":"closed","ping_status":"closed","template":"elementor_header_footer","meta":{"cybocfi_hide_featured_image":"","footnotes":""},"class_list":["post-19595","page","type-page","status-publish","hentry"],"_links":{"self":[{"href":"https:\/\/satedsp.org.br\/index.php\/wp-json\/wp\/v2\/pages\/19595","targetHints":{"allow":["GET"]}}],"collection":[{"href":"https:\/\/satedsp.org.br\/index.php\/wp-json\/wp\/v2\/pages"}],"about":[{"href":"https:\/\/satedsp.org.br\/index.php\/wp-json\/wp\/v2\/types\/page"}],"author":[{"embeddable":true,"href":"https:\/\/satedsp.org.br\/index.php\/wp-json\/wp\/v2\/users\/1"}],"replies":[{"embeddable":true,"href":"https:\/\/satedsp.org.br\/index.php\/wp-json\/wp\/v2\/comments?post=19595"}],"version-history":[{"count":46,"href":"https:\/\/satedsp.org.br\/index.php\/wp-json\/wp\/v2\/pages\/19595\/revisions"}],"predecessor-version":[{"id":22025,"href":"https:\/\/satedsp.org.br\/index.php\/wp-json\/wp\/v2\/pages\/19595\/revisions\/22025"}],"wp:attachment":[{"href":"https:\/\/satedsp.org.br\/index.php\/wp-json\/wp\/v2\/media?parent=19595"}],"curies":[{"name":"wp","href":"https:\/\/api.w.org\/{rel}","templated":true}]}}