{"id":19937,"date":"2024-10-28T22:10:34","date_gmt":"2024-10-28T22:10:34","guid":{"rendered":"https:\/\/satedsp.org.br\/novo\/?page_id=19937"},"modified":"2025-01-08T11:31:14","modified_gmt":"2025-01-08T11:31:14","slug":"lei-no-9-610-98","status":"publish","type":"page","link":"https:\/\/satedsp.org.br\/index.php\/lei-no-9-610-98\/","title":{"rendered":"Lei n\u00ba 9.610\/98"},"content":{"rendered":"\t\t<div data-elementor-type=\"wp-page\" data-elementor-id=\"19937\" class=\"elementor elementor-19937\" data-elementor-post-type=\"page\">\n\t\t\t\t<div class=\"elementor-element elementor-element-629026c e-flex e-con-boxed sc_inner_width_none sc_layouts_column_icons_position_left e-con e-parent\" data-id=\"629026c\" data-element_type=\"container\">\n\t\t\t\t\t<div class=\"e-con-inner\">\n\t\t\t\t<div class=\"elementor-element elementor-element-3e212fe sc_fly_static elementor-widget elementor-widget-spacer\" data-id=\"3e212fe\" data-element_type=\"widget\" data-widget_type=\"spacer.default\">\n\t\t\t\t<div class=\"elementor-widget-container\">\n\t\t\t\t\t\t\t<div class=\"elementor-spacer\">\n\t\t\t<div class=\"elementor-spacer-inner\"><\/div>\n\t\t<\/div>\n\t\t\t\t\t\t<\/div>\n\t\t\t\t<\/div>\n\t\t\t\t\t<\/div>\n\t\t\t\t<\/div>\n\t\t<div class=\"elementor-element elementor-element-487e0ee e-flex e-con-boxed sc_inner_width_none sc_layouts_column_icons_position_left e-con e-parent\" data-id=\"487e0ee\" data-element_type=\"container\">\n\t\t\t\t\t<div class=\"e-con-inner\">\n\t\t\t\t<div class=\"elementor-element elementor-element-28f8ae7 sc_fly_static elementor-widget elementor-widget-heading\" data-id=\"28f8ae7\" data-element_type=\"widget\" data-widget_type=\"heading.default\">\n\t\t\t\t<div class=\"elementor-widget-container\">\n\t\t\t\t\t<h2 class=\"elementor-heading-title elementor-size-default\">Lei n\u00ba 9.610\/98<\/h2>\t\t\t\t<\/div>\n\t\t\t\t<\/div>\n\t\t\t\t\t<\/div>\n\t\t\t\t<\/div>\n\t\t<div class=\"elementor-element elementor-element-571bbf5 e-flex e-con-boxed sc_inner_width_none sc_layouts_column_icons_position_left e-con e-parent\" data-id=\"571bbf5\" data-element_type=\"container\">\n\t\t\t\t\t<div class=\"e-con-inner\">\n\t\t\t\t<div class=\"elementor-element elementor-element-a6b3be1 elementor-widget-divider--view-line sc_fly_static elementor-widget elementor-widget-divider\" data-id=\"a6b3be1\" data-element_type=\"widget\" data-widget_type=\"divider.default\">\n\t\t\t\t<div class=\"elementor-widget-container\">\n\t\t\t\t\t\t\t<div class=\"elementor-divider\">\n\t\t\t<span class=\"elementor-divider-separator\">\n\t\t\t\t\t\t<\/span>\n\t\t<\/div>\n\t\t\t\t\t\t<\/div>\n\t\t\t\t<\/div>\n\t\t\t\t\t<\/div>\n\t\t\t\t<\/div>\n\t\t<div class=\"e-con-with-custom-width elementor-element elementor-element-88519e6 e-con-full e-flex sc_inner_width_none sc_layouts_column_icons_position_left e-con e-parent\" data-id=\"88519e6\" data-element_type=\"container\">\n\t\t<div class=\"elementor-element elementor-element-4b79862 e-con-full sc_column_fixed sc_layouts_row sc_layouts_row_type_compact e-flex sc_inner_width_none sc_layouts_column_icons_position_left e-con e-child\" data-id=\"4b79862\" data-element_type=\"container\" data-settings=\"{&quot;position&quot;:&quot;sticky&quot;}\">\n\t\t<div class=\"elementor-element elementor-element-b5e766f sc_column_fixed e-flex e-con-boxed sc_inner_width_none sc_layouts_column_icons_position_left e-con e-child\" data-id=\"b5e766f\" data-element_type=\"container\" data-settings=\"{&quot;position&quot;:&quot;sticky&quot;}\">\n\t\t\t\t\t<div class=\"e-con-inner\">\n\t\t\t\t<div class=\"elementor-element elementor-element-ad56746 elementor-widget__width-initial elementor-icon-list--layout-traditional elementor-list-item-link-full_width sc_fly_static elementor-widget elementor-widget-icon-list\" data-id=\"ad56746\" data-element_type=\"widget\" data-widget_type=\"icon-list.default\">\n\t\t\t\t<div class=\"elementor-widget-container\">\n\t\t\t\t\t\t\t<ul class=\"elementor-icon-list-items\">\n\t\t\t\t\t\t\t<li class=\"elementor-icon-list-item\">\n\t\t\t\t\t\t\t\t\t\t\t<a href=\"https:\/\/satedsp.org.br\/index.php\/drt-como-funciona\/\">\n\n\t\t\t\t\t\t\t\t\t\t\t\t<span class=\"elementor-icon-list-icon\">\n\t\t\t\t\t\t\t<svg aria-hidden=\"true\" class=\"e-font-icon-svg e-fas-angle-double-right\" viewBox=\"0 0 448 512\" xmlns=\"http:\/\/www.w3.org\/2000\/svg\"><path d=\"M224.3 273l-136 136c-9.4 9.4-24.6 9.4-33.9 0l-22.6-22.6c-9.4-9.4-9.4-24.6 0-33.9l96.4-96.4-96.4-96.4c-9.4-9.4-9.4-24.6 0-33.9L54.3 103c9.4-9.4 24.6-9.4 33.9 0l136 136c9.5 9.4 9.5 24.6.1 34zm192-34l-136-136c-9.4-9.4-24.6-9.4-33.9 0l-22.6 22.6c-9.4 9.4-9.4 24.6 0 33.9l96.4 96.4-96.4 96.4c-9.4 9.4-9.4 24.6 0 33.9l22.6 22.6c9.4 9.4 24.6 9.4 33.9 0l136-136c9.4-9.2 9.4-24.4 0-33.8z\"><\/path><\/svg>\t\t\t\t\t\t<\/span>\n\t\t\t\t\t\t\t\t\t\t<span class=\"elementor-icon-list-text\">Como Funciona<\/span>\n\t\t\t\t\t\t\t\t\t\t\t<\/a>\n\t\t\t\t\t\t\t\t\t<\/li>\n\t\t\t\t\t\t<\/ul>\n\t\t\t\t\t\t<\/div>\n\t\t\t\t<\/div>\n\t\t\t\t<div class=\"elementor-element elementor-element-1e352ff elementor-widget__width-initial elementor-icon-list--layout-traditional elementor-list-item-link-full_width sc_fly_static elementor-widget elementor-widget-icon-list\" data-id=\"1e352ff\" data-element_type=\"widget\" data-widget_type=\"icon-list.default\">\n\t\t\t\t<div class=\"elementor-widget-container\">\n\t\t\t\t\t\t\t<ul class=\"elementor-icon-list-items\">\n\t\t\t\t\t\t\t<li class=\"elementor-icon-list-item\">\n\t\t\t\t\t\t\t\t\t\t\t<a href=\"https:\/\/satedsp.org.br\/index.php\/lei-6533\/\">\n\n\t\t\t\t\t\t\t\t\t\t\t\t<span class=\"elementor-icon-list-icon\">\n\t\t\t\t\t\t\t<svg aria-hidden=\"true\" class=\"e-font-icon-svg e-fas-angle-double-right\" viewBox=\"0 0 448 512\" xmlns=\"http:\/\/www.w3.org\/2000\/svg\"><path d=\"M224.3 273l-136 136c-9.4 9.4-24.6 9.4-33.9 0l-22.6-22.6c-9.4-9.4-9.4-24.6 0-33.9l96.4-96.4-96.4-96.4c-9.4-9.4-9.4-24.6 0-33.9L54.3 103c9.4-9.4 24.6-9.4 33.9 0l136 136c9.5 9.4 9.5 24.6.1 34zm192-34l-136-136c-9.4-9.4-24.6-9.4-33.9 0l-22.6 22.6c-9.4 9.4-9.4 24.6 0 33.9l96.4 96.4-96.4 96.4c-9.4 9.4-9.4 24.6 0 33.9l22.6 22.6c9.4 9.4 24.6 9.4 33.9 0l136-136c9.4-9.2 9.4-24.4 0-33.8z\"><\/path><\/svg>\t\t\t\t\t\t<\/span>\n\t\t\t\t\t\t\t\t\t\t<span class=\"elementor-icon-list-text\">Lei n\u00ba 6.533\/78<\/span>\n\t\t\t\t\t\t\t\t\t\t\t<\/a>\n\t\t\t\t\t\t\t\t\t<\/li>\n\t\t\t\t\t\t<\/ul>\n\t\t\t\t\t\t<\/div>\n\t\t\t\t<\/div>\n\t\t\t\t<div class=\"elementor-element elementor-element-eacd503 elementor-widget__width-initial elementor-icon-list--layout-traditional elementor-list-item-link-full_width sc_fly_static elementor-widget elementor-widget-icon-list\" data-id=\"eacd503\" data-element_type=\"widget\" data-widget_type=\"icon-list.default\">\n\t\t\t\t<div class=\"elementor-widget-container\">\n\t\t\t\t\t\t\t<ul class=\"elementor-icon-list-items\">\n\t\t\t\t\t\t\t<li class=\"elementor-icon-list-item\">\n\t\t\t\t\t\t\t\t\t\t\t<a href=\"https:\/\/satedsp.org.br\/index.php\/lei-municipal-no-15-776-sao-paulo\/\">\n\n\t\t\t\t\t\t\t\t\t\t\t\t<span class=\"elementor-icon-list-icon\">\n\t\t\t\t\t\t\t<svg aria-hidden=\"true\" class=\"e-font-icon-svg e-fas-angle-double-right\" viewBox=\"0 0 448 512\" xmlns=\"http:\/\/www.w3.org\/2000\/svg\"><path d=\"M224.3 273l-136 136c-9.4 9.4-24.6 9.4-33.9 0l-22.6-22.6c-9.4-9.4-9.4-24.6 0-33.9l96.4-96.4-96.4-96.4c-9.4-9.4-9.4-24.6 0-33.9L54.3 103c9.4-9.4 24.6-9.4 33.9 0l136 136c9.5 9.4 9.5 24.6.1 34zm192-34l-136-136c-9.4-9.4-24.6-9.4-33.9 0l-22.6 22.6c-9.4 9.4-9.4 24.6 0 33.9l96.4 96.4-96.4 96.4c-9.4 9.4-9.4 24.6 0 33.9l22.6 22.6c9.4 9.4 24.6 9.4 33.9 0l136-136c9.4-9.2 9.4-24.4 0-33.8z\"><\/path><\/svg>\t\t\t\t\t\t<\/span>\n\t\t\t\t\t\t\t\t\t\t<span class=\"elementor-icon-list-text\">Lei Municipal n\u00ba 15.776<\/span>\n\t\t\t\t\t\t\t\t\t\t\t<\/a>\n\t\t\t\t\t\t\t\t\t<\/li>\n\t\t\t\t\t\t<\/ul>\n\t\t\t\t\t\t<\/div>\n\t\t\t\t<\/div>\n\t\t\t\t\t<\/div>\n\t\t\t\t<\/div>\n\t\t\t\t<\/div>\n\t\t<div class=\"elementor-element elementor-element-1ea6ac8 e-con-full e-flex sc_inner_width_none sc_layouts_column_icons_position_left e-con e-child\" data-id=\"1ea6ac8\" data-element_type=\"container\">\n\t\t\t\t<div class=\"elementor-element elementor-element-96f3451 elementor-widget__width-initial sc_fly_static elementor-widget elementor-widget-text-editor\" data-id=\"96f3451\" data-element_type=\"widget\" data-widget_type=\"text-editor.default\">\n\t\t\t\t<div class=\"elementor-widget-container\">\n\t\t\t\t\t\t\t\t\t<p>A Lei n\u00ba 9.610, de 19 de fevereiro de 1998, conhecida como a Lei de Direitos Autorais, \u00e9 um marco fundamental para a prote\u00e7\u00e3o das obras intelectuais no Brasil.<br \/>Essa legisla\u00e7\u00e3o estabelece os direitos dos autores sobre suas cria\u00e7\u00f5es e regula o uso de obras liter\u00e1rias, art\u00edsticas e cient\u00edficas, abrangendo desde livros, m\u00fasicas e pinturas at\u00e9 filmes e pe\u00e7as teatrais. <br \/>A promulga\u00e7\u00e3o da Lei 9.610\/98 foi um passo importante para modernizar a legisla\u00e7\u00e3o brasileira, alinhando-a com as normas internacionais e proporcionando maior seguran\u00e7a aos criadores e titulares de direitos.<\/p><p><strong>Principais Disposi\u00e7\u00f5es da Lei<br \/><\/strong><br \/><span style=\"color: #333333;\"><strong>1. Direitos Autorais:<\/strong><\/span> A Lei 9.610\/98 garante ao autor o direito exclusivo de usar, fruir e dispor de sua obra, reconhecendo sua propriedade intelectual. O autor tem o direito de decidir como sua obra ser\u00e1 utilizada, reproduzida, distribu\u00edda, exibida e adaptada. Esses direitos s\u00e3o divididos em dois grupos principais:<\/p><p><strong><span style=\"color: #333333;\">\u25cb Direitos Morais:<\/span><\/strong> Referem-se \u00e0 prote\u00e7\u00e3o da liga\u00e7\u00e3o do autor com sua obra. Isso inclui o direito de ser reconhecido como o autor (direito de paternidade) e o direito de se opor a modifica\u00e7\u00f5es que possam prejudicar a sua honra ou reputa\u00e7\u00e3o (direito de integridade).<\/p><p><strong><span style=\"color: #333333;\">\u25cb Direitos Patrimoniais:<\/span><\/strong> Envolvem a explora\u00e7\u00e3o econ\u00f4mica da obra, permitindo ao autor autorizar ou proibir a reprodu\u00e7\u00e3o, distribui\u00e7\u00e3o e adapta\u00e7\u00e3o de sua cria\u00e7\u00e3o, al\u00e9m de receber remunera\u00e7\u00e3o pela utiliza\u00e7\u00e3o da obra.<\/p><p><strong>2. Dura\u00e7\u00e3o dos Direitos Autorais:<\/strong> A lei estabelece que os direitos patrimoniais do autor t\u00eam uma dura\u00e7\u00e3o de 70 anos, contados a partir de 1\u00ba de janeiro do ano seguinte \u00e0 sua morte. Ap\u00f3s esse per\u00edodo, a obra entra em dom\u00ednio p\u00fablico, permitindo que qualquer pessoa a utilize sem a necessidade de autoriza\u00e7\u00e3o ou pagamento.<\/p><p><strong>3. Licenciamento e Transfer\u00eancia de Direitos:<\/strong> A lei tamb\u00e9m prev\u00ea a possibilidade de os autores cederem seus direitos patrimoniais a terceiros, mediante contrato. Essa transfer\u00eancia pode ser total ou parcial e deve ser registrada por escrito para ter validade. O autor pode licenciar sua obra para diferentes formas de uso, como publica\u00e7\u00e3o, adapta\u00e7\u00e3o para o cinema ou uso comercial, definindo as condi\u00e7\u00f5es e a remunera\u00e7\u00e3o para cada situa\u00e7\u00e3o.<\/p><p><strong>4. Uso Justo:<\/strong> A Lei de Direitos Autorais contempla exce\u00e7\u00f5es, como o conceito de &#8220;uso justo&#8221;, que permite a reprodu\u00e7\u00e3o de trechos de obras para fins de cr\u00edtica, coment\u00e1rio, ensino, pesquisa ou informa\u00e7\u00e3o, desde que respeitados certos crit\u00e9rios e limites. Essa cl\u00e1usula \u00e9 importante para o equil\u00edbrio entre a prote\u00e7\u00e3o dos direitos autorais e a promo\u00e7\u00e3o do acesso \u00e0 cultura e \u00e0 informa\u00e7\u00e3o.<\/p><p><strong>5. Prote\u00e7\u00e3o das Obras:<\/strong> A lei prev\u00ea a prote\u00e7\u00e3o das obras em qualquer forma, incluindo a digital. Com a crescente populariza\u00e7\u00e3o da internet e das novas tecnologias, a Lei 9.610\/98 tamb\u00e9m aborda a prote\u00e7\u00e3o dos direitos autorais<br \/>em meios eletr\u00f4nicos, garantindo que as obras estejam protegidas contra c\u00f3pias n\u00e3o autorizadas e usos indevidos.<\/p><p><strong>Import\u00e2ncia da Lei 9.610\/98<\/strong><br \/>A Lei de Direitos Autorais \u00e9 crucial para garantir a valoriza\u00e7\u00e3o do trabalho criativo e<br \/>intelectual. Ao proteger os direitos dos autores, a legisla\u00e7\u00e3o contribui para o desenvolvimento cultural e art\u00edstico do pa\u00eds, incentivando a cria\u00e7\u00e3o de novas obras.<br \/>Al\u00e9m disso, a seguran\u00e7a jur\u00eddica proporcionada pela lei ajuda a fortalecer a ind\u00fastria<br \/>criativa, uma vez que os criadores t\u00eam a certeza de que poder\u00e3o ser remunerados<br \/>por seu trabalho e de que suas obras n\u00e3o ser\u00e3o utilizadas sem autoriza\u00e7\u00e3o.<\/p><p>A lei tamb\u00e9m desempenha um papel fundamental na luta contra a pirataria e a<br \/>viola\u00e7\u00e3o dos direitos autorais, promovendo a conscientiza\u00e7\u00e3o sobre a import\u00e2ncia<br \/>do respeito \u00e0 propriedade intelectual. A viola\u00e7\u00e3o dos direitos autorais n\u00e3o apenas<br \/>prejudica os autores, mas tamb\u00e9m impacta negativamente a economia e a cultura,<br \/>uma vez que diminui os incentivos para a cria\u00e7\u00e3o de novas obras.<\/p><p><strong>Desafios e Atualiza\u00e7\u00f5es<\/strong><br \/>Apesar de seu papel importante, a Lei 9.610\/98 enfrenta desafios, especialmente<br \/>com o avan\u00e7o da tecnologia e a digitaliza\u00e7\u00e3o das obras. A facilidade de reprodu\u00e7\u00e3o<br \/>e distribui\u00e7\u00e3o pela internet tornou a prote\u00e7\u00e3o dos direitos autorais uma quest\u00e3o<br \/>complexa, exigindo atualiza\u00e7\u00f5es e adapta\u00e7\u00f5es na legisla\u00e7\u00e3o para lidar com as<br \/>novas realidades do mundo digital. Debates sobre a necessidade de uma revis\u00e3o da<br \/>lei, considerando as novas pr\u00e1ticas de consumo cultural e as inova\u00e7\u00f5es<br \/>tecnol\u00f3gicas, t\u00eam ganhado destaque nos \u00faltimos anos.<\/p><p>A prote\u00e7\u00e3o dos direitos autorais \u00e9 um assunto em constante evolu\u00e7\u00e3o e requer a aten\u00e7\u00e3o de todos os envolvidos na cadeia produtiva da cultura, incluindo autores,<br \/>consumidores, plataformas digitais e institui\u00e7\u00f5es governamentais. O fortalecimento e<br \/>a atualiza\u00e7\u00e3o da Lei 9.610\/98 s\u00e3o essenciais para garantir que a cria\u00e7\u00e3o art\u00edstica e<br \/>intelectual continue a florescer no Brasil, assegurando a valoriza\u00e7\u00e3o dos<br \/>profissionais e o acesso \u00e0 cultura de forma justa e equilibrada.<\/p>\t\t\t\t\t\t\t\t<\/div>\n\t\t\t\t<\/div>\n\t\t\t\t<\/div>\n\t\t\t\t<div class=\"elementor-element elementor-element-52cfbd6 sc_fly_static elementor-widget elementor-widget-spacer\" data-id=\"52cfbd6\" data-element_type=\"widget\" data-widget_type=\"spacer.default\">\n\t\t\t\t<div class=\"elementor-widget-container\">\n\t\t\t\t\t\t\t<div class=\"elementor-spacer\">\n\t\t\t<div class=\"elementor-spacer-inner\"><\/div>\n\t\t<\/div>\n\t\t\t\t\t\t<\/div>\n\t\t\t\t<\/div>\n\t\t<div class=\"elementor-element elementor-element-9b98a3f e-con-full e-flex sc_inner_width_none sc_layouts_column_icons_position_left e-con e-child\" data-id=\"9b98a3f\" data-element_type=\"container\">\n\t\t<div class=\"elementor-element elementor-element-866f6c0 sc_column_fixed e-flex e-con-boxed sc_inner_width_none sc_layouts_column_icons_position_left e-con e-child\" data-id=\"866f6c0\" data-element_type=\"container\">\n\t\t\t\t\t<div class=\"e-con-inner\">\n\t\t\t\t<div class=\"elementor-element elementor-element-df67c78 elementor-widget__width-initial elementor-sticky sc_fly_static elementor-widget elementor-widget-text-editor\" data-id=\"df67c78\" data-element_type=\"widget\" data-settings=\"{&quot;_position&quot;:&quot;sticky&quot;}\" data-widget_type=\"text-editor.default\">\n\t\t\t\t<div class=\"elementor-widget-container\">\n\t\t\t\t\t\t\t\t\t<p><span style=\"color: #333333;\"><strong><span style=\"font-family: Helvetica, sans-serif; font-size: 17px; font-style: normal; letter-spacing: -0.17px; text-align: var(--text-align); background-color: var(--theme-color-bg_color);\">Clique no bot\u00e3o abaixo para acessar o texto completo da Lei 9.610\/98<\/span>:<\/strong><\/span><\/p>\t\t\t\t\t\t\t\t<\/div>\n\t\t\t\t<\/div>\n\t\t\t\t<div class=\"elementor-element elementor-element-fd3bff3 elementor-align-justify sc_fly_static elementor-widget elementor-widget-button\" data-id=\"fd3bff3\" data-element_type=\"widget\" data-widget_type=\"button.default\">\n\t\t\t\t<div class=\"elementor-widget-container\">\n\t\t\t\t\t\t\t\t\t<div class=\"elementor-button-wrapper\">\n\t\t\t\t\t<a class=\"elementor-button elementor-button-link elementor-size-sm\" href=\"https:\/\/www.planalto.gov.br\/ccivil_03\/leis\/l9610.htm\" target=\"_blank\">\n\t\t\t\t\t\t<span class=\"elementor-button-content-wrapper\">\n\t\t\t\t\t\t\t\t\t<span class=\"elementor-button-text\">Clique aqui<\/span>\n\t\t\t\t\t<\/span>\n\t\t\t\t\t<\/a>\n\t\t\t\t<\/div>\n\t\t\t\t\t\t\t\t<\/div>\n\t\t\t\t<\/div>\n\t\t\t\t<div class=\"elementor-element elementor-element-79ea2fa elementor-widget-divider--view-line sc_fly_static elementor-widget elementor-widget-divider\" data-id=\"79ea2fa\" data-element_type=\"widget\" data-widget_type=\"divider.default\">\n\t\t\t\t<div class=\"elementor-widget-container\">\n\t\t\t\t\t\t\t<div class=\"elementor-divider\">\n\t\t\t<span class=\"elementor-divider-separator\">\n\t\t\t\t\t\t<\/span>\n\t\t<\/div>\n\t\t\t\t\t\t<\/div>\n\t\t\t\t<\/div>\n\t\t\t\t<div class=\"elementor-element elementor-element-7ecd773 elementor-widget__width-initial sc_fly_static elementor-widget elementor-widget-text-editor\" data-id=\"7ecd773\" data-element_type=\"widget\" data-widget_type=\"text-editor.default\">\n\t\t\t\t<div class=\"elementor-widget-container\">\n\t\t\t\t\t\t\t\t\t<p><span style=\"color: #333333;\"><strong><span style=\"font-family: Helvetica, sans-serif; font-size: 17px; font-style: normal; letter-spacing: -0.17px; text-align: var(--text-align); background-color: var(--theme-color-bg_color);\">Clique no bot\u00e3o abaixo para acessar o decreto N\u00ba 9.574 que consolida atos normativos editados pelo Poder Executivo federal que disp\u00f5em sobre gest\u00e3o coletiva de direitos autorais e fonogramas, de que trata a Lei 9.610\/98:<\/span><\/strong><\/span><\/p>\t\t\t\t\t\t\t\t<\/div>\n\t\t\t\t<\/div>\n\t\t\t\t<div class=\"elementor-element elementor-element-49f83b2 elementor-align-justify sc_fly_static elementor-widget elementor-widget-button\" data-id=\"49f83b2\" data-element_type=\"widget\" data-widget_type=\"button.default\">\n\t\t\t\t<div class=\"elementor-widget-container\">\n\t\t\t\t\t\t\t\t\t<div class=\"elementor-button-wrapper\">\n\t\t\t\t\t<a class=\"elementor-button elementor-button-link elementor-size-sm\" href=\"https:\/\/www.planalto.gov.br\/ccivil_03\/decreto\/1970-1979\/D82385.htm\" target=\"_blank\">\n\t\t\t\t\t\t<span class=\"elementor-button-content-wrapper\">\n\t\t\t\t\t\t\t\t\t<span class=\"elementor-button-text\">Clique aqui<\/span>\n\t\t\t\t\t<\/span>\n\t\t\t\t\t<\/a>\n\t\t\t\t<\/div>\n\t\t\t\t\t\t\t\t<\/div>\n\t\t\t\t<\/div>\n\t\t\t\t\t<\/div>\n\t\t\t\t<\/div>\n\t\t\t\t<\/div>\n\t\t\t\t<\/div>\n\t\t\t\t<\/div>\n\t\t","protected":false},"excerpt":{"rendered":"<p>Lei n\u00ba 9.610\/98 Como Funciona Lei n\u00ba 6.533\/78 Lei Municipal n\u00ba 15.776 A Lei n\u00ba 9.610, de 19 de fevereiro de 1998, conhecida como a Lei de Direitos Autorais, \u00e9 um marco fundamental para a prote\u00e7\u00e3o das obras intelectuais no Brasil.Essa legisla\u00e7\u00e3o estabelece os direitos dos autores sobre suas cria\u00e7\u00f5es e regula o uso de&hellip;<\/p>\n","protected":false},"author":1,"featured_media":0,"parent":0,"menu_order":0,"comment_status":"closed","ping_status":"closed","template":"elementor_header_footer","meta":{"cybocfi_hide_featured_image":"","footnotes":""},"class_list":["post-19937","page","type-page","status-publish","hentry"],"_links":{"self":[{"href":"https:\/\/satedsp.org.br\/index.php\/wp-json\/wp\/v2\/pages\/19937","targetHints":{"allow":["GET"]}}],"collection":[{"href":"https:\/\/satedsp.org.br\/index.php\/wp-json\/wp\/v2\/pages"}],"about":[{"href":"https:\/\/satedsp.org.br\/index.php\/wp-json\/wp\/v2\/types\/page"}],"author":[{"embeddable":true,"href":"https:\/\/satedsp.org.br\/index.php\/wp-json\/wp\/v2\/users\/1"}],"replies":[{"embeddable":true,"href":"https:\/\/satedsp.org.br\/index.php\/wp-json\/wp\/v2\/comments?post=19937"}],"version-history":[{"count":58,"href":"https:\/\/satedsp.org.br\/index.php\/wp-json\/wp\/v2\/pages\/19937\/revisions"}],"predecessor-version":[{"id":20623,"href":"https:\/\/satedsp.org.br\/index.php\/wp-json\/wp\/v2\/pages\/19937\/revisions\/20623"}],"wp:attachment":[{"href":"https:\/\/satedsp.org.br\/index.php\/wp-json\/wp\/v2\/media?parent=19937"}],"curies":[{"name":"wp","href":"https:\/\/api.w.org\/{rel}","templated":true}]}}