{"id":19965,"date":"2024-10-28T22:41:51","date_gmt":"2024-10-28T22:41:51","guid":{"rendered":"https:\/\/satedsp.org.br\/novo\/?page_id=19965"},"modified":"2024-10-28T22:48:42","modified_gmt":"2024-10-28T22:48:42","slug":"lei-municipal-no-15-776","status":"publish","type":"page","link":"https:\/\/satedsp.org.br\/index.php\/lei-municipal-no-15-776\/","title":{"rendered":"Lei Municipal n\u00ba 15.776"},"content":{"rendered":"\t\t<div data-elementor-type=\"wp-page\" data-elementor-id=\"19965\" class=\"elementor elementor-19965\" data-elementor-post-type=\"page\">\n\t\t\t\t<div class=\"elementor-element elementor-element-629026c e-flex e-con-boxed sc_inner_width_none sc_layouts_column_icons_position_left e-con e-parent\" data-id=\"629026c\" data-element_type=\"container\">\n\t\t\t\t\t<div class=\"e-con-inner\">\n\t\t\t\t<div class=\"elementor-element elementor-element-3e212fe sc_fly_static elementor-widget elementor-widget-spacer\" data-id=\"3e212fe\" data-element_type=\"widget\" data-widget_type=\"spacer.default\">\n\t\t\t\t<div class=\"elementor-widget-container\">\n\t\t\t\t\t\t\t<div class=\"elementor-spacer\">\n\t\t\t<div class=\"elementor-spacer-inner\"><\/div>\n\t\t<\/div>\n\t\t\t\t\t\t<\/div>\n\t\t\t\t<\/div>\n\t\t\t\t\t<\/div>\n\t\t\t\t<\/div>\n\t\t<div class=\"elementor-element elementor-element-487e0ee e-flex e-con-boxed sc_inner_width_none sc_layouts_column_icons_position_left e-con e-parent\" data-id=\"487e0ee\" data-element_type=\"container\">\n\t\t\t\t\t<div class=\"e-con-inner\">\n\t\t\t\t<div class=\"elementor-element elementor-element-28f8ae7 sc_fly_static elementor-widget elementor-widget-heading\" data-id=\"28f8ae7\" data-element_type=\"widget\" data-widget_type=\"heading.default\">\n\t\t\t\t<div class=\"elementor-widget-container\">\n\t\t\t\t\t<h2 class=\"elementor-heading-title elementor-size-default\">Lei Municipal n\u00ba 15.776<\/h2>\t\t\t\t<\/div>\n\t\t\t\t<\/div>\n\t\t\t\t\t<\/div>\n\t\t\t\t<\/div>\n\t\t<div class=\"elementor-element elementor-element-571bbf5 e-flex e-con-boxed sc_inner_width_none sc_layouts_column_icons_position_left e-con e-parent\" data-id=\"571bbf5\" data-element_type=\"container\">\n\t\t\t\t\t<div class=\"e-con-inner\">\n\t\t\t\t<div class=\"elementor-element elementor-element-a6b3be1 elementor-widget-divider--view-line sc_fly_static elementor-widget elementor-widget-divider\" data-id=\"a6b3be1\" data-element_type=\"widget\" data-widget_type=\"divider.default\">\n\t\t\t\t<div class=\"elementor-widget-container\">\n\t\t\t\t\t\t\t<div class=\"elementor-divider\">\n\t\t\t<span class=\"elementor-divider-separator\">\n\t\t\t\t\t\t<\/span>\n\t\t<\/div>\n\t\t\t\t\t\t<\/div>\n\t\t\t\t<\/div>\n\t\t\t\t\t<\/div>\n\t\t\t\t<\/div>\n\t\t<div class=\"elementor-element elementor-element-88519e6 e-flex e-con-boxed sc_inner_width_none sc_layouts_column_icons_position_left e-con e-parent\" data-id=\"88519e6\" data-element_type=\"container\">\n\t\t\t\t\t<div class=\"e-con-inner\">\n\t\t<div class=\"elementor-element elementor-element-4b79862 e-con-full e-flex sc_inner_width_none sc_layouts_column_icons_position_left e-con e-child\" data-id=\"4b79862\" data-element_type=\"container\">\n\t\t\t\t<div class=\"elementor-element elementor-element-ad56746 elementor-widget__width-initial elementor-icon-list--layout-traditional elementor-list-item-link-full_width sc_fly_static elementor-widget elementor-widget-icon-list\" data-id=\"ad56746\" data-element_type=\"widget\" data-widget_type=\"icon-list.default\">\n\t\t\t\t<div class=\"elementor-widget-container\">\n\t\t\t\t\t\t\t<ul class=\"elementor-icon-list-items\">\n\t\t\t\t\t\t\t<li class=\"elementor-icon-list-item\">\n\t\t\t\t\t\t\t\t\t\t\t<a href=\"https:\/\/satedsp.org.br\/novo\/index.php\/drt-como-funciona\/\">\n\n\t\t\t\t\t\t\t\t\t\t\t\t<span class=\"elementor-icon-list-icon\">\n\t\t\t\t\t\t\t<svg aria-hidden=\"true\" class=\"e-font-icon-svg e-fas-angle-double-right\" viewBox=\"0 0 448 512\" xmlns=\"http:\/\/www.w3.org\/2000\/svg\"><path d=\"M224.3 273l-136 136c-9.4 9.4-24.6 9.4-33.9 0l-22.6-22.6c-9.4-9.4-9.4-24.6 0-33.9l96.4-96.4-96.4-96.4c-9.4-9.4-9.4-24.6 0-33.9L54.3 103c9.4-9.4 24.6-9.4 33.9 0l136 136c9.5 9.4 9.5 24.6.1 34zm192-34l-136-136c-9.4-9.4-24.6-9.4-33.9 0l-22.6 22.6c-9.4 9.4-9.4 24.6 0 33.9l96.4 96.4-96.4 96.4c-9.4 9.4-9.4 24.6 0 33.9l22.6 22.6c9.4 9.4 24.6 9.4 33.9 0l136-136c9.4-9.2 9.4-24.4 0-33.8z\"><\/path><\/svg>\t\t\t\t\t\t<\/span>\n\t\t\t\t\t\t\t\t\t\t<span class=\"elementor-icon-list-text\">Como Funciona<\/span>\n\t\t\t\t\t\t\t\t\t\t\t<\/a>\n\t\t\t\t\t\t\t\t\t<\/li>\n\t\t\t\t\t\t<\/ul>\n\t\t\t\t\t\t<\/div>\n\t\t\t\t<\/div>\n\t\t\t\t<div class=\"elementor-element elementor-element-1e352ff elementor-widget__width-initial elementor-icon-list--layout-traditional elementor-list-item-link-full_width sc_fly_static elementor-widget elementor-widget-icon-list\" data-id=\"1e352ff\" data-element_type=\"widget\" data-widget_type=\"icon-list.default\">\n\t\t\t\t<div class=\"elementor-widget-container\">\n\t\t\t\t\t\t\t<ul class=\"elementor-icon-list-items\">\n\t\t\t\t\t\t\t<li class=\"elementor-icon-list-item\">\n\t\t\t\t\t\t\t\t\t\t\t<a href=\"https:\/\/satedsp.org.br\/novo\/index.php\/lei-6533\/\">\n\n\t\t\t\t\t\t\t\t\t\t\t\t<span class=\"elementor-icon-list-icon\">\n\t\t\t\t\t\t\t<svg aria-hidden=\"true\" class=\"e-font-icon-svg e-fas-angle-double-right\" viewBox=\"0 0 448 512\" xmlns=\"http:\/\/www.w3.org\/2000\/svg\"><path d=\"M224.3 273l-136 136c-9.4 9.4-24.6 9.4-33.9 0l-22.6-22.6c-9.4-9.4-9.4-24.6 0-33.9l96.4-96.4-96.4-96.4c-9.4-9.4-9.4-24.6 0-33.9L54.3 103c9.4-9.4 24.6-9.4 33.9 0l136 136c9.5 9.4 9.5 24.6.1 34zm192-34l-136-136c-9.4-9.4-24.6-9.4-33.9 0l-22.6 22.6c-9.4 9.4-9.4 24.6 0 33.9l96.4 96.4-96.4 96.4c-9.4 9.4-9.4 24.6 0 33.9l22.6 22.6c9.4 9.4 24.6 9.4 33.9 0l136-136c9.4-9.2 9.4-24.4 0-33.8z\"><\/path><\/svg>\t\t\t\t\t\t<\/span>\n\t\t\t\t\t\t\t\t\t\t<span class=\"elementor-icon-list-text\">LEI 6.533<\/span>\n\t\t\t\t\t\t\t\t\t\t\t<\/a>\n\t\t\t\t\t\t\t\t\t<\/li>\n\t\t\t\t\t\t<\/ul>\n\t\t\t\t\t\t<\/div>\n\t\t\t\t<\/div>\n\t\t\t\t<\/div>\n\t\t<div class=\"elementor-element elementor-element-1ea6ac8 e-con-full sc_shift_x_tiny sc_pull_x_tiny e-flex sc_inner_width_none sc_layouts_column_icons_position_left e-con e-child\" data-id=\"1ea6ac8\" data-element_type=\"container\">\n\t\t\t\t<div class=\"elementor-element elementor-element-96f3451 elementor-widget__width-initial sc_fly_static elementor-widget elementor-widget-text-editor\" data-id=\"96f3451\" data-element_type=\"widget\" data-widget_type=\"text-editor.default\">\n\t\t\t\t<div class=\"elementor-widget-container\">\n\t\t\t\t\t\t\t\t\t<p>A Lei Municipal n\u00ba 15.776, sancionada em 29 de maio de 2013, \u00e9 um marco<br \/>importante na regulamenta\u00e7\u00e3o da atividade art\u00edstica nas ruas de S\u00e3o Paulo.<br \/>Conhecida como a Lei do Artista de Rua, essa legisla\u00e7\u00e3o tem como objetivo garantir<br \/>direitos, proteger a liberdade de express\u00e3o e regular a atua\u00e7\u00e3o dos artistas que se<br \/>apresentam em espa\u00e7os p\u00fablicos, reconhecendo a import\u00e2ncia de suas contribui\u00e7\u00f5es para a cultura e a vida urbana da cidade.<\/p><p><strong>Objetivos da Lei<\/strong><br \/>A principal finalidade da Lei do Artista de Rua \u00e9 proporcionar um ambiente seguro e<br \/>respeitoso para os artistas que atuam nas ruas, assegurando que possam expressar<br \/>sua arte de forma livre e digna. A lei visa:<\/p><p><strong>\u25cf Reconhecer o Papel dos Artistas de Rua:<\/strong> A legisla\u00e7\u00e3o busca dar visibilidade<br \/>e legitimidade aos artistas que se apresentam em vias p\u00fablicas, reconhecendo a arte de rua como uma forma v\u00e1lida de express\u00e3o cultural. Essa valoriza\u00e7\u00e3o \u00e9 fundamental para promover a diversidade cultural e a<br \/>inclus\u00e3o social.<\/p><p><strong>\u25cf Regulamentar a Atua\u00e7\u00e3o Art\u00edstica:<\/strong> A lei estabelece diretrizes sobre como os<br \/>artistas podem atuar nos espa\u00e7os p\u00fablicos, definindo locais apropriados, hor\u00e1rios e condi\u00e7\u00f5es para as apresenta\u00e7\u00f5es, promovendo a conviv\u00eancia harm\u00f4nica entre artistas, comerciantes e a popula\u00e7\u00e3o.<\/p><p><strong>\u25cf Proteger os Direitos Autorais:<\/strong> A Lei do Artista de Rua assegura que os<br \/>direitos autorais dos artistas sejam respeitados, reconhecendo a propriedade<br \/>intelectual sobre suas obras e cria\u00e7\u00f5es.<\/p><p><strong>Principais Disposi\u00e7\u00f5es da Lei<\/strong><br \/>A Lei Municipal n\u00ba 15.776 traz algumas diretrizes essenciais para a atua\u00e7\u00e3o dos<br \/>artistas de rua em S\u00e3o Paulo:<\/p><p><strong>1. Cadastro e Autoriza\u00e7\u00e3o:<\/strong> A legisla\u00e7\u00e3o determina que os artistas de rua devem<br \/>se cadastrar junto \u00e0 administra\u00e7\u00e3o municipal para obter um alvar\u00e1 de autoriza\u00e7\u00e3o para se apresentar em espa\u00e7os p\u00fablicos. Esse registro \u00e9 uma medida fundamental para formalizar a atividade art\u00edstica e garantir os direitos dos profissionais.<\/p><p><strong>2. Locais e Condi\u00e7\u00f5es de Apresenta\u00e7\u00e3o:<\/strong> A lei define quais espa\u00e7os s\u00e3o permitidos para apresenta\u00e7\u00f5es e estabelece regras sobre a forma como as performances devem ser realizadas. Os artistas devem respeitar o fluxo de pessoas, a seguran\u00e7a do p\u00fablico e a ordem p\u00fablica, evitando obstruir cal\u00e7adas e vias p\u00fablicas.<\/p><p><strong>3. Direitos Morais e Patrimoniais:<\/strong> A lei garante aos artistas de rua o reconhecimento de seus direitos morais e patrimoniais sobre suas obras, assegurando que tenham controle sobre o uso de suas cria\u00e7\u00f5es e recebam a devida remunera\u00e7\u00e3o por sua utiliza\u00e7\u00e3o.<\/p><p><strong>4. Apoio e Capacita\u00e7\u00e3o:<\/strong> A legisla\u00e7\u00e3o incentiva a cria\u00e7\u00e3o de programas de forma\u00e7\u00e3o e capacita\u00e7\u00e3o para os artistas, visando aprimorar suas habilidades e contribuir para o desenvolvimento de uma cultura art\u00edstica mais profissional e diversificada.<\/p><p><strong>Impactos da Lei<\/strong><br \/>Desde sua implementa\u00e7\u00e3o, a Lei do Artista de Rua (Lei Municipal n\u00ba 15.776) tem<br \/>contribu\u00eddo para a valoriza\u00e7\u00e3o e o reconhecimento do trabalho art\u00edstico nas ruas de<br \/>S\u00e3o Paulo. A regulamenta\u00e7\u00e3o possibilitou um ambiente mais seguro e digno para os<br \/>artistas, permitindo que eles se apresentem sem o medo de serem abordados por<br \/>autoridades ou incomodados por pr\u00e1ticas repressivas.<\/p><p>A lei tamb\u00e9m tem favorecido a promo\u00e7\u00e3o da cultura de rua, incentivando a<br \/>diversidade de express\u00f5es art\u00edsticas, como m\u00fasica, dan\u00e7a, teatro, circo e artes<br \/>visuais. Com a formaliza\u00e7\u00e3o da atividade art\u00edstica, artistas de rua t\u00eam encontrado<br \/>mais oportunidades para se apresentar, al\u00e9m de obter reconhecimento e<br \/>remunera\u00e7\u00e3o por seu trabalho.<\/p><p>Al\u00e9m disso, a legisla\u00e7\u00e3o ajuda a combater a informalidade que permeava a atua\u00e7\u00e3o<br \/>dos artistas de rua, proporcionando prote\u00e7\u00e3o e dignidade aos profissionais. A<br \/>cria\u00e7\u00e3o de um cadastro e a concess\u00e3o de alvar\u00e1s contribuem para uma maior<br \/>organiza\u00e7\u00e3o e respeito \u00e0 arte urbana, beneficiando tanto os artistas quanto a<br \/>sociedade.<br \/><br \/><strong>Desafios e Perspectivas Futuras<\/strong><br \/>Apesar dos avan\u00e7os trazidos pela Lei do Artista de Rua, ainda existem desafios a<br \/>serem enfrentados. A falta de informa\u00e7\u00e3o sobre o processo de cadastro, a resist\u00eancia de alguns setores em aceitar a presen\u00e7a dos artistas nas ruas e a necessidade de maior fiscaliza\u00e7\u00e3o para garantir o cumprimento da lei s\u00e3o quest\u00f5es que demandam aten\u00e7\u00e3o cont\u00ednua.<br \/><br \/>\u00c9 fundamental que haja um di\u00e1logo ativo entre os artistas, a administra\u00e7\u00e3o p\u00fablica e<br \/>a sociedade civil para fortalecer a implementa\u00e7\u00e3o da lei e criar um ambiente que<br \/>favore\u00e7a a arte nas ruas. A cont\u00ednua promo\u00e7\u00e3o de eventos culturais, festivais e<br \/>iniciativas que valorizem os artistas de rua pode contribuir para o fortalecimento da<br \/>cultura urbana em S\u00e3o Paulo.<br \/><br \/>Em s\u00edntese, a Lei Municipal n\u00ba 15.776 representa um avan\u00e7o significativo na regulamenta\u00e7\u00e3o da arte de rua em S\u00e3o Paulo, oferecendo um marco legal que<br \/>reconhece a import\u00e2ncia dos artistas na vida urbana e assegura seus direitos. Ao<br \/>valorizar a criatividade e a diversidade cultural, a legisla\u00e7\u00e3o contribui para a constru\u00e7\u00e3o de uma cidade mais vibrante e inclusiva, onde a arte e a cultura possam<br \/>ser acess\u00edveis a todos.<\/p>\t\t\t\t\t\t\t\t<\/div>\n\t\t\t\t<\/div>\n\t\t\t\t<\/div>\n\t\t\t\t<div class=\"elementor-element elementor-element-52cfbd6 sc_fly_static elementor-widget elementor-widget-spacer\" data-id=\"52cfbd6\" data-element_type=\"widget\" data-widget_type=\"spacer.default\">\n\t\t\t\t<div class=\"elementor-widget-container\">\n\t\t\t\t\t\t\t<div class=\"elementor-spacer\">\n\t\t\t<div class=\"elementor-spacer-inner\"><\/div>\n\t\t<\/div>\n\t\t\t\t\t\t<\/div>\n\t\t\t\t<\/div>\n\t\t<div class=\"elementor-element elementor-element-9b98a3f e-con-full e-flex sc_inner_width_none sc_layouts_column_icons_position_left e-con e-child\" data-id=\"9b98a3f\" data-element_type=\"container\">\n\t\t<div class=\"elementor-element elementor-element-866f6c0 e-flex e-con-boxed sc_inner_width_none sc_layouts_column_icons_position_left e-con e-child\" data-id=\"866f6c0\" data-element_type=\"container\">\n\t\t\t\t\t<div class=\"e-con-inner\">\n\t\t\t\t<div class=\"elementor-element elementor-element-df67c78 elementor-widget__width-initial sc_fly_static elementor-widget elementor-widget-text-editor\" data-id=\"df67c78\" data-element_type=\"widget\" data-widget_type=\"text-editor.default\">\n\t\t\t\t<div class=\"elementor-widget-container\">\n\t\t\t\t\t\t\t\t\t<p><span style=\"color: #333333;\"><strong><span style=\"font-family: Helvetica, sans-serif; font-size: 17px; font-style: normal; letter-spacing: -0.17px; text-align: var(--text-align); background-color: var(--theme-color-bg_color);\">Clique no bot\u00e3o abaixo para acessar o texto completo da Lei Municipal n\u00ba 15.776:<\/span><\/strong><\/span><\/p>\t\t\t\t\t\t\t\t<\/div>\n\t\t\t\t<\/div>\n\t\t\t\t<div class=\"elementor-element elementor-element-fd3bff3 elementor-align-justify sc_fly_static elementor-widget elementor-widget-button\" data-id=\"fd3bff3\" data-element_type=\"widget\" data-widget_type=\"button.default\">\n\t\t\t\t<div class=\"elementor-widget-container\">\n\t\t\t\t\t\t\t\t\t<div class=\"elementor-button-wrapper\">\n\t\t\t\t\t<a class=\"elementor-button elementor-button-link elementor-size-sm\" href=\"https:\/\/legislacao.prefeitura.sp.gov.br\/leis\/lei-15776-de-29-de-maio-de-2013\" target=\"_blank\">\n\t\t\t\t\t\t<span class=\"elementor-button-content-wrapper\">\n\t\t\t\t\t\t\t\t\t<span class=\"elementor-button-text\">Clique aqui<\/span>\n\t\t\t\t\t<\/span>\n\t\t\t\t\t<\/a>\n\t\t\t\t<\/div>\n\t\t\t\t\t\t\t\t<\/div>\n\t\t\t\t<\/div>\n\t\t\t\t\t<\/div>\n\t\t\t\t<\/div>\n\t\t<div class=\"elementor-element elementor-element-409e236 e-flex e-con-boxed sc_inner_width_none sc_layouts_column_icons_position_left e-con e-child\" data-id=\"409e236\" data-element_type=\"container\">\n\t\t\t\t\t<div class=\"e-con-inner\">\n\t\t\t\t<div class=\"elementor-element elementor-element-a4aaaca elementor-widget-divider--view-line sc_fly_static elementor-widget elementor-widget-divider\" data-id=\"a4aaaca\" data-element_type=\"widget\" data-widget_type=\"divider.default\">\n\t\t\t\t<div class=\"elementor-widget-container\">\n\t\t\t\t\t\t\t<div class=\"elementor-divider\">\n\t\t\t<span class=\"elementor-divider-separator\">\n\t\t\t\t\t\t<\/span>\n\t\t<\/div>\n\t\t\t\t\t\t<\/div>\n\t\t\t\t<\/div>\n\t\t\t\t<div class=\"elementor-element elementor-element-7ecd773 elementor-widget__width-initial sc_fly_static elementor-widget elementor-widget-text-editor\" data-id=\"7ecd773\" data-element_type=\"widget\" data-widget_type=\"text-editor.default\">\n\t\t\t\t<div class=\"elementor-widget-container\">\n\t\t\t\t\t\t\t\t\t<p><span style=\"color: #333333;\"><strong><span style=\"font-family: Helvetica, sans-serif; font-size: 17px; font-style: normal; letter-spacing: -0.17px; text-align: var(--text-align); background-color: var(--theme-color-bg_color);\">Clique no bot\u00e3o abaixo para acessar o decreto N\u00ba 55.140 que regulamenta a Lei n\u00ba 15.776 e<br \/>revoga o Decreto n\u00ba 54.948, de 20 de mar\u00e7o de 2014:<\/span><\/strong><\/span><\/p>\t\t\t\t\t\t\t\t<\/div>\n\t\t\t\t<\/div>\n\t\t\t\t<div class=\"elementor-element elementor-element-49f83b2 elementor-align-justify sc_fly_static elementor-widget elementor-widget-button\" data-id=\"49f83b2\" data-element_type=\"widget\" data-widget_type=\"button.default\">\n\t\t\t\t<div class=\"elementor-widget-container\">\n\t\t\t\t\t\t\t\t\t<div class=\"elementor-button-wrapper\">\n\t\t\t\t\t<a class=\"elementor-button elementor-button-link elementor-size-sm\" href=\"https:\/\/www.planalto.gov.br\/ccivil_03\/decreto\/1970-1979\/D82385.htm\" target=\"_blank\">\n\t\t\t\t\t\t<span class=\"elementor-button-content-wrapper\">\n\t\t\t\t\t\t\t\t\t<span class=\"elementor-button-text\">Clique aqui<\/span>\n\t\t\t\t\t<\/span>\n\t\t\t\t\t<\/a>\n\t\t\t\t<\/div>\n\t\t\t\t\t\t\t\t<\/div>\n\t\t\t\t<\/div>\n\t\t\t\t\t<\/div>\n\t\t\t\t<\/div>\n\t\t\t\t<\/div>\n\t\t\t\t\t<\/div>\n\t\t\t\t<\/div>\n\t\t<div class=\"e-con-gap-no elementor-element elementor-element-752cefe e-flex e-con-boxed sc_inner_width_none sc_layouts_column_icons_position_left e-con e-parent\" data-id=\"752cefe\" data-element_type=\"container\">\n\t\t\t\t\t<div class=\"e-con-inner\">\n\t\t\t\t\t<\/div>\n\t\t\t\t<\/div>\n\t\t\t\t<\/div>\n\t\t","protected":false},"excerpt":{"rendered":"<p>Lei Municipal n\u00ba 15.776 Como Funciona LEI 6.533 A Lei Municipal n\u00ba 15.776, sancionada em 29 de maio de 2013, \u00e9 um marcoimportante na regulamenta\u00e7\u00e3o da atividade art\u00edstica nas ruas de S\u00e3o Paulo.Conhecida como a Lei do Artista de Rua, essa legisla\u00e7\u00e3o tem como objetivo garantirdireitos, proteger a liberdade de express\u00e3o e regular a atua\u00e7\u00e3o&hellip;<\/p>\n","protected":false},"author":1,"featured_media":0,"parent":0,"menu_order":0,"comment_status":"closed","ping_status":"closed","template":"","meta":{"cybocfi_hide_featured_image":"","footnotes":""},"class_list":["post-19965","page","type-page","status-publish","hentry"],"_links":{"self":[{"href":"https:\/\/satedsp.org.br\/index.php\/wp-json\/wp\/v2\/pages\/19965","targetHints":{"allow":["GET"]}}],"collection":[{"href":"https:\/\/satedsp.org.br\/index.php\/wp-json\/wp\/v2\/pages"}],"about":[{"href":"https:\/\/satedsp.org.br\/index.php\/wp-json\/wp\/v2\/types\/page"}],"author":[{"embeddable":true,"href":"https:\/\/satedsp.org.br\/index.php\/wp-json\/wp\/v2\/users\/1"}],"replies":[{"embeddable":true,"href":"https:\/\/satedsp.org.br\/index.php\/wp-json\/wp\/v2\/comments?post=19965"}],"version-history":[{"count":7,"href":"https:\/\/satedsp.org.br\/index.php\/wp-json\/wp\/v2\/pages\/19965\/revisions"}],"predecessor-version":[{"id":19972,"href":"https:\/\/satedsp.org.br\/index.php\/wp-json\/wp\/v2\/pages\/19965\/revisions\/19972"}],"wp:attachment":[{"href":"https:\/\/satedsp.org.br\/index.php\/wp-json\/wp\/v2\/media?parent=19965"}],"curies":[{"name":"wp","href":"https:\/\/api.w.org\/{rel}","templated":true}]}}