{"id":2972,"date":"2018-09-21T12:15:22","date_gmt":"2018-09-21T15:15:22","guid":{"rendered":"https:\/\/www.satedsp.org.br\/?page_id=2972"},"modified":"2018-09-21T12:15:22","modified_gmt":"2018-09-21T15:15:22","slug":"pagamentos-contribuicao-associativa","status":"publish","type":"page","link":"https:\/\/satedsp.org.br\/index.php\/seja-socio-2\/filie-se\/pagamentos-contribuicao-associativa\/","title":{"rendered":"Pagamentos &#8211; Contribui\u00e7\u00e3o Associativa"},"content":{"rendered":"<div id=\"pl-2972\"  class=\"panel-layout\" >\n<div id=\"pg-2972-0\"  class=\"panel-grid panel-no-style\"  data-style=\"{&quot;background_image_attachment&quot;:false,&quot;background_display&quot;:&quot;tile&quot;,&quot;cell_alignment&quot;:&quot;flex-start&quot;}\"  data-ratio=\"1\"  data-ratio-direction=\"right\" >\n<div id=\"pgc-2972-0-0\"  class=\"panel-grid-cell\"  data-weight=\"0.3\" >\n<div id=\"panel-2972-0-0-0\" class=\"so-panel widget widget_nav_menu panel-first-child panel-last-child\" data-index=\"0\" data-style=\"{&quot;background_image_attachment&quot;:false,&quot;background_display&quot;:&quot;tile&quot;}\" >[siteorigin_widget class=&#8221;WP_Nav_Menu_Widget&#8221;]<input type=\"hidden\" value=\"{&quot;instance&quot;:{&quot;nav_menu&quot;:12,&quot;so_sidebar_emulator_id&quot;:&quot;nav_menu-297210000&quot;,&quot;option_name&quot;:&quot;widget_nav_menu&quot;},&quot;args&quot;:{&quot;before_widget&quot;:&quot;&lt;div id=\\&quot;panel-2972-0-0-0\\&quot; class=\\&quot;so-panel widget widget_nav_menu panel-first-child panel-last-child\\&quot; data-index=\\&quot;0\\&quot; data-style=\\&quot;{&amp;quot;background_image_attachment&amp;quot;:false,&amp;quot;background_display&amp;quot;:&amp;quot;tile&amp;quot;}\\&quot; &gt;&quot;,&quot;after_widget&quot;:&quot;&lt;\\\/div&gt;&quot;,&quot;before_title&quot;:&quot;&lt;h3 class=\\&quot;widget-title\\&quot;&gt;&quot;,&quot;after_title&quot;:&quot;&lt;\\\/h3&gt;&quot;,&quot;widget_id&quot;:&quot;widget-0-0-0&quot;}}\" \/>[\/siteorigin_widget]<\/div>\n<\/div>\n<div id=\"pgc-2972-0-1\"  class=\"panel-grid-cell\"  data-weight=\"0.7\" >\n<div id=\"panel-2972-0-1-0\" class=\"so-panel widget widget_sow-editor panel-first-child panel-last-child\" data-index=\"1\" data-style=\"{&quot;background_image_attachment&quot;:false,&quot;background_display&quot;:&quot;tile&quot;}\" >\n<div class=\"so-widget-sow-editor so-widget-sow-editor-base\">\n<h3 class=\"widget-title\">Pagamentos &#8211; Contribui\u00e7\u00e3o Associativa<\/h3>\n<div class=\"siteorigin-widget-tinymce textwidget\">\n<p><strong><u>Contribui\u00e7\u00e3o Associativa.<\/u><\/strong><\/p>\n<h2><strong>Valor da anuidade: R$170,00<\/strong> <a href=\"https:\/\/pag.ae\/7Y8tpn7m8\">(Click aqui)<\/a><\/h2>\n<p><strong>Contribui\u00e7\u00e3o Associativa &#8211; Artista Mirim\u00a0<\/strong><\/p>\n<h2><strong>Valor da anuidade: R$180,00<\/strong><\/h2>\n<h2><a href=\"https:\/\/pag.ae\/7Y8tsG2Km\">(Click aqui)<\/a><\/h2>\n<\/div>\n<\/div>\n<\/div>\n<\/div>\n<\/div>\n<\/div>\n","protected":false},"excerpt":{"rendered":"<p>[siteorigin_widget class=&#8221;WP_Nav_Menu_Widget&#8221;][\/siteorigin_widget] Pagamentos &#8211; Contribui\u00e7\u00e3o Associativa Contribui\u00e7\u00e3o Associativa. Valor da anuidade: R$170,00 (Click aqui) Contribui\u00e7\u00e3o Associativa &#8211; Artista Mirim\u00a0 Valor da anuidade: R$180,00 (Click aqui)<\/p>\n","protected":false},"author":1,"featured_media":0,"parent":17070,"menu_order":0,"comment_status":"closed","ping_status":"closed","template":"","meta":{"cybocfi_hide_featured_image":"","footnotes":""},"class_list":["post-2972","page","type-page","status-publish","hentry"],"_links":{"self":[{"href":"https:\/\/satedsp.org.br\/index.php\/wp-json\/wp\/v2\/pages\/2972","targetHints":{"allow":["GET"]}}],"collection":[{"href":"https:\/\/satedsp.org.br\/index.php\/wp-json\/wp\/v2\/pages"}],"about":[{"href":"https:\/\/satedsp.org.br\/index.php\/wp-json\/wp\/v2\/types\/page"}],"author":[{"embeddable":true,"href":"https:\/\/satedsp.org.br\/index.php\/wp-json\/wp\/v2\/users\/1"}],"replies":[{"embeddable":true,"href":"https:\/\/satedsp.org.br\/index.php\/wp-json\/wp\/v2\/comments?post=2972"}],"version-history":[{"count":0,"href":"https:\/\/satedsp.org.br\/index.php\/wp-json\/wp\/v2\/pages\/2972\/revisions"}],"up":[{"embeddable":true,"href":"https:\/\/satedsp.org.br\/index.php\/wp-json\/wp\/v2\/pages\/17070"}],"wp:attachment":[{"href":"https:\/\/satedsp.org.br\/index.php\/wp-json\/wp\/v2\/media?parent=2972"}],"curies":[{"name":"wp","href":"https:\/\/api.w.org\/{rel}","templated":true}]}}